{"id":35194,"date":"2024-12-16T17:04:33","date_gmt":"2024-12-16T15:04:33","guid":{"rendered":"https:\/\/neuronup.com\/br\/?page_id=35194"},"modified":"2025-06-10T11:55:25","modified_gmt":"2025-06-10T09:55:25","slug":"cookies","status":"publish","type":"page","link":"https:\/\/neuronup.com\/br\/aviso-legal\/cookies\/","title":{"rendered":"Cookies"},"content":{"rendered":"\n<h2 class=\"wp-block-heading\">Dispositivo: localStorage<\/h2>\n\n\n\n<figure class=\"wp-block-table alignwide\"><table><thead><tr><th>Nome<\/th><th>Finalidade<\/th><th>Descri\u00e7\u00e3o<\/th><th>Propriedade<\/th><th>Dura\u00e7\u00e3o<\/th><\/tr><\/thead><tbody><tr><td>activity_digital_<br>filter<\/td><td>Prefer\u00eancias<\/td><td>Lembrar prefer\u00eancias do usu\u00e1rio:<br>Lembra filtros usados pelo usu\u00e1rio para melhorar a experi\u00eancia durante a navega\u00e7\u00e3o.<\/td><td>Pr\u00f3pria<\/td><td>permanente<\/td><\/tr><tr><td>session_digital_<br>calendar_owner<\/td><td>Prefer\u00eancias<\/td><td>Lembrar prefer\u00eancias do usu\u00e1rio:<br>Lembra filtros usados pelo usu\u00e1rio para melhorar a experi\u00eancia durante a navega\u00e7\u00e3o.<\/td><td>Pr\u00f3pria<\/td><td>permanente<\/td><\/tr><tr><td>session_digital_<br>prototype_owner<\/td><td>Prefer\u00eancias<\/td><td>Lembrar prefer\u00eancias do usu\u00e1rio:<br>Lembra filtros usados pelo usu\u00e1rio para melhorar a experi\u00eancia durante a navega\u00e7\u00e3o.<\/td><td>Pr\u00f3pria<\/td><td>permanente<\/td><\/tr><tr><td>session_digital_<br>tab<\/td><td>Prefer\u00eancias<\/td><td>Lembrar prefer\u00eancias do usu\u00e1rio:<br>Lembra filtros usados pelo usu\u00e1rio para melhorar a experi\u00eancia durante a navega\u00e7\u00e3o.<\/td><td>Pr\u00f3pria<\/td><td>permanente<\/td><\/tr><tr><td>session_digital_<br>schedule_owner<\/td><td>Prefer\u00eancias<\/td><td>Lembrar prefer\u00eancias do usu\u00e1rio:<br>Lembra filtros usados pelo usu\u00e1rio para melhorar a experi\u00eancia durante a navega\u00e7\u00e3o.<\/td><td>Pr\u00f3pria<\/td><td>permanente<\/td><\/tr><tr><td>program_digital_<br>prototype_owner<\/td><td>Prefer\u00eancias<\/td><td>Lembrar prefer\u00eancias do usu\u00e1rio:<br>Lembra filtros usados pelo usu\u00e1rio para melhorar a experi\u00eancia durante a navega\u00e7\u00e3o.<\/td><td>Pr\u00f3pria<\/td><td>permanente<\/td><\/tr><tr><td>program_digital_<br>calendar_owner<\/td><td>Prefer\u00eancias<\/td><td>Lembrar prefer\u00eancias do usu\u00e1rio:<br>Lembra filtros usados pelo usu\u00e1rio para melhorar a experi\u00eancia durante a navega\u00e7\u00e3o.<\/td><td>Pr\u00f3pria<\/td><td>permanente<\/td><\/tr><tr><td>activity_paper_<br>filter<\/td><td>Prefer\u00eancias<\/td><td>Lembrar prefer\u00eancias do usu\u00e1rio:<br>Lembra filtros usados pelo usu\u00e1rio para melhorar a experi\u00eancia durante a navega\u00e7\u00e3o.<\/td><td>Pr\u00f3pria<\/td><td>permanente<\/td><\/tr><tr><td>session_paper_<br>tab<\/td><td>Prefer\u00eancias<\/td><td>Lembrar prefer\u00eancias do usu\u00e1rio:<br>Lembra filtros usados pelo usu\u00e1rio para melhorar a experi\u00eancia durante a navega\u00e7\u00e3o.<\/td><td>Pr\u00f3pria<\/td><td>permanente<\/td><\/tr><tr><td>session_paper_<br>schedule_owner<\/td><td>Prefer\u00eancias<\/td><td>Lembrar prefer\u00eancias do usu\u00e1rio:<br>Lembra filtros usados pelo usu\u00e1rio para melhorar a experi\u00eancia durante a navega\u00e7\u00e3o.<\/td><td>Pr\u00f3pria<\/td><td>permanente<\/td><\/tr><tr><td>session_paper_<br>prototype_owner<\/td><td>Prefer\u00eancias<\/td><td>Lembrar prefer\u00eancias do usu\u00e1rio:<br>Lembra filtros usados pelo usu\u00e1rio para melhorar a experi\u00eancia durante a navega\u00e7\u00e3o.<\/td><td>Pr\u00f3pria<\/td><td>permanente<\/td><\/tr><tr><td>session_paper_<br>calendar_owner<\/td><td>Prefer\u00eancias<\/td><td>Lembrar prefer\u00eancias do usu\u00e1rio:<br>Lembra filtros usados pelo usu\u00e1rio para melhorar a experi\u00eancia durante a navega\u00e7\u00e3o.<\/td><td>Pr\u00f3pria<\/td><td>permanente<\/td><\/tr><tr><td>program_paper_<br>calendar_owner<\/td><td>Prefer\u00eancias<\/td><td>Lembrar prefer\u00eancias do usu\u00e1rio:<br>Lembra filtros usados pelo usu\u00e1rio para melhorar a experi\u00eancia durante a navega\u00e7\u00e3o.<\/td><td>Pr\u00f3pria<\/td><td>permanente<\/td><\/tr><tr><td>program_paper_<br>prototype_owner<\/td><td>Prefer\u00eancias<\/td><td>Lembrar prefer\u00eancias do usu\u00e1rio:<br>Lembra filtros usados pelo usu\u00e1rio para melhorar a experi\u00eancia durante a navega\u00e7\u00e3o.<\/td><td>Pr\u00f3pria<\/td><td>permanente<\/td><\/tr><tr><td>result_digital_<br>tab<\/td><td>Prefer\u00eancias<\/td><td>Lembrar prefer\u00eancias do usu\u00e1rio:<br>Lembra filtros usados pelo usu\u00e1rio para melhorar a experi\u00eancia durante a navega\u00e7\u00e3o.<\/td><td>Pr\u00f3pria<\/td><td>permanente<\/td><\/tr><tr><td>result_digital_<br>program_owner<\/td><td>Prefer\u00eancias<\/td><td>Lembrar prefer\u00eancias do usu\u00e1rio:<br>Lembra filtros usados pelo usu\u00e1rio para melhorar a experi\u00eancia durante a navega\u00e7\u00e3o.<\/td><td>Pr\u00f3pria<\/td><td>permanente<\/td><\/tr><tr><td>result_digital_<br>session_owner<\/td><td>Prefer\u00eancias<\/td><td>Lembrar prefer\u00eancias do usu\u00e1rio:<br>Lembra filtros usados pelo usu\u00e1rio para melhorar a experi\u00eancia durante a navega\u00e7\u00e3o.<\/td><td>Pr\u00f3pria<\/td><td>permanente<\/td><\/tr><tr><td>result_paper_<br>tab<\/td><td>Prefer\u00eancias<\/td><td>Lembrar prefer\u00eancias do usu\u00e1rio:<br>Lembra filtros usados pelo usu\u00e1rio para melhorar a experi\u00eancia durante a navega\u00e7\u00e3o.<\/td><td>Pr\u00f3pria<\/td><td>permanente<\/td><\/tr><tr><td>result_paper_<br>program_owner<\/td><td>Prefer\u00eancias<\/td><td>Lembrar prefer\u00eancias do usu\u00e1rio:<br>Lembra filtros usados pelo usu\u00e1rio para melhorar a experi\u00eancia durante a navega\u00e7\u00e3o.<\/td><td>Pr\u00f3pria<\/td><td>permanente<\/td><\/tr><tr><td><br>result_paper_<br>session_owner<\/td><td>Prefer\u00eancias<\/td><td>Lembrar prefer\u00eancias do usu\u00e1rio:<br>Lembra filtros usados pelo usu\u00e1rio para melhorar a experi\u00eancia durante a navega\u00e7\u00e3o.<\/td><td>Pr\u00f3pria<\/td><td>permanente<\/td><\/tr><tr><td>token<\/td><td>Prefer\u00eancias<\/td><td>Autentica\u00e7\u00e3o:<br>Token de autentica\u00e7\u00e3o de usu\u00e1rios na plataforma.<\/td><td>Pr\u00f3pria<\/td><td>permanente<\/td><\/tr><tr><td>locale<\/td><td>Prefer\u00eancias<\/td><td>Lembrar prefer\u00eancias do usu\u00e1rio:<br>Idioma da plataforma selecionado.<\/td><td>Pr\u00f3pria<\/td><td>permanente<\/td><\/tr><tr><td>last_url<\/td><td>Prefer\u00eancias<\/td><td>Lembrar navega\u00e7\u00e3o:<br>\u00daltima URL acessada.<\/td><td>Pr\u00f3pria<\/td><td>permanente<\/td><\/tr><tr><td>theme<\/td><td>Prefer\u00eancias<\/td><td>Lembrar prefer\u00eancias do usu\u00e1rio, filtros usados para melhorar a experi\u00eancia durante a navega\u00e7\u00e3o.<\/td><td>Pr\u00f3pria<\/td><td>permanente<\/td><\/tr><tr><td>content_locale<\/td><td>Prefer\u00eancias<\/td><td>Lembrar prefer\u00eancias do usu\u00e1rio, filtros usados para melhorar a experi\u00eancia durante a navega\u00e7\u00e3o.<\/td><td>Pr\u00f3pria<\/td><td>permanente<\/td><\/tr><\/tbody><\/table><\/figure>\n","protected":false},"excerpt":{"rendered":"<p>Dispositivo: localStorage Nome Finalidade Descri\u00e7\u00e3o Propriedade Dura\u00e7\u00e3o activity_digital_filter Prefer\u00eancias Lembrar prefer\u00eancias do usu\u00e1rio:Lembra filtros usados pelo usu\u00e1rio para melhorar a experi\u00eancia durante a navega\u00e7\u00e3o. Pr\u00f3pria permanente session_digital_calendar_owner Prefer\u00eancias Lembrar prefer\u00eancias do usu\u00e1rio:Lembra filtros usados pelo usu\u00e1rio para melhorar a experi\u00eancia durante a navega\u00e7\u00e3o. Pr\u00f3pria permanente session_digital_prototype_owner Prefer\u00eancias Lembrar prefer\u00eancias do usu\u00e1rio:Lembra filtros usados pelo usu\u00e1rio &hellip;<\/p>\n","protected":false},"author":1,"featured_media":0,"parent":32638,"menu_order":0,"comment_status":"closed","ping_status":"closed","template":"","meta":{"_acf_changed":false,"_genesis_hide_title":false,"_genesis_hide_breadcrumbs":false,"_genesis_hide_singular_image":false,"_genesis_hide_footer_widgets":false,"_genesis_custom_body_class":"","_genesis_custom_post_class":"","_genesis_layout":"wide-content","footnotes":""},"class_list":{"1":"page","2":"type-page","5":"entry"},"acf":[],"_links":{"self":[{"href":"https:\/\/neuronup.com\/br\/wp-json\/wp\/v2\/pages\/35194","targetHints":{"allow":["GET"]}}],"collection":[{"href":"https:\/\/neuronup.com\/br\/wp-json\/wp\/v2\/pages"}],"about":[{"href":"https:\/\/neuronup.com\/br\/wp-json\/wp\/v2\/types\/page"}],"author":[{"embeddable":true,"href":"https:\/\/neuronup.com\/br\/wp-json\/wp\/v2\/users\/1"}],"replies":[{"embeddable":true,"href":"https:\/\/neuronup.com\/br\/wp-json\/wp\/v2\/comments?post=35194"}],"version-history":[{"count":0,"href":"https:\/\/neuronup.com\/br\/wp-json\/wp\/v2\/pages\/35194\/revisions"}],"up":[{"embeddable":true,"href":"https:\/\/neuronup.com\/br\/wp-json\/wp\/v2\/pages\/32638"}],"wp:attachment":[{"href":"https:\/\/neuronup.com\/br\/wp-json\/wp\/v2\/media?parent=35194"}],"curies":[{"name":"wp","href":"https:\/\/api.w.org\/{rel}","templated":true}]}}