{"id":35052,"date":"2024-12-16T10:39:59","date_gmt":"2024-12-16T08:39:59","guid":{"rendered":"https:\/\/neuronup.com\/br\/?page_id=35052"},"modified":"2026-01-26T18:25:57","modified_gmt":"2026-01-26T16:25:57","slug":"ebooks-guias-planilhas-e-muito-mais-para-ajuda-lo-a-crescer-como-profissional","status":"publish","type":"page","link":"https:\/\/neuronup.com\/br\/ebooks-guias-planilhas-e-muito-mais-para-ajuda-lo-a-crescer-como-profissional\/","title":{"rendered":"eBooks, guias, modelos e muito mais material para ajudar voc\u00ea a crescer como profissional"},"content":{"rendered":"\n<div class=\"wp-block-cover alignfull has-lg-content-width has-md-padding-top has-md-padding-bottom has-xs-padding-left has-xs-padding-right\"><span aria-hidden=\"true\" class=\"wp-block-cover__background has-primary-background-color has-background-dim-100 has-background-dim\"><\/span><div class=\"wp-block-cover__inner-container is-layout-constrained wp-block-cover-is-layout-constrained\">\n<h1 class=\"wp-block-heading has-text-align-center\">eBooks, guias, modelos e muito mais material para ajudar voc\u00ea a crescer como profissional<\/h1>\n<\/div><\/div>\n\n\n\n<div style=\"height:100px\" aria-hidden=\"true\" class=\"wp-block-spacer\"><\/div>\n\n\n\n<div class=\"wp-block-columns are-vertically-aligned-center testimonial-block br-0010 is-layout-flex wp-container-core-columns-is-layout-9d6595d7 wp-block-columns-is-layout-flex\">\n<div class=\"wp-block-column is-vertically-aligned-center is-layout-flow wp-block-column-is-layout-flow\">\n<figure class=\"wp-block-image size-full\"><img decoding=\"async\" width=\"400\" height=\"400\" src=\"https:\/\/neuronup.com\/br\/wp-content\/uploads\/2025\/08\/10-Atividades.webp\" alt=\"Duas m\u00e3os encaixam pe\u00e7as de um quebra-cabe\u00e7a azul e branco, com pe\u00e7as ao redor, sobre fundo circular simples.\" class=\"wp-image-41551\" srcset=\"https:\/\/neuronup.com\/br\/wp-content\/uploads\/2025\/08\/10-Atividades-24x24.webp 24w, https:\/\/neuronup.com\/br\/wp-content\/uploads\/2025\/08\/10-Atividades-48x48.webp 48w, https:\/\/neuronup.com\/br\/wp-content\/uploads\/2025\/08\/10-Atividades-80x80.webp 80w, https:\/\/neuronup.com\/br\/wp-content\/uploads\/2025\/08\/10-Atividades-96x96.webp 96w, https:\/\/neuronup.com\/br\/wp-content\/uploads\/2025\/08\/10-Atividades-150x150.webp 150w, https:\/\/neuronup.com\/br\/wp-content\/uploads\/2025\/08\/10-Atividades-300x300.webp 300w, https:\/\/neuronup.com\/br\/wp-content\/uploads\/2025\/08\/10-Atividades.webp 400w\" sizes=\"(max-width: 400px) 100vw, 400px\" \/><\/figure>\n<\/div>\n\n\n\n<div class=\"wp-block-column is-vertically-aligned-center is-layout-flow wp-block-column-is-layout-flow\">\n<p class=\"has-primary-color has-text-color has-link-color wp-elements-6a715da0f7677c69df0a594c3911b01a\"><strong><strong>ATIVIDADES DE ESTIMULA\u00c7\u00c3O<\/strong><\/strong><\/p>\n\n\n\n<h3 class=\"wp-block-heading has-text-align-center\">Atividades de reabilita\u00e7\u00e3o e estimula\u00e7\u00e3o cognitiva para adultos e crian\u00e7as<\/h3>\n\n\n\n<p class=\"has-text-align-center\">Obtenha 10 atividades imprim\u00edveis para reabilita\u00e7\u00e3o e estimula\u00e7\u00e3o cognitiva de adultos e crian\u00e7as.<\/p>\n\n\n\n<div style=\"height:10px\" aria-hidden=\"true\" class=\"wp-block-spacer\"><\/div>\n\n\n\n<div class=\"wp-block-buttons is-content-justification-center is-layout-flex wp-container-core-buttons-is-layout-16018d1d wp-block-buttons-is-layout-flex\">\n<div class=\"wp-block-button\"><a class=\"wp-block-button__link button wp-element-button\" href=\"https:\/\/neuronup.com\/redirect\/?target=typeform\/atividades?utm_first_source=Web&amp;utm_first_campaign_name=Worksheets_general_adults_kids\" target=\"_blank\" rel=\"nofollow\"><strong>Baixar atividades<\/strong><\/a><\/div>\n<\/div>\n<\/div>\n<\/div>\n\n\n\n<div style=\"height:100px\" aria-hidden=\"true\" class=\"wp-block-spacer\"><\/div>\n\n\n\n<div class=\"wp-block-columns is-layout-flex wp-container-core-columns-is-layout-9d6595d7 wp-block-columns-is-layout-flex\">\n<div class=\"wp-block-column testimonial-block br-0010 is-layout-flow wp-block-column-is-layout-flow\">\n<p class=\"has-text-align-center has-primary-color has-text-color has-link-color wp-elements-c82c6b19958b1ecf5bd2f79839dce269\"><strong>INTERVEN\u00c7\u00c3O<\/strong><\/p>\n\n\n\n<figure class=\"wp-block-image size-full\"><img decoding=\"async\" width=\"834\" height=\"834\" src=\"https:\/\/neuronup.com\/br\/wp-content\/uploads\/2025\/08\/AFA-RIOJA.webp\" alt=\"M\u00e9dico em jaleco branco conversa com homem idoso com bengala, sentado \u00e0 mesa; ele faz anota\u00e7\u00f5es, ambiente de consulta com planta ao fundo.\" class=\"wp-image-41550\" srcset=\"https:\/\/neuronup.com\/br\/wp-content\/uploads\/2025\/08\/AFA-RIOJA-24x24.webp 24w, https:\/\/neuronup.com\/br\/wp-content\/uploads\/2025\/08\/AFA-RIOJA-48x48.webp 48w, https:\/\/neuronup.com\/br\/wp-content\/uploads\/2025\/08\/AFA-RIOJA-80x80.webp 80w, https:\/\/neuronup.com\/br\/wp-content\/uploads\/2025\/08\/AFA-RIOJA-96x96.webp 96w, https:\/\/neuronup.com\/br\/wp-content\/uploads\/2025\/08\/AFA-RIOJA-150x150.webp 150w, https:\/\/neuronup.com\/br\/wp-content\/uploads\/2025\/08\/AFA-RIOJA-300x300.webp 300w, https:\/\/neuronup.com\/br\/wp-content\/uploads\/2025\/08\/AFA-RIOJA-768x768.webp 768w, https:\/\/neuronup.com\/br\/wp-content\/uploads\/2025\/08\/AFA-RIOJA.webp 834w\" sizes=\"(max-width: 834px) 100vw, 834px\" \/><\/figure>\n\n\n\n<h3 class=\"wp-block-heading has-text-align-center\">Programa de estimula\u00e7\u00e3o cognitiva para pessoas com Alzheimer<\/h3>\n\n\n\n<p class=\"has-text-align-center\">Obtenha um programa de estimula\u00e7\u00e3o cognitiva para pessoas com Alzheimer gra\u00e7as ao depoimento da AFA Rioja. <\/p>\n\n\n\n<div style=\"height:10px\" aria-hidden=\"true\" class=\"wp-block-spacer\"><\/div>\n\n\n\n<div class=\"wp-block-buttons is-content-justification-center is-layout-flex wp-container-core-buttons-is-layout-16018d1d wp-block-buttons-is-layout-flex\">\n<div class=\"wp-block-button\"><a class=\"wp-block-button__link button wp-element-button\" href=\"https:\/\/neuronup.com\/redirect\/?target=typeform\/EG-alzheimer?utm_first_source=Web&amp;utm_first_campaign_name=Use_case_afarioja\" target=\"_blank\" rel=\"nofollow\"><strong>Baixar atividades<\/strong><\/a><\/div>\n<\/div>\n<\/div>\n\n\n\n<div class=\"wp-block-column testimonial-block br-0010 is-layout-flow wp-block-column-is-layout-flow\">\n<p class=\"has-text-align-center has-primary-color has-text-color has-link-color wp-elements-84bcc30098529cb3409444ddcd53e62c\"><strong><strong>LINGUAGEM<\/strong><\/strong><\/p>\n\n\n\n<figure class=\"wp-block-image size-full\"><img decoding=\"async\" width=\"400\" height=\"400\" src=\"https:\/\/neuronup.com\/br\/wp-content\/uploads\/2025\/08\/Atividades-linguagem-criancas.webp\" alt=\"Menino com tablet aponta para cart\u00f5es com letras e ilustra\u00e7\u00f5es (A ma\u00e7\u00e3, I sorvete, O laranja, E cavalo, U guarda-chuva) colados numa superf\u00edcie.\" class=\"wp-image-41549\" srcset=\"https:\/\/neuronup.com\/br\/wp-content\/uploads\/2025\/08\/Atividades-linguagem-criancas-24x24.webp 24w, https:\/\/neuronup.com\/br\/wp-content\/uploads\/2025\/08\/Atividades-linguagem-criancas-48x48.webp 48w, https:\/\/neuronup.com\/br\/wp-content\/uploads\/2025\/08\/Atividades-linguagem-criancas-80x80.webp 80w, https:\/\/neuronup.com\/br\/wp-content\/uploads\/2025\/08\/Atividades-linguagem-criancas-96x96.webp 96w, https:\/\/neuronup.com\/br\/wp-content\/uploads\/2025\/08\/Atividades-linguagem-criancas-150x150.webp 150w, https:\/\/neuronup.com\/br\/wp-content\/uploads\/2025\/08\/Atividades-linguagem-criancas-300x300.webp 300w, https:\/\/neuronup.com\/br\/wp-content\/uploads\/2025\/08\/Atividades-linguagem-criancas.webp 400w\" sizes=\"(max-width: 400px) 100vw, 400px\" \/><\/figure>\n\n\n\n<h3 class=\"wp-block-heading has-text-align-center\">Atividades de linguagem para crian\u00e7as com necessidades especiais<\/h3>\n\n\n\n<p class=\"has-text-align-center\">Obtenha agora 7 atividades de linguagem imprim\u00edveis para a estimula\u00e7\u00e3o cognitiva de crian\u00e7as com necessidades especiais. <\/p>\n\n\n\n<div style=\"height:10px\" aria-hidden=\"true\" class=\"wp-block-spacer\"><\/div>\n\n\n\n<div class=\"wp-block-buttons is-content-justification-center is-layout-flex wp-container-core-buttons-is-layout-16018d1d wp-block-buttons-is-layout-flex\">\n<div class=\"wp-block-button\"><a class=\"wp-block-button__link button wp-element-button\" href=\"https:\/\/neuronup.com\/redirect\/?target=typeform\/linguagem?utm_first_source=Web&amp;utm_first_campaign_name=Worksheets_language_kids\" target=\"_blank\" rel=\"nofollow\"><strong>Baixar atividades<\/strong><\/a><\/div>\n<\/div>\n<\/div>\n\n\n\n<div class=\"wp-block-column testimonial-block br-0010 is-layout-flow wp-block-column-is-layout-flow\">\n<p class=\"has-text-align-center has-primary-color has-text-color has-link-color wp-elements-f998de417fc1460ec0829beb7873a20a\"><strong>PARKINSON<\/strong><\/p>\n\n\n\n<figure class=\"wp-block-image size-full\"><img decoding=\"async\" width=\"400\" height=\"400\" src=\"https:\/\/neuronup.com\/br\/wp-content\/uploads\/2025\/08\/Download_LM-de-Parkinson_guia.webp\" alt=\"Idoso com cabelo branco caminhando com bengala, bal\u00e3o de pensamento com interroga\u00e7\u00e3o, nuvens ao fundo e silhuetas de m\u00e3os.\" class=\"wp-image-41558\" srcset=\"https:\/\/neuronup.com\/br\/wp-content\/uploads\/2025\/08\/Download_LM-de-Parkinson_guia-24x24.webp 24w, https:\/\/neuronup.com\/br\/wp-content\/uploads\/2025\/08\/Download_LM-de-Parkinson_guia-48x48.webp 48w, https:\/\/neuronup.com\/br\/wp-content\/uploads\/2025\/08\/Download_LM-de-Parkinson_guia-80x80.webp 80w, https:\/\/neuronup.com\/br\/wp-content\/uploads\/2025\/08\/Download_LM-de-Parkinson_guia-96x96.webp 96w, https:\/\/neuronup.com\/br\/wp-content\/uploads\/2025\/08\/Download_LM-de-Parkinson_guia-150x150.webp 150w, https:\/\/neuronup.com\/br\/wp-content\/uploads\/2025\/08\/Download_LM-de-Parkinson_guia-300x300.webp 300w, https:\/\/neuronup.com\/br\/wp-content\/uploads\/2025\/08\/Download_LM-de-Parkinson_guia.webp 400w\" sizes=\"(max-width: 400px) 100vw, 400px\" \/><\/figure>\n\n\n\n<h3 class=\"wp-block-heading has-text-align-center\">Sess\u00f5es cognitivas para o Parkinson<\/h3>\n\n\n\n<p class=\"has-text-align-center\">Saiba como elaborar sess\u00f5es cognitivas eficazes para trabalhar com pessoas com Parkinson.<\/p>\n\n\n\n<div style=\"height:10px\" aria-hidden=\"true\" class=\"wp-block-spacer\"><\/div>\n\n\n\n<div class=\"wp-block-buttons is-content-justification-center is-layout-flex wp-container-core-buttons-is-layout-16018d1d wp-block-buttons-is-layout-flex\">\n<div class=\"wp-block-button\"><a class=\"wp-block-button__link button wp-element-button\" href=\"https:\/\/neuronup.com\/redirect\/?target=typeform\/parkinsonguide?utm_first_source=Web&amp;utm_first_campaign_name=PDF_Parkinson_Guide\" target=\"_blank\" rel=\"nofollow\"><strong>Baixar atividades<\/strong><\/a><\/div>\n<\/div>\n<\/div>\n<\/div>\n\n\n\n<div style=\"height:100px\" aria-hidden=\"true\" class=\"wp-block-spacer\"><\/div>\n\n\n\n<div class=\"wp-block-columns is-layout-flex wp-container-core-columns-is-layout-9d6595d7 wp-block-columns-is-layout-flex\">\n<div class=\"wp-block-column testimonial-block br-0010 is-layout-flow wp-block-column-is-layout-flow\">\n<p class=\"has-text-align-center has-primary-color has-text-color has-link-color wp-elements-b658b426a69b83d344cfffe8d84884a8\"><strong><strong>ALZHEIMER<\/strong><\/strong><\/p>\n\n\n\n<figure class=\"wp-block-image size-full\"><img decoding=\"async\" width=\"400\" height=\"400\" src=\"https:\/\/neuronup.com\/br\/wp-content\/uploads\/2025\/08\/Atividades-Alzheimer.webp\" alt=\"Mulher idosa sentada no sof\u00e1 segura uma pe\u00e7a de quebra-cabe\u00e7a; ao fundo, cabe\u00e7a formada por pe\u00e7as e ilumina\u00e7\u00e3o natural.\" class=\"wp-image-41548\" srcset=\"https:\/\/neuronup.com\/br\/wp-content\/uploads\/2025\/08\/Atividades-Alzheimer-24x24.webp 24w, https:\/\/neuronup.com\/br\/wp-content\/uploads\/2025\/08\/Atividades-Alzheimer-48x48.webp 48w, https:\/\/neuronup.com\/br\/wp-content\/uploads\/2025\/08\/Atividades-Alzheimer-80x80.webp 80w, https:\/\/neuronup.com\/br\/wp-content\/uploads\/2025\/08\/Atividades-Alzheimer-96x96.webp 96w, https:\/\/neuronup.com\/br\/wp-content\/uploads\/2025\/08\/Atividades-Alzheimer-150x150.webp 150w, https:\/\/neuronup.com\/br\/wp-content\/uploads\/2025\/08\/Atividades-Alzheimer-300x300.webp 300w, https:\/\/neuronup.com\/br\/wp-content\/uploads\/2025\/08\/Atividades-Alzheimer.webp 400w\" sizes=\"(max-width: 400px) 100vw, 400px\" \/><\/figure>\n\n\n\n<h3 class=\"wp-block-heading has-text-align-center\">Atividades para trabalhar com pessoas com Alzheimer<\/h3>\n\n\n\n<p class=\"has-text-align-center\">Obtenha agora 10 atividades imprim\u00edveis para a estimula\u00e7\u00e3o cognitiva de pessoas com Alzheimer.<\/p>\n\n\n\n<div style=\"height:10px\" aria-hidden=\"true\" class=\"wp-block-spacer\"><\/div>\n\n\n\n<div class=\"wp-block-buttons is-content-justification-center is-layout-flex wp-container-core-buttons-is-layout-16018d1d wp-block-buttons-is-layout-flex\">\n<div class=\"wp-block-button\"><a class=\"wp-block-button__link button wp-element-button\" href=\"https:\/\/neuronup.com\/redirect\/?target=typeform\/lmalzheimer?utm_first_source=Web&amp;utm_first_campaign_name=Worksheets_alzheimer\" target=\"_blank\" rel=\"nofollow noreferrer noopener\"><strong>Baixar atividades<\/strong><\/a><\/div>\n<\/div>\n<\/div>\n\n\n\n<div class=\"wp-block-column testimonial-block br-0010 is-layout-flow wp-block-column-is-layout-flow\">\n<p class=\"has-text-align-center has-primary-color has-text-color has-link-color wp-elements-c82c6b19958b1ecf5bd2f79839dce269\"><strong>INTERVEN\u00c7\u00c3O<\/strong><\/p>\n\n\n\n<figure class=\"wp-block-image size-full\"><img decoding=\"async\" width=\"834\" height=\"834\" src=\"https:\/\/neuronup.com\/br\/wp-content\/uploads\/2025\/08\/Neurolleida.webp\" alt=\"Ilustra\u00e7\u00e3o de pessoa com cabe\u00e7a aberta, espa\u00e7o mental cheio de folhas; ao lado, profissional com jaleco analisa com tablet e outra pessoa em escada tira foto.\" class=\"wp-image-41547\" srcset=\"https:\/\/neuronup.com\/br\/wp-content\/uploads\/2025\/08\/Neurolleida-24x24.webp 24w, https:\/\/neuronup.com\/br\/wp-content\/uploads\/2025\/08\/Neurolleida-48x48.webp 48w, https:\/\/neuronup.com\/br\/wp-content\/uploads\/2025\/08\/Neurolleida-80x80.webp 80w, https:\/\/neuronup.com\/br\/wp-content\/uploads\/2025\/08\/Neurolleida-96x96.webp 96w, https:\/\/neuronup.com\/br\/wp-content\/uploads\/2025\/08\/Neurolleida-150x150.webp 150w, https:\/\/neuronup.com\/br\/wp-content\/uploads\/2025\/08\/Neurolleida-300x300.webp 300w, https:\/\/neuronup.com\/br\/wp-content\/uploads\/2025\/08\/Neurolleida-768x768.webp 768w, https:\/\/neuronup.com\/br\/wp-content\/uploads\/2025\/08\/Neurolleida.webp 834w\" sizes=\"(max-width: 834px) 100vw, 834px\" \/><\/figure>\n\n\n\n<h3 class=\"wp-block-heading has-text-align-center\">4 programas de reabilita\u00e7\u00e3o neuropsicol\u00f3gica<\/h3>\n\n\n\n<p class=\"has-text-align-center\">Obtenha 4 programas de reabilita\u00e7\u00e3o neuropsicol\u00f3gica gra\u00e7as aos profissionais da Neurolleida. <\/p>\n\n\n\n<div style=\"height:10px\" aria-hidden=\"true\" class=\"wp-block-spacer\"><\/div>\n\n\n\n<div class=\"wp-block-buttons is-content-justification-center is-layout-flex wp-container-core-buttons-is-layout-16018d1d wp-block-buttons-is-layout-flex\">\n<div class=\"wp-block-button\"><a class=\"wp-block-button__link button wp-element-button\" href=\"https:\/\/neuronup.com\/redirect\/?target=typeform\/program-neuro?utm_first_source=Web&amp;utm_first_campaign_name=Use_case_neurolleida\" target=\"_blank\" rel=\"nofollow\"><strong>Baixar atividades<\/strong><\/a><\/div>\n<\/div>\n<\/div>\n\n\n\n<div class=\"wp-block-column testimonial-block br-0010 is-layout-flow wp-block-column-is-layout-flow\">\n<p class=\"has-text-align-center has-primary-color has-text-color has-link-color wp-elements-a141fbb7d89c899716054377462937d3\"><strong>LES\u00c3O CEREBRAL<\/strong><\/p>\n\n\n\n<figure class=\"wp-block-image size-full\"><img decoding=\"async\" width=\"400\" height=\"400\" src=\"https:\/\/neuronup.com\/br\/wp-content\/uploads\/2025\/08\/Atividades-lesao-cerebral.webp\" alt=\"Homem idoso com \u00f3culos em ambiente moderno, pensando; c\u00e9rebro azul grande com raios simboliza esfor\u00e7o mental, planta ao lado.\" class=\"wp-image-41546\" srcset=\"https:\/\/neuronup.com\/br\/wp-content\/uploads\/2025\/08\/Atividades-lesao-cerebral-24x24.webp 24w, https:\/\/neuronup.com\/br\/wp-content\/uploads\/2025\/08\/Atividades-lesao-cerebral-48x48.webp 48w, https:\/\/neuronup.com\/br\/wp-content\/uploads\/2025\/08\/Atividades-lesao-cerebral-80x80.webp 80w, https:\/\/neuronup.com\/br\/wp-content\/uploads\/2025\/08\/Atividades-lesao-cerebral-96x96.webp 96w, https:\/\/neuronup.com\/br\/wp-content\/uploads\/2025\/08\/Atividades-lesao-cerebral-150x150.webp 150w, https:\/\/neuronup.com\/br\/wp-content\/uploads\/2025\/08\/Atividades-lesao-cerebral-300x300.webp 300w, https:\/\/neuronup.com\/br\/wp-content\/uploads\/2025\/08\/Atividades-lesao-cerebral.webp 400w\" sizes=\"(max-width: 400px) 100vw, 400px\" \/><\/figure>\n\n\n\n<h3 class=\"wp-block-heading has-text-align-center\">Atividades para trabalhar com pessoas com les\u00e3o cerebral<\/h3>\n\n\n\n<p class=\"has-text-align-center\">Obtenha agora 10 atividades imprim\u00edveis para trabalhar a estimula\u00e7\u00e3o cognitiva de pessoas com les\u00e3o cerebral.<\/p>\n\n\n\n<div style=\"height:10px\" aria-hidden=\"true\" class=\"wp-block-spacer\"><\/div>\n\n\n\n<div class=\"wp-block-buttons is-content-justification-center is-layout-flex wp-container-core-buttons-is-layout-16018d1d wp-block-buttons-is-layout-flex\">\n<div class=\"wp-block-button\"><a class=\"wp-block-button__link button wp-element-button\" href=\"https:\/\/neuronup.com\/redirect\/?target=typeform\/lesaocerebral?utm_first_source=Web&amp;utm_first_campaign_name=Worksheets_brain_injury\" target=\"_blank\" rel=\"nofollow noreferrer noopener\"><strong>Baixar atividades<\/strong><\/a><\/div>\n<\/div>\n<\/div>\n<\/div>\n\n\n\n<div style=\"height:100px\" aria-hidden=\"true\" class=\"wp-block-spacer\"><\/div>\n\n\n\n<div class=\"wp-block-cover br-1010 has-sm-padding-top has-sm-padding-bottom has-sm-padding-left has-sm-padding-right\"><img decoding=\"async\" width=\"1280\" height=\"768\" sizes=\"(max-width: 600px) 100vw, 50vw\" class=\"wp-block-cover__image-background wp-image-31661 size-large\" alt=\"neuronup illustration background\" src=\"https:\/\/neuronup.com\/br\/wp-content\/uploads\/2024\/10\/neuronup-illustration-background.svg\" data-object-fit=\"cover\"\/><span aria-hidden=\"true\" class=\"wp-block-cover__background has-background-dim\" style=\"background-color:#005767\"><\/span><div class=\"wp-block-cover__inner-container is-layout-constrained wp-block-cover-is-layout-constrained\">\n<p class=\"has-xl-font-size\" style=\"letter-spacing:0.07rem\"><strong>Lan\u00e7amos NeuronUP Assessment!<\/strong><\/p>\n\n\n\n<div class=\"wp-block-columns are-vertically-aligned-center is-layout-flex wp-container-core-columns-is-layout-9d6595d7 wp-block-columns-is-layout-flex\">\n<div class=\"wp-block-column is-vertically-aligned-center has-white-color has-text-color has-link-color wp-elements-bd68cc8433c056f7c59b955812e8ea6c is-layout-flow wp-block-column-is-layout-flow\" style=\"flex-basis:70%\">\n<p class=\"has-no-margin-top has-no-margin-bottom\" style=\"letter-spacing:0.05rem\">O novo produto de Avalia\u00e7\u00e3o da NeuronUP.<\/p>\n\n\n\n<p class=\"has-text-align-left has-no-margin-top has-no-margin-bottom\" style=\"font-size:18px\">Solicite acesso para testar gratuitamente por tempo limitado.<\/p>\n<\/div>\n\n\n\n<div class=\"wp-block-column is-vertically-aligned-center is-layout-flow wp-block-column-is-layout-flow\" style=\"flex-basis:30%\">\n<div class=\"wp-block-buttons is-content-justification-center is-layout-flex wp-container-core-buttons-is-layout-16018d1d wp-block-buttons-is-layout-flex\">\n<div class=\"wp-block-button has-custom-width wp-block-button__width-100\" style=\"--button-color:#01606f;--button-background:var(--color-white);--button-background-hover:#e6e6e6;\"><a class=\"wp-block-button__link button    has-link-color wp-element-button\" href=\"https:\/\/neuronup.com\/br\/neuronup-assessment\/solicitar-acesso\/\" style=\"color:#01606f\"><strong>Solicite acceso<\/strong><\/a><\/div>\n\n<\/div>\n<\/div>\n<\/div>\n<\/div><\/div>\n\n\n\n<div style=\"height:100px\" aria-hidden=\"true\" class=\"wp-block-spacer\"><\/div>\n\n\n\n<div class=\"wp-block-columns testimonial-block is-layout-flex wp-container-core-columns-is-layout-9d6595d7 wp-block-columns-is-layout-flex\">\n<div class=\"wp-block-column is-layout-flow wp-block-column-is-layout-flow\" style=\"flex-basis:100%\">\n<figure class=\"wp-block-image size-full\"><img decoding=\"async\" width=\"500\" height=\"354\" src=\"https:\/\/neuronup.com\/br\/wp-content\/uploads\/2025\/08\/Apresentacao-da-NeuronUP.webp\" alt=\"Apresenta\u00e7\u00e3o visual do NeuronUP: slide colorido em azul e branco com gr\u00e1ficos e \u00edcones explicando funcionalidades e benef\u00edcios para profissionais.\" class=\"wp-image-41545\" srcset=\"https:\/\/neuronup.com\/br\/wp-content\/uploads\/2025\/08\/Apresentacao-da-NeuronUP-300x212.webp 300w, https:\/\/neuronup.com\/br\/wp-content\/uploads\/2025\/08\/Apresentacao-da-NeuronUP.webp 500w\" sizes=\"(max-width: 500px) 100vw, 500px\" \/><\/figure>\n<\/div>\n\n\n\n<div class=\"wp-block-column is-layout-flow wp-block-column-is-layout-flow\" style=\"flex-basis:100%\">\n<h2 class=\"wp-block-heading\"><strong>Recursos para profissionais<\/strong> <\/h2>\n\n\n\n<p>Aqui fornecemos uma cole\u00e7\u00e3o de materiais para voc\u00ea utilizar no seu centro, tanto para divulgar que trabalha com a NeuronUP como para oferecer guias aos seus usu\u00e1rios.<\/p>\n\n\n\n<ul class=\"wp-block-list\">\n<li>Apresenta\u00e7\u00e3o da NeuronUP<\/li>\n\n\n\n<li>Cartazes<\/li>\n\n\n\n<li>Diplomas<\/li>\n\n\n\n<li>Guias<\/li>\n\n\n\n<li>Logotipos<\/li>\n<\/ul>\n\n\n\n<div class=\"wp-block-buttons is-layout-flex wp-block-buttons-is-layout-flex\">\n<div class=\"wp-block-button\"><a class=\"wp-block-button__link button wp-element-button\" href=\"https:\/\/neuronup.com\/recursos\/\">Consultar recursos<\/a><\/div>\n<\/div>\n<\/div>\n<\/div>\n\n\n\n<div style=\"height:100px\" aria-hidden=\"true\" class=\"wp-block-spacer\"><\/div>\n","protected":false},"excerpt":{"rendered":"<p>ATIVIDADES DE ESTIMULA\u00c7\u00c3O Atividades de reabilita\u00e7\u00e3o e estimula\u00e7\u00e3o cognitiva para adultos e crian\u00e7as Obtenha 10 atividades imprim\u00edveis para reabilita\u00e7\u00e3o e estimula\u00e7\u00e3o cognitiva de adultos e crian\u00e7as. INTERVEN\u00c7\u00c3O Programa de estimula\u00e7\u00e3o cognitiva para pessoas com Alzheimer Obtenha um programa de estimula\u00e7\u00e3o cognitiva para pessoas com Alzheimer gra\u00e7as ao depoimento da AFA Rioja. LINGUAGEM Atividades de linguagem &hellip;<\/p>\n","protected":false},"author":1,"featured_media":0,"parent":0,"menu_order":0,"comment_status":"closed","ping_status":"closed","template":"","meta":{"_acf_changed":false,"_genesis_hide_title":false,"_genesis_hide_breadcrumbs":false,"_genesis_hide_singular_image":false,"_genesis_hide_footer_widgets":false,"_genesis_custom_body_class":"nup-style","_genesis_custom_post_class":"nup-style","_genesis_layout":"wide-content","footnotes":""},"class_list":{"1":"page","2":"type-page","5":"entry","6":"nup-style"},"acf":[],"_links":{"self":[{"href":"https:\/\/neuronup.com\/br\/wp-json\/wp\/v2\/pages\/35052","targetHints":{"allow":["GET"]}}],"collection":[{"href":"https:\/\/neuronup.com\/br\/wp-json\/wp\/v2\/pages"}],"about":[{"href":"https:\/\/neuronup.com\/br\/wp-json\/wp\/v2\/types\/page"}],"author":[{"embeddable":true,"href":"https:\/\/neuronup.com\/br\/wp-json\/wp\/v2\/users\/1"}],"replies":[{"embeddable":true,"href":"https:\/\/neuronup.com\/br\/wp-json\/wp\/v2\/comments?post=35052"}],"version-history":[{"count":0,"href":"https:\/\/neuronup.com\/br\/wp-json\/wp\/v2\/pages\/35052\/revisions"}],"wp:attachment":[{"href":"https:\/\/neuronup.com\/br\/wp-json\/wp\/v2\/media?parent=35052"}],"curies":[{"name":"wp","href":"https:\/\/api.w.org\/{rel}","templated":true}]}}