{"id":35015,"date":"2024-12-16T09:24:28","date_gmt":"2024-12-16T07:24:28","guid":{"rendered":"https:\/\/neuronup.com\/br\/?page_id=35015"},"modified":"2026-01-26T18:25:54","modified_gmt":"2026-01-26T16:25:54","slug":"solucoes-para-profissionais-de-neurorreabilitacao","status":"publish","type":"page","link":"https:\/\/neuronup.com\/br\/o-que-e-neuronup\/solucoes-para-profissionais-de-neurorreabilitacao\/","title":{"rendered":"Solu\u00e7\u00f5es para profissionais de neurorreabilita\u00e7\u00e3o"},"content":{"rendered":"\n<div class=\"wp-block-columns is-layout-flex wp-container-core-columns-is-layout-9d6595d7 wp-block-columns-is-layout-flex\">\n<div class=\"wp-block-column is-layout-flow wp-block-column-is-layout-flow\" style=\"flex-basis:66.66%\">\n<h2 class=\"wp-block-heading\">A NeuronUP \u00e9 um programa que <strong>fornece aos terapeutas ferramentas<\/strong> para obter a maior autonomia funcional poss\u00edvel para os usu\u00e1rios.<\/h2>\n\n\n\n<p>Uma interven\u00e7\u00e3o terap\u00eautica com a NeuronUP facilita o trabalho nos n\u00edveis cognitivo e comportamental para restaurar a autoestima do usu\u00e1rio, aprimorar as habilidades preservadas, obter a melhor reintegra\u00e7\u00e3o social e informar e aconselhar o ambiente familiar sobre a evolu\u00e7\u00e3o da pessoa afetada.<\/p>\n\n\n\n<p>A NeuronUP possibilita a combina\u00e7\u00e3o de <strong>t\u00e9cnicas convencionais de reabilita\u00e7\u00e3o <\/strong>com a introdu\u00e7\u00e3o de novas tecnologias e a aplica\u00e7\u00e3o de m\u00e9todos de <strong>investiga\u00e7\u00e3o <\/strong>para melhorar os dist\u00farbios neurol\u00f3gicos, minimizando as repercuss\u00f5es da patologia do usu\u00e1rio e maximizando os resultados da metodologia terap\u00eautica do profissional para uma poss\u00edvel recupera\u00e7\u00e3o.<\/p>\n\n\n\n<div class=\"wp-block-buttons is-layout-flex wp-block-buttons-is-layout-flex\">\n<div class=\"wp-block-button--1\"><a class=\"wp-block-button__link button button-outline wp-element-button\" href=\"https:\/\/neuronup.com\/br\/o-que-e-neuronup\/\">Saiba mais sobre a NeuronUP<\/a><\/div>\n<\/div>\n<\/div>\n\n\n\n<div class=\"wp-block-column relative is-layout-flow wp-block-column-is-layout-flow\" style=\"flex-basis:33.33%\"><div class=\"wp-block-image absolute-l image-interface animate-scroll\">\n<figure class=\"aligncenter size-full\"><img decoding=\"async\" width=\"899\" height=\"446\" src=\"https:\/\/neuronup.com\/br\/wp-content\/uploads\/2024\/12\/Sessoes.webp\" alt=\"Interface de gest\u00e3o digital com menu superior, calend\u00e1rio de setembro\/2021 e marcadores coloridos para tipos de sess\u00f5es; criar nova sess\u00e3o.\" class=\"wp-image-35016\" srcset=\"https:\/\/neuronup.com\/br\/wp-content\/uploads\/2024\/12\/Sessoes-300x149.webp 300w, https:\/\/neuronup.com\/br\/wp-content\/uploads\/2024\/12\/Sessoes-768x381.webp 768w, https:\/\/neuronup.com\/br\/wp-content\/uploads\/2024\/12\/Sessoes.webp 899w\" sizes=\"(max-width: 899px) 100vw, 899px\" \/><\/figure>\n<\/div><\/div>\n<\/div>\n\n\n\n<div style=\"height:100px\" aria-hidden=\"true\" class=\"wp-block-spacer\"><\/div>\n\n\n\n<div class=\"wp-block-columns is-layout-flex wp-container-core-columns-is-layout-9d6595d7 wp-block-columns-is-layout-flex\">\n<div class=\"wp-block-column image-interface p-5 is-layout-flow wp-block-column-is-layout-flow\">\n<h4 class=\"wp-block-heading\">NeuronUP University<\/h4>\n\n\n\n<p><strong>Coloque sua universidade na vanguarda<\/strong> da educa\u00e7\u00e3o e fo<strong>rme futuros profissionais da sa\u00fade mental com nossa ferramenta<\/strong>.<\/p>\n\n\n\n<div class=\"wp-block-buttons is-layout-flex wp-block-buttons-is-layout-flex\">\n<div class=\"wp-block-button--2\"><a class=\"wp-block-button__link button button-outline wp-element-button\" href=\"https:\/\/neuronup.com\/br\/solucoes-de-neurorreabilitacao\/universidades\/\">Consulta las ventajas para tu universidad<\/a><\/div>\n<\/div>\n<\/div>\n\n\n\n<div class=\"wp-block-column image-interface p-5 is-layout-flow wp-block-column-is-layout-flow\">\n<h4 class=\"wp-block-heading\">NeuronUP School<\/h4>\n\n\n\n<p>Oferece <strong>valor agregado<\/strong> a seus professores e estudantes, <strong>abordando os problemas de aprendizado<\/strong> de seus alunos.<\/p>\n\n\n\n<div class=\"wp-block-buttons is-layout-flex wp-block-buttons-is-layout-flex\">\n<div class=\"wp-block-button--3\"><a class=\"wp-block-button__link button button-outline wp-element-button\" href=\"https:\/\/neuronup.com\/br\/solucoes-de-neurorreabilitacao\/colegios\/\">Consulta nuestras opciones para colegios<\/a><\/div>\n<\/div>\n<\/div>\n<\/div>\n\n\n\n<div class=\"wp-block-group alignfull back-blue has-alt-background-color has-background has-light-background has-lg-padding-top has-lg-padding-bottom has-xxxxl-margin-top\"><div class=\"wp-block-group__inner-container is-layout-flow wp-block-group-is-layout-flow\">\n<h2 class=\"wp-block-heading has-text-align-center\">Produtos da NeuronUP<\/h2>\n\n\n\n<div style=\"height:100px\" aria-hidden=\"true\" class=\"wp-block-spacer\"><\/div>\n\n\n\n<div class=\"wp-block-columns is-layout-flex wp-container-core-columns-is-layout-9d6595d7 wp-block-columns-is-layout-flex\">\n<div class=\"wp-block-column is-vertically-aligned-center is-layout-flow wp-block-column-is-layout-flow\">\n<div class=\"wp-block-group\"><div class=\"wp-block-group__inner-container is-layout-flow wp-block-group-is-layout-flow\">\n<figure class=\"wp-block-gallery aligncenter has-nested-images columns-2 is-cropped image-interface-gallery animate-scroll-left wp-block-gallery-4 is-layout-flex wp-block-gallery-is-layout-flex\">\n<figure class=\"wp-block-image size-full\"><img decoding=\"async\" width=\"1200\" height=\"675\" data-id=\"35325\" src=\"https:\/\/neuronup.com\/br\/wp-content\/uploads\/2024\/12\/Jogo-Venca-o-monstro.webp\" alt=\"Captura de tela de jogo com v\u00edrus verde, l\u00edngua para fora, flechas no corpo e barra de vida com cora\u00e7\u00e3o, cen\u00e1rio ao longe.\" class=\"wp-image-35325\" srcset=\"https:\/\/neuronup.com\/br\/wp-content\/uploads\/2024\/12\/Jogo-Venca-o-monstro-300x169.webp 300w, https:\/\/neuronup.com\/br\/wp-content\/uploads\/2024\/12\/Jogo-Venca-o-monstro-768x432.webp 768w, https:\/\/neuronup.com\/br\/wp-content\/uploads\/2024\/12\/Jogo-Venca-o-monstro-1024x576.webp 1024w, https:\/\/neuronup.com\/br\/wp-content\/uploads\/2024\/12\/Jogo-Venca-o-monstro.webp 1200w\" sizes=\"(max-width: 1200px) 100vw, 1200px\" \/><\/figure>\n\n\n\n<figure class=\"wp-block-image size-full\"><img decoding=\"async\" width=\"1200\" height=\"675\" data-id=\"35326\" src=\"https:\/\/neuronup.com\/br\/wp-content\/uploads\/2024\/12\/Jogo-Complete-o-quebra-cabeca.webp\" alt=\"Quebra-cabe\u00e7a parcialmente montado exibindo pessoas em um barco \u00e0 vela no mar; menino pula na \u00e1gua e o c\u00e9u com nuvens ao fundo.\" class=\"wp-image-35326\" srcset=\"https:\/\/neuronup.com\/br\/wp-content\/uploads\/2024\/12\/Jogo-Complete-o-quebra-cabeca-300x169.webp 300w, https:\/\/neuronup.com\/br\/wp-content\/uploads\/2024\/12\/Jogo-Complete-o-quebra-cabeca-768x432.webp 768w, https:\/\/neuronup.com\/br\/wp-content\/uploads\/2024\/12\/Jogo-Complete-o-quebra-cabeca-1024x576.webp 1024w, https:\/\/neuronup.com\/br\/wp-content\/uploads\/2024\/12\/Jogo-Complete-o-quebra-cabeca.webp 1200w\" sizes=\"(max-width: 1200px) 100vw, 1200px\" \/><\/figure>\n\n\n\n<figure class=\"wp-block-image size-full\"><img decoding=\"async\" width=\"1200\" height=\"900\" data-id=\"35327\" src=\"https:\/\/neuronup.com\/br\/wp-content\/uploads\/2024\/12\/Jogo-A-palavra-magica.webp\" alt=\"Captura de tela de jogo de palavras cruzadas: grade de letras com MULHER, PANTERA, VIAGAR, DIADEMA, TRI\u00c1LTO e WHISKY; cora\u00e7\u00f5es na base.\" class=\"wp-image-35327\" srcset=\"https:\/\/neuronup.com\/br\/wp-content\/uploads\/2024\/12\/Jogo-A-palavra-magica-300x225.webp 300w, https:\/\/neuronup.com\/br\/wp-content\/uploads\/2024\/12\/Jogo-A-palavra-magica-400x300.webp 400w, https:\/\/neuronup.com\/br\/wp-content\/uploads\/2024\/12\/Jogo-A-palavra-magica-768x576.webp 768w, https:\/\/neuronup.com\/br\/wp-content\/uploads\/2024\/12\/Jogo-A-palavra-magica-800x600.webp 800w, https:\/\/neuronup.com\/br\/wp-content\/uploads\/2024\/12\/Jogo-A-palavra-magica-1024x768.webp 1024w, https:\/\/neuronup.com\/br\/wp-content\/uploads\/2024\/12\/Jogo-A-palavra-magica.webp 1200w\" sizes=\"(max-width: 1200px) 100vw, 1200px\" \/><\/figure>\n\n\n\n<figure class=\"wp-block-image size-full\"><img decoding=\"async\" width=\"1200\" height=\"675\" data-id=\"35324\" src=\"https:\/\/neuronup.com\/br\/wp-content\/uploads\/2024\/12\/Jogo-O-pequeno-guloso.webp\" alt=\"Grade de biscoitos coloridos com n\u00fameros dentro, fundo claro; \u00edcones de cora\u00e7\u00e3o e bot\u00e3o de finalizar na parte inferior, sugerindo interatividade.\" class=\"wp-image-35324\" srcset=\"https:\/\/neuronup.com\/br\/wp-content\/uploads\/2024\/12\/Jogo-O-pequeno-guloso-300x169.webp 300w, https:\/\/neuronup.com\/br\/wp-content\/uploads\/2024\/12\/Jogo-O-pequeno-guloso-768x432.webp 768w, https:\/\/neuronup.com\/br\/wp-content\/uploads\/2024\/12\/Jogo-O-pequeno-guloso-1024x576.webp 1024w, https:\/\/neuronup.com\/br\/wp-content\/uploads\/2024\/12\/Jogo-O-pequeno-guloso.webp 1200w\" sizes=\"(max-width: 1200px) 100vw, 1200px\" \/><\/figure>\n<\/figure>\n<\/div><\/div>\n<\/div>\n\n\n\n<div class=\"wp-block-column is-vertically-aligned-center is-layout-flow wp-block-column-is-layout-flow\">\n<h3 class=\"wp-block-heading\">Plano de atividades digitais para crian\u00e7as<\/h3>\n\n\n\n<p>3.000 atividades de estimula\u00e7\u00e3o cognitiva especialmente projetadas para crian\u00e7as, desenvolvidas por psic\u00f3logos, fonoaudi\u00f3logos e pedagogos, com foco em TDAH, dist\u00farbios de aprendizagem e outros dist\u00farbios de neurodesenvolvimento.<\/p>\n\n\n\n<p class=\"has-sm-font-size\">Exerc\u00edcios projetados especificamente para crian\u00e7as, com amplo nivelamento. Foi dado um enfoque especial \u00e0 cria\u00e7\u00e3o de atividades de desenvolvimento cerebral que aumentam a motiva\u00e7\u00e3o ao realizarem a reabilita\u00e7\u00e3o cognitiva como ponto de partida para aumentar o envolvimento do usu\u00e1rio infantil. A NeuronUP Kids prop\u00f5e jogos de estimula\u00e7\u00e3o cognitiva especializados e interativos para trabalhar com defici\u00eancia intelectual, TDAH, autismo, v\u00e1rios dist\u00farbios de aprendizagem, como dislexia, disgrafia, discalculia, dist\u00farbios de express\u00e3o e compreens\u00e3o, bem como outros dist\u00farbios de comunica\u00e7\u00e3o.<\/p>\n\n\n\n<div class=\"wp-block-buttons is-layout-flex wp-block-buttons-is-layout-flex\">\n<div class=\"wp-block-button--5\"><a class=\"wp-block-button__link button button-outline wp-element-button\" href=\"https:\/\/neuronup.com\/br\/landing-store-user\/\">Quero experimentar este plano<\/a><\/div>\n<\/div>\n<\/div>\n<\/div>\n\n\n\n<div style=\"height:100px\" aria-hidden=\"true\" class=\"wp-block-spacer\"><\/div>\n\n\n\n<div class=\"wp-block-columns is-layout-flex wp-container-core-columns-is-layout-9d6595d7 wp-block-columns-is-layout-flex\">\n<div class=\"wp-block-column is-vertically-aligned-center is-layout-flow wp-block-column-is-layout-flow\">\n<h3 class=\"wp-block-heading\"><meta charset=\"utf-8\">Plano de atividades digitais para adultos<\/h3>\n\n\n\n<p>Mais de 6.000 atividades com alto valor ecol\u00f3gico desenvolvidas por neuropsic\u00f3logos e terapeutas ocupacionais para trabalhar com les\u00f5es cerebrais, doen\u00e7as mentais, envelhecimento saud\u00e1vel e doen\u00e7as neurodegenerativas, como esclerose m\u00faltipla, Parkinson ou Alzheimer.<\/p>\n\n\n\n<p class=\"has-sm-font-size\">Exerc\u00edcios para mem\u00f3ria, aten\u00e7\u00e3o, linguagem, orienta\u00e7\u00e3o, cogni\u00e7\u00e3o social, praxias, habilidades visuoespaciais, fun\u00e7\u00f5es executivas e outras fun\u00e7\u00f5es cognitivas, a maioria deles baseada em atividades da vida di\u00e1ria voltadas para a reabilita\u00e7\u00e3o cognitiva funcional e mais de 3.000 recursos adicionais. Possui uma enorme variedade de atividades de estimula\u00e7\u00e3o cerebral com suporte t\u00e9cnico cont\u00ednuo, o que permitir\u00e1 que o profissional economize tempo e dinheiro e fa\u00e7a da NeuronUP a melhor ferramenta profissional de reabilita\u00e7\u00e3o cognitiva com presen\u00e7a em 12 pa\u00edses.<\/p>\n\n\n\n<div class=\"wp-block-buttons is-layout-flex wp-block-buttons-is-layout-flex\">\n<div class=\"wp-block-button--6\"><a class=\"wp-block-button__link button button-outline wp-element-button\" href=\"https:\/\/neuronup.com\/br\/landing-store-user\/\"><meta charset=\"utf-8\">Quero experimentar este plano<\/a><\/div>\n<\/div>\n<\/div>\n\n\n\n<div class=\"wp-block-column is-vertically-aligned-center is-layout-flow wp-block-column-is-layout-flow\">\n<figure class=\"wp-block-gallery has-nested-images columns-2 is-cropped image-interface-gallery animate-scroll-right wp-block-gallery-7 is-layout-flex wp-block-gallery-is-layout-flex\">\n<figure class=\"wp-block-image size-full\"><img decoding=\"async\" width=\"1200\" height=\"900\" data-id=\"35332\" src=\"https:\/\/neuronup.com\/br\/wp-content\/uploads\/2024\/12\/Jogo-Ordene-a-cozinha.webp\" alt=\"Captura de tela de cozinha moderna com geladeira central, micro-ondas acima do balc\u00e3o, pia, fog\u00e3o e \u00edcones de intera\u00e7\u00e3o.\" class=\"wp-image-35332\" srcset=\"https:\/\/neuronup.com\/br\/wp-content\/uploads\/2024\/12\/Jogo-Ordene-a-cozinha-300x225.webp 300w, https:\/\/neuronup.com\/br\/wp-content\/uploads\/2024\/12\/Jogo-Ordene-a-cozinha-400x300.webp 400w, https:\/\/neuronup.com\/br\/wp-content\/uploads\/2024\/12\/Jogo-Ordene-a-cozinha-768x576.webp 768w, https:\/\/neuronup.com\/br\/wp-content\/uploads\/2024\/12\/Jogo-Ordene-a-cozinha-800x600.webp 800w, https:\/\/neuronup.com\/br\/wp-content\/uploads\/2024\/12\/Jogo-Ordene-a-cozinha-1024x768.webp 1024w, https:\/\/neuronup.com\/br\/wp-content\/uploads\/2024\/12\/Jogo-Ordene-a-cozinha.webp 1200w\" sizes=\"(max-width: 1200px) 100vw, 1200px\" \/><\/figure>\n\n\n\n<figure class=\"wp-block-image size-full\"><img decoding=\"async\" width=\"1200\" height=\"900\" data-id=\"35331\" src=\"https:\/\/neuronup.com\/br\/wp-content\/uploads\/2024\/12\/Jogo-Pagamento-exato.webp\" alt=\"Captura de tela de jogo de troco exato com notas (50, 20, 10, 5, 2) e moedas (1, 0, 50, 25, 10, 5); exibe o pedido de R$73,80 e bot\u00e3o resolver.\" class=\"wp-image-35331\" srcset=\"https:\/\/neuronup.com\/br\/wp-content\/uploads\/2024\/12\/Jogo-Pagamento-exato-300x225.webp 300w, https:\/\/neuronup.com\/br\/wp-content\/uploads\/2024\/12\/Jogo-Pagamento-exato-400x300.webp 400w, https:\/\/neuronup.com\/br\/wp-content\/uploads\/2024\/12\/Jogo-Pagamento-exato-768x576.webp 768w, https:\/\/neuronup.com\/br\/wp-content\/uploads\/2024\/12\/Jogo-Pagamento-exato-800x600.webp 800w, https:\/\/neuronup.com\/br\/wp-content\/uploads\/2024\/12\/Jogo-Pagamento-exato-1024x768.webp 1024w, https:\/\/neuronup.com\/br\/wp-content\/uploads\/2024\/12\/Jogo-Pagamento-exato.webp 1200w\" sizes=\"(max-width: 1200px) 100vw, 1200px\" \/><\/figure>\n\n\n\n<figure class=\"wp-block-image size-full\"><img decoding=\"async\" width=\"1200\" height=\"900\" data-id=\"35330\" src=\"https:\/\/neuronup.com\/br\/wp-content\/uploads\/2024\/12\/Jogo-Associacao-de-emocao-e-palavra.webp\" alt=\"Quatro quadrados mostram express\u00f5es faciais distintas ao lado das palavras vergonha, entusiasmo, engano e l\u00e1stima para exerc\u00edcio de associa\u00e7\u00e3o emo\u00e7\u00e3o-palavra.\" class=\"wp-image-35330\" srcset=\"https:\/\/neuronup.com\/br\/wp-content\/uploads\/2024\/12\/Jogo-Associacao-de-emocao-e-palavra-300x225.webp 300w, https:\/\/neuronup.com\/br\/wp-content\/uploads\/2024\/12\/Jogo-Associacao-de-emocao-e-palavra-400x300.webp 400w, https:\/\/neuronup.com\/br\/wp-content\/uploads\/2024\/12\/Jogo-Associacao-de-emocao-e-palavra-768x576.webp 768w, https:\/\/neuronup.com\/br\/wp-content\/uploads\/2024\/12\/Jogo-Associacao-de-emocao-e-palavra-800x600.webp 800w, https:\/\/neuronup.com\/br\/wp-content\/uploads\/2024\/12\/Jogo-Associacao-de-emocao-e-palavra-1024x768.webp 1024w, https:\/\/neuronup.com\/br\/wp-content\/uploads\/2024\/12\/Jogo-Associacao-de-emocao-e-palavra.webp 1200w\" sizes=\"(max-width: 1200px) 100vw, 1200px\" \/><\/figure>\n\n\n\n<figure class=\"wp-block-image size-full\"><img decoding=\"async\" width=\"1200\" height=\"900\" data-id=\"35329\" src=\"https:\/\/neuronup.com\/br\/wp-content\/uploads\/2024\/12\/Jogo-Transformar-numeros-em-letras.webp\" alt=\"Captura de tela de jogo educativo: n\u00fameros \u00e0 esquerda; palavras por extenso \u00e0 direita; 489 marcado com visto verde e \u00edcones de cora\u00e7\u00e3o na base.\" class=\"wp-image-35329\" srcset=\"https:\/\/neuronup.com\/br\/wp-content\/uploads\/2024\/12\/Jogo-Transformar-numeros-em-letras-300x225.webp 300w, https:\/\/neuronup.com\/br\/wp-content\/uploads\/2024\/12\/Jogo-Transformar-numeros-em-letras-400x300.webp 400w, https:\/\/neuronup.com\/br\/wp-content\/uploads\/2024\/12\/Jogo-Transformar-numeros-em-letras-768x576.webp 768w, https:\/\/neuronup.com\/br\/wp-content\/uploads\/2024\/12\/Jogo-Transformar-numeros-em-letras-800x600.webp 800w, https:\/\/neuronup.com\/br\/wp-content\/uploads\/2024\/12\/Jogo-Transformar-numeros-em-letras-1024x768.webp 1024w, https:\/\/neuronup.com\/br\/wp-content\/uploads\/2024\/12\/Jogo-Transformar-numeros-em-letras.webp 1200w\" sizes=\"(max-width: 1200px) 100vw, 1200px\" \/><\/figure>\n<\/figure>\n<\/div>\n<\/div>\n\n\n\n<div style=\"height:100px\" aria-hidden=\"true\" class=\"wp-block-spacer\"><\/div>\n\n\n\n<div class=\"wp-block-columns is-layout-flex wp-container-core-columns-is-layout-9d6595d7 wp-block-columns-is-layout-flex\">\n<div class=\"wp-block-column is-vertically-aligned-center is-layout-flow wp-block-column-is-layout-flow\"><div class=\"wp-block-image w-100\">\n<figure class=\"aligncenter size-full is-resized\"><img decoding=\"async\" width=\"512\" height=\"388\" src=\"https:\/\/neuronup.com\/br\/wp-content\/uploads\/2024\/12\/home-sessions.webp\" alt=\"Mulher sentada em sof\u00e1 amarelo com laptop, em espa\u00e7o bem iluminado, cen\u00e1rio ideal para sess\u00f5es de neurorehabilita\u00e7\u00e3o em casa.\" class=\"wp-image-35025\" style=\"width:512px;height:388px\" srcset=\"https:\/\/neuronup.com\/br\/wp-content\/uploads\/2024\/12\/home-sessions-300x227.webp 300w, https:\/\/neuronup.com\/br\/wp-content\/uploads\/2024\/12\/home-sessions.webp 512w\" sizes=\"(max-width: 512px) 100vw, 512px\" \/><\/figure>\n<\/div><\/div>\n\n\n\n<div class=\"wp-block-column is-vertically-aligned-center is-layout-flow wp-block-column-is-layout-flow\">\n<h3 class=\"wp-block-heading\">NeuronUP2GO para trabalhar de qualquer lugar<\/h3>\n\n\n\n<p>NeuronUP2GO s\u00e3o sess\u00f5es personalizadas da NeuronUP que permitem que os usu\u00e1rios fa\u00e7am confortavelmente os exerc\u00edcios de estimula\u00e7\u00e3o cognitiva que o terapeuta programou para eles no conforto de sua pr\u00f3pria casa.<\/p>\n\n\n\n<p>O profissional ter\u00e1 um registro dos resultados dos exerc\u00edcios de cada usu\u00e1rio e poder\u00e1 aumentar a capacidade de seu consult\u00f3rio gerenciando a reabilita\u00e7\u00e3o cognitiva de usu\u00e1rios localizados em qualquer lugar do mundo.<\/p>\n\n\n\n<p>Com a NeuronUP2GO, n\u00e3o ser\u00e1 necess\u00e1rio interromper o tratamento por qualquer motivo, pois o profissional pode programar as sess\u00f5es de modo que o usu\u00e1rio siga regularmente seu tratamento de neurorreabilita\u00e7\u00e3o com os exerc\u00edcios da NeuronUP.<\/p>\n\n\n\n<p>Para utilizar o NeuronUP2GO \u00e9 necess\u00e1rio ter contratado previamente um dos planos de atividade Kids e\/ou Adultos.<\/p>\n\n\n\n<div class=\"wp-block-buttons is-layout-flex wp-block-buttons-is-layout-flex\">\n<div class=\"wp-block-button--8\"><a class=\"wp-block-button__link button button-outline wp-element-button\" href=\"https:\/\/neuronup.com\/br\/landing-store-user\/\"><meta charset=\"utf-8\">Quero experimentar o trabalho remoto<\/a><\/div>\n<\/div>\n<\/div>\n<\/div>\n\n\n\n<div style=\"height:100px\" aria-hidden=\"true\" class=\"wp-block-spacer\"><\/div>\n\n\n\n<div class=\"wp-block-columns is-layout-flex wp-container-core-columns-is-layout-9d6595d7 wp-block-columns-is-layout-flex\">\n<div class=\"wp-block-column is-vertically-aligned-center is-layout-flow wp-block-column-is-layout-flow\">\n<h3 class=\"wp-block-heading\">Planos de atividades em Papel<\/h3>\n\n\n\n<p>A NeuronUP \u00e9 uma plataforma multiformato com centenas de fichas e geradores em papel com exerc\u00edcios especialmente desenvolvidos para usu\u00e1rios que t\u00eam dificuldade de trabalhar com telas.<\/p>\n\n\n\n<p class=\"has-sm-font-size\">Dessa forma, o profissional poder\u00e1 adaptar a interface dos exerc\u00edcios de sua interven\u00e7\u00e3o \u00e0 tecnologia que melhor se adequa \u00e0 reabilita\u00e7\u00e3o cognitiva de que seus pacientes necessitam.<\/p>\n\n\n\n<div class=\"wp-block-buttons is-layout-flex wp-block-buttons-is-layout-flex\">\n<div class=\"wp-block-button--9\"><a class=\"wp-block-button__link button button-outline wp-element-button\" href=\"https:\/\/app.neuronup.com\/public\/signup\/adults_kids_paper\/single\">Quero comprar este plano<\/a><\/div>\n<\/div>\n<\/div>\n\n\n\n<div class=\"wp-block-column is-vertically-aligned-center is-layout-flow wp-block-column-is-layout-flow\">\n<figure class=\"wp-block-image size-large\"><img decoding=\"async\" width=\"1024\" height=\"597\" src=\"https:\/\/neuronup.com\/br\/wp-content\/uploads\/2024\/12\/Planos-de-atividades-em-Papel-1024x597.webp\" alt=\"Captura de tela de plano de atividades de l\u00edngua: animais no topo e rostos com emo\u00e7\u00f5es e palavras como furibundo e sossegado.\" class=\"wp-image-35026\" srcset=\"https:\/\/neuronup.com\/br\/wp-content\/uploads\/2024\/12\/Planos-de-atividades-em-Papel-300x175.webp 300w, https:\/\/neuronup.com\/br\/wp-content\/uploads\/2024\/12\/Planos-de-atividades-em-Papel-768x448.webp 768w, https:\/\/neuronup.com\/br\/wp-content\/uploads\/2024\/12\/Planos-de-atividades-em-Papel-1024x597.webp 1024w, https:\/\/neuronup.com\/br\/wp-content\/uploads\/2024\/12\/Planos-de-atividades-em-Papel.webp 1280w\" sizes=\"(max-width: 1024px) 100vw, 1024px\" \/><\/figure>\n<\/div>\n<\/div>\n<\/div><\/div>\n\n\n\n\n<div style=\"height:100px\" aria-hidden=\"true\" class=\"wp-block-spacer\"><\/div>\n\n\n\n<div class=\"wp-block-columns is-layout-flex wp-container-core-columns-is-layout-9d6595d7 wp-block-columns-is-layout-flex\">\n<div class=\"wp-block-column is-layout-flow wp-block-column-is-layout-flow\">\n<h2 class=\"wp-block-heading\">Vantagens para profissionais<\/h2>\n\n\n\n<ul class=\"wp-block-list\">\n<li>Economia de tempo no planejamento das sess\u00f5es de tratamento.<\/li>\n\n\n\n<li>Atividades desenvolvidas e classificadas com base em <strong>evid\u00eancias cl\u00ednicas<\/strong> e <strong>neuroci\u00eancia<\/strong>.<\/li>\n\n\n\n<li>Material variado e diversificado para tornar o processo de reabilita\u00e7\u00e3o\/estimula\u00e7\u00e3o mais completo.<\/li>\n\n\n\n<li>Possibilidade de personaliza\u00e7\u00e3o para tornar as tarefas mais ecologicamente corretas e adapt\u00e1-las \u00e0s necessidades espec\u00edficas de cada indiv\u00edduo.<\/li>\n\n\n\n<li>Acesso de qualquer lugar com Internet (sistema de Cloud Computing). N\u00e3o \u00e9 necess\u00e1ria instala\u00e7\u00e3o e as atualiza\u00e7\u00f5es est\u00e3o dispon\u00edveis em tempo real.<\/li>\n\n\n\n<li>Gerenciamento de resultados onde voc\u00ea pode salvar e consultar rapidamente a evolu\u00e7\u00e3o do sujeito.<\/li>\n\n\n\n<li>Comunica\u00e7\u00e3o interprofissional que <strong>facilita a troca de ideias e materiais.<\/strong><\/li>\n\n\n\n<li>Aumentar a capacidade da sua empresa, fornecendo interven\u00e7\u00e3o terap\u00eautica a usu\u00e1rios localizados em qualquer lugar do mundo.<\/li>\n<\/ul>\n<\/div>\n\n\n\n<div class=\"wp-block-column is-layout-flow wp-block-column-is-layout-flow\">\n<h2 class=\"wp-block-heading\">Vantagens para pessoas afetadas<\/h2>\n\n\n\n<ul class=\"wp-block-list\">\n<li>Interven\u00e7\u00e3o personalizada adaptada a cada pessoa e suas circunst\u00e2ncias.<\/li>\n\n\n\n<li>Treinamento de tarefas \u00fateis do dia a dia.<\/li>\n\n\n\n<li>Uma ampla e variada gama de materiais desenvolvidos por profissionais.<\/li>\n\n\n\n<li>Conte\u00fado motivador e cuidadosamente desenvolvido para atender a todas as idades.<\/li>\n\n\n\n<li>Formato impresso e digital.<\/li>\n\n\n\n<li>Possibilidade de acompanhar o tratamento realizando tarefas em casa com o NeuronUP2GO (sempre com prescri\u00e7\u00e3o pr\u00e9via do profissional).<\/li>\n<\/ul>\n<\/div>\n<\/div>\n","protected":false},"excerpt":{"rendered":"<p>A NeuronUP \u00e9 um programa que fornece aos terapeutas ferramentas para obter a maior autonomia funcional poss\u00edvel para os usu\u00e1rios. Uma interven\u00e7\u00e3o terap\u00eautica com a NeuronUP facilita o trabalho nos n\u00edveis cognitivo e comportamental para restaurar a autoestima do usu\u00e1rio, aprimorar as habilidades preservadas, obter a melhor reintegra\u00e7\u00e3o social e informar e aconselhar o ambiente &hellip;<\/p>\n","protected":false},"author":1,"featured_media":0,"parent":35029,"menu_order":0,"comment_status":"closed","ping_status":"closed","template":"","meta":{"_acf_changed":false,"_genesis_hide_title":false,"_genesis_hide_breadcrumbs":false,"_genesis_hide_singular_image":false,"_genesis_hide_footer_widgets":false,"_genesis_custom_body_class":"nup-style","_genesis_custom_post_class":"nup-style","_genesis_layout":"wide-content","footnotes":""},"class_list":{"1":"page","2":"type-page","5":"entry","6":"nup-style"},"acf":[],"_links":{"self":[{"href":"https:\/\/neuronup.com\/br\/wp-json\/wp\/v2\/pages\/35015","targetHints":{"allow":["GET"]}}],"collection":[{"href":"https:\/\/neuronup.com\/br\/wp-json\/wp\/v2\/pages"}],"about":[{"href":"https:\/\/neuronup.com\/br\/wp-json\/wp\/v2\/types\/page"}],"author":[{"embeddable":true,"href":"https:\/\/neuronup.com\/br\/wp-json\/wp\/v2\/users\/1"}],"replies":[{"embeddable":true,"href":"https:\/\/neuronup.com\/br\/wp-json\/wp\/v2\/comments?post=35015"}],"version-history":[{"count":0,"href":"https:\/\/neuronup.com\/br\/wp-json\/wp\/v2\/pages\/35015\/revisions"}],"up":[{"embeddable":true,"href":"https:\/\/neuronup.com\/br\/wp-json\/wp\/v2\/pages\/35029"}],"wp:attachment":[{"href":"https:\/\/neuronup.com\/br\/wp-json\/wp\/v2\/media?parent=35015"}],"curies":[{"name":"wp","href":"https:\/\/api.w.org\/{rel}","templated":true}]}}