{"id":34960,"date":"2024-12-13T11:19:22","date_gmt":"2024-12-13T09:19:22","guid":{"rendered":"https:\/\/neuronup.com\/br\/?page_id=34960"},"modified":"2026-01-26T18:25:50","modified_gmt":"2026-01-26T16:25:50","slug":"central-de-ajuda-da-neuronup","status":"publish","type":"page","link":"https:\/\/neuronup.com\/br\/central-de-ajuda-da-neuronup\/","title":{"rendered":"Central de ajuda da NeuronUP"},"content":{"rendered":"\n<h1 class=\"wp-block-heading has-text-align-center\">Central de ajuda da NeuronUP<\/h1>\n\n\n\n<h2 class=\"wp-block-heading alignfull has-text-align-center has-lg-font-size has-no-margin-top has-lg-margin-bottom\">Beneficie dos manuais e v\u00eddeos que cri\u00e1mos para o(a) ajudar a tirar o m\u00e1ximo partido da plataforma.<\/h2>\n\n\n\n<div class=\"wp-block-columns is-layout-flex wp-container-core-columns-is-layout-9d6595d7 wp-block-columns-is-layout-flex\">\n<div class=\"wp-block-column p-4 is-layout-flow wp-block-column-is-layout-flow\"><div class=\"wp-block-image blog-br-0101\">\n<figure class=\"aligncenter size-full is-resized\"><img decoding=\"async\" width=\"500\" height=\"350\" src=\"https:\/\/neuronup.com\/br\/wp-content\/uploads\/2024\/10\/manuals-neuronup.webp\" alt=\"Conjunto de manuais do NeuronUP em azul com detalhes em laranja, incluindo manual completo e guias espec\u00edficos.\" class=\"wp-image-31651\" style=\"width:300px\" srcset=\"https:\/\/neuronup.com\/br\/wp-content\/uploads\/2024\/10\/manuals-neuronup-300x210.webp 300w, https:\/\/neuronup.com\/br\/wp-content\/uploads\/2024\/10\/manuals-neuronup.webp 500w\" sizes=\"(max-width: 500px) 100vw, 500px\" \/><\/figure>\n<\/div>\n\n\n<h3 class=\"wp-block-heading has-text-align-center has-xl-margin-top\"><small style=\"font-size: 14px;\">[PDF]<\/small> Manuais de utilizador NeuronUP<\/h3>\n\n\n\n<p class=\"has-text-align-center\">Nesta se\u00e7\u00e3o encontrar\u00e1 manuais que ir\u00e3o apoiar para tirar o m\u00e1ximo proveito do NeuronUP.<\/p>\n\n\n\n<div class=\"wp-block-buttons is-content-justification-center is-layout-flex wp-container-core-buttons-is-layout-16018d1d wp-block-buttons-is-layout-flex\">\n<div class=\"wp-block-button alignleft--1\" style=\"--button-outline-color:var(--color-primary);\"><a class=\"wp-block-button__link button button-outline   has-text-align-center wp-element-button\" href=\"https:\/\/neuronup.com\/br\/manuais-de-uso-do-neuronup\/\">Aceda aos manuais<\/a><\/div>\n\n<\/div>\n<\/div>\n\n\n\n<div class=\"wp-block-column p-4 is-layout-flow wp-block-column-is-layout-flow\"><div class=\"wp-block-image blog-br-0101\">\n<figure class=\"aligncenter size-full is-resized\"><img decoding=\"async\" width=\"500\" height=\"350\" src=\"https:\/\/neuronup.com\/br\/wp-content\/uploads\/2024\/12\/Tutoriais-Yotube.webp\" alt=\"Captura de tela da interface de treinamento NeuronUP: grade com miniaturas de v\u00eddeos, itens conclu\u00eddos com verifica\u00e7\u00e3o verde e contadores de tempo.\" class=\"wp-image-35444\" style=\"width:300px\" srcset=\"https:\/\/neuronup.com\/br\/wp-content\/uploads\/2024\/12\/Tutoriais-Yotube-300x210.webp 300w, https:\/\/neuronup.com\/br\/wp-content\/uploads\/2024\/12\/Tutoriais-Yotube.webp 500w\" sizes=\"(max-width: 500px) 100vw, 500px\" \/><\/figure>\n<\/div>\n\n\n<h3 class=\"wp-block-heading has-text-align-center has-xl-margin-top\"><small style=\"font-size: 14px;\">[VIDEO]<\/small> Forma\u00e7\u00e3o em v\u00eddeo tutoriais<\/h3>\n\n\n\n<p class=\"has-text-align-center\">Nesta p\u00e1gina encontrar\u00e1 tutoriais em v\u00eddeo nos quais <strong>\u00e9 explicado visualmente como a NeuronUP funciona<\/strong>.<\/p>\n\n\n\n<div class=\"wp-block-buttons is-content-justification-center is-layout-flex wp-container-core-buttons-is-layout-16018d1d wp-block-buttons-is-layout-flex\">\n<div class=\"wp-block-button alignleft--2\" style=\"--button-outline-color:var(--color-primary);\"><a class=\"wp-block-button__link button button-outline   wp-element-button\" href=\"https:\/\/neuronup.com\/br\/faqs-ajuda-neuronup\/\">Aceda aos tutoriais<\/a><\/div>\n\n<\/div>\n<\/div>\n<\/div>\n\n\n\n<div style=\"height:30px\" aria-hidden=\"true\" class=\"wp-block-spacer\"><\/div>\n\n\n\n<div class=\"wp-block-columns particle-bg br-0101 has-primary-background-color has-background is-layout-flex wp-container-core-columns-is-layout-9d6595d7 wp-block-columns-is-layout-flex\">\n<div class=\"wp-block-column is-layout-flow wp-block-column-is-layout-flow\" style=\"flex-basis:100%\">\n<div class=\"wp-block-group\"><div class=\"wp-block-group__inner-container is-layout-flow wp-block-group-is-layout-flow\">\n<p class=\"has-text-align-center has-white-color has-text-color\">Se tiver alguma d\u00favida sobre o funcionamento da NeuronUP, contate-nos por chat e iremos ajud\u00e1-lo(a) o mais r\u00e1pido poss\u00edvel.<\/p>\n\n\n\n<div class=\"wp-block-buttons is-horizontal is-content-justification-center is-layout-flex wp-container-core-buttons-is-layout-499968f5 wp-block-buttons-is-layout-flex\">\n<div class=\"wp-block-button--3\" id=\"intercom_link\" style=\"--button-outline-color:var(--color-white);--button-outline-color-hover:rgba(0,0,0,0.8);\"><a class=\"wp-block-button__link button button-outline   wp-element-button\">Abrir Chat<\/a><\/div>\n\n<\/div>\n<\/div><\/div>\n<\/div>\n<\/div>\n\n\n\n<div style=\"height:80px\" aria-hidden=\"true\" class=\"wp-block-spacer\"><\/div>\n\n\n\n<div class=\"wp-block-columns is-layout-flex wp-container-core-columns-is-layout-9d6595d7 wp-block-columns-is-layout-flex\">\n<div class=\"wp-block-column is-layout-flow wp-block-column-is-layout-flow\" style=\"flex-basis:45%\">\n<div class=\"wp-block-group br-0101 has-alt-background-color has-background has-light-background has-md-padding-top has-md-padding-bottom has-md-padding-left has-md-padding-right\"><div class=\"wp-block-group__inner-container is-layout-constrained wp-block-group-is-layout-constrained\">\n<h2 class=\"wp-block-heading\">D\u00favidas sobre o funcionamento da NeuronUP<\/h2>\n\n\n\n<p>Se j\u00e1 \u00e9 cliente NeuronUP ou est\u00e1 testando a plataforma e tem alguma d\u00favida sobre a sua utiliza\u00e7\u00e3o, escreva-nos a sua quest\u00e3o:<\/p>\n<\/div><\/div>\n\n<\/div>\n\n\n\n<div class=\"wp-block-column has-alt-background-color has-background is-layout-flow wp-block-column-is-layout-flow\" style=\"flex-basis:55%\">\n<div class=\"hs-form-frame\" data-region=\"eu1\" data-form-id=\"ff90ef06-88cb-427d-baba-0d5a57f47b49\" data-portal-id=\"143501970\"><\/div>\n<\/div>\n<\/div>\n","protected":false},"excerpt":{"rendered":"<p>Central de ajuda da NeuronUP Beneficie dos manuais e v\u00eddeos que cri\u00e1mos para o(a) ajudar a tirar o m\u00e1ximo partido da plataforma. [PDF] Manuais de utilizador NeuronUP Nesta se\u00e7\u00e3o encontrar\u00e1 manuais que ir\u00e3o apoiar para tirar o m\u00e1ximo proveito do NeuronUP. [VIDEO] Forma\u00e7\u00e3o em v\u00eddeo tutoriais Nesta p\u00e1gina encontrar\u00e1 tutoriais em v\u00eddeo nos quais \u00e9 &hellip;<\/p>\n","protected":false},"author":1,"featured_media":0,"parent":0,"menu_order":0,"comment_status":"closed","ping_status":"closed","template":"","meta":{"_acf_changed":false,"_genesis_hide_title":false,"_genesis_hide_breadcrumbs":false,"_genesis_hide_singular_image":false,"_genesis_hide_footer_widgets":false,"_genesis_custom_body_class":"nup-style","_genesis_custom_post_class":"nup-style","_genesis_layout":"wide-content","footnotes":""},"class_list":{"1":"page","2":"type-page","5":"entry","6":"nup-style"},"acf":[],"_links":{"self":[{"href":"https:\/\/neuronup.com\/br\/wp-json\/wp\/v2\/pages\/34960","targetHints":{"allow":["GET"]}}],"collection":[{"href":"https:\/\/neuronup.com\/br\/wp-json\/wp\/v2\/pages"}],"about":[{"href":"https:\/\/neuronup.com\/br\/wp-json\/wp\/v2\/types\/page"}],"author":[{"embeddable":true,"href":"https:\/\/neuronup.com\/br\/wp-json\/wp\/v2\/users\/1"}],"replies":[{"embeddable":true,"href":"https:\/\/neuronup.com\/br\/wp-json\/wp\/v2\/comments?post=34960"}],"version-history":[{"count":0,"href":"https:\/\/neuronup.com\/br\/wp-json\/wp\/v2\/pages\/34960\/revisions"}],"wp:attachment":[{"href":"https:\/\/neuronup.com\/br\/wp-json\/wp\/v2\/media?parent=34960"}],"curies":[{"name":"wp","href":"https:\/\/api.w.org\/{rel}","templated":true}]}}