{"id":34613,"date":"2024-12-11T11:20:44","date_gmt":"2024-12-11T09:20:44","guid":{"rendered":"https:\/\/neuronup.com\/br\/?page_id=34613"},"modified":"2025-02-13T12:00:26","modified_gmt":"2025-02-13T10:00:26","slug":"doenca-mental","status":"publish","type":"page","link":"https:\/\/neuronup.com\/br\/neurorreabilitacao\/doenca-mental\/","title":{"rendered":"Doen\u00e7a mental"},"content":{"rendered":"\n<p class=\"has-large-font-size\">As principais <strong>doen\u00e7as mentais<\/strong>, onde se observa deterioro cognitivo s\u00e3o:<\/p>\n\n\n\n<h2 class=\"wp-block-heading\" id=\"esquizofrenia\">Esquizofrenia<\/h2>\n\n\n\n<p>A esquizofrenia \u00e9 um transtorno mental caracterizado por um dist\u00farbio complexo de personalidade, o qual produz distor\u00e7\u00f5es no pensamento, no comportamento e na percep\u00e7\u00e3o da realidade.<\/p>\n\n\n\n<h4 class=\"wp-block-heading\">Seus sintomas podem ser divididos em duas categorias:<\/h4>\n\n\n\n<p><strong>Positivo<\/strong> (refere-se a um excesso ou distor\u00e7\u00e3o das fun\u00e7\u00f5es normais): distor\u00e7\u00f5es ou exageros no que se refere ao pensamento e \u00e0 percep\u00e7\u00e3o da realidade (del\u00edrios, alucina\u00e7\u00f5es). A linguagem e a comunica\u00e7\u00e3o s\u00e3o desordenadas; e em rela\u00e7\u00e3o \u00e0 organiza\u00e7\u00e3o comportamental, o paciente pode ter um comportamento severamente desordenado ou catat\u00f4nico.<\/p>\n\n\n\n<p><strong>Negativo<\/strong> (refere-se a uma diminui\u00e7\u00e3o ou perda das fun\u00e7\u00f5es normais): restri\u00e7\u00f5es e diminui\u00e7\u00e3o da intensidade da express\u00e3o emocional (aus\u00eancia afetiva) e falta de motiva\u00e7\u00e3o. Perturba\u00e7\u00f5es na flu\u00eancia e na produtividade da linguagem espont\u00e2nea e do pensamento (alogia). Dificuldade ou incapacidade, tempor\u00e1ria ou n\u00e3o, de tomar decis\u00f5es (abulia).<\/p>\n\n\n\n<p>O perfil do comprometimento cognitivo pode ser muito diversificado, por\u00e9m se destacam os d\u00e9ficits de aten\u00e7\u00e3o, de flu\u00eancia verbal, de mem\u00f3ria de trabalho e de fun\u00e7\u00f5es executivas. A cogni\u00e7\u00e3o social tamb\u00e9m \u00e9 seriamente alterada, apresentando altera\u00e7\u00f5es principalmente na percep\u00e7\u00e3o emocional, resolu\u00e7\u00e3o de conflitos e busca de solu\u00e7\u00f5es.<\/p>\n\n\n\n<h2 class=\"wp-block-heading\" id=\"trastorno-bipolar\">Trastorno bipolar<\/h2>\n\n\n\n<p>\u00c9 caracterizada por flutua\u00e7\u00f5es no humor, destacando em uma mania extrema e no outro, depress\u00e3o. Dependendo do n\u00famero de epis\u00f3dios e de sua intensidade, esse dist\u00farbio tem v\u00e1rios tipos.<\/p>\n\n\n\n<p>Os principais sintomas da fase <strong>man\u00edaca <\/strong>s\u00e3o: distra\u00e7\u00f5es frequentes, pouca necessidade de sono, falta de discernimento, controle inadequado do temperamento, comportamento imprudente, falta de autocontrole, comprometimento exagerado com as atividades, agita\u00e7\u00e3o, irrita\u00e7\u00e3o exagerada, etc.<\/p>\n\n\n\n<p>Os principais sintomas da fase <strong>depressiva <\/strong>s\u00e3o: tristeza ou mau humor diariamente, dificuldade para se concentrar, lembrar ou tomar decis\u00f5es, problemas com alimenta\u00e7\u00e3o, fadiga ou relut\u00e2ncia, sensa\u00e7\u00e3o de incapacidade, desesperan\u00e7a ou culpa, perda de interesse em atividades previamente prazerosas, perda da autoestima, pensamentos de morte e suic\u00eddio, dificuldade para dormir ou dormir demais, afastar-se dos amigos e familiares ou de atividades que antes era de sua prefer\u00eancia.<\/p>\n\n\n\n<p>Os d\u00e9ficits cognitivos n\u00e3o est\u00e3o presentes em todos os casos de bipolaridade, por\u00e9m, nos casos em que est\u00e3o presentes, estes s\u00e3o evidentes desde o primeiro epis\u00f3dio da doen\u00e7a. Os sintomas pioram antes da repeti\u00e7\u00e3o dos epis\u00f3dios e s\u00e3o significativos em compara\u00e7\u00e3o ao observado em indiv\u00edduos saud\u00e1veis. As principais \u00e1reas afetadas em pacientes bipolares s\u00e3o: a aten\u00e7\u00e3o, concentra\u00e7\u00e3o, aprendizado verbal, mem\u00f3ria, funcionamento executivo (pensamento abstrato e solu\u00e7\u00e3o de problemas), etc. Especificamente durante epis\u00f3dios man\u00edacos, tamb\u00e9m se observa impulsividade e diminui\u00e7\u00e3o da inibi\u00e7\u00e3o.<\/p>\n\n\n\n<h3 class=\"wp-block-heading\">Artigos sobre doen\u00e7a mental:<\/h3>\n\n\n<div class=\"mai-grid entries entries-grid has-boxed has-image-full\" style=\"--entry-title-font-size:var(--font-size-lg);--align-text:start;--entry-meta-text-align:start;\"><div class=\"entries-wrap has-columns\" style=\"--columns-xs:1\/1;--columns-sm:1\/1;--columns-md:1\/3;--columns-lg:1\/3;--flex-xs:0 0 var(--flex-basis);--flex-sm:0 0 var(--flex-basis);--flex-md:0 0 var(--flex-basis);--flex-lg:0 0 var(--flex-basis);--column-gap:var(--spacing-lg);--row-gap:var(--spacing-lg);--align-columns:start;\"><article class=\"entry entry-grid is-column has-entry-link has-image has-image-first type-post category-esquizofrenia tag-cognicao-social tag-esquizofrenia tag-psicologia\" style=\"--entry-index:1;\" aria-label=\"Tratamento Cognitivo na Esquizofrenia: Programas para melhorar a percep\u00e7\u00e3o social e o reconhecimento emocional\" itemscope itemtype=\"https:\/\/schema.org\/CreativeWork\"><a class=\"entry-image-link\" href=\"https:\/\/neuronup.com\/br\/noticias-de-estimulacao-cognitiva\/doenca-mental\/esquizofrenia\/tratamento-cognitivo-na-esquizofrenia-melhorar-a-percepcao-social-e-o-reconhecimento-emocional\/\" tabindex=\"-1\" aria-hidden=\"true\"><img decoding=\"async\" width=\"400\" height=\"267\" src=\"https:\/\/neuronup.com\/br\/wp-content\/uploads\/2024\/10\/tratamiento-de-la-cognicion-social-en-esquizofrenia.webp\" class=\"entry-image size-landscape-sm\" alt=\"Mulher serena com olhos fechados, cabe\u00e7a levemente inclinada, cercada por m\u00e3os que tocam cabe\u00e7a e rosto, ilumina\u00e7\u00e3o suave.\" srcset=\"https:\/\/neuronup.com\/br\/wp-content\/uploads\/2024\/10\/tratamiento-de-la-cognicion-social-en-esquizofrenia-300x200.webp 300w, https:\/\/neuronup.com\/br\/wp-content\/uploads\/2024\/10\/tratamiento-de-la-cognicion-social-en-esquizofrenia-768x512.webp 768w, https:\/\/neuronup.com\/br\/wp-content\/uploads\/2024\/10\/tratamiento-de-la-cognicion-social-en-esquizofrenia-1024x683.webp 1024w, https:\/\/neuronup.com\/br\/wp-content\/uploads\/2024\/10\/tratamiento-de-la-cognicion-social-en-esquizofrenia.webp 1200w\" sizes=\"(max-width:599px) 599px, (min-width:600px) and (max-width: 799px) 799px, (min-width:800px) and (max-width: 999px) 333px, (min-width:1000px) 400px\" \/><\/a><div class=\"entry-wrap entry-wrap-grid\"><h3 class=\"entry-title\" itemprop=\"headline\"><a class=\"entry-title-link\" href=\"https:\/\/neuronup.com\/br\/noticias-de-estimulacao-cognitiva\/doenca-mental\/esquizofrenia\/tratamento-cognitivo-na-esquizofrenia-melhorar-a-percepcao-social-e-o-reconhecimento-emocional\/\" rel=\"bookmark\">Tratamento Cognitivo na Esquizofrenia: Programas para melhorar a percep\u00e7\u00e3o social e o reconhecimento emocional<\/a><\/h3>\n<\/div><\/article><article class=\"entry entry-grid is-column has-entry-link has-image has-image-first type-post category-esquizofrenia tag-cognicao-social tag-esquizofrenia tag-saude-mental\" style=\"--entry-index:2;\" aria-label=\"Estrat\u00e9gias e Terapias para d\u00e9ficits na cogni\u00e7\u00e3o social na esquizofrenia\" itemscope itemtype=\"https:\/\/schema.org\/CreativeWork\"><a class=\"entry-image-link\" href=\"https:\/\/neuronup.com\/br\/noticias-de-estimulacao-cognitiva\/doenca-mental\/esquizofrenia\/estrategias-e-terapias-para-deficits-em-cognicao-social-na-esquizofrenia\/\" tabindex=\"-1\" aria-hidden=\"true\"><img decoding=\"async\" width=\"400\" height=\"267\" src=\"https:\/\/neuronup.com\/br\/wp-content\/uploads\/2023\/11\/hombre-esquizofrenia.webp\" class=\"entry-image size-landscape-sm\" alt=\"Homem careca em movimento r\u00e1pido com a boca aberta; a imagem desfocada ao redor transmite express\u00e3o intensa.\" srcset=\"https:\/\/neuronup.com\/br\/wp-content\/uploads\/2023\/11\/hombre-esquizofrenia-300x200.webp 300w, https:\/\/neuronup.com\/br\/wp-content\/uploads\/2023\/11\/hombre-esquizofrenia-768x512.webp 768w, https:\/\/neuronup.com\/br\/wp-content\/uploads\/2023\/11\/hombre-esquizofrenia-1024x683.webp 1024w, https:\/\/neuronup.com\/br\/wp-content\/uploads\/2023\/11\/hombre-esquizofrenia.webp 1200w\" sizes=\"(max-width:599px) 599px, (min-width:600px) and (max-width: 799px) 799px, (min-width:800px) and (max-width: 999px) 333px, (min-width:1000px) 400px\" \/><\/a><div class=\"entry-wrap entry-wrap-grid\"><h3 class=\"entry-title\" itemprop=\"headline\"><a class=\"entry-title-link\" href=\"https:\/\/neuronup.com\/br\/noticias-de-estimulacao-cognitiva\/doenca-mental\/esquizofrenia\/estrategias-e-terapias-para-deficits-em-cognicao-social-na-esquizofrenia\/\" rel=\"bookmark\">Estrat\u00e9gias e Terapias para d\u00e9ficits na cogni\u00e7\u00e3o social na esquizofrenia<\/a><\/h3>\n<\/div><\/article><article class=\"entry entry-grid is-column has-entry-link has-image has-image-first type-post category-esquizofrenia tag-esquizofrenia\" style=\"--entry-index:3;\" aria-label=\"Estilo atribucional na esquizofrenia\" itemscope itemtype=\"https:\/\/schema.org\/CreativeWork\"><a class=\"entry-image-link\" href=\"https:\/\/neuronup.com\/br\/noticias-de-estimulacao-cognitiva\/doenca-mental\/esquizofrenia\/estilo-atribucional-na-esquizofrenia\/\" tabindex=\"-1\" aria-hidden=\"true\"><img decoding=\"async\" width=\"400\" height=\"267\" src=\"https:\/\/neuronup.com\/br\/wp-content\/uploads\/2024\/10\/estilo-atribucional-esquizofrenia.webp\" class=\"entry-image size-landscape-sm\" alt=\"Homem com cabe\u00e7a raspada em fundo escuro, olhando para a c\u00e2mera; m\u00e3os \u00e0 frente do rosto com movimento borrado, sugerindo dinamismo.\" srcset=\"https:\/\/neuronup.com\/br\/wp-content\/uploads\/2024\/10\/estilo-atribucional-esquizofrenia-300x200.webp 300w, https:\/\/neuronup.com\/br\/wp-content\/uploads\/2024\/10\/estilo-atribucional-esquizofrenia-768x512.webp 768w, https:\/\/neuronup.com\/br\/wp-content\/uploads\/2024\/10\/estilo-atribucional-esquizofrenia-1024x683.webp 1024w, https:\/\/neuronup.com\/br\/wp-content\/uploads\/2024\/10\/estilo-atribucional-esquizofrenia.webp 1200w\" sizes=\"(max-width:599px) 599px, (min-width:600px) and (max-width: 799px) 799px, (min-width:800px) and (max-width: 999px) 333px, (min-width:1000px) 400px\" \/><\/a><div class=\"entry-wrap entry-wrap-grid\"><h3 class=\"entry-title\" itemprop=\"headline\"><a class=\"entry-title-link\" href=\"https:\/\/neuronup.com\/br\/noticias-de-estimulacao-cognitiva\/doenca-mental\/esquizofrenia\/estilo-atribucional-na-esquizofrenia\/\" rel=\"bookmark\">Estilo atribucional na esquizofrenia<\/a><\/h3>\n<\/div><\/article><article class=\"entry entry-grid is-column has-entry-link has-image has-image-first type-post category-esquizofrenia tag-esquizofrenia\" style=\"--entry-index:4;\" aria-label=\"Esquizofrenia e neurorreabilita\u00e7\u00e3o\" itemscope itemtype=\"https:\/\/schema.org\/CreativeWork\"><a class=\"entry-image-link\" href=\"https:\/\/neuronup.com\/br\/noticias-de-estimulacao-cognitiva\/doenca-mental\/esquizofrenia\/esquizofrenia-e-neurorreabilitacao\/\" tabindex=\"-1\" aria-hidden=\"true\"><img decoding=\"async\" width=\"400\" height=\"267\" src=\"https:\/\/neuronup.com\/br\/wp-content\/uploads\/2024\/10\/esquizofrenia-y-neurorrehabilitacion.webp\" class=\"entry-image size-landscape-sm\" alt=\"Duas pessoas em consult\u00f3rio: mulher com bloco de notas de costas, jovem com express\u00e3o preocupada; plantas ao fundo.\" srcset=\"https:\/\/neuronup.com\/br\/wp-content\/uploads\/2024\/10\/esquizofrenia-y-neurorrehabilitacion-300x200.webp 300w, https:\/\/neuronup.com\/br\/wp-content\/uploads\/2024\/10\/esquizofrenia-y-neurorrehabilitacion-768x512.webp 768w, https:\/\/neuronup.com\/br\/wp-content\/uploads\/2024\/10\/esquizofrenia-y-neurorrehabilitacion-1024x683.webp 1024w, https:\/\/neuronup.com\/br\/wp-content\/uploads\/2024\/10\/esquizofrenia-y-neurorrehabilitacion.webp 1200w\" sizes=\"(max-width:599px) 599px, (min-width:600px) and (max-width: 799px) 799px, (min-width:800px) and (max-width: 999px) 333px, (min-width:1000px) 400px\" \/><\/a><div class=\"entry-wrap entry-wrap-grid\"><h3 class=\"entry-title\" itemprop=\"headline\"><a class=\"entry-title-link\" href=\"https:\/\/neuronup.com\/br\/noticias-de-estimulacao-cognitiva\/doenca-mental\/esquizofrenia\/esquizofrenia-e-neurorreabilitacao\/\" rel=\"bookmark\">Esquizofrenia e neurorreabilita\u00e7\u00e3o<\/a><\/h3>\n<\/div><\/article><article class=\"entry entry-grid is-column has-entry-link has-image has-image-first type-post category-esquizofrenia tag-avaliacao-neuropsicologica tag-esquizofrenia tag-psicologia\" style=\"--entry-index:5;\" aria-label=\"Percep\u00e7\u00e3o social na esquizofrenia\" itemscope itemtype=\"https:\/\/schema.org\/CreativeWork\"><a class=\"entry-image-link\" href=\"https:\/\/neuronup.com\/br\/noticias-de-estimulacao-cognitiva\/doenca-mental\/esquizofrenia\/percepcao-social-e-esquizofrenia\/\" tabindex=\"-1\" aria-hidden=\"true\"><img decoding=\"async\" width=\"400\" height=\"267\" src=\"https:\/\/neuronup.com\/br\/wp-content\/uploads\/2024\/10\/Percepcion-social-y-conocimiento-social-en-esquizofrenia.webp\" class=\"entry-image size-landscape-sm\" alt=\"Homem com \u00f3culos e su\u00e9ter cobre o rosto com as m\u00e3os em ambiente interno, sala de estar aconchegante com m\u00f3veis.\" srcset=\"https:\/\/neuronup.com\/br\/wp-content\/uploads\/2024\/10\/Percepcion-social-y-conocimiento-social-en-esquizofrenia-300x200.webp 300w, https:\/\/neuronup.com\/br\/wp-content\/uploads\/2024\/10\/Percepcion-social-y-conocimiento-social-en-esquizofrenia-768x512.webp 768w, https:\/\/neuronup.com\/br\/wp-content\/uploads\/2024\/10\/Percepcion-social-y-conocimiento-social-en-esquizofrenia-1024x683.webp 1024w, https:\/\/neuronup.com\/br\/wp-content\/uploads\/2024\/10\/Percepcion-social-y-conocimiento-social-en-esquizofrenia.webp 1200w\" sizes=\"(max-width:599px) 599px, (min-width:600px) and (max-width: 799px) 799px, (min-width:800px) and (max-width: 999px) 333px, (min-width:1000px) 400px\" \/><\/a><div class=\"entry-wrap entry-wrap-grid\"><h3 class=\"entry-title\" itemprop=\"headline\"><a class=\"entry-title-link\" href=\"https:\/\/neuronup.com\/br\/noticias-de-estimulacao-cognitiva\/doenca-mental\/esquizofrenia\/percepcao-social-e-esquizofrenia\/\" rel=\"bookmark\">Percep\u00e7\u00e3o social na esquizofrenia<\/a><\/h3>\n<\/div><\/article><article class=\"entry entry-grid is-column has-entry-link has-image has-image-first type-post category-esquizofrenia tag-esquizofrenia tag-psicologia\" style=\"--entry-index:6;\" aria-label=\"Teoria da mente na esquizofrenia\" itemscope itemtype=\"https:\/\/schema.org\/CreativeWork\"><a class=\"entry-image-link\" href=\"https:\/\/neuronup.com\/br\/noticias-de-estimulacao-cognitiva\/doenca-mental\/esquizofrenia\/teoria-da-mente-e-esquizofrenia\/\" tabindex=\"-1\" aria-hidden=\"true\"><img decoding=\"async\" width=\"400\" height=\"225\" src=\"https:\/\/neuronup.com\/br\/wp-content\/uploads\/2024\/10\/Teoria-de-la-mente-en-la-esquizofrenia.webp\" class=\"entry-image size-landscape-sm\" alt=\"Homem de cabelo escuro e barba aponta para mulher de coque castanho, faixa amarela, em camiseta branca; fundo cinza.\" srcset=\"https:\/\/neuronup.com\/br\/wp-content\/uploads\/2024\/10\/Teoria-de-la-mente-en-la-esquizofrenia-300x169.webp 300w, https:\/\/neuronup.com\/br\/wp-content\/uploads\/2024\/10\/Teoria-de-la-mente-en-la-esquizofrenia-768x432.webp 768w, https:\/\/neuronup.com\/br\/wp-content\/uploads\/2024\/10\/Teoria-de-la-mente-en-la-esquizofrenia-1024x576.webp 1024w, https:\/\/neuronup.com\/br\/wp-content\/uploads\/2024\/10\/Teoria-de-la-mente-en-la-esquizofrenia.webp 1200w\" sizes=\"(max-width:599px) 599px, (min-width:600px) and (max-width: 799px) 799px, (min-width:800px) and (max-width: 999px) 333px, (min-width:1000px) 400px\" \/><\/a><div class=\"entry-wrap entry-wrap-grid\"><h3 class=\"entry-title\" itemprop=\"headline\"><a class=\"entry-title-link\" href=\"https:\/\/neuronup.com\/br\/noticias-de-estimulacao-cognitiva\/doenca-mental\/esquizofrenia\/teoria-da-mente-e-esquizofrenia\/\" rel=\"bookmark\">Teoria da mente na esquizofrenia<\/a><\/h3>\n<\/div><\/article><\/div><\/div>","protected":false},"excerpt":{"rendered":"<p>As principais doen\u00e7as mentais, onde se observa deterioro cognitivo s\u00e3o: Esquizofrenia A esquizofrenia \u00e9 um transtorno mental caracterizado por um dist\u00farbio complexo de personalidade, o qual produz distor\u00e7\u00f5es no pensamento, no comportamento e na percep\u00e7\u00e3o da realidade. Seus sintomas podem ser divididos em duas categorias: Positivo (refere-se a um excesso ou distor\u00e7\u00e3o das fun\u00e7\u00f5es normais): &hellip;<\/p>\n","protected":false},"author":1,"featured_media":34614,"parent":32426,"menu_order":0,"comment_status":"closed","ping_status":"closed","template":"","meta":{"_acf_changed":false,"_genesis_hide_title":false,"_genesis_hide_breadcrumbs":false,"_genesis_hide_singular_image":false,"_genesis_hide_footer_widgets":false,"_genesis_custom_body_class":"nup-style neurorehab","_genesis_custom_post_class":"","_genesis_layout":"","footnotes":""},"class_list":{"1":"page","2":"type-page","6":"entry"},"acf":[],"_links":{"self":[{"href":"https:\/\/neuronup.com\/br\/wp-json\/wp\/v2\/pages\/34613","targetHints":{"allow":["GET"]}}],"collection":[{"href":"https:\/\/neuronup.com\/br\/wp-json\/wp\/v2\/pages"}],"about":[{"href":"https:\/\/neuronup.com\/br\/wp-json\/wp\/v2\/types\/page"}],"author":[{"embeddable":true,"href":"https:\/\/neuronup.com\/br\/wp-json\/wp\/v2\/users\/1"}],"replies":[{"embeddable":true,"href":"https:\/\/neuronup.com\/br\/wp-json\/wp\/v2\/comments?post=34613"}],"version-history":[{"count":0,"href":"https:\/\/neuronup.com\/br\/wp-json\/wp\/v2\/pages\/34613\/revisions"}],"up":[{"embeddable":true,"href":"https:\/\/neuronup.com\/br\/wp-json\/wp\/v2\/pages\/32426"}],"wp:featuredmedia":[{"embeddable":true,"href":"https:\/\/neuronup.com\/br\/wp-json\/wp\/v2\/media\/34614"}],"wp:attachment":[{"href":"https:\/\/neuronup.com\/br\/wp-json\/wp\/v2\/media?parent=34613"}],"curies":[{"name":"wp","href":"https:\/\/api.w.org\/{rel}","templated":true}]}}