{"id":34607,"date":"2024-12-11T11:11:44","date_gmt":"2024-12-11T09:11:44","guid":{"rendered":"https:\/\/neuronup.com\/br\/?page_id=34607"},"modified":"2026-01-26T18:25:48","modified_gmt":"2026-01-26T16:25:48","slug":"sindrome-de-down","status":"publish","type":"page","link":"https:\/\/neuronup.com\/br\/neurorreabilitacao\/deficiencia-intelectual\/sindrome-de-down\/","title":{"rendered":"S\u00edndrome de Down"},"content":{"rendered":"\n<p>Em todo o mundo, estima-se que existam cerca de <strong>4 a 5 milh\u00f5es de pessoas<\/strong> com s\u00edndrome de Down.<\/p>\n\n\n\n<p>A s\u00edndrome afeta diferentes aspectos do desenvolvimento da crian\u00e7a desde o est\u00e1gio pr\u00e9-natal, quando a m\u00e3e <strong>pode detectar a s\u00edndrome de Down<\/strong> nos resultados de alguns exames.<\/p>\n\n\n<div class=\"wp-block-image\">\n<figure class=\"aligncenter size-full\"><img decoding=\"async\" width=\"768\" height=\"768\" src=\"https:\/\/neuronup.com\/br\/wp-content\/uploads\/2024\/12\/Sintomas-relacionados-com-a-Sindrome-de-Down.webp\" alt=\"Ilustra\u00e7\u00e3o de menino sorridente caminhando, com quatro setas mostrando sintomas da S\u00edndrome de Down.\" class=\"wp-image-34608\" srcset=\"https:\/\/neuronup.com\/br\/wp-content\/uploads\/2024\/12\/Sintomas-relacionados-com-a-Sindrome-de-Down-24x24.webp 24w, https:\/\/neuronup.com\/br\/wp-content\/uploads\/2024\/12\/Sintomas-relacionados-com-a-Sindrome-de-Down-48x48.webp 48w, https:\/\/neuronup.com\/br\/wp-content\/uploads\/2024\/12\/Sintomas-relacionados-com-a-Sindrome-de-Down-80x80.webp 80w, https:\/\/neuronup.com\/br\/wp-content\/uploads\/2024\/12\/Sintomas-relacionados-com-a-Sindrome-de-Down-96x96.webp 96w, https:\/\/neuronup.com\/br\/wp-content\/uploads\/2024\/12\/Sintomas-relacionados-com-a-Sindrome-de-Down-150x150.webp 150w, https:\/\/neuronup.com\/br\/wp-content\/uploads\/2024\/12\/Sintomas-relacionados-com-a-Sindrome-de-Down-300x300.webp 300w, https:\/\/neuronup.com\/br\/wp-content\/uploads\/2024\/12\/Sintomas-relacionados-com-a-Sindrome-de-Down.webp 768w\" sizes=\"(max-width: 768px) 100vw, 768px\" \/><\/figure>\n<\/div>\n\n\n<p>As altera\u00e7\u00f5es cognitivas dessa s\u00edndrome <strong>afetam \u00e1reas do desenvolvimento, como linguagem e comunica\u00e7\u00e3o, compreens\u00e3o e mem\u00f3ria.<\/strong><\/p>\n\n\n\n<p>H\u00e1 tamb\u00e9m efeitos sobre a <strong>sa\u00fade f\u00edsica<\/strong>, como <strong>hipertonia mais percept\u00edvel e problemas gastrointestinais e card\u00edacos<\/strong> ao longo da vida.<\/p>\n\n\n\n<p>O tratamento para pessoas com s\u00edndrome de Down \u00e9 uma combina\u00e7\u00e3o de terapias, medicamentos e outros cuidados. Isso inclui:<\/p>\n\n\n\n<ul class=\"wp-block-list\">\n<li>Fisioterapia,<\/li>\n\n\n\n<li>terapia ocupacional,<\/li>\n\n\n\n<li>fonoaudiologia,<\/li>\n\n\n\n<li>terapia psicol\u00f3gica para melhorar o funcionamento cognitivo,<\/li>\n\n\n\n<li>monitoramento m\u00e9dico especializado para evitar complica\u00e7\u00f5es de sa\u00fade.<\/li>\n<\/ul>\n\n\n\n<p>Atualmente, n\u00e3o h\u00e1 cura para a s\u00edndrome de <strong>Down<\/strong>, mas a <strong>interven\u00e7\u00e3o precoce e adequada, adaptada \u00e0s necessidades de cada crian\u00e7a<\/strong>, pode ajud\u00e1-la a atingir seu n\u00edvel m\u00e1ximo de funcionamento. O apoio da fam\u00edlia e da escola tamb\u00e9m \u00e9 essencial para que as pessoas com s\u00edndrome de Down tenham a melhor qualidade de vida e desenvolvimento poss\u00edvel.<\/p>\n\n\n\n<ul class=\"wp-block-list has-sm-font-size\">\n<li>Jain, S., &amp; Thakur, A. K. (2017). Syndrome of Down. International Journal of Advanced Medical Research &amp; Clinical Science., 5(2), 1971-1973.<\/li>\n\n\n\n<li>Coleman, M., Boucher, J., &amp; Grimwood, K. (2013). An Overview of Down Syndrome. Frontiers in Pediatrics, 1, 81.<\/li>\n\n\n\n<li>Glasson, E., Fitzpatrick, E., &amp; Howard-Peebles, P. (2019). Down Syndrome. The Lancet, 394(10210), 1517-1527.<\/li>\n\n\n\n<li>Turner, S. J. (2017). Treatment of Down Syndrome: Strategies for Supporting Early Development and Maximizing Quality of Life. The Scientist, 31(8), 16.<\/li>\n\n\n\n<li>Devenny, S., Fee, C., &amp; Layte, R. (2008). The Care Needs of Children with Down Syndrome: Perspectives of Carers and Professionals. Developmental Medicine &amp; Child Neurology, 50(3), 199-205.<\/li>\n<\/ul>\n\n\n\n<h3 class=\"wp-block-heading\">Artigos relacionados \u00e0 s\u00edndrome de Down<\/h3>\n\n\n<div class=\"mai-grid entries entries-grid has-boxed has-image-full\" style=\"--entry-title-font-size:var(--font-size-lg);--align-text:start;--entry-meta-text-align:start;\"><div class=\"entries-wrap has-columns\" style=\"--columns-xs:1\/1;--columns-sm:1\/1;--columns-md:1\/3;--columns-lg:1\/3;--flex-xs:0 0 var(--flex-basis);--flex-sm:0 0 var(--flex-basis);--flex-md:0 0 var(--flex-basis);--flex-lg:0 0 var(--flex-basis);--column-gap:var(--spacing-lg);--row-gap:var(--spacing-lg);--align-columns:start;\"><article class=\"entry entry-grid is-column has-entry-link has-image has-image-first type-post category-sindrome-de-down tag-deficiencia-intelectual tag-sindrome-de-down\" style=\"--entry-index:1;\" aria-label=\"S\u00edndrome de Down: o que \u00e9, n\u00fameros, mitos e verdades\" itemscope itemtype=\"https:\/\/schema.org\/CreativeWork\"><a class=\"entry-image-link\" href=\"https:\/\/neuronup.com\/br\/noticias-de-estimulacao-cognitiva\/deficiencia-intelectual\/sindrome-de-down\/sindrome-de-down-o-que-e-cifras-mitos-e-verdades\/\" tabindex=\"-1\" aria-hidden=\"true\"><img decoding=\"async\" width=\"400\" height=\"267\" src=\"https:\/\/neuronup.com\/br\/wp-content\/uploads\/2022\/02\/people-with-down-syndrome-cute-bonding-WMX5BHK-655x437-1-1-1.webp\" class=\"entry-image size-landscape-sm\" alt=\"Homem e menina sentados em tronco de \u00e1rvore no parque, sorrindo juntos, ambiente natural com \u00e1rvores e grama.\" srcset=\"https:\/\/neuronup.com\/br\/wp-content\/uploads\/2022\/02\/people-with-down-syndrome-cute-bonding-WMX5BHK-655x437-1-1-1-300x200.webp 300w, https:\/\/neuronup.com\/br\/wp-content\/uploads\/2022\/02\/people-with-down-syndrome-cute-bonding-WMX5BHK-655x437-1-1-1.webp 767w\" sizes=\"(max-width:599px) 599px, (min-width:600px) and (max-width: 799px) 799px, (min-width:800px) and (max-width: 999px) 333px, (min-width:1000px) 400px\" \/><\/a><div class=\"entry-wrap entry-wrap-grid\"><h3 class=\"entry-title\" itemprop=\"headline\"><a class=\"entry-title-link\" href=\"https:\/\/neuronup.com\/br\/noticias-de-estimulacao-cognitiva\/deficiencia-intelectual\/sindrome-de-down\/sindrome-de-down-o-que-e-cifras-mitos-e-verdades\/\" rel=\"bookmark\">S\u00edndrome de Down: o que \u00e9, n\u00fameros, mitos e verdades<\/a><\/h3>\n<\/div><\/article><article class=\"entry entry-grid is-column has-entry-link has-image has-image-first type-post category-sindrome-de-down tag-deficiencia-intelectual tag-depoimentos tag-sindrome-de-down\" style=\"--entry-index:2;\" aria-label=\"Trabalho com pessoas com s\u00edndrome de Down por grupos et\u00e1rios\" itemscope itemtype=\"https:\/\/schema.org\/CreativeWork\"><a class=\"entry-image-link\" href=\"https:\/\/neuronup.com\/br\/noticias-de-estimulacao-cognitiva\/deficiencia-intelectual\/sindrome-de-down\/trabalho-com-pessoas-com-sindrome-de-down-por-grupos-etarios\/\" tabindex=\"-1\" aria-hidden=\"true\"><img decoding=\"async\" width=\"400\" height=\"300\" src=\"https:\/\/neuronup.com\/br\/wp-content\/uploads\/2024\/12\/Trabalho-com-pessoas-com-sindrome-de-Down-por-grupos-etarios-400x300.webp\" class=\"entry-image size-landscape-sm\" alt=\"Menino sorridente com tablet em sala de aula, exibindo a mensagem &#039;N\u00e3o pode ser feito&#039;; outro estudante concentrado.\" srcset=\"https:\/\/neuronup.com\/br\/wp-content\/uploads\/2024\/12\/Trabalho-com-pessoas-com-sindrome-de-Down-por-grupos-etarios-300x225.webp 300w, https:\/\/neuronup.com\/br\/wp-content\/uploads\/2024\/12\/Trabalho-com-pessoas-com-sindrome-de-Down-por-grupos-etarios-400x300.webp 400w, https:\/\/neuronup.com\/br\/wp-content\/uploads\/2024\/12\/Trabalho-com-pessoas-com-sindrome-de-Down-por-grupos-etarios-768x576.webp 768w, https:\/\/neuronup.com\/br\/wp-content\/uploads\/2024\/12\/Trabalho-com-pessoas-com-sindrome-de-Down-por-grupos-etarios-800x600.webp 800w, https:\/\/neuronup.com\/br\/wp-content\/uploads\/2024\/12\/Trabalho-com-pessoas-com-sindrome-de-Down-por-grupos-etarios-1024x768.webp 1024w, https:\/\/neuronup.com\/br\/wp-content\/uploads\/2024\/12\/Trabalho-com-pessoas-com-sindrome-de-Down-por-grupos-etarios.webp 1200w\" sizes=\"(max-width:599px) 599px, (min-width:600px) and (max-width: 799px) 799px, (min-width:800px) and (max-width: 999px) 333px, (min-width:1000px) 400px\" \/><\/a><div class=\"entry-wrap entry-wrap-grid\"><h3 class=\"entry-title\" itemprop=\"headline\"><a class=\"entry-title-link\" href=\"https:\/\/neuronup.com\/br\/noticias-de-estimulacao-cognitiva\/deficiencia-intelectual\/sindrome-de-down\/trabalho-com-pessoas-com-sindrome-de-down-por-grupos-etarios\/\" rel=\"bookmark\">Trabalho com pessoas com s\u00edndrome de Down por grupos et\u00e1rios<\/a><\/h3>\n<\/div><\/article><article class=\"entry entry-grid is-column has-entry-link has-image has-image-first type-post category-sindrome-de-down tag-atividades-de-estimulacao-cognitiva tag-deficiencia-intelectual tag-depoimentos tag-sindrome-de-down\" style=\"--entry-index:3;\" aria-label=\"Atividades para pessoas com s\u00edndrome de Down\" itemscope itemtype=\"https:\/\/schema.org\/CreativeWork\"><a class=\"entry-image-link\" href=\"https:\/\/neuronup.com\/br\/noticias-de-estimulacao-cognitiva\/deficiencia-intelectual\/sindrome-de-down\/atividades-para-pessoas-com-sindrome-de-down\/\" tabindex=\"-1\" aria-hidden=\"true\"><img decoding=\"async\" width=\"400\" height=\"300\" src=\"https:\/\/neuronup.com\/br\/wp-content\/uploads\/2024\/12\/Atividades-multidisciplinares-para-sindrome-de-down-400x300.webp\" class=\"entry-image size-landscape-sm\" alt=\"Menina sorridente diante de um computador em sala educativa, concentrada em um jogo com imagens, usando blusa vermelha e la\u00e7o.\" srcset=\"https:\/\/neuronup.com\/br\/wp-content\/uploads\/2024\/12\/Atividades-multidisciplinares-para-sindrome-de-down-400x300.webp 400w, https:\/\/neuronup.com\/br\/wp-content\/uploads\/2024\/12\/Atividades-multidisciplinares-para-sindrome-de-down-800x600.webp 800w\" sizes=\"(max-width:599px) 599px, (min-width:600px) and (max-width: 799px) 799px, (min-width:800px) and (max-width: 999px) 333px, (min-width:1000px) 400px\" \/><\/a><div class=\"entry-wrap entry-wrap-grid\"><h3 class=\"entry-title\" itemprop=\"headline\"><a class=\"entry-title-link\" href=\"https:\/\/neuronup.com\/br\/noticias-de-estimulacao-cognitiva\/deficiencia-intelectual\/sindrome-de-down\/atividades-para-pessoas-com-sindrome-de-down\/\" rel=\"bookmark\">Atividades para pessoas com s\u00edndrome de Down<\/a><\/h3>\n<\/div><\/article><article class=\"entry entry-grid is-column has-entry-link has-image has-image-first type-post category-sindrome-de-down tag-deficiencia-intelectual tag-depoimentos tag-estimulacao-cognitiva tag-sindrome-de-down\" style=\"--entry-index:4;\" aria-label=\"Como funciona uma Funda\u00e7\u00e3o de S\u00edndrome de Down?\" itemscope itemtype=\"https:\/\/schema.org\/CreativeWork\"><a class=\"entry-image-link\" href=\"https:\/\/neuronup.com\/br\/noticias-de-estimulacao-cognitiva\/deficiencia-intelectual\/sindrome-de-down\/como-funciona-uma-fundacao-de-sindrome-de-down\/\" tabindex=\"-1\" aria-hidden=\"true\"><img decoding=\"async\" width=\"400\" height=\"300\" src=\"https:\/\/neuronup.com\/br\/wp-content\/uploads\/2024\/12\/Treino-cognitivo-para-jovens-com-sindrome-de-down-400x300.webp\" class=\"entry-image size-landscape-sm\" alt=\"Tr\u00eas pessoas em uma mesa observando tablets; dois homens \u00e0 esquerda e centro, uma mulher \u00e0 direita, em espa\u00e7o de trabalho com arm\u00e1rios.\" srcset=\"https:\/\/neuronup.com\/br\/wp-content\/uploads\/2024\/12\/Treino-cognitivo-para-jovens-com-sindrome-de-down-400x300.webp 400w, https:\/\/neuronup.com\/br\/wp-content\/uploads\/2024\/12\/Treino-cognitivo-para-jovens-com-sindrome-de-down-800x600.webp 800w, https:\/\/neuronup.com\/br\/wp-content\/uploads\/2024\/12\/Treino-cognitivo-para-jovens-com-sindrome-de-down-1200x900.webp 1200w\" sizes=\"(max-width:599px) 599px, (min-width:600px) and (max-width: 799px) 799px, (min-width:800px) and (max-width: 999px) 333px, (min-width:1000px) 400px\" \/><\/a><div class=\"entry-wrap entry-wrap-grid\"><h3 class=\"entry-title\" itemprop=\"headline\"><a class=\"entry-title-link\" href=\"https:\/\/neuronup.com\/br\/noticias-de-estimulacao-cognitiva\/deficiencia-intelectual\/sindrome-de-down\/como-funciona-uma-fundacao-de-sindrome-de-down\/\" rel=\"bookmark\">Como funciona uma Funda\u00e7\u00e3o de S\u00edndrome de Down?<\/a><\/h3>\n<\/div><\/article><article class=\"entry entry-grid is-column has-entry-link has-image has-image-first type-post category-sindrome-de-down tag-deficiencia-intelectual tag-depoimentos tag-sindrome-de-down\" style=\"--entry-index:5;\" aria-label=\"A s\u00edndrome de Down contada pela associa\u00e7\u00e3o Down Las Palmas\" itemscope itemtype=\"https:\/\/schema.org\/CreativeWork\"><a class=\"entry-image-link\" href=\"https:\/\/neuronup.com\/br\/noticias-de-estimulacao-cognitiva\/deficiencia-intelectual\/sindrome-de-down\/a-sindrome-de-down-contada-pela-associacao-down-las-palmas\/\" tabindex=\"-1\" aria-hidden=\"true\"><img decoding=\"async\" width=\"400\" height=\"300\" src=\"https:\/\/neuronup.com\/br\/wp-content\/uploads\/2024\/12\/Cuidados-cognitivos-sindrome-de-down-400x300.webp\" class=\"entry-image size-landscape-sm\" alt=\"Grupo de pessoas em cozinha com aventais e toucas de chef celebra diante de mesas com pratos, utens\u00edlios e ilumina\u00e7\u00e3o moderna.\" srcset=\"https:\/\/neuronup.com\/br\/wp-content\/uploads\/2024\/12\/Cuidados-cognitivos-sindrome-de-down-300x225.webp 300w, https:\/\/neuronup.com\/br\/wp-content\/uploads\/2024\/12\/Cuidados-cognitivos-sindrome-de-down-400x300.webp 400w, https:\/\/neuronup.com\/br\/wp-content\/uploads\/2024\/12\/Cuidados-cognitivos-sindrome-de-down-768x576.webp 768w, https:\/\/neuronup.com\/br\/wp-content\/uploads\/2024\/12\/Cuidados-cognitivos-sindrome-de-down-800x600.webp 800w, https:\/\/neuronup.com\/br\/wp-content\/uploads\/2024\/12\/Cuidados-cognitivos-sindrome-de-down-1024x768.webp 1024w, https:\/\/neuronup.com\/br\/wp-content\/uploads\/2024\/12\/Cuidados-cognitivos-sindrome-de-down.webp 1200w\" sizes=\"(max-width:599px) 599px, (min-width:600px) and (max-width: 799px) 799px, (min-width:800px) and (max-width: 999px) 333px, (min-width:1000px) 400px\" \/><\/a><div class=\"entry-wrap entry-wrap-grid\"><h3 class=\"entry-title\" itemprop=\"headline\"><a class=\"entry-title-link\" href=\"https:\/\/neuronup.com\/br\/noticias-de-estimulacao-cognitiva\/deficiencia-intelectual\/sindrome-de-down\/a-sindrome-de-down-contada-pela-associacao-down-las-palmas\/\" rel=\"bookmark\">A s\u00edndrome de Down contada pela associa\u00e7\u00e3o Down Las Palmas<\/a><\/h3>\n<\/div><\/article><article class=\"entry entry-grid is-column has-entry-link has-image has-image-first type-post category-sindrome-de-down tag-deficiencia-intelectual tag-depoimentos tag-sindrome-de-down\" style=\"--entry-index:6;\" aria-label=\"Qual \u00e9 o trabalho de uma Associa\u00e7\u00e3o de S\u00edndrome de Down? O caso da Down Navarra\" itemscope itemtype=\"https:\/\/schema.org\/CreativeWork\"><a class=\"entry-image-link\" href=\"https:\/\/neuronup.com\/br\/noticias-de-estimulacao-cognitiva\/deficiencia-intelectual\/sindrome-de-down\/qual-e-o-trabalho-de-uma-associacao-de-sindrome-de-down-o-caso-da-down-navarra\/\" tabindex=\"-1\" aria-hidden=\"true\"><img decoding=\"async\" width=\"400\" height=\"300\" src=\"https:\/\/neuronup.com\/br\/wp-content\/uploads\/2024\/12\/tratamentos-para-sindrome-de-down-com-a-NeuronUP-400x300.webp\" class=\"entry-image size-landscape-sm\" alt=\"V\u00e1rias pessoas sentadas em mesas brancas com computadores, cadeiras vermelhas, em sala bem iluminada, concentradas em suas telas.\" srcset=\"https:\/\/neuronup.com\/br\/wp-content\/uploads\/2024\/12\/tratamentos-para-sindrome-de-down-com-a-NeuronUP-300x225.webp 300w, https:\/\/neuronup.com\/br\/wp-content\/uploads\/2024\/12\/tratamentos-para-sindrome-de-down-com-a-NeuronUP-400x300.webp 400w, https:\/\/neuronup.com\/br\/wp-content\/uploads\/2024\/12\/tratamentos-para-sindrome-de-down-com-a-NeuronUP-768x576.webp 768w, https:\/\/neuronup.com\/br\/wp-content\/uploads\/2024\/12\/tratamentos-para-sindrome-de-down-com-a-NeuronUP-800x600.webp 800w, https:\/\/neuronup.com\/br\/wp-content\/uploads\/2024\/12\/tratamentos-para-sindrome-de-down-com-a-NeuronUP-1024x768.webp 1024w, https:\/\/neuronup.com\/br\/wp-content\/uploads\/2024\/12\/tratamentos-para-sindrome-de-down-com-a-NeuronUP-1200x900.webp 1200w, https:\/\/neuronup.com\/br\/wp-content\/uploads\/2024\/12\/tratamentos-para-sindrome-de-down-com-a-NeuronUP.webp 1440w\" sizes=\"(max-width:599px) 599px, (min-width:600px) and (max-width: 799px) 799px, (min-width:800px) and (max-width: 999px) 333px, (min-width:1000px) 400px\" \/><\/a><div class=\"entry-wrap entry-wrap-grid\"><h3 class=\"entry-title\" itemprop=\"headline\"><a class=\"entry-title-link\" href=\"https:\/\/neuronup.com\/br\/noticias-de-estimulacao-cognitiva\/deficiencia-intelectual\/sindrome-de-down\/qual-e-o-trabalho-de-uma-associacao-de-sindrome-de-down-o-caso-da-down-navarra\/\" rel=\"bookmark\">Qual \u00e9 o trabalho de uma Associa\u00e7\u00e3o de S\u00edndrome de Down? O caso da Down Navarra<\/a><\/h3>\n<\/div><\/article><\/div><\/div>","protected":false},"excerpt":{"rendered":"<p>Em todo o mundo, estima-se que existam cerca de 4 a 5 milh\u00f5es de pessoas com s\u00edndrome de Down. A s\u00edndrome afeta diferentes aspectos do desenvolvimento da crian\u00e7a desde o est\u00e1gio pr\u00e9-natal, quando a m\u00e3e pode detectar a s\u00edndrome de Down nos resultados de alguns exames. As altera\u00e7\u00f5es cognitivas dessa s\u00edndrome afetam \u00e1reas do desenvolvimento, &hellip;<\/p>\n","protected":false},"author":1,"featured_media":34609,"parent":34603,"menu_order":0,"comment_status":"closed","ping_status":"closed","template":"","meta":{"_acf_changed":false,"_genesis_hide_title":false,"_genesis_hide_breadcrumbs":false,"_genesis_hide_singular_image":false,"_genesis_hide_footer_widgets":false,"_genesis_custom_body_class":"nup-style neurorehab","_genesis_custom_post_class":"","_genesis_layout":"","footnotes":""},"class_list":{"1":"page","2":"type-page","6":"entry"},"acf":[],"_links":{"self":[{"href":"https:\/\/neuronup.com\/br\/wp-json\/wp\/v2\/pages\/34607","targetHints":{"allow":["GET"]}}],"collection":[{"href":"https:\/\/neuronup.com\/br\/wp-json\/wp\/v2\/pages"}],"about":[{"href":"https:\/\/neuronup.com\/br\/wp-json\/wp\/v2\/types\/page"}],"author":[{"embeddable":true,"href":"https:\/\/neuronup.com\/br\/wp-json\/wp\/v2\/users\/1"}],"replies":[{"embeddable":true,"href":"https:\/\/neuronup.com\/br\/wp-json\/wp\/v2\/comments?post=34607"}],"version-history":[{"count":0,"href":"https:\/\/neuronup.com\/br\/wp-json\/wp\/v2\/pages\/34607\/revisions"}],"up":[{"embeddable":true,"href":"https:\/\/neuronup.com\/br\/wp-json\/wp\/v2\/pages\/34603"}],"wp:featuredmedia":[{"embeddable":true,"href":"https:\/\/neuronup.com\/br\/wp-json\/wp\/v2\/media\/34609"}],"wp:attachment":[{"href":"https:\/\/neuronup.com\/br\/wp-json\/wp\/v2\/media?parent=34607"}],"curies":[{"name":"wp","href":"https:\/\/api.w.org\/{rel}","templated":true}]}}