{"id":34585,"date":"2024-12-10T18:15:37","date_gmt":"2024-12-10T16:15:37","guid":{"rendered":"https:\/\/neuronup.com\/br\/?page_id=34585"},"modified":"2025-02-13T12:01:27","modified_gmt":"2025-02-13T10:01:27","slug":"doenca-de-huntington","status":"publish","type":"page","link":"https:\/\/neuronup.com\/br\/neurorreabilitacao\/doencas-neurodegenerativas\/doenca-de-huntington\/","title":{"rendered":"Doen\u00e7a de Huntington"},"content":{"rendered":"\n<p>A doen\u00e7a de Huntington \u00e9 uma <strong>doen\u00e7a neurodegenerativa<\/strong> heredit\u00e1ria causada por um defeito gen\u00e9tico no cromossomo 4. O gene da doen\u00e7a de Huntington \u00e9 dominante, portanto, uma \u00fanica c\u00f3pia do gene anormal, herdada de um dos pais, \u00e9 suficiente para causar a doen\u00e7a. Portanto, os filhos de um portador da doen\u00e7a de Huntington t\u00eam 50% de chance de desenvolver a doen\u00e7a de Huntington.<\/p>\n\n\n\n<p>A doen\u00e7a de Huntington \u00e9 causada pela degenera\u00e7\u00e3o gradual de partes dos g\u00e2nglios basais, afetando principalmente as c\u00e9lulas do n\u00facleo caudado e do put\u00e2men, que est\u00e3o diretamente relacionadas ao movimento.<\/p>\n\n\n\n<p>As mudan\u00e7as comportamentais costumam ser os primeiros sintomas, incluindo comportamento antissocial, irritabilidade, mau humor, inquieta\u00e7\u00e3o ou impaci\u00eancia, entre outros.<\/p>\n\n\n\n<p>Tamb\u00e9m est\u00e3o presentes <strong>dist\u00farbios motores<\/strong>, como express\u00f5es faciais, movimentos bruscos e r\u00e1pidos dos bra\u00e7os, pernas, rosto e outras partes do corpo, movimentos lentos e incontrol\u00e1veis ou instabilidade na marcha.<\/p>\n\n\n\n<p>Os principais <strong>d\u00e9ficits cognitivos <\/strong>est\u00e3o relacionados \u00e0 mem\u00f3ria e \u00e0 capacidade de aprendizado, racioc\u00ednio e solu\u00e7\u00e3o de problemas, organiza\u00e7\u00e3o, planejamento, sequenciamento e flexibilidade.<\/p>\n\n\n\n<p><strong>Atualmente, n\u00e3o h\u00e1 cura<\/strong>. Existem medicamentos que podem ajudar a controlar alguns sintomas, como a coreia ou a depress\u00e3o e a ansiedade, mas eles n\u00e3o podem retardar ou interromper a doen\u00e7a.<\/p>\n\n\n\n<p class=\"has-sm-font-size\"><em>Refer\u00eancia: MSD Manuals (2020). Doen\u00e7a de Huntington. Vers\u00e3o do manual MSD para profissionais.<\/em><\/p>\n\n\n","protected":false},"excerpt":{"rendered":"<p>A doen\u00e7a de Huntington \u00e9 uma doen\u00e7a neurodegenerativa heredit\u00e1ria causada por um defeito gen\u00e9tico no cromossomo 4. O gene da doen\u00e7a de Huntington \u00e9 dominante, portanto, uma \u00fanica c\u00f3pia do gene anormal, herdada de um dos pais, \u00e9 suficiente para causar a doen\u00e7a. Portanto, os filhos de um portador da doen\u00e7a de Huntington t\u00eam 50% &hellip;<\/p>\n","protected":false},"author":1,"featured_media":34586,"parent":32443,"menu_order":0,"comment_status":"closed","ping_status":"closed","template":"","meta":{"_acf_changed":false,"_genesis_hide_title":false,"_genesis_hide_breadcrumbs":false,"_genesis_hide_singular_image":false,"_genesis_hide_footer_widgets":false,"_genesis_custom_body_class":"nup-style","_genesis_custom_post_class":"","_genesis_layout":"","footnotes":""},"class_list":{"1":"page","2":"type-page","6":"entry"},"acf":[],"_links":{"self":[{"href":"https:\/\/neuronup.com\/br\/wp-json\/wp\/v2\/pages\/34585","targetHints":{"allow":["GET"]}}],"collection":[{"href":"https:\/\/neuronup.com\/br\/wp-json\/wp\/v2\/pages"}],"about":[{"href":"https:\/\/neuronup.com\/br\/wp-json\/wp\/v2\/types\/page"}],"author":[{"embeddable":true,"href":"https:\/\/neuronup.com\/br\/wp-json\/wp\/v2\/users\/1"}],"replies":[{"embeddable":true,"href":"https:\/\/neuronup.com\/br\/wp-json\/wp\/v2\/comments?post=34585"}],"version-history":[{"count":0,"href":"https:\/\/neuronup.com\/br\/wp-json\/wp\/v2\/pages\/34585\/revisions"}],"up":[{"embeddable":true,"href":"https:\/\/neuronup.com\/br\/wp-json\/wp\/v2\/pages\/32443"}],"wp:featuredmedia":[{"embeddable":true,"href":"https:\/\/neuronup.com\/br\/wp-json\/wp\/v2\/media\/34586"}],"wp:attachment":[{"href":"https:\/\/neuronup.com\/br\/wp-json\/wp\/v2\/media?parent=34585"}],"curies":[{"name":"wp","href":"https:\/\/api.w.org\/{rel}","templated":true}]}}