{"id":34579,"date":"2024-12-10T18:02:45","date_gmt":"2024-12-10T16:02:45","guid":{"rendered":"https:\/\/neuronup.com\/br\/?page_id=34579"},"modified":"2026-01-26T18:25:45","modified_gmt":"2026-01-26T16:25:45","slug":"doenca-de-parkinson","status":"publish","type":"page","link":"https:\/\/neuronup.com\/br\/neurorreabilitacao\/doencas-neurodegenerativas\/doenca-de-parkinson\/","title":{"rendered":"Doen\u00e7a de Parkinson"},"content":{"rendered":"\n<p>\u00c9 classificado como um dist\u00farbio do movimento, embora muitas vezes tamb\u00e9m apresente sintomas cognitivos.<\/p>\n\n\n\n<p>Ela se deve \u00e0 morte gradual de neur\u00f4nios em uma parte do c\u00e9rebro chamada subst\u00e2ncia negra e, mais especificamente, em uma por\u00e7\u00e3o desse n\u00facleo chamada parte compacta. Isso causa uma <strong>diminui\u00e7\u00e3o na s\u00edntese de dopamina<\/strong>, o que leva a uma disfun\u00e7\u00e3o na regula\u00e7\u00e3o das principais estruturas cerebrais envolvidas no controle do movimento.<\/p>\n\n\n\n<p>Seus <strong>principais sintomas<\/strong> s\u00e3o:<\/p>\n\n\n\n<ul class=\"wp-block-list\">\n<li>Desajeitamento generalizado com lentid\u00e3o na execu\u00e7\u00e3o dos movimentos.<\/li>\n\n\n\n<li>Falta de motilidade espont\u00e2nea.<\/li>\n\n\n\n<li>Tremor de repouso.<\/li>\n\n\n\n<li>Rigidez muscular<\/li>\n\n\n\n<li>Altera\u00e7\u00e3o dos reflexos de reequil\u00edbrio (levando a quedas)<\/li>\n\n\n\n<li>Produ\u00e7\u00e3o exagerada de saliva ou sialorreia.<\/li>\n\n\n\n<li>Hipotonia ou perda de massa muscular.<\/li>\n\n\n\n<li>Dist\u00farbio das habilidades motoras finas.<\/li>\n\n\n\n<li>Dist\u00farbios da fala.<\/li>\n<\/ul>\n\n\n<div class=\"wp-block-image\">\n<figure class=\"aligncenter size-full is-resized\"><img decoding=\"async\" width=\"1080\" height=\"1080\" src=\"https:\/\/neuronup.com\/br\/wp-content\/uploads\/2024\/12\/Sintomas-do-Parkinson-BR.webp\" alt=\"Ilustra\u00e7\u00e3o de idoso com bengala caminhando lentamente, com tremores, movimentos lentos, rigidez e altera\u00e7\u00f5es na fala e escrita.\" class=\"wp-image-33919\" style=\"width:550px\" srcset=\"https:\/\/neuronup.com\/br\/wp-content\/uploads\/2024\/12\/Sintomas-do-Parkinson-BR-24x24.webp 24w, https:\/\/neuronup.com\/br\/wp-content\/uploads\/2024\/12\/Sintomas-do-Parkinson-BR-48x48.webp 48w, https:\/\/neuronup.com\/br\/wp-content\/uploads\/2024\/12\/Sintomas-do-Parkinson-BR-80x80.webp 80w, https:\/\/neuronup.com\/br\/wp-content\/uploads\/2024\/12\/Sintomas-do-Parkinson-BR-96x96.webp 96w, https:\/\/neuronup.com\/br\/wp-content\/uploads\/2024\/12\/Sintomas-do-Parkinson-BR-150x150.webp 150w, https:\/\/neuronup.com\/br\/wp-content\/uploads\/2024\/12\/Sintomas-do-Parkinson-BR-300x300.webp 300w, https:\/\/neuronup.com\/br\/wp-content\/uploads\/2024\/12\/Sintomas-do-Parkinson-BR-768x768.webp 768w, https:\/\/neuronup.com\/br\/wp-content\/uploads\/2024\/12\/Sintomas-do-Parkinson-BR-1024x1024.webp 1024w, https:\/\/neuronup.com\/br\/wp-content\/uploads\/2024\/12\/Sintomas-do-Parkinson-BR.webp 1080w\" sizes=\"(max-width: 1080px) 100vw, 1080px\" \/><\/figure>\n<\/div>\n\n\n<p>Al\u00e9m dos sintomas motores, os sintomas emocionais, como <strong>ansiedade, depress\u00e3o e apatia, est\u00e3o frequentemente associados ao in\u00edcio do decl\u00ednio cognitivo, com a mem\u00f3ria, a aten\u00e7\u00e3o ou a velocidade de processamento sendo afetadas, entre outras fun\u00e7\u00f5es<\/strong>. Tamb\u00e9m podem aparecer dist\u00farbios do sono, constipa\u00e7\u00e3o, dermatite, disfun\u00e7\u00e3o sexual, etc.<\/p>\n\n\n\n<p>Atualmente, n\u00e3o existe nenhum medicamento para curar a doen\u00e7a de Parkinson, mas h\u00e1 v\u00e1rios medicamentos para melhorar os sintomas e, portanto, a qualidade de vida da pessoa. Para isso, esses tratamentos aumentam e\/ou substituem o conte\u00fado de dopamina no c\u00e9rebro. Nos casos em que os sintomas motores n\u00e3o melhoram com a medica\u00e7\u00e3o, pode ser usada a estimula\u00e7\u00e3o cerebral profunda.<\/p>\n\n\n\n<p class=\"has-sm-font-size\" id=\"block-8edf0946-006d-4971-9eb3-05c0d4f43903\"><small>Refer\u00eancias: Conoce la enfermedad (2020, 9 de mar\u00e7o). Federa\u00e7\u00e3o Espanhola de Parkinson.<\/small><\/p>\n\n\n\n<h3 class=\"wp-block-heading\">Artigos sobre a doen\u00e7a de Parkinson:<\/h3>\n\n\n<div class=\"mai-grid entries entries-grid has-boxed has-image-full\" style=\"--entry-title-font-size:var(--font-size-lg);--align-text:start;--entry-meta-text-align:start;\"><div class=\"entries-wrap has-columns\" style=\"--columns-xs:1\/1;--columns-sm:1\/1;--columns-md:1\/3;--columns-lg:1\/3;--flex-xs:0 0 var(--flex-basis);--flex-sm:0 0 var(--flex-basis);--flex-md:0 0 var(--flex-basis);--flex-lg:0 0 var(--flex-basis);--column-gap:var(--spacing-lg);--row-gap:var(--spacing-lg);--align-columns:start;\"><article class=\"entry entry-grid is-column has-entry-link has-image has-image-first type-post category-parkinson tag-doenca-de-parkinson tag-reabilitacao-cognitiva\" style=\"--entry-index:1;\" aria-label=\"Reabilita\u00e7\u00e3o neuropsicol\u00f3gica na doen\u00e7a de Parkinson\" itemscope itemtype=\"https:\/\/schema.org\/CreativeWork\"><a class=\"entry-image-link\" href=\"https:\/\/neuronup.com\/br\/noticias-de-estimulacao-cognitiva\/doencas-neurodegenerativas\/parkinson\/reabilitacao-neuropsicologica-na-doenca-de-parkinson\/\" tabindex=\"-1\" aria-hidden=\"true\"><img decoding=\"async\" width=\"398\" height=\"300\" src=\"https:\/\/neuronup.com\/br\/wp-content\/uploads\/2023\/10\/Rehabilitacion-neuropsicologica-en-la-enfermedad-de-Parkinson-2-1.webp\" class=\"entry-image size-landscape-sm\" alt=\"Idoso sentado diante de computador com monitor touchscreen, interagindo com \u00edcones de plantas na tela; mesa simples e ambiente neutro ao fundo.\" srcset=\"https:\/\/neuronup.com\/br\/wp-content\/uploads\/2023\/10\/Rehabilitacion-neuropsicologica-en-la-enfermedad-de-Parkinson-2-1-300x226.webp 300w, https:\/\/neuronup.com\/br\/wp-content\/uploads\/2023\/10\/Rehabilitacion-neuropsicologica-en-la-enfermedad-de-Parkinson-2-1-768x579.webp 768w, https:\/\/neuronup.com\/br\/wp-content\/uploads\/2023\/10\/Rehabilitacion-neuropsicologica-en-la-enfermedad-de-Parkinson-2-1-1024x771.webp 1024w, https:\/\/neuronup.com\/br\/wp-content\/uploads\/2023\/10\/Rehabilitacion-neuropsicologica-en-la-enfermedad-de-Parkinson-2-1.webp 1200w\" sizes=\"(max-width:599px) 599px, (min-width:600px) and (max-width: 799px) 799px, (min-width:800px) and (max-width: 999px) 333px, (min-width:1000px) 400px\" \/><\/a><div class=\"entry-wrap entry-wrap-grid\"><h3 class=\"entry-title\" itemprop=\"headline\"><a class=\"entry-title-link\" href=\"https:\/\/neuronup.com\/br\/noticias-de-estimulacao-cognitiva\/doencas-neurodegenerativas\/parkinson\/reabilitacao-neuropsicologica-na-doenca-de-parkinson\/\" rel=\"bookmark\">Reabilita\u00e7\u00e3o neuropsicol\u00f3gica na doen\u00e7a de Parkinson<\/a><\/h3>\n<\/div><\/article><article class=\"entry entry-grid is-column has-entry-link has-image has-image-first type-post category-parkinson tag-doenca-de-parkinson\" style=\"--entry-index:2;\" aria-label=\"Cheiro de Parkinson\" itemscope itemtype=\"https:\/\/schema.org\/CreativeWork\"><a class=\"entry-image-link\" href=\"https:\/\/neuronup.com\/br\/noticias-de-estimulacao-cognitiva\/doencas-neurodegenerativas\/parkinson\/odor-a-parkinson\/\" tabindex=\"-1\" aria-hidden=\"true\"><img decoding=\"async\" width=\"400\" height=\"267\" src=\"https:\/\/neuronup.com\/br\/wp-content\/uploads\/2023\/04\/olor-a-parkinson.webp\" class=\"entry-image size-landscape-sm\" alt=\"Duas m\u00e3os entrela\u00e7adas, uma idosa e outra jovem, com fundo desfocado, transmitindo cuidado e apoio entre gera\u00e7\u00f5es.\" srcset=\"https:\/\/neuronup.com\/br\/wp-content\/uploads\/2023\/04\/olor-a-parkinson-300x200.webp 300w, https:\/\/neuronup.com\/br\/wp-content\/uploads\/2023\/04\/olor-a-parkinson-768x512.webp 768w, https:\/\/neuronup.com\/br\/wp-content\/uploads\/2023\/04\/olor-a-parkinson-1024x683.webp 1024w, https:\/\/neuronup.com\/br\/wp-content\/uploads\/2023\/04\/olor-a-parkinson.webp 1200w\" sizes=\"(max-width:599px) 599px, (min-width:600px) and (max-width: 799px) 799px, (min-width:800px) and (max-width: 999px) 333px, (min-width:1000px) 400px\" \/><\/a><div class=\"entry-wrap entry-wrap-grid\"><h3 class=\"entry-title\" itemprop=\"headline\"><a class=\"entry-title-link\" href=\"https:\/\/neuronup.com\/br\/noticias-de-estimulacao-cognitiva\/doencas-neurodegenerativas\/parkinson\/odor-a-parkinson\/\" rel=\"bookmark\">Cheiro de Parkinson<\/a><\/h3>\n<\/div><\/article><article class=\"entry entry-grid is-column has-entry-link has-image has-image-first type-post category-parkinson tag-doenca-de-parkinson tag-doencas-neurodegenerativas\" style=\"--entry-index:3;\" aria-label=\"Fen\u00f4menos on-off e Wearing-off na doen\u00e7a de Parkinson\" itemscope itemtype=\"https:\/\/schema.org\/CreativeWork\"><a class=\"entry-image-link\" href=\"https:\/\/neuronup.com\/br\/noticias-de-estimulacao-cognitiva\/doencas-neurodegenerativas\/parkinson\/fenomenos-on-off-e-wearing-off-na-doenca-de-parkinson\/\" tabindex=\"-1\" aria-hidden=\"true\"><img decoding=\"async\" width=\"400\" height=\"267\" src=\"https:\/\/neuronup.com\/br\/wp-content\/uploads\/2022\/05\/closeup-of-support-hands-1.webp\" class=\"entry-image size-landscape-sm\" alt=\"Duas m\u00e3os entrela\u00e7adas: uma pessoa idosa com pele enrugada e outra mais jovem com pele lisa, simbolizando apoio emocional; fundo neutro.\" srcset=\"https:\/\/neuronup.com\/br\/wp-content\/uploads\/2022\/05\/closeup-of-support-hands-1-300x200.webp 300w, https:\/\/neuronup.com\/br\/wp-content\/uploads\/2022\/05\/closeup-of-support-hands-1-768x512.webp 768w, https:\/\/neuronup.com\/br\/wp-content\/uploads\/2022\/05\/closeup-of-support-hands-1.webp 1000w\" sizes=\"(max-width:599px) 599px, (min-width:600px) and (max-width: 799px) 799px, (min-width:800px) and (max-width: 999px) 333px, (min-width:1000px) 400px\" \/><\/a><div class=\"entry-wrap entry-wrap-grid\"><h3 class=\"entry-title\" itemprop=\"headline\"><a class=\"entry-title-link\" href=\"https:\/\/neuronup.com\/br\/noticias-de-estimulacao-cognitiva\/doencas-neurodegenerativas\/parkinson\/fenomenos-on-off-e-wearing-off-na-doenca-de-parkinson\/\" rel=\"bookmark\">Fen\u00f4menos on-off e Wearing-off na doen\u00e7a de Parkinson<\/a><\/h3>\n<\/div><\/article><article class=\"entry entry-grid is-column has-entry-link has-image has-image-first type-post category-parkinson tag-doenca-de-parkinson tag-doencas-neurodegenerativas tag-linguagem\" style=\"--entry-index:4;\" aria-label=\"A fonoaudiologia e os dist\u00farbios da linguagem na doen\u00e7a de Parkinson\" itemscope itemtype=\"https:\/\/schema.org\/CreativeWork\"><a class=\"entry-image-link\" href=\"https:\/\/neuronup.com\/br\/noticias-de-estimulacao-cognitiva\/doencas-neurodegenerativas\/parkinson\/a-logopedia-e-os-transtornos-da-linguagem-na-parkinson\/\" tabindex=\"-1\" aria-hidden=\"true\"><img decoding=\"async\" width=\"400\" height=\"300\" src=\"https:\/\/neuronup.com\/br\/wp-content\/uploads\/2022\/02\/closeup-of-support-hands-1-400x300-1.webp\" class=\"entry-image size-landscape-sm\" alt=\"Duas m\u00e3os se tocam: idoso com bengala recebe apoio de cuidador, fundo neutro, destacando v\u00ednculo de cuidado.\" srcset=\"https:\/\/neuronup.com\/br\/wp-content\/uploads\/2022\/02\/closeup-of-support-hands-1-400x300-1-300x225.webp 300w, https:\/\/neuronup.com\/br\/wp-content\/uploads\/2022\/02\/closeup-of-support-hands-1-400x300-1-768x576.webp 768w, https:\/\/neuronup.com\/br\/wp-content\/uploads\/2022\/02\/closeup-of-support-hands-1-400x300-1-1024x768.webp 1024w, https:\/\/neuronup.com\/br\/wp-content\/uploads\/2022\/02\/closeup-of-support-hands-1-400x300-1.webp 1200w\" sizes=\"(max-width:599px) 599px, (min-width:600px) and (max-width: 799px) 799px, (min-width:800px) and (max-width: 999px) 333px, (min-width:1000px) 400px\" \/><\/a><div class=\"entry-wrap entry-wrap-grid\"><h3 class=\"entry-title\" itemprop=\"headline\"><a class=\"entry-title-link\" href=\"https:\/\/neuronup.com\/br\/noticias-de-estimulacao-cognitiva\/doencas-neurodegenerativas\/parkinson\/a-logopedia-e-os-transtornos-da-linguagem-na-parkinson\/\" rel=\"bookmark\">A fonoaudiologia e os dist\u00farbios da linguagem na doen\u00e7a de Parkinson<\/a><\/h3>\n<\/div><\/article><article class=\"entry entry-grid is-column has-entry-link has-image has-image-first type-post category-parkinson tag-atividades-para-parkinson tag-parkinson\" style=\"--entry-index:5;\" aria-label=\"Impulsividade e deteriora\u00e7\u00e3o na tomada de decis\u00f5es na doen\u00e7a de Parkinson: um desafio cl\u00ednico crescente\" itemscope itemtype=\"https:\/\/schema.org\/CreativeWork\"><a class=\"entry-image-link\" href=\"https:\/\/neuronup.com\/br\/noticias-de-estimulacao-cognitiva\/doencas-neurodegenerativas\/parkinson\/impulsividade-e-deterioracao-na-tomada-de-decisoes-na-doenca-de-parkinson-um-desafio-clinico-crescente\/\" tabindex=\"-1\" aria-hidden=\"true\"><img decoding=\"async\" width=\"400\" height=\"300\" src=\"https:\/\/neuronup.com\/br\/wp-content\/uploads\/2025\/04\/Impulsividad-y-deterioro-de-la-toma-de-decisiones-en-la-enfermedad-de-Parkinson-un-desafio-clinico-creciente-400x300.webp\" class=\"entry-image size-landscape-sm\" alt=\"Duas m\u00e3os segurando a barra de apoio de um andador, uma pele clara e outra mais escura, fundo neutro.\" srcset=\"https:\/\/neuronup.com\/br\/wp-content\/uploads\/2025\/04\/Impulsividad-y-deterioro-de-la-toma-de-decisiones-en-la-enfermedad-de-Parkinson-un-desafio-clinico-creciente-400x300.webp 400w, https:\/\/neuronup.com\/br\/wp-content\/uploads\/2025\/04\/Impulsividad-y-deterioro-de-la-toma-de-decisiones-en-la-enfermedad-de-Parkinson-un-desafio-clinico-creciente-800x600.webp 800w\" sizes=\"(max-width:599px) 599px, (min-width:600px) and (max-width: 799px) 799px, (min-width:800px) and (max-width: 999px) 333px, (min-width:1000px) 400px\" \/><\/a><div class=\"entry-wrap entry-wrap-grid\"><h3 class=\"entry-title\" itemprop=\"headline\"><a class=\"entry-title-link\" href=\"https:\/\/neuronup.com\/br\/noticias-de-estimulacao-cognitiva\/doencas-neurodegenerativas\/parkinson\/impulsividade-e-deterioracao-na-tomada-de-decisoes-na-doenca-de-parkinson-um-desafio-clinico-crescente\/\" rel=\"bookmark\">Impulsividade e deteriora\u00e7\u00e3o na tomada de decis\u00f5es na doen\u00e7a de Parkinson: um desafio cl\u00ednico crescente<\/a><\/h3>\n<\/div><\/article><article class=\"entry entry-grid is-column has-entry-link has-image has-image-first type-post category-para-parkinson tag-capacidades-visuoespaciais tag-estimulacao-cognitiva tag-parkinson\" style=\"--entry-index:6;\" aria-label=\"10 exerc\u00edcios de estimula\u00e7\u00e3o cognitiva para pessoas com Parkinson\" itemscope itemtype=\"https:\/\/schema.org\/CreativeWork\"><a class=\"entry-image-link\" href=\"https:\/\/neuronup.com\/br\/atividades-de-neurorreabilitacao\/para-parkinson\/10-exercicios-de-estimulacao-cognitiva-para-pessoas-com-parkinson\/\" tabindex=\"-1\" aria-hidden=\"true\"><img decoding=\"async\" width=\"400\" height=\"300\" src=\"https:\/\/neuronup.com\/br\/wp-content\/uploads\/2024\/12\/10-ejercicios-de-estimulacion-cognitiva-para-personas-con-Parkinson-400x300.webp\" class=\"entry-image size-landscape-sm\" alt=\"Gr\u00e1fico de rede com m\u00faltiplos n\u00f3s azuis conectados por linhas vermelhas e verdes, sugerindo interconectividade cognitiva.\" srcset=\"https:\/\/neuronup.com\/br\/wp-content\/uploads\/2024\/12\/10-ejercicios-de-estimulacion-cognitiva-para-personas-con-Parkinson-400x300.webp 400w, https:\/\/neuronup.com\/br\/wp-content\/uploads\/2024\/12\/10-ejercicios-de-estimulacion-cognitiva-para-personas-con-Parkinson-800x600.webp 800w, https:\/\/neuronup.com\/br\/wp-content\/uploads\/2024\/12\/10-ejercicios-de-estimulacion-cognitiva-para-personas-con-Parkinson-1200x898.webp 1200w\" sizes=\"(max-width:599px) 599px, (min-width:600px) and (max-width: 799px) 799px, (min-width:800px) and (max-width: 999px) 333px, (min-width:1000px) 400px\" \/><\/a><div class=\"entry-wrap entry-wrap-grid\"><h3 class=\"entry-title\" itemprop=\"headline\"><a class=\"entry-title-link\" href=\"https:\/\/neuronup.com\/br\/atividades-de-neurorreabilitacao\/para-parkinson\/10-exercicios-de-estimulacao-cognitiva-para-pessoas-com-parkinson\/\" rel=\"bookmark\">10 exerc\u00edcios de estimula\u00e7\u00e3o cognitiva para pessoas com Parkinson<\/a><\/h3>\n<\/div><\/article><\/div><\/div>","protected":false},"excerpt":{"rendered":"<p>\u00c9 classificado como um dist\u00farbio do movimento, embora muitas vezes tamb\u00e9m apresente sintomas cognitivos. Ela se deve \u00e0 morte gradual de neur\u00f4nios em uma parte do c\u00e9rebro chamada subst\u00e2ncia negra e, mais especificamente, em uma por\u00e7\u00e3o desse n\u00facleo chamada parte compacta. Isso causa uma diminui\u00e7\u00e3o na s\u00edntese de dopamina, o que leva a uma disfun\u00e7\u00e3o &hellip;<\/p>\n","protected":false},"author":1,"featured_media":34581,"parent":32443,"menu_order":0,"comment_status":"closed","ping_status":"closed","template":"","meta":{"_acf_changed":false,"_genesis_hide_title":false,"_genesis_hide_breadcrumbs":false,"_genesis_hide_singular_image":false,"_genesis_hide_footer_widgets":false,"_genesis_custom_body_class":"nup-style","_genesis_custom_post_class":"","_genesis_layout":"","footnotes":""},"class_list":{"1":"page","2":"type-page","6":"entry"},"acf":[],"_links":{"self":[{"href":"https:\/\/neuronup.com\/br\/wp-json\/wp\/v2\/pages\/34579","targetHints":{"allow":["GET"]}}],"collection":[{"href":"https:\/\/neuronup.com\/br\/wp-json\/wp\/v2\/pages"}],"about":[{"href":"https:\/\/neuronup.com\/br\/wp-json\/wp\/v2\/types\/page"}],"author":[{"embeddable":true,"href":"https:\/\/neuronup.com\/br\/wp-json\/wp\/v2\/users\/1"}],"replies":[{"embeddable":true,"href":"https:\/\/neuronup.com\/br\/wp-json\/wp\/v2\/comments?post=34579"}],"version-history":[{"count":0,"href":"https:\/\/neuronup.com\/br\/wp-json\/wp\/v2\/pages\/34579\/revisions"}],"up":[{"embeddable":true,"href":"https:\/\/neuronup.com\/br\/wp-json\/wp\/v2\/pages\/32443"}],"wp:featuredmedia":[{"embeddable":true,"href":"https:\/\/neuronup.com\/br\/wp-json\/wp\/v2\/media\/34581"}],"wp:attachment":[{"href":"https:\/\/neuronup.com\/br\/wp-json\/wp\/v2\/media?parent=34579"}],"curies":[{"name":"wp","href":"https:\/\/api.w.org\/{rel}","templated":true}]}}