{"id":34566,"date":"2024-12-10T17:40:03","date_gmt":"2024-12-10T15:40:03","guid":{"rendered":"https:\/\/neuronup.com\/br\/?page_id=34566"},"modified":"2025-02-13T12:01:48","modified_gmt":"2025-02-13T10:01:48","slug":"esclerose-multipla","status":"publish","type":"page","link":"https:\/\/neuronup.com\/br\/neurorreabilitacao\/doencas-neurodegenerativas\/esclerose-multipla\/","title":{"rendered":"Esclerose m\u00faltipla"},"content":{"rendered":"\n<p>As <strong>causas <\/strong>da Esclerose M\u00faltipla ainda s\u00e3o desconhecidas, embora se pense que ela seja causada por um v\u00edrus ou um ant\u00edgeno que desencadeia uma altera\u00e7\u00e3o imunol\u00f3gica que faz com que o corpo ataque sua pr\u00f3pria mielina, embora fatores ambientais tamb\u00e9m estejam envolvidos no desenvolvimento da doen\u00e7a.<\/p>\n\n\n\n<p>Considera-se que um paciente sofre de Esclerose M\u00faltipla quando ocorreram dois surtos com evid\u00eancia de duas les\u00f5es em \u00e1reas separadas no Sistema Nervoso Central (SNC).<\/p>\n\n\n\n<p>A Esclerose M\u00faltipla \u00e9 uma doen\u00e7a que aparece em uma idade precoce, sendo que a idade comum de manifesta\u00e7\u00e3o \u00e9 entre 29 e 33 anos, embora possa aparecer dos 10 aos 59 anos. Em termos de g\u00eanero, verificou-se que essa doen\u00e7a aparece mais em mulheres do que em homens.<\/p>\n\n\n\n<p>Durante muito tempo, suas manifesta\u00e7\u00f5es cl\u00ednicas foram consideradas exclusivamente neurol\u00f3gicas (fraqueza motora, dificuldades visuais, diplopia, disartria, ataxia, etc.). No entanto, nas \u00faltimas d\u00e9cadas, um n\u00famero crescente de pesquisas mostrou que ela tamb\u00e9m pode estar associada a d\u00e9ficits cognitivos que afetam principalmente a aten\u00e7\u00e3o, a concentra\u00e7\u00e3o, a velocidade de processamento de informa\u00e7\u00f5es, a mem\u00f3ria e as fun\u00e7\u00f5es executivas.<\/p>\n\n\n\n<p>Entrando em detalhes sobre os <strong>sintomas neurol\u00f3gicos<\/strong> que geralmente aparecem, al\u00e9m dos mencionados acima, os pacientes com esclerose m\u00faltipla podem apresentar:<\/p>\n\n\n\n<ul class=\"wp-block-list\">\n<li>Sintomas musculares: perda de equil\u00edbrio, espasmos musculares, problemas para movimentar bra\u00e7os ou pernas, coordena\u00e7\u00e3o, tremor ou fraqueza nos membros.<\/li>\n\n\n\n<li>Sintomas intestinais e vesicais: constipa\u00e7\u00e3o e incontin\u00eancia e outros.<\/li>\n\n\n\n<li>Sintomas oculares: vis\u00e3o dupla, movimentos incontrol\u00e1veis dos olhos, vis\u00e3o emba\u00e7ada ou perda de vis\u00e3o.<\/li>\n\n\n\n<li>Dorm\u00eancia, formigamento ou dor.<\/li>\n\n\n\n<li>Sintomas sexuais.<\/li>\n\n\n\n<li>Sintomas de fala e degluti\u00e7\u00e3o: fala arrastada e problemas de degluti\u00e7\u00e3o.<\/li>\n<\/ul>\n\n\n\n<h3 class=\"wp-block-heading\">Artigos sobre a esclerose m\u00faltipla:<\/h3>\n\n\n<div class=\"mai-grid entries entries-grid has-boxed has-image-full\" style=\"--entry-title-font-size:var(--font-size-lg);--align-text:start;--entry-meta-text-align:start;\"><div class=\"entries-wrap has-columns\" style=\"--columns-xs:1\/1;--columns-sm:1\/1;--columns-md:1\/3;--columns-lg:1\/3;--flex-xs:0 0 var(--flex-basis);--flex-sm:0 0 var(--flex-basis);--flex-md:0 0 var(--flex-basis);--flex-lg:0 0 var(--flex-basis);--column-gap:var(--spacing-lg);--row-gap:var(--spacing-lg);--align-columns:start;\"><article class=\"entry entry-grid is-column has-entry-link has-image has-image-first type-post category-esclerose-multipla tag-doencas-neurodegenerativas tag-esclerose-multipla\" style=\"--entry-index:1;\" aria-label=\"Esclerose: quem ela afeta, como \u00e9 diagnosticada e quais s\u00e3o seus sintomas\" itemscope itemtype=\"https:\/\/schema.org\/CreativeWork\"><a class=\"entry-image-link\" href=\"https:\/\/neuronup.com\/br\/noticias-de-estimulacao-cognitiva\/doencas-neurodegenerativas\/esclerose-multipla\/a-esclerose-a-quem-afeta-como-se-diagnostica-e-quais-sao-seus-sintomas\/\" tabindex=\"-1\" aria-hidden=\"true\"><img decoding=\"async\" width=\"400\" height=\"271\" src=\"https:\/\/neuronup.com\/br\/wp-content\/uploads\/2022\/05\/Centro-ADEMBI-en-el-tratamiento-de-la-esclerosis-multiple-1.webp\" class=\"entry-image size-landscape-sm\" alt=\"Duas mulheres frente a um computador em escrit\u00f3rio, uma aponta para a tela enquanto explica; ambiente com arm\u00e1rios ao fundo.\" srcset=\"https:\/\/neuronup.com\/br\/wp-content\/uploads\/2022\/05\/Centro-ADEMBI-en-el-tratamiento-de-la-esclerosis-multiple-1-300x203.webp 300w, https:\/\/neuronup.com\/br\/wp-content\/uploads\/2022\/05\/Centro-ADEMBI-en-el-tratamiento-de-la-esclerosis-multiple-1-768x521.webp 768w, https:\/\/neuronup.com\/br\/wp-content\/uploads\/2022\/05\/Centro-ADEMBI-en-el-tratamiento-de-la-esclerosis-multiple-1-1024x694.webp 1024w, https:\/\/neuronup.com\/br\/wp-content\/uploads\/2022\/05\/Centro-ADEMBI-en-el-tratamiento-de-la-esclerosis-multiple-1.webp 1204w\" sizes=\"(max-width:599px) 599px, (min-width:600px) and (max-width: 799px) 799px, (min-width:800px) and (max-width: 999px) 333px, (min-width:1000px) 400px\" \/><\/a><div class=\"entry-wrap entry-wrap-grid\"><h3 class=\"entry-title\" itemprop=\"headline\"><a class=\"entry-title-link\" href=\"https:\/\/neuronup.com\/br\/noticias-de-estimulacao-cognitiva\/doencas-neurodegenerativas\/esclerose-multipla\/a-esclerose-a-quem-afeta-como-se-diagnostica-e-quais-sao-seus-sintomas\/\" rel=\"bookmark\">Esclerose: quem ela afeta, como \u00e9 diagnosticada e quais s\u00e3o seus sintomas<\/a><\/h3>\n<\/div><\/article><article class=\"entry entry-grid is-column has-entry-link has-image has-image-first type-post category-esclerose-multipla tag-doencas-neurodegenerativas tag-esclerose-multipla tag-estimulacao-cognitiva tag-semana-do-cerebro\" style=\"--entry-index:2;\" aria-label=\"Reabilita\u00e7\u00e3o cognitiva em pacientes com esclerose m\u00faltipla: estrat\u00e9gias para melhorar a qualidade de vida\" itemscope itemtype=\"https:\/\/schema.org\/CreativeWork\"><a class=\"entry-image-link\" href=\"https:\/\/neuronup.com\/br\/noticias-de-estimulacao-cognitiva\/doencas-neurodegenerativas\/esclerose-multipla\/reabilitacao-cognitiva-em-pacientes-com-esclerose-multipla-estrategias-para-melhorar-a-qualidade-de-vida\/\" tabindex=\"-1\" aria-hidden=\"true\"><img decoding=\"async\" width=\"400\" height=\"300\" src=\"https:\/\/neuronup.com\/br\/wp-content\/uploads\/2025\/03\/Rehabilitacion-cognitiva-en-pacientes-con-esclerosis-multiple-estrategias-para-mejorar-la-calidad-de-vida-400x300.webp\" class=\"entry-image size-landscape-sm\" alt=\"M\u00e3os entrela\u00e7adas: idoso com roup\u00e3o azul com padr\u00e3o recebe apoio de profissional com luva azul, sinal de cuidado em ambiente cl\u00ednico.\" srcset=\"https:\/\/neuronup.com\/br\/wp-content\/uploads\/2025\/03\/Rehabilitacion-cognitiva-en-pacientes-con-esclerosis-multiple-estrategias-para-mejorar-la-calidad-de-vida-400x300.webp 400w, https:\/\/neuronup.com\/br\/wp-content\/uploads\/2025\/03\/Rehabilitacion-cognitiva-en-pacientes-con-esclerosis-multiple-estrategias-para-mejorar-la-calidad-de-vida-800x600.webp 800w\" sizes=\"(max-width:599px) 599px, (min-width:600px) and (max-width: 799px) 799px, (min-width:800px) and (max-width: 999px) 333px, (min-width:1000px) 400px\" \/><\/a><div class=\"entry-wrap entry-wrap-grid\"><h3 class=\"entry-title\" itemprop=\"headline\"><a class=\"entry-title-link\" href=\"https:\/\/neuronup.com\/br\/noticias-de-estimulacao-cognitiva\/doencas-neurodegenerativas\/esclerose-multipla\/reabilitacao-cognitiva-em-pacientes-com-esclerose-multipla-estrategias-para-melhorar-a-qualidade-de-vida\/\" rel=\"bookmark\">Reabilita\u00e7\u00e3o cognitiva em pacientes com esclerose m\u00faltipla: estrat\u00e9gias para melhorar a qualidade de vida<\/a><\/h3>\n<\/div><\/article><article class=\"entry entry-grid is-column has-entry-link has-image has-image-first type-post category-esclerose-multipla tag-esclerose-multipla tag-estimulacao-cognitiva\" style=\"--entry-index:3;\" aria-label=\"Qual \u00e9 o perfil neuropsicol\u00f3gico t\u00edpico das pessoas com esclerose m\u00faltipla?\" itemscope itemtype=\"https:\/\/schema.org\/CreativeWork\"><a class=\"entry-image-link\" href=\"https:\/\/neuronup.com\/br\/noticias-de-estimulacao-cognitiva\/doencas-neurodegenerativas\/esclerose-multipla\/qual-e-o-perfil-neuropsicologico-tipico-das-pessoas-com-esclerose-multipla\/\" tabindex=\"-1\" aria-hidden=\"true\"><img decoding=\"async\" width=\"400\" height=\"300\" src=\"https:\/\/neuronup.com\/br\/wp-content\/uploads\/2024\/12\/perfil-neuropsicologico-na-EM-400x300.webp\" class=\"entry-image size-landscape-sm\" alt=\"M\u00e3o repousando sobre sof\u00e1 claro; pessoa com su\u00e9ter laranja usa anel amarelo preso a dedo por uma fita, transmitindo conforto.\" srcset=\"https:\/\/neuronup.com\/br\/wp-content\/uploads\/2024\/12\/perfil-neuropsicologico-na-EM-400x300.webp 400w, https:\/\/neuronup.com\/br\/wp-content\/uploads\/2024\/12\/perfil-neuropsicologico-na-EM-800x600.webp 800w\" sizes=\"(max-width:599px) 599px, (min-width:600px) and (max-width: 799px) 799px, (min-width:800px) and (max-width: 999px) 333px, (min-width:1000px) 400px\" \/><\/a><div class=\"entry-wrap entry-wrap-grid\"><h3 class=\"entry-title\" itemprop=\"headline\"><a class=\"entry-title-link\" href=\"https:\/\/neuronup.com\/br\/noticias-de-estimulacao-cognitiva\/doencas-neurodegenerativas\/esclerose-multipla\/qual-e-o-perfil-neuropsicologico-tipico-das-pessoas-com-esclerose-multipla\/\" rel=\"bookmark\">Qual \u00e9 o perfil neuropsicol\u00f3gico t\u00edpico das pessoas com esclerose m\u00faltipla?<\/a><\/h3>\n<\/div><\/article><article class=\"entry entry-grid is-column has-entry-link has-image has-image-first type-post category-esclerose-multipla tag-esclerose-multipla tag-estimulacao-cognitiva\" style=\"--entry-index:4;\" aria-label=\"Como as novas tecnologias trazem benef\u00edcios em tratamentos cognitivos para pacientes com esclerose m\u00faltipla\" itemscope itemtype=\"https:\/\/schema.org\/CreativeWork\"><a class=\"entry-image-link\" href=\"https:\/\/neuronup.com\/br\/noticias-de-estimulacao-cognitiva\/doencas-neurodegenerativas\/esclerose-multipla\/como-as-novas-tecnologias-trazem-beneficios-em-tratamentos-cognitivos-para-pacientes-com-esclerose-multipla\/\" tabindex=\"-1\" aria-hidden=\"true\"><img decoding=\"async\" width=\"400\" height=\"300\" src=\"https:\/\/neuronup.com\/br\/wp-content\/uploads\/2024\/12\/Tratamento-de-esclerose-multipla-com-a-NeuronUP-400x300.webp\" class=\"entry-image size-landscape-sm\" alt=\"Mulher sentada em mesa com laptop, blusa amarela, ambiente moderno e iluminado, concentrada em atividade de treinamento cognitivo.\" srcset=\"https:\/\/neuronup.com\/br\/wp-content\/uploads\/2024\/12\/Tratamento-de-esclerose-multipla-com-a-NeuronUP-400x300.webp 400w, https:\/\/neuronup.com\/br\/wp-content\/uploads\/2024\/12\/Tratamento-de-esclerose-multipla-com-a-NeuronUP-800x600.webp 800w\" sizes=\"(max-width:599px) 599px, (min-width:600px) and (max-width: 799px) 799px, (min-width:800px) and (max-width: 999px) 333px, (min-width:1000px) 400px\" \/><\/a><div class=\"entry-wrap entry-wrap-grid\"><h3 class=\"entry-title\" itemprop=\"headline\"><a class=\"entry-title-link\" href=\"https:\/\/neuronup.com\/br\/noticias-de-estimulacao-cognitiva\/doencas-neurodegenerativas\/esclerose-multipla\/como-as-novas-tecnologias-trazem-beneficios-em-tratamentos-cognitivos-para-pacientes-com-esclerose-multipla\/\" rel=\"bookmark\">Como as novas tecnologias trazem benef\u00edcios em tratamentos cognitivos para pacientes com esclerose m\u00faltipla<\/a><\/h3>\n<\/div><\/article><article class=\"entry entry-grid is-column has-entry-link has-image has-image-first type-post category-esclerose-multipla tag-depoimentos tag-doencas-neurodegenerativas tag-esclerose-multipla\" style=\"--entry-index:5;\" aria-label=\"O exerc\u00edcio cognitivo mais abrangente para tratamento de esclerose m\u00faltipla\" itemscope itemtype=\"https:\/\/schema.org\/CreativeWork\"><a class=\"entry-image-link\" href=\"https:\/\/neuronup.com\/br\/noticias-de-estimulacao-cognitiva\/doencas-neurodegenerativas\/esclerose-multipla\/o-exercicio-cognitivo-mais-abrangente-para-tratamento-de-esclerose-multipla\/\" tabindex=\"-1\" aria-hidden=\"true\"><img decoding=\"async\" width=\"400\" height=\"300\" src=\"https:\/\/neuronup.com\/br\/wp-content\/uploads\/2024\/12\/Atividade-para-esclerose-multipla-400x300.webp\" class=\"entry-image size-landscape-sm\" alt=\"Grade 1-50 com lacunas, lista de n\u00fameros e teclado num\u00e9rico \u00e0 direita; atividade cognitiva para esclerose m\u00faltipla.\" srcset=\"https:\/\/neuronup.com\/br\/wp-content\/uploads\/2024\/12\/Atividade-para-esclerose-multipla-300x224.webp 300w, https:\/\/neuronup.com\/br\/wp-content\/uploads\/2024\/12\/Atividade-para-esclerose-multipla-400x300.webp 400w, https:\/\/neuronup.com\/br\/wp-content\/uploads\/2024\/12\/Atividade-para-esclerose-multipla-800x600.webp 800w, https:\/\/neuronup.com\/br\/wp-content\/uploads\/2024\/12\/Atividade-para-esclerose-multipla-1200x900.webp 1200w\" sizes=\"(max-width:599px) 599px, (min-width:600px) and (max-width: 799px) 799px, (min-width:800px) and (max-width: 999px) 333px, (min-width:1000px) 400px\" \/><\/a><div class=\"entry-wrap entry-wrap-grid\"><h3 class=\"entry-title\" itemprop=\"headline\"><a class=\"entry-title-link\" href=\"https:\/\/neuronup.com\/br\/noticias-de-estimulacao-cognitiva\/doencas-neurodegenerativas\/esclerose-multipla\/o-exercicio-cognitivo-mais-abrangente-para-tratamento-de-esclerose-multipla\/\" rel=\"bookmark\">O exerc\u00edcio cognitivo mais abrangente para tratamento de esclerose m\u00faltipla<\/a><\/h3>\n<\/div><\/article><article class=\"entry entry-grid is-column has-entry-link has-image has-image-first type-post category-esclerose-multipla tag-depoimentos tag-doencas-neurodegenerativas tag-esclerose-multipla\" style=\"--entry-index:6;\" aria-label=\"Tratamento da esclerose m\u00faltipla com NeuronUP\" itemscope itemtype=\"https:\/\/schema.org\/CreativeWork\"><a class=\"entry-image-link\" href=\"https:\/\/neuronup.com\/br\/noticias-de-estimulacao-cognitiva\/doencas-neurodegenerativas\/esclerose-multipla\/tratamento-da-esclerose-multipla-com-neuronup\/\" tabindex=\"-1\" aria-hidden=\"true\"><img decoding=\"async\" width=\"400\" height=\"300\" src=\"https:\/\/neuronup.com\/br\/wp-content\/uploads\/2024\/12\/Centro-ADEMBI-no-tratamento-da-esclerose-multipla-1-400x300.webp\" class=\"entry-image size-landscape-sm\" alt=\"Duas mulheres em escrit\u00f3rio bem iluminado diante de um computador; uma explica na tela enquanto a outra observa.\" srcset=\"https:\/\/neuronup.com\/br\/wp-content\/uploads\/2024\/12\/Centro-ADEMBI-no-tratamento-da-esclerose-multipla-1-400x300.webp 400w, https:\/\/neuronup.com\/br\/wp-content\/uploads\/2024\/12\/Centro-ADEMBI-no-tratamento-da-esclerose-multipla-1-800x600.webp 800w\" sizes=\"(max-width:599px) 599px, (min-width:600px) and (max-width: 799px) 799px, (min-width:800px) and (max-width: 999px) 333px, (min-width:1000px) 400px\" \/><\/a><div class=\"entry-wrap entry-wrap-grid\"><h3 class=\"entry-title\" itemprop=\"headline\"><a class=\"entry-title-link\" href=\"https:\/\/neuronup.com\/br\/noticias-de-estimulacao-cognitiva\/doencas-neurodegenerativas\/esclerose-multipla\/tratamento-da-esclerose-multipla-com-neuronup\/\" rel=\"bookmark\">Tratamento da esclerose m\u00faltipla com NeuronUP<\/a><\/h3>\n<\/div><\/article><\/div><\/div>","protected":false},"excerpt":{"rendered":"<p>As causas da Esclerose M\u00faltipla ainda s\u00e3o desconhecidas, embora se pense que ela seja causada por um v\u00edrus ou um ant\u00edgeno que desencadeia uma altera\u00e7\u00e3o imunol\u00f3gica que faz com que o corpo ataque sua pr\u00f3pria mielina, embora fatores ambientais tamb\u00e9m estejam envolvidos no desenvolvimento da doen\u00e7a. Considera-se que um paciente sofre de Esclerose M\u00faltipla quando &hellip;<\/p>\n","protected":false},"author":1,"featured_media":34569,"parent":32443,"menu_order":0,"comment_status":"closed","ping_status":"closed","template":"","meta":{"_acf_changed":false,"_genesis_hide_title":false,"_genesis_hide_breadcrumbs":false,"_genesis_hide_singular_image":false,"_genesis_hide_footer_widgets":false,"_genesis_custom_body_class":"nup-style neurorehab","_genesis_custom_post_class":"","_genesis_layout":"","footnotes":""},"class_list":{"1":"page","2":"type-page","6":"entry"},"acf":[],"_links":{"self":[{"href":"https:\/\/neuronup.com\/br\/wp-json\/wp\/v2\/pages\/34566","targetHints":{"allow":["GET"]}}],"collection":[{"href":"https:\/\/neuronup.com\/br\/wp-json\/wp\/v2\/pages"}],"about":[{"href":"https:\/\/neuronup.com\/br\/wp-json\/wp\/v2\/types\/page"}],"author":[{"embeddable":true,"href":"https:\/\/neuronup.com\/br\/wp-json\/wp\/v2\/users\/1"}],"replies":[{"embeddable":true,"href":"https:\/\/neuronup.com\/br\/wp-json\/wp\/v2\/comments?post=34566"}],"version-history":[{"count":0,"href":"https:\/\/neuronup.com\/br\/wp-json\/wp\/v2\/pages\/34566\/revisions"}],"up":[{"embeddable":true,"href":"https:\/\/neuronup.com\/br\/wp-json\/wp\/v2\/pages\/32443"}],"wp:featuredmedia":[{"embeddable":true,"href":"https:\/\/neuronup.com\/br\/wp-json\/wp\/v2\/media\/34569"}],"wp:attachment":[{"href":"https:\/\/neuronup.com\/br\/wp-json\/wp\/v2\/media?parent=34566"}],"curies":[{"name":"wp","href":"https:\/\/api.w.org\/{rel}","templated":true}]}}