{"id":34557,"date":"2024-12-10T17:17:45","date_gmt":"2024-12-10T15:17:45","guid":{"rendered":"https:\/\/neuronup.com\/br\/?page_id=34557"},"modified":"2025-02-13T12:00:55","modified_gmt":"2025-02-13T10:00:55","slug":"acidentes-vasculares-cerebrais-avcs","status":"publish","type":"page","link":"https:\/\/neuronup.com\/br\/neurorreabilitacao\/lesao-cerebral-adquirida\/acidentes-vasculares-cerebrais-avcs\/","title":{"rendered":"Acidentes vasculares cerebrais (AVCs)"},"content":{"rendered":"\n<ul class=\"wp-block-list\">\n<li><strong>1. ISQUEMIA:<\/strong> o fluxo sangu\u00edneo para o tecido cerebral diminui ou \u00e9 interrompido. Pode ter v\u00e1rias causas:\n<ul class=\"wp-block-list\">\n<li><strong>Trombose: <\/strong>co\u00e1gulos de sangue que se formam dentro das paredes do vaso e acabam obstruindo-o.<\/li>\n\n\n\n<li><strong>Embolia: <\/strong>um co\u00e1gulo, bolha de ar ou gordura, ou outra cole\u00e7\u00e3o de material, obstrui um vaso depois de ter sido transportado pela corrente sangu\u00ednea.<\/li>\n\n\n\n<li><strong>Arteriosclerose: <\/strong>endurecimento das art\u00e9rias.<\/li>\n\n\n\n<li><strong>Vasculite<\/strong>: inflama\u00e7\u00e3o dos vasos sangu\u00edneos.<\/li>\n<\/ul>\n<\/li>\n\n\n\n<li><strong>2. HEMORRAGIA:<\/strong> um vaso sangu\u00edneo se rompe, fazendo com que o sangue vaze para \u00e1reas inadequadas do c\u00e9rebro.<\/li>\n<\/ul>\n\n\n\n<p>As causas do AVC est\u00e3o relacionadas a fatores como idade, hist\u00f3rico m\u00e9dico familiar, ra\u00e7a e g\u00eanero. Mas h\u00e1 outros fatores que aumentam a probabilidade de derrame. Esses fatores incluem:<\/p>\n\n\n\n<ul class=\"wp-block-list\">\n<li><strong>Fatores relacionados \u00e0 sa\u00fade<\/strong>: press\u00e3o alta, doen\u00e7as card\u00edacas e gordura no sangue<\/li>\n\n\n\n<li>H\u00e1bitos de consumo de subst\u00e2ncias t\u00f3xicas, como \u00e1lcool ou tabaco.<\/li>\n\n\n\n<li><strong>Arteriosclerose: <\/strong>endurecimento das art\u00e9rias.<\/li>\n\n\n\n<li>H\u00e1bitos de vida pouco saud\u00e1veis, como um estilo de vida sedent\u00e1rio.<\/li>\n<\/ul>\n\n\n\n<p>Em geral, os AVCs ocorrem repentinamente e causam les\u00f5es no c\u00e9rebro em minutos, embora, menos comumente, os pacientes possam piorar ao longo de horas ou at\u00e9 dias.<\/p>\n\n\n\n<p>Como fatores de preven\u00e7\u00e3o, a Sociedade Espanhola de Neurologia recomenda uma s\u00e9rie de h\u00e1bitos saud\u00e1veis, como uma dieta rica e saud\u00e1vel, exerc\u00edcios regulares e moderados, n\u00e3o fumar, moderar o consumo de \u00e1lcool e controlar regularmente a press\u00e3o arterial.<\/p>\n\n\n\n<h2 class=\"wp-block-heading\">Artigos sobre como trabalhar com pacientes com AVC<\/h2>\n\n\n<div class=\"mai-grid entries entries-grid has-boxed has-image-full\" style=\"--entry-title-font-size:var(--font-size-lg);--align-text:start;--entry-meta-text-align:start;\"><div class=\"entries-wrap has-columns\" style=\"--columns-xs:1\/1;--columns-sm:1\/1;--columns-md:1\/3;--columns-lg:1\/3;--flex-xs:0 0 var(--flex-basis);--flex-sm:0 0 var(--flex-basis);--flex-md:0 0 var(--flex-basis);--flex-lg:0 0 var(--flex-basis);--column-gap:var(--spacing-lg);--row-gap:var(--spacing-lg);--align-columns:start;\"><article class=\"entry entry-grid is-column has-entry-link has-image has-image-first type-post category-avc tag-acidente-vascular-cerebral tag-afasia tag-lesao-cerebral tag-lesao-cerebral-adquirida tag-linguagem\" style=\"--entry-index:1;\" aria-label=\"Afasia ap\u00f3s AVC: causas, tipos e reabilita\u00e7\u00e3o\" itemscope itemtype=\"https:\/\/schema.org\/CreativeWork\"><a class=\"entry-image-link\" href=\"https:\/\/neuronup.com\/br\/noticias-de-estimulacao-cognitiva\/dano-cerebral\/avc\/afasia-pos-acidente-vascular-cerebral-causas-tipos-e-reabilitacao\/\" tabindex=\"-1\" aria-hidden=\"true\"><img decoding=\"async\" width=\"400\" height=\"211\" src=\"https:\/\/neuronup.com\/br\/wp-content\/uploads\/2024\/11\/Afasia-tras-ACV-causas-tipos-y-rehabilitacion.webp\" class=\"entry-image size-landscape-sm\" alt=\"Homem idoso com cabelo grisalho e \u00f3culos segura um tablet sorrindo, em ambiente interno com parede terrosa e planta ao fundo.\" srcset=\"https:\/\/neuronup.com\/br\/wp-content\/uploads\/2024\/11\/Afasia-tras-ACV-causas-tipos-y-rehabilitacion-300x158.webp 300w, https:\/\/neuronup.com\/br\/wp-content\/uploads\/2024\/11\/Afasia-tras-ACV-causas-tipos-y-rehabilitacion-768x405.webp 768w, https:\/\/neuronup.com\/br\/wp-content\/uploads\/2024\/11\/Afasia-tras-ACV-causas-tipos-y-rehabilitacion-1024x540.webp 1024w, https:\/\/neuronup.com\/br\/wp-content\/uploads\/2024\/11\/Afasia-tras-ACV-causas-tipos-y-rehabilitacion.webp 1280w\" sizes=\"(max-width:599px) 599px, (min-width:600px) and (max-width: 799px) 799px, (min-width:800px) and (max-width: 999px) 333px, (min-width:1000px) 400px\" \/><\/a><div class=\"entry-wrap entry-wrap-grid\"><h3 class=\"entry-title\" itemprop=\"headline\"><a class=\"entry-title-link\" href=\"https:\/\/neuronup.com\/br\/noticias-de-estimulacao-cognitiva\/dano-cerebral\/avc\/afasia-pos-acidente-vascular-cerebral-causas-tipos-e-reabilitacao\/\" rel=\"bookmark\">Afasia ap\u00f3s AVC: causas, tipos e reabilita\u00e7\u00e3o<\/a><\/h3>\n<\/div><\/article><article class=\"entry entry-grid is-column has-entry-link has-image has-image-first type-post category-avc tag-acidente-vascular-cerebral tag-lesao-cerebral tag-lesao-cerebral-adquirida\" style=\"--entry-index:2;\" aria-label=\"Penumbra isqu\u00eamica: Neurorreabilita\u00e7\u00e3o ap\u00f3s a doen\u00e7a cerebrovascular\" itemscope itemtype=\"https:\/\/schema.org\/CreativeWork\"><a class=\"entry-image-link\" href=\"https:\/\/neuronup.com\/br\/noticias-de-estimulacao-cognitiva\/dano-cerebral\/avc\/penumbra-isquemica-neuro-reabilitacao-apos-a-doenca-cerebrovascular\/\" tabindex=\"-1\" aria-hidden=\"true\"><img decoding=\"async\" width=\"400\" height=\"225\" src=\"https:\/\/neuronup.com\/br\/wp-content\/uploads\/2024\/11\/Penumbra-isquemica-Neurorrehabilitacion-tras-la-enfermedad-cerebrovascular-NeuronUP.webp\" class=\"entry-image size-landscape-sm\" alt=\"Ilustra\u00e7\u00e3o estilizada de c\u00e9rebro dividido, esquerda azul e direita vermelha, conectadas por circuitos; DNA ao fundo.\" srcset=\"https:\/\/neuronup.com\/br\/wp-content\/uploads\/2024\/11\/Penumbra-isquemica-Neurorrehabilitacion-tras-la-enfermedad-cerebrovascular-NeuronUP-300x169.webp 300w, https:\/\/neuronup.com\/br\/wp-content\/uploads\/2024\/11\/Penumbra-isquemica-Neurorrehabilitacion-tras-la-enfermedad-cerebrovascular-NeuronUP-768x432.webp 768w, https:\/\/neuronup.com\/br\/wp-content\/uploads\/2024\/11\/Penumbra-isquemica-Neurorrehabilitacion-tras-la-enfermedad-cerebrovascular-NeuronUP-1024x576.webp 1024w, https:\/\/neuronup.com\/br\/wp-content\/uploads\/2024\/11\/Penumbra-isquemica-Neurorrehabilitacion-tras-la-enfermedad-cerebrovascular-NeuronUP.webp 1200w\" sizes=\"(max-width:599px) 599px, (min-width:600px) and (max-width: 799px) 799px, (min-width:800px) and (max-width: 999px) 333px, (min-width:1000px) 400px\" \/><\/a><div class=\"entry-wrap entry-wrap-grid\"><h3 class=\"entry-title\" itemprop=\"headline\"><a class=\"entry-title-link\" href=\"https:\/\/neuronup.com\/br\/noticias-de-estimulacao-cognitiva\/dano-cerebral\/avc\/penumbra-isquemica-neuro-reabilitacao-apos-a-doenca-cerebrovascular\/\" rel=\"bookmark\">Penumbra isqu\u00eamica: Neurorreabilita\u00e7\u00e3o ap\u00f3s a doen\u00e7a cerebrovascular<\/a><\/h3>\n<\/div><\/article><article class=\"entry entry-grid is-column has-entry-link has-image has-image-first type-post category-avc tag-acidente-vascular-cerebral tag-reabilitacao-cognitiva\" style=\"--entry-index:3;\" aria-label=\"A reabilita\u00e7\u00e3o da hemineglig\u00eancia ap\u00f3s o AVC\" itemscope itemtype=\"https:\/\/schema.org\/CreativeWork\"><a class=\"entry-image-link\" href=\"https:\/\/neuronup.com\/br\/noticias-de-estimulacao-cognitiva\/dano-cerebral\/avc\/estimulacao-tdcs-na-reabilitacao-da-heminegligencia-apos-um-avc\/\" tabindex=\"-1\" aria-hidden=\"true\"><img decoding=\"async\" width=\"400\" height=\"300\" src=\"https:\/\/neuronup.com\/br\/wp-content\/uploads\/2024\/09\/montaje-de-los-electrodos-previos-a-la-aplicacion-de-la-estimulacion-tdcs.webp\" class=\"entry-image size-landscape-sm\" alt=\"Pessoa usando capacete de neuroestimula\u00e7\u00e3o tDCS com profissional ajustando fios nos sensores na parte traseira, em cl\u00ednica.\" srcset=\"https:\/\/neuronup.com\/br\/wp-content\/uploads\/2024\/09\/montaje-de-los-electrodos-previos-a-la-aplicacion-de-la-estimulacion-tdcs-300x226.webp 300w, https:\/\/neuronup.com\/br\/wp-content\/uploads\/2024\/09\/montaje-de-los-electrodos-previos-a-la-aplicacion-de-la-estimulacion-tdcs-768x577.webp 768w, https:\/\/neuronup.com\/br\/wp-content\/uploads\/2024\/09\/montaje-de-los-electrodos-previos-a-la-aplicacion-de-la-estimulacion-tdcs-1024x770.webp 1024w, https:\/\/neuronup.com\/br\/wp-content\/uploads\/2024\/09\/montaje-de-los-electrodos-previos-a-la-aplicacion-de-la-estimulacion-tdcs.webp 1200w\" sizes=\"(max-width:599px) 599px, (min-width:600px) and (max-width: 799px) 799px, (min-width:800px) and (max-width: 999px) 333px, (min-width:1000px) 400px\" \/><\/a><div class=\"entry-wrap entry-wrap-grid\"><h3 class=\"entry-title\" itemprop=\"headline\"><a class=\"entry-title-link\" href=\"https:\/\/neuronup.com\/br\/noticias-de-estimulacao-cognitiva\/dano-cerebral\/avc\/estimulacao-tdcs-na-reabilitacao-da-heminegligencia-apos-um-avc\/\" rel=\"bookmark\">A reabilita\u00e7\u00e3o da hemineglig\u00eancia ap\u00f3s o AVC<\/a><\/h3>\n<\/div><\/article><article class=\"entry entry-grid is-column has-entry-link has-image has-image-first type-post category-para-avc tag-acidente-vascular-cerebral tag-atividades-de-estimulacao-cognitiva tag-lesao-cerebral-adquirida tag-neuronup\" style=\"--entry-index:4;\" aria-label=\"Interven\u00e7\u00e3o do AVC pela terapia ocupacional\" itemscope itemtype=\"https:\/\/schema.org\/CreativeWork\"><a class=\"entry-image-link\" href=\"https:\/\/neuronup.com\/br\/atividades-de-neurorreabilitacao\/para-avc\/intervencao-do-ictus-pela-terapia-ocupacional\/\" tabindex=\"-1\" aria-hidden=\"true\"><img decoding=\"async\" width=\"400\" height=\"260\" src=\"https:\/\/neuronup.com\/br\/wp-content\/uploads\/2023\/01\/Angulos.webp\" class=\"entry-image size-landscape-sm\" alt=\"Diagrama radial com ponto ativo em verde em destaque, caixa lateral com Modelo 60\u00b0 e design minimalista em cores suaves.\" srcset=\"https:\/\/neuronup.com\/br\/wp-content\/uploads\/2023\/01\/Angulos-300x195.webp 300w, https:\/\/neuronup.com\/br\/wp-content\/uploads\/2023\/01\/Angulos-768x499.webp 768w, https:\/\/neuronup.com\/br\/wp-content\/uploads\/2023\/01\/Angulos-1024x665.webp 1024w, https:\/\/neuronup.com\/br\/wp-content\/uploads\/2023\/01\/Angulos.webp 1204w\" sizes=\"(max-width:599px) 599px, (min-width:600px) and (max-width: 799px) 799px, (min-width:800px) and (max-width: 999px) 333px, (min-width:1000px) 400px\" \/><\/a><div class=\"entry-wrap entry-wrap-grid\"><h3 class=\"entry-title\" itemprop=\"headline\"><a class=\"entry-title-link\" href=\"https:\/\/neuronup.com\/br\/atividades-de-neurorreabilitacao\/para-avc\/intervencao-do-ictus-pela-terapia-ocupacional\/\" rel=\"bookmark\">Interven\u00e7\u00e3o do AVC pela terapia ocupacional<\/a><\/h3>\n<\/div><\/article><article class=\"entry entry-grid is-column has-entry-link has-image has-image-first type-post category-avc category-noticias-de-estimulacao-cognitiva\" style=\"--entry-index:5;\" aria-label=\"Estudo cl\u00ednico randomizado, triplo-cego e controlado em paralelo da estimula\u00e7\u00e3o transcraniana por corrente cont\u00ednua para a reabilita\u00e7\u00e3o cognitiva ap\u00f3s um AVC\" itemscope itemtype=\"https:\/\/schema.org\/CreativeWork\"><a class=\"entry-image-link\" href=\"https:\/\/neuronup.com\/br\/noticias-de-estimulacao-cognitiva\/ensaio-clinico-randomizado-triplo-cego-e-controlado-em-paralelo-da-estimulacao-transcraniana-por-corrente-direta-para-a-reabilitacao-cognitiva-apos-acidente-vascular-cerebral\/\" tabindex=\"-1\" aria-hidden=\"true\"><img decoding=\"async\" width=\"400\" height=\"218\" src=\"https:\/\/neuronup.com\/br\/wp-content\/uploads\/2025\/06\/Ensayo-aleatorizado-triple-ciego-y-controlado-en-paralelo-de-la-estimulacion-transcraneal-por-corriente-directa-para-la-rehabilitacion-cognitiva-tras-un-ictus.webp\" class=\"entry-image size-landscape-sm\" alt=\"C\u00e9rebro estilizado em tons de azul e vermelho com contornos iluminados e redes neurais; fundo abstrato sugerindo tecnologia.\" srcset=\"https:\/\/neuronup.com\/br\/wp-content\/uploads\/2025\/06\/Ensayo-aleatorizado-triple-ciego-y-controlado-en-paralelo-de-la-estimulacion-transcraneal-por-corriente-directa-para-la-rehabilitacion-cognitiva-tras-un-ictus-300x164.webp 300w, https:\/\/neuronup.com\/br\/wp-content\/uploads\/2025\/06\/Ensayo-aleatorizado-triple-ciego-y-controlado-en-paralelo-de-la-estimulacion-transcraneal-por-corriente-directa-para-la-rehabilitacion-cognitiva-tras-un-ictus-768x419.webp 768w, https:\/\/neuronup.com\/br\/wp-content\/uploads\/2025\/06\/Ensayo-aleatorizado-triple-ciego-y-controlado-en-paralelo-de-la-estimulacion-transcraneal-por-corriente-directa-para-la-rehabilitacion-cognitiva-tras-un-ictus-1024x559.webp 1024w, https:\/\/neuronup.com\/br\/wp-content\/uploads\/2025\/06\/Ensayo-aleatorizado-triple-ciego-y-controlado-en-paralelo-de-la-estimulacion-transcraneal-por-corriente-directa-para-la-rehabilitacion-cognitiva-tras-un-ictus.webp 1237w\" sizes=\"(max-width:599px) 599px, (min-width:600px) and (max-width: 799px) 799px, (min-width:800px) and (max-width: 999px) 333px, (min-width:1000px) 400px\" \/><\/a><div class=\"entry-wrap entry-wrap-grid\"><h3 class=\"entry-title\" itemprop=\"headline\"><a class=\"entry-title-link\" href=\"https:\/\/neuronup.com\/br\/noticias-de-estimulacao-cognitiva\/ensaio-clinico-randomizado-triplo-cego-e-controlado-em-paralelo-da-estimulacao-transcraniana-por-corrente-direta-para-a-reabilitacao-cognitiva-apos-acidente-vascular-cerebral\/\" rel=\"bookmark\">Estudo cl\u00ednico randomizado, triplo-cego e controlado em paralelo da estimula\u00e7\u00e3o transcraniana por corrente cont\u00ednua para a reabilita\u00e7\u00e3o cognitiva ap\u00f3s um AVC<\/a><\/h3>\n<\/div><\/article><article class=\"entry entry-grid is-column has-entry-link has-image has-image-first type-post category-para-avc tag-acidente-vascular-cerebral tag-atividades-de-estimulacao-cognitiva tag-lesao-cerebral-adquirida tag-reabilitacao-cognitiva\" style=\"--entry-index:6;\" aria-label=\"14 exerc\u00edcios de reabilita\u00e7\u00e3o ap\u00f3s um AVC\" itemscope itemtype=\"https:\/\/schema.org\/CreativeWork\"><a class=\"entry-image-link\" href=\"https:\/\/neuronup.com\/br\/atividades-de-neurorreabilitacao\/para-avc\/14-exercicios-de-reabilitacao-depois-de-um-ictus\/\" tabindex=\"-1\" aria-hidden=\"true\"><img decoding=\"async\" width=\"400\" height=\"268\" src=\"https:\/\/neuronup.com\/br\/wp-content\/uploads\/2022\/04\/Ordena-la-estanteria.webp\" class=\"entry-image size-landscape-sm\" alt=\"Estante de madeira organizada com v\u00e1rias prateleiras, vasos com flores roxas e livros coloridos; espelho ao lado e quadros acima.\" srcset=\"https:\/\/neuronup.com\/br\/wp-content\/uploads\/2022\/04\/Ordena-la-estanteria-300x201.webp 300w, https:\/\/neuronup.com\/br\/wp-content\/uploads\/2022\/04\/Ordena-la-estanteria-768x514.webp 768w, https:\/\/neuronup.com\/br\/wp-content\/uploads\/2022\/04\/Ordena-la-estanteria-1024x685.webp 1024w, https:\/\/neuronup.com\/br\/wp-content\/uploads\/2022\/04\/Ordena-la-estanteria.webp 1427w\" sizes=\"(max-width:599px) 599px, (min-width:600px) and (max-width: 799px) 799px, (min-width:800px) and (max-width: 999px) 333px, (min-width:1000px) 400px\" \/><\/a><div class=\"entry-wrap entry-wrap-grid\"><h3 class=\"entry-title\" itemprop=\"headline\"><a class=\"entry-title-link\" href=\"https:\/\/neuronup.com\/br\/atividades-de-neurorreabilitacao\/para-avc\/14-exercicios-de-reabilitacao-depois-de-um-ictus\/\" rel=\"bookmark\">14 exerc\u00edcios de reabilita\u00e7\u00e3o ap\u00f3s um AVC<\/a><\/h3>\n<\/div><\/article><\/div><\/div>","protected":false},"excerpt":{"rendered":"<p>As causas do AVC est\u00e3o relacionadas a fatores como idade, hist\u00f3rico m\u00e9dico familiar, ra\u00e7a e g\u00eanero. Mas h\u00e1 outros fatores que aumentam a probabilidade de derrame. Esses fatores incluem: Em geral, os AVCs ocorrem repentinamente e causam les\u00f5es no c\u00e9rebro em minutos, embora, menos comumente, os pacientes possam piorar ao longo de horas ou at\u00e9 &hellip;<\/p>\n","protected":false},"author":1,"featured_media":0,"parent":32436,"menu_order":0,"comment_status":"closed","ping_status":"closed","template":"","meta":{"_acf_changed":false,"_genesis_hide_title":false,"_genesis_hide_breadcrumbs":false,"_genesis_hide_singular_image":false,"_genesis_hide_footer_widgets":false,"_genesis_custom_body_class":"nup-style neurorehab","_genesis_custom_post_class":"","_genesis_layout":"","footnotes":""},"class_list":{"1":"page","2":"type-page","5":"entry"},"acf":[],"_links":{"self":[{"href":"https:\/\/neuronup.com\/br\/wp-json\/wp\/v2\/pages\/34557","targetHints":{"allow":["GET"]}}],"collection":[{"href":"https:\/\/neuronup.com\/br\/wp-json\/wp\/v2\/pages"}],"about":[{"href":"https:\/\/neuronup.com\/br\/wp-json\/wp\/v2\/types\/page"}],"author":[{"embeddable":true,"href":"https:\/\/neuronup.com\/br\/wp-json\/wp\/v2\/users\/1"}],"replies":[{"embeddable":true,"href":"https:\/\/neuronup.com\/br\/wp-json\/wp\/v2\/comments?post=34557"}],"version-history":[{"count":0,"href":"https:\/\/neuronup.com\/br\/wp-json\/wp\/v2\/pages\/34557\/revisions"}],"up":[{"embeddable":true,"href":"https:\/\/neuronup.com\/br\/wp-json\/wp\/v2\/pages\/32436"}],"wp:attachment":[{"href":"https:\/\/neuronup.com\/br\/wp-json\/wp\/v2\/media?parent=34557"}],"curies":[{"name":"wp","href":"https:\/\/api.w.org\/{rel}","templated":true}]}}