{"id":34190,"date":"2024-12-04T09:38:14","date_gmt":"2024-12-04T07:38:14","guid":{"rendered":"https:\/\/neuronup.com\/br\/?page_id=34190"},"modified":"2025-09-24T10:14:52","modified_gmt":"2025-09-24T08:14:52","slug":"solicitacao-informacao","status":"publish","type":"page","link":"https:\/\/neuronup.com\/br\/solicitacao-informacao\/","title":{"rendered":"Solicita\u00e7\u00e3o de informa\u00e7\u00e3o"},"content":{"rendered":"<div class=\"wp-block-image\">\n<figure class=\"aligncenter size-large\"><img decoding=\"async\" src=\"https:\/\/neuronup.com\/br\/wp-content\/uploads\/2024\/12\/icon-warning-404.svg\" alt=\"\" class=\"wp-image-12996\"\/><\/figure>\n<\/div>\n\n\n<h1 class=\"wp-block-heading has-text-align-center\">Solicita\u00e7\u00e3o de informa\u00e7\u00e3o<\/h1>\n\n\n\n<div class=\"hs-form-frame\" data-region=\"eu1\" data-form-id=\"5375a9c6-003c-42f8-8603-a2ecd4339667\" data-portal-id=\"143501970\"><\/div>\n","protected":false},"excerpt":{"rendered":"<p>Solicita\u00e7\u00e3o de informa\u00e7\u00e3o<\/p>\n","protected":false},"author":1,"featured_media":0,"parent":0,"menu_order":0,"comment_status":"closed","ping_status":"closed","template":"","meta":{"_acf_changed":false,"_genesis_hide_title":false,"_genesis_hide_breadcrumbs":false,"_genesis_hide_singular_image":false,"_genesis_hide_footer_widgets":false,"_genesis_custom_body_class":"","_genesis_custom_post_class":"","_genesis_layout":"","footnotes":""},"class_list":{"1":"page","2":"type-page","5":"entry"},"acf":[],"_links":{"self":[{"href":"https:\/\/neuronup.com\/br\/wp-json\/wp\/v2\/pages\/34190","targetHints":{"allow":["GET"]}}],"collection":[{"href":"https:\/\/neuronup.com\/br\/wp-json\/wp\/v2\/pages"}],"about":[{"href":"https:\/\/neuronup.com\/br\/wp-json\/wp\/v2\/types\/page"}],"author":[{"embeddable":true,"href":"https:\/\/neuronup.com\/br\/wp-json\/wp\/v2\/users\/1"}],"replies":[{"embeddable":true,"href":"https:\/\/neuronup.com\/br\/wp-json\/wp\/v2\/comments?post=34190"}],"version-history":[{"count":0,"href":"https:\/\/neuronup.com\/br\/wp-json\/wp\/v2\/pages\/34190\/revisions"}],"wp:attachment":[{"href":"https:\/\/neuronup.com\/br\/wp-json\/wp\/v2\/media?parent=34190"}],"curies":[{"name":"wp","href":"https:\/\/api.w.org\/{rel}","templated":true}]}}