{"id":32579,"date":"2024-10-31T16:14:53","date_gmt":"2024-10-31T14:14:53","guid":{"rendered":"https:\/\/neuronup.com\/br\/?page_id=32579"},"modified":"2026-01-26T18:25:36","modified_gmt":"2026-01-26T16:25:36","slug":"contato","status":"publish","type":"page","link":"https:\/\/neuronup.com\/br\/contato\/","title":{"rendered":"Contato"},"content":{"rendered":"<div class=\"wp-block-image\">\n<figure class=\"aligncenter size-full\"><img decoding=\"async\" width=\"101\" height=\"101\" src=\"https:\/\/neuronup.com\/br\/wp-content\/uploads\/2024\/10\/icone-contato.webp\" alt=\"\u00cdcone de telefone azul com bal\u00e3o de chat ao lado, circundado por um c\u00edrculo azul claro, representando contato e comunica\u00e7\u00e3o.\" class=\"wp-image-31650\" srcset=\"https:\/\/neuronup.com\/br\/wp-content\/uploads\/2024\/10\/icone-contato-24x24.webp 24w, https:\/\/neuronup.com\/br\/wp-content\/uploads\/2024\/10\/icone-contato-48x48.webp 48w, https:\/\/neuronup.com\/br\/wp-content\/uploads\/2024\/10\/icone-contato-80x80.webp 80w, https:\/\/neuronup.com\/br\/wp-content\/uploads\/2024\/10\/icone-contato-96x96.webp 96w, https:\/\/neuronup.com\/br\/wp-content\/uploads\/2024\/10\/icone-contato.webp 101w\" sizes=\"(max-width: 101px) 100vw, 101px\" \/><\/figure>\n<\/div>\n\n\n<h1 class=\"wp-block-heading has-text-align-center\">Contato<\/h1>\n\n\n\n<p class=\"has-text-align-center has-xxl-margin-bottom\">N\u00e3o hesite em ligar ou enviar um e-mail se voc\u00ea tiver qualquer pergunta.<br>A equipe NeuronUP ter\u00e1 prazer em ajudar voc\u00ea.<\/p>\n\n\n\n<div class=\"wp-block-columns alignwide is-layout-flex wp-container-core-columns-is-layout-9d6595d7 wp-block-columns-is-layout-flex\">\n<div class=\"wp-block-column testimonial-block p-3 br-0101 is-layout-flow wp-block-column-is-layout-flow\">\n<h2 class=\"wp-block-heading has-text-align-center has-xl-font-size has-xl-margin-top\">Vendas<\/h2>\n\n\n\n<p>Tire suas d\u00favidas, saiba mais sobre a NeuronUP ou agende uma reuni\u00e3o via Zoom para aprender como usar nossa plataforma.<\/p>\n\n\n\n<p class=\"has-text-align-center has-primary-color has-text-color\"><a href=\"tel:5511952130566\" data-type=\"tel\" data-id=\"tel:551195213-0566\">+55 (11) 95213-0566<\/a><\/p>\n\n\n\n<p class=\"has-text-align-center has-primary-color has-text-color\"><span itemprop=\"telephone\" content=\"+19295791273\"><a href=\"tel:553122980062\">+55 <strong>31 2298-0062<\/strong><\/a><\/span><\/p>\n\n\n\n<p class=\"has-text-align-center has-primary-color has-text-color\"><span itemprop=\"telephone\" content=\"+19295791273\"><a href=\"tel:351300305019\" data-type=\"tel\" data-id=\"tel:351300305019\">+35 <strong>1300 305 019<\/strong><\/a><\/span><\/p>\n\n\n\n<div class=\"wp-block-buttons is-content-justification-center is-layout-flex wp-container-core-buttons-is-layout-16018d1d wp-block-buttons-is-layout-flex\">\n<div class=\"wp-block-button orange-button\" style=\"--button-background:var(--color-custom-1);--button-background-hover:#cc7e00;\"><a class=\"wp-block-button__link button   wp-element-button\" href=\"mailto:neuronup.br@neuronup.com\">Envie um e-mail<\/a><\/div>\n\n<\/div>\n<\/div>\n\n\n\n<div class=\"wp-block-column testimonial-block p-3 br-0101 is-layout-flow wp-block-column-is-layout-flow\">\n<h2 class=\"wp-block-heading has-text-align-center has-xl-font-size has-xl-margin-top\">Suporte<\/h2>\n\n\n\n<p>Est\u00e1 tendo dificuldades t\u00e9cnicas ou tem d\u00favidas sobre como a NeuronUP funciona? N\u00f3s podemos ajudar.<\/p>\n\n\n\n<div class=\"wp-block-buttons is-content-justification-center is-layout-flex wp-container-core-buttons-is-layout-16018d1d wp-block-buttons-is-layout-flex\">\n<div class=\"wp-block-button orange-button\" style=\"--button-background:var(--color-custom-1);--button-background-hover:#cc7e00;\"><a class=\"wp-block-button__link button   wp-element-button\" href=\"mailto:neuronup.br@neuronup.com\" rel=\"intercom_link\">Envie um e-mail<\/a><\/div>\n\n<\/div>\n\n\n\n<div class=\"wp-block-buttons is-vertical is-content-justification-center is-layout-flex wp-container-core-buttons-is-layout-4b2eccd6 wp-block-buttons-is-layout-flex\">\n<div class=\"wp-block-button\"><a class=\"wp-block-button__link button button-link wp-element-button\" href=\"https:\/\/neuronup.com\/br\/faqs-ajuda-neuronup\/\">Visite o centro de ajuda<\/a><\/div>\n\n\n\n<div class=\"wp-block-button\"><a class=\"wp-block-button__link button button-link wp-element-button\" href=\"https:\/\/neuronup.com\/br\/faq\/\">Veja as FAQs<\/a><\/div>\n<\/div>\n<\/div>\n\n\n\n<div class=\"wp-block-column testimonial-block p-3 br-0101 is-layout-flow wp-block-column-is-layout-flow\">\n<h2 class=\"wp-block-heading has-text-align-center has-xl-font-size has-xl-margin-top\">Faturamento<\/h2>\n\n\n\n<p>Se voc\u00ea precisar fazer qualquer altera\u00e7\u00e3o na sua fatura ou teve algum problema com o faturamento, avise-nos e iremos ajudar.<\/p>\n\n\n\n<p class=\"has-text-align-center has-primary-color has-text-color\"><span itemprop=\"telephone\" content=\"+19295791273\"><a href=\"tel:5511978233443\">+55 <strong>(11) 97823-3443<\/strong><\/a><\/span><\/p>\n\n\n\n<p class=\"has-text-align-center has-primary-color has-text-color\"><span itemprop=\"telephone\" content=\"+19295791273\"><a href=\"tel:556131426784\">+55 <strong>61 3142 6784<\/strong><\/a><\/span><\/p>\n\n\n\n<p class=\"has-text-align-center has-primary-color has-text-color\"><span itemprop=\"telephone\" content=\"+19295791273\"><a href=\"tel:351300305019\" data-type=\"tel\" data-id=\"tel:351300305019\">+35 <strong>1300 305 019<\/strong><\/a><\/span><\/p>\n\n\n\n<div class=\"wp-block-buttons is-content-justification-center is-layout-flex wp-container-core-buttons-is-layout-16018d1d wp-block-buttons-is-layout-flex\">\n<div class=\"wp-block-button orange-button\" style=\"--button-background:var(--color-custom-1);--button-background-hover:#cc7e00;\"><a class=\"wp-block-button__link button   wp-element-button\" href=\"mailto:neuronup.br@neuronup.com\">Envie um e-mail<\/a><\/div>\n\n<\/div>\n\n\n\n<div class=\"wp-block-buttons is-content-justification-center is-layout-flex wp-container-core-buttons-is-layout-16018d1d wp-block-buttons-is-layout-flex\">\n<div class=\"wp-block-button\"><a class=\"wp-block-button__link button button-link wp-element-button\" href=\"mailto:neuronup.br@neuronup.com\">neuronup.br@neuronup.com<\/a><\/div>\n<\/div>\n<\/div>\n\n\n\n<div class=\"wp-block-column testimonial-block p-3 br-0101 is-layout-flow wp-block-column-is-layout-flow\">\n<h2 class=\"wp-block-heading has-text-align-center has-xl-font-size has-xl-margin-top\">Sugest\u00f5es<\/h2>\n\n\n\n<p>Juntos, fazemos a NeuronUP crescer. Se voc\u00ea criou uma atividade manualmente para seus pacientes e gostaria que a digitaliz\u00e1ssemos, entre em contato e analisaremos a possibilidade de adicion\u00e1-la \u00e0 plataforma.<\/p>\n\n\n\n<div class=\"wp-block-buttons is-content-justification-center is-layout-flex wp-container-core-buttons-is-layout-16018d1d wp-block-buttons-is-layout-flex\">\n<div class=\"wp-block-button\"><a class=\"wp-block-button__link button button-link wp-element-button\" href=\"mailto:suggestions@neuronup.com\">suggestions@neuronup.com<\/a><\/div>\n<\/div>\n<\/div>\n<\/div>\n\n\n\n<div style=\"height:60px\" aria-hidden=\"true\" class=\"wp-block-spacer\"><\/div>\n\n\n\n<div class=\"wp-block-columns alignwide anims-fadein-up is-layout-flex wp-container-core-columns-is-layout-9d6595d7 wp-block-columns-is-layout-flex\">\n<div class=\"wp-block-column br-0111 p-5 particle-bg has-primary-background-color has-background is-layout-flow wp-block-column-is-layout-flow\">\n<h2 class=\"wp-block-heading has-white-color has-text-color\">Solicitar Informa\u00e7\u00f5es<\/h2>\n\n\n\n<p class=\"has-white-color has-text-color\"><strong>Quer saber mais sobre a NeuronUP?<\/strong><br>Preencha nosso formul\u00e1rio e nossa equipe entrar\u00e1 em contato.<\/p>\n\n\n\n<div class=\"wp-block-buttons is-layout-flex wp-block-buttons-is-layout-flex\">\n<div class=\"wp-block-button--1\" style=\"--button-outline-color:var(--color-white);--button-outline-color-hover:rgba(0,0,0,0.8);\"><a class=\"wp-block-button__link button button-outline   wp-element-button\" href=\"https:\/\/neuronup.com\/br\/solicitacao-informacao\/\">Solicita\u00e7\u00e3o de informa\u00e7\u00e3o<\/a><\/div>\n\n<\/div>\n<\/div>\n\n\n\n<div class=\"wp-block-column br-0111 p-5 particle-bg has-primary-background-color has-background is-layout-flow wp-block-column-is-layout-flow\">\n<h2 class=\"wp-block-heading has-white-color has-text-color\">Converse Conosco<\/h2>\n\n\n\n<p class=\"has-white-color has-text-color\">Se voc\u00ea tiver outras d\u00favidas, entre em contato.<br>Teremos prazer em respond\u00ea-las!<\/p>\n\n\n\n<div class=\"wp-block-buttons is-layout-flex wp-block-buttons-is-layout-flex\">\n<div class=\"wp-block-button--2\" style=\"--button-outline-color:var(--color-white);--button-outline-color-hover:rgba(0,0,0,0.8);\"><a class=\"wp-block-button__link button button-outline   wp-element-button\">Converse agora<\/a><\/div>\n\n<\/div>\n<\/div>\n<\/div>\n\n\n\n<h2 class=\"wp-block-heading has-text-align-center anims-fadein-up has-xxxxl-margin-top has-xl-margin-bottom\">Te atendemos desde<\/h2>\n\n\n\n<div id=\"map\" class=\"anims-fadein-up br-0101 alignwide\"><\/div>\n\n\n\n<div style=\"height:100px\" aria-hidden=\"true\" class=\"wp-block-spacer\"><\/div>\n","protected":false},"excerpt":{"rendered":"<p>Contato N\u00e3o hesite em ligar ou enviar um e-mail se voc\u00ea tiver qualquer pergunta.A equipe NeuronUP ter\u00e1 prazer em ajudar voc\u00ea. Vendas Tire suas d\u00favidas, saiba mais sobre a NeuronUP ou agende uma reuni\u00e3o via Zoom para aprender como usar nossa plataforma. +55 (11) 95213-0566 +55 31 2298-0062 +35 1300 305 019 Suporte Est\u00e1 tendo &hellip;<\/p>\n","protected":false},"author":1,"featured_media":0,"parent":0,"menu_order":0,"comment_status":"closed","ping_status":"closed","template":"","meta":{"_acf_changed":false,"_genesis_hide_title":false,"_genesis_hide_breadcrumbs":false,"_genesis_hide_singular_image":false,"_genesis_hide_footer_widgets":false,"_genesis_custom_body_class":"","_genesis_custom_post_class":"","_genesis_layout":"wide-content","footnotes":""},"class_list":{"1":"page","2":"type-page","5":"entry"},"acf":[],"_links":{"self":[{"href":"https:\/\/neuronup.com\/br\/wp-json\/wp\/v2\/pages\/32579","targetHints":{"allow":["GET"]}}],"collection":[{"href":"https:\/\/neuronup.com\/br\/wp-json\/wp\/v2\/pages"}],"about":[{"href":"https:\/\/neuronup.com\/br\/wp-json\/wp\/v2\/types\/page"}],"author":[{"embeddable":true,"href":"https:\/\/neuronup.com\/br\/wp-json\/wp\/v2\/users\/1"}],"replies":[{"embeddable":true,"href":"https:\/\/neuronup.com\/br\/wp-json\/wp\/v2\/comments?post=32579"}],"version-history":[{"count":0,"href":"https:\/\/neuronup.com\/br\/wp-json\/wp\/v2\/pages\/32579\/revisions"}],"wp:attachment":[{"href":"https:\/\/neuronup.com\/br\/wp-json\/wp\/v2\/media?parent=32579"}],"curies":[{"name":"wp","href":"https:\/\/api.w.org\/{rel}","templated":true}]}}