{"id":32560,"date":"2024-10-31T15:46:30","date_gmt":"2024-10-31T13:46:30","guid":{"rendered":"https:\/\/neuronup.com\/br\/?page_id=32560"},"modified":"2026-03-13T11:16:05","modified_gmt":"2026-03-13T09:16:05","slug":"atividades-da-vida-diaria-avds","status":"publish","type":"page","link":"https:\/\/neuronup.com\/br\/areas-de-intervencao\/atividades-da-vida-diaria-avds\/","title":{"rendered":"Atividades da vida di\u00e1ria (AVDs)"},"content":{"rendered":"\n<div class=\"wp-block-group alignfull has-custom-12-background-color has-background has-light-background has-md-padding-top has-md-padding-bottom\"><div class=\"wp-block-group__inner-container is-layout-constrained wp-block-group-is-layout-constrained\"><div class=\"wp-block-image\">\n<figure class=\"aligncenter size-large\"><img decoding=\"async\" width=\"92\" height=\"92\" src=\"https:\/\/neuronup.com\/br\/wp-content\/uploads\/2024\/10\/icon-pessoa.svg\" alt=\"Pessoa\" class=\"wp-image-31546\"><\/figure>\n<\/div>\n\n\n<h1 class=\"wp-block-heading has-text-align-center\">Atividades da vida di\u00e1ria (AVDs)<\/h1>\n\n\n\n<p>Tamb\u00e9m chamadas de &#8220;\u00e1reas de ocupa\u00e7\u00e3o&#8221;, as ADLs incluem todas as atividades da vida di\u00e1ria que t\u00eam valor e significado particular para uma pessoa, al\u00e9m de um prop\u00f3sito.<\/p>\n<\/div><\/div>\n\n\n\n\n<h2 class=\"wp-block-heading\">Tipos de atividades da vida di\u00e1ria<\/h2>\n\n\n\n<p class=\"has-lg-font-size has-xxxl-margin-bottom\">As ocupa\u00e7\u00f5es s\u00e3o centrais para a identidade e as habilidades de uma pessoa e influenciam a forma como ela utiliza seu tempo e toma decis\u00f5es.<\/p>\n\n\n\n<div class=\"wp-block-columns is-layout-flex wp-container-core-columns-is-layout-9d6595d7 wp-block-columns-is-layout-flex\">\n<div class=\"wp-block-column p-3 is-layout-flow wp-block-column-is-layout-flow\"><div class=\"wp-block-image\">\n<figure class=\"aligncenter size-full\"><img decoding=\"async\" width=\"100\" height=\"100\" src=\"https:\/\/neuronup.com\/br\/wp-content\/uploads\/2024\/10\/icone-atividades-basicas.webp\" alt=\"Dois \u00edcones azuis, um chuveiro liberando gotas e um pente, em fundo preto, representando higiene e cuidados com o cabelo.\" class=\"wp-image-32563\" srcset=\"https:\/\/neuronup.com\/br\/wp-content\/uploads\/2024\/10\/icone-atividades-basicas-24x24.webp 24w, https:\/\/neuronup.com\/br\/wp-content\/uploads\/2024\/10\/icone-atividades-basicas-48x48.webp 48w, https:\/\/neuronup.com\/br\/wp-content\/uploads\/2024\/10\/icone-atividades-basicas-80x80.webp 80w, https:\/\/neuronup.com\/br\/wp-content\/uploads\/2024\/10\/icone-atividades-basicas-96x96.webp 96w, https:\/\/neuronup.com\/br\/wp-content\/uploads\/2024\/10\/icone-atividades-basicas.webp 100w\" sizes=\"(max-width: 100px) 100vw, 100px\" \/><\/figure>\n<\/div>\n\n\n<h3 class=\"wp-block-heading has-text-align-center\">Atividades b\u00e1sicas<\/h3>\n\n\n\n<p>S\u00e3o atividades diretamente relacionadas com o cuidado do pr\u00f3prio corpo.<\/p>\n\n\n\n<ul class=\"wp-block-list\">\n<li>Banho \/ ducha.<\/li>\n\n\n\n<li>Controle de esf\u00edncteres.<\/li>\n\n\n\n<li>Vestir-se.<\/li>\n\n\n\n<li>Comer.<\/li>\n\n\n\n<li>Alimenta\u00e7\u00e3o.<\/li>\n\n\n\n<li>Mobilidade funcional.<\/li>\n\n\n\n<li>Cuidado das ajudas t\u00e9cnicas pessoais.<\/li>\n\n\n\n<li>Higiene e cuidado pessoal.<\/li>\n\n\n\n<li>Atividade sexual.<\/li>\n\n\n\n<li>Dormir \/ descansar.<\/li>\n\n\n\n<li>Higiene no banheiro\/vaso sanit\u00e1rio.<\/li>\n<\/ul>\n<\/div>\n\n\n\n<div class=\"wp-block-column br-0101 p-3 has-alt-background-color has-background is-layout-flow wp-block-column-is-layout-flow\"><div class=\"wp-block-image\">\n<figure class=\"aligncenter size-full\"><img decoding=\"async\" width=\"100\" height=\"100\" src=\"https:\/\/neuronup.com\/br\/wp-content\/uploads\/2024\/10\/icone-atividades-instrumentais.webp\" alt=\"Duplo \u00edcone azul: panela com vapor e esp\u00e1tula\/concha sobre fundo preto, representando atividades instrumentais culin\u00e1rias.\" class=\"wp-image-32564\" srcset=\"https:\/\/neuronup.com\/br\/wp-content\/uploads\/2024\/10\/icone-atividades-instrumentais-24x24.webp 24w, https:\/\/neuronup.com\/br\/wp-content\/uploads\/2024\/10\/icone-atividades-instrumentais-48x48.webp 48w, https:\/\/neuronup.com\/br\/wp-content\/uploads\/2024\/10\/icone-atividades-instrumentais-80x80.webp 80w, https:\/\/neuronup.com\/br\/wp-content\/uploads\/2024\/10\/icone-atividades-instrumentais-96x96.webp 96w, https:\/\/neuronup.com\/br\/wp-content\/uploads\/2024\/10\/icone-atividades-instrumentais.webp 100w\" sizes=\"(max-width: 100px) 100vw, 100px\" \/><\/figure>\n<\/div>\n\n\n<h3 class=\"wp-block-heading has-text-align-center\">Atividades instrumentais<\/h3>\n\n\n\n<p>S\u00e3o atividades relacionadas com o meio no qual se vive e geralmente s\u00e3o atividades complexas. Podem ser opcionais, podendo ser desenvolvidas por outras pessoas.<\/p>\n\n\n\n<ul class=\"wp-block-list\">\n<li>Cuidar de um animal de estima\u00e7\u00e3o.<\/li>\n\n\n\n<li>Cuidar dos filhos.<\/li>\n\n\n\n<li>Usar os sistemas de comunica\u00e7\u00e3o.<\/li>\n\n\n\n<li>Mobilidade na comunidade.<\/li>\n\n\n\n<li>Controle financeiro.<\/li>\n\n\n\n<li>Cuidado da sa\u00fade e manuten\u00e7\u00e3o.<\/li>\n\n\n\n<li>Cuidar e manter um lar.<\/li>\n\n\n\n<li>Prepara\u00e7\u00e3o da comida e limpeza.<\/li>\n\n\n\n<li>Procedimentos de seguran\u00e7a e respostas de emerg\u00eancia.<\/li>\n\n\n\n<li>Fazer compras.<\/li>\n<\/ul>\n<\/div>\n\n\n\n<div class=\"wp-block-column p-3 is-layout-flow wp-block-column-is-layout-flow\"><div class=\"wp-block-image\">\n<figure class=\"aligncenter size-full\"><img decoding=\"async\" width=\"100\" height=\"101\" src=\"https:\/\/neuronup.com\/br\/wp-content\/uploads\/2024\/10\/icone-educacao.webp\" alt=\"Chap\u00e9u de formatura azul (mortarboard) com borla pendente, formato quadrado, visto de frente contra fundo escuro.\" class=\"wp-image-32565\" srcset=\"https:\/\/neuronup.com\/br\/wp-content\/uploads\/2024\/10\/icone-educacao-24x24.webp 24w, https:\/\/neuronup.com\/br\/wp-content\/uploads\/2024\/10\/icone-educacao-48x48.webp 48w, https:\/\/neuronup.com\/br\/wp-content\/uploads\/2024\/10\/icone-educacao-80x80.webp 80w, https:\/\/neuronup.com\/br\/wp-content\/uploads\/2024\/10\/icone-educacao-96x96.webp 96w, https:\/\/neuronup.com\/br\/wp-content\/uploads\/2024\/10\/icone-educacao.webp 100w\" sizes=\"(max-width: 100px) 100vw, 100px\" \/><\/figure>\n<\/div>\n\n\n<h3 class=\"wp-block-heading has-text-align-center\">Educa\u00e7\u00e3o<\/h3>\n\n\n\n<p>S\u00e3o as atividades necess\u00e1rias para ser um estudante e participar no meio educativo.<\/p>\n\n\n\n<ul class=\"wp-block-list\">\n<li>Participa\u00e7\u00e3o na educa\u00e7\u00e3o formal.<\/li>\n\n\n\n<li>Explorar as necessidades ou interesses pessoais na educa\u00e7\u00e3o.<\/li>\n\n\n\n<li>Participa\u00e7\u00e3o pessoal na educa\u00e7\u00e3o informal.<\/li>\n<\/ul>\n<\/div>\n<\/div>\n\n\n\n<div style=\"height:60px\" aria-hidden=\"true\" class=\"wp-block-spacer\"><\/div>\n\n\n\n<div class=\"wp-block-columns is-layout-flex wp-container-core-columns-is-layout-9d6595d7 wp-block-columns-is-layout-flex\">\n<div class=\"wp-block-column p-3 is-layout-flow wp-block-column-is-layout-flow\"><div class=\"wp-block-image\">\n<figure class=\"aligncenter size-full\"><img decoding=\"async\" width=\"100\" height=\"101\" src=\"https:\/\/neuronup.com\/br\/wp-content\/uploads\/2024\/10\/icone-trabalho.webp\" alt=\"Figura estilizada em azul segurando uma p\u00e1, em posi\u00e7\u00e3o ativa como se estivesse cavando, sobre fundo preto.\" class=\"wp-image-32566\" srcset=\"https:\/\/neuronup.com\/br\/wp-content\/uploads\/2024\/10\/icone-trabalho-24x24.webp 24w, https:\/\/neuronup.com\/br\/wp-content\/uploads\/2024\/10\/icone-trabalho-48x48.webp 48w, https:\/\/neuronup.com\/br\/wp-content\/uploads\/2024\/10\/icone-trabalho-80x80.webp 80w, https:\/\/neuronup.com\/br\/wp-content\/uploads\/2024\/10\/icone-trabalho-96x96.webp 96w, https:\/\/neuronup.com\/br\/wp-content\/uploads\/2024\/10\/icone-trabalho.webp 100w\" sizes=\"(max-width: 100px) 100vw, 100px\" \/><\/figure>\n<\/div>\n\n\n<h3 class=\"wp-block-heading has-text-align-center\">Trabalho<\/h3>\n\n\n\n<p>S\u00e3o as atividades necess\u00e1rias para conseguir um emprego remunerado ou atividades como volunt\u00e1rio.<\/p>\n\n\n\n<ul class=\"wp-block-list\">\n<li>Interesse em procurar emprego.<\/li>\n\n\n\n<li>Procurar e conseguir um emprego.<\/li>\n\n\n\n<li>Desempenho no trabalho.<\/li>\n\n\n\n<li>Prepara\u00e7\u00e3o para a aposentadoria.<\/li>\n\n\n\n<li>Explorar ao realizar um voluntariado.<\/li>\n\n\n\n<li>Participa\u00e7\u00e3o volunt\u00e1ria.<\/li>\n<\/ul>\n<\/div>\n\n\n\n<div class=\"wp-block-column br-0101 p-3 has-alt-background-color has-background is-layout-flow wp-block-column-is-layout-flow\"><div class=\"wp-block-image\">\n<figure class=\"aligncenter size-full is-resized\"><img decoding=\"async\" width=\"100\" height=\"101\" src=\"https:\/\/neuronup.com\/br\/wp-content\/uploads\/2024\/10\/icone-jogar.webp\" alt=\"Bola de futebol estilizada em azul com hex\u00e1gonos e pent\u00e1gonos, fundo preto, transmitindo tema de jogo ou atividade l\u00fadica.\" class=\"wp-image-32567\" style=\"width:100px;height:auto\" srcset=\"https:\/\/neuronup.com\/br\/wp-content\/uploads\/2024\/10\/icone-jogar-24x24.webp 24w, https:\/\/neuronup.com\/br\/wp-content\/uploads\/2024\/10\/icone-jogar-48x48.webp 48w, https:\/\/neuronup.com\/br\/wp-content\/uploads\/2024\/10\/icone-jogar-80x80.webp 80w, https:\/\/neuronup.com\/br\/wp-content\/uploads\/2024\/10\/icone-jogar-96x96.webp 96w, https:\/\/neuronup.com\/br\/wp-content\/uploads\/2024\/10\/icone-jogar.webp 100w\" sizes=\"(max-width: 100px) 100vw, 100px\" \/><\/figure>\n<\/div>\n\n\n<h3 class=\"wp-block-heading has-text-align-center\">Jogos<\/h3>\n\n\n\n<p>S\u00e3o as atividades espont\u00e2neas ou organizadas que permitem o desfrute, entretenimento, passatempo e divers\u00e3o.<\/p>\n\n\n\n<ul class=\"wp-block-list\">\n<li>Explora\u00e7\u00e3o do jogo.<\/li>\n\n\n\n<li>Jogos de participa\u00e7\u00e3o.<\/li>\n<\/ul>\n<\/div>\n<\/div>\n\n\n\n<div class=\"wp-block-columns is-layout-flex wp-container-core-columns-is-layout-9d6595d7 wp-block-columns-is-layout-flex\">\n<div class=\"wp-block-column br-0101 p-3 has-alt-background-color has-background is-layout-flow wp-block-column-is-layout-flow\"><div class=\"wp-block-image\">\n<figure class=\"aligncenter size-full\"><img decoding=\"async\" width=\"100\" height=\"101\" src=\"https:\/\/neuronup.com\/br\/wp-content\/uploads\/2024\/10\/icone-lazer.webp\" alt=\"\u00cdcones estilizados em azul: coquetel com fatia de lim\u00e3o e claquete de cinema sobre fundo preto, sugerindo lazer.\" class=\"wp-image-32568\" srcset=\"https:\/\/neuronup.com\/br\/wp-content\/uploads\/2024\/10\/icone-lazer-24x24.webp 24w, https:\/\/neuronup.com\/br\/wp-content\/uploads\/2024\/10\/icone-lazer-48x48.webp 48w, https:\/\/neuronup.com\/br\/wp-content\/uploads\/2024\/10\/icone-lazer-80x80.webp 80w, https:\/\/neuronup.com\/br\/wp-content\/uploads\/2024\/10\/icone-lazer-96x96.webp 96w, https:\/\/neuronup.com\/br\/wp-content\/uploads\/2024\/10\/icone-lazer.webp 100w\" sizes=\"(max-width: 100px) 100vw, 100px\" \/><\/figure>\n<\/div>\n\n\n<h3 class=\"wp-block-heading has-text-align-center\">Tempo livre<\/h3>\n\n\n\n<p>S\u00e3o as atividades n\u00e3o obrigat\u00f3rias, escolhidas voluntariamente e desempenhadas durante um tempo que n\u00e3o entre em conflito com as ocupa\u00e7\u00f5es obrigat\u00f3rias como trabalhar, realizar o cuidado pessoal, dormir, etc.<\/p>\n\n\n\n<ul class=\"wp-block-list\">\n<li>Explora\u00e7\u00e3o do tempo livre.<\/li>\n\n\n\n<li>Prepara\u00e7\u00e3o para o lazer.<\/li>\n<\/ul>\n<\/div>\n\n\n\n<div class=\"wp-block-column p-3 is-layout-flow wp-block-column-is-layout-flow\"><div class=\"wp-block-image\">\n<figure class=\"aligncenter size-full\"><img decoding=\"async\" width=\"100\" height=\"100\" src=\"https:\/\/neuronup.com\/br\/wp-content\/uploads\/2024\/10\/icone-participacao-social.webp\" alt=\"Conjunto de \u00edcones de figuras humanas em azul sobre fundo preto, com bengala indicando acessibilidade e participa\u00e7\u00e3o social.\" class=\"wp-image-32569\" srcset=\"https:\/\/neuronup.com\/br\/wp-content\/uploads\/2024\/10\/icone-participacao-social-24x24.webp 24w, https:\/\/neuronup.com\/br\/wp-content\/uploads\/2024\/10\/icone-participacao-social-48x48.webp 48w, https:\/\/neuronup.com\/br\/wp-content\/uploads\/2024\/10\/icone-participacao-social-80x80.webp 80w, https:\/\/neuronup.com\/br\/wp-content\/uploads\/2024\/10\/icone-participacao-social-96x96.webp 96w, https:\/\/neuronup.com\/br\/wp-content\/uploads\/2024\/10\/icone-participacao-social.webp 100w\" sizes=\"(max-width: 100px) 100vw, 100px\" \/><\/figure>\n<\/div>\n\n\n<h3 class=\"wp-block-heading has-text-align-center\">Participa\u00e7\u00e3o social<\/h3>\n\n\n\n<p>S\u00e3o as atividades relacionadas com a organiza\u00e7\u00e3o de padr\u00f5es de comportamento que s\u00e3o caracter\u00edsticos e esperados em uma intera\u00e7\u00e3o individual ou coletiva, dentro de um determinado sistema social.<\/p>\n\n\n\n<ul class=\"wp-block-list\">\n<li>Comunit\u00e1rio<\/li>\n\n\n\n<li>Familiar<\/li>\n\n\n\n<li>Colegas \/ amigos<\/li>\n<\/ul>\n<\/div>\n<\/div>\n\n\n\n<div style=\"height:100px\" aria-hidden=\"true\" class=\"wp-block-spacer\"><\/div>\n\n\n\n<div class=\"wp-block-columns are-vertically-aligned-top is-layout-flex wp-container-core-columns-is-layout-9d6595d7 wp-block-columns-is-layout-flex\">\n<div class=\"wp-block-column is-vertically-aligned-top is-layout-flow wp-block-column-is-layout-flow\">\n<figure class=\"wp-block-video aligncenter image-interface\"><video height=\"600\" style=\"aspect-ratio: 1200 \/ 600;\" width=\"1200\" autoplay loop muted src=\"https:\/\/neuronup.com\/br\/wp-content\/uploads\/2026\/02\/Atividade-da-NeuronUP-Vista-se-mulher-Vistete-mujer.webm\" playsinline><\/video><figcaption class=\"wp-element-caption\">NeuronUP Activity: Vista-se (mulher).<\/figcaption><\/figure>\n<\/div>\n\n\n\n<div class=\"wp-block-column is-vertically-aligned-top is-layout-flow wp-block-column-is-layout-flow\">\n<figure class=\"wp-block-video aligncenter image-interface\"><video height=\"600\" style=\"aspect-ratio: 1200 \/ 600;\" width=\"1200\" autoplay loop muted src=\"https:\/\/neuronup.com\/br\/wp-content\/uploads\/2026\/02\/Atividade-da-NeuronUP-Arrume-a-cozinha-Ordena-la-cocina.webm\" playsinline><\/video><figcaption class=\"wp-element-caption\">NeuronUP Activity: Arrume a cozinha.<\/figcaption><\/figure>\n<\/div>\n\n\n\n<div class=\"wp-block-column is-vertically-aligned-top is-layout-flow wp-block-column-is-layout-flow\">\n<figure class=\"wp-block-video aligncenter image-interface\"><video height=\"600\" style=\"aspect-ratio: 1200 \/ 600;\" width=\"1200\" autoplay loop muted src=\"https:\/\/neuronup.com\/br\/wp-content\/uploads\/2026\/02\/Atividade-da-NeuronUP-Recicle-seu-lixo-Recicla-tu-basura.webm\" playsinline><\/video><figcaption class=\"wp-element-caption\">NeuronUP Activity: Recicle seu lixo.<\/figcaption><\/figure>\n<\/div>\n<\/div>\n\n\n\n<div style=\"height:100px\" aria-hidden=\"true\" class=\"wp-block-spacer\"><\/div>\n\n\n<div class=\"wp-block-image image-interface\">\n<figure class=\"aligncenter size-full is-resized\"><img decoding=\"async\" width=\"1200\" height=\"979\" src=\"https:\/\/neuronup.com\/br\/wp-content\/uploads\/2026\/03\/ATIVIDADES-DA-VIDA-DIARIA-areas-de-Ocupacao.webp\" alt=\"ATIVIDADES DA VIDA DI\u00c1RIA - areas de Ocupa\u00e7\u00e3o\" class=\"wp-image-46714\" style=\"width:800px\" srcset=\"https:\/\/neuronup.com\/br\/wp-content\/uploads\/2026\/03\/ATIVIDADES-DA-VIDA-DIARIA-areas-de-Ocupacao-300x245.webp 300w, https:\/\/neuronup.com\/br\/wp-content\/uploads\/2026\/03\/ATIVIDADES-DA-VIDA-DIARIA-areas-de-Ocupacao-768x627.webp 768w, https:\/\/neuronup.com\/br\/wp-content\/uploads\/2026\/03\/ATIVIDADES-DA-VIDA-DIARIA-areas-de-Ocupacao-1024x835.webp 1024w, https:\/\/neuronup.com\/br\/wp-content\/uploads\/2026\/03\/ATIVIDADES-DA-VIDA-DIARIA-areas-de-Ocupacao.webp 1200w\" sizes=\"(max-width: 1200px) 100vw, 1200px\" \/><\/figure>\n<\/div>\n\n\n<div style=\"height:100px\" aria-hidden=\"true\" class=\"wp-block-spacer\"><\/div>\n\n\n\n<h3 class=\"wp-block-heading\">Not\u00edcias e artigos sobre Atividades da Vida Di\u00e1ria:<\/h3>\n\n\n<div class=\"mai-grid entries entries-grid has-boxed has-image-left-full\" style=\"--entry-title-font-size:var(--font-size-lg);--aspect-ratio:4\/3;--entry-image-link-max-width:25%;--align-text:start;--align-text-vertical:unset;--entry-meta-text-align:start;\"><div class=\"entries-wrap has-columns has-image-stack\" style=\"--columns-xs:1\/1;--columns-sm:1\/1;--columns-md:1\/1;--columns-lg:1\/1;--flex-xs:0 0 var(--flex-basis);--flex-sm:0 0 var(--flex-basis);--flex-md:0 0 var(--flex-basis);--flex-lg:0 0 var(--flex-basis);--column-gap:var(--spacing-lg);--row-gap:var(--spacing-lg);--align-columns:start;\"><article class=\"entry entry-grid is-column has-entry-link has-image has-image-first type-post category-atividades-da-vida-diaria-avds tag-atencao tag-atividades-da-vida-diaria tag-atividades-de-estimulacao-cognitiva tag-funcoes-executivas tag-memoria tag-orientacao\" style=\"--entry-index:1;\" aria-label=\"Atividades instrumentais da vida di\u00e1ria: o que s\u00e3o, tipos e exemplos\" itemscope itemtype=\"https:\/\/schema.org\/CreativeWork\"><a class=\"entry-image-link\" href=\"https:\/\/neuronup.com\/br\/atividades-de-neurorreabilitacao\/atividades-da-vida-diaria-avds\/atividades-instrumentais-da-vida-diaria-que-sao-tipos-e-exemplos\/\" tabindex=\"-1\" aria-hidden=\"true\"><img decoding=\"async\" width=\"400\" height=\"297\" src=\"https:\/\/neuronup.com\/br\/wp-content\/uploads\/2022\/06\/Actividades-instrumentales-de-la-vida-diaria.-Actividad-de-NeuronUP-Recicla-tu-basura-1.webp\" class=\"entry-image size-landscape-sm\" alt=\"\u00c1rea de descarte com quatro lixeiras coloridas para reciclagem (org\u00e2nico, papel\/cart\u00e3o, envases, vidro) em cen\u00e1rio urbano.\" srcset=\"https:\/\/neuronup.com\/br\/wp-content\/uploads\/2022\/06\/Actividades-instrumentales-de-la-vida-diaria.-Actividad-de-NeuronUP-Recicla-tu-basura-1-300x223.webp 300w, https:\/\/neuronup.com\/br\/wp-content\/uploads\/2022\/06\/Actividades-instrumentales-de-la-vida-diaria.-Actividad-de-NeuronUP-Recicla-tu-basura-1-768x570.webp 768w, https:\/\/neuronup.com\/br\/wp-content\/uploads\/2022\/06\/Actividades-instrumentales-de-la-vida-diaria.-Actividad-de-NeuronUP-Recicla-tu-basura-1.webp 879w\" sizes=\"(max-width:599px) 599px, (min-width:600px) and (max-width: 799px) 199.75px, (min-width:800px) and (max-width: 999px) 249.75px, (min-width:1000px) 300px\" \/><\/a><div class=\"entry-wrap entry-wrap-grid\"><h3 class=\"entry-title\" itemprop=\"headline\"><a class=\"entry-title-link\" href=\"https:\/\/neuronup.com\/br\/atividades-de-neurorreabilitacao\/atividades-da-vida-diaria-avds\/atividades-instrumentais-da-vida-diaria-que-sao-tipos-e-exemplos\/\" rel=\"bookmark\">Atividades instrumentais da vida di\u00e1ria: o que s\u00e3o, tipos e exemplos<\/a><\/h3>\n<div class=\"entry-excerpt\"><p>As atividades da vida di\u00e1ria s\u00e3o aquelas que aumentam a independ\u00eancia da pessoa e sua adapta\u00e7\u00e3o ao ambiente. Certamente, existem tr\u00eas tipos:&nbsp;b\u00e1sicas, instrumentais e avan\u00e7adas. O que s\u00e3o as atividades instrumentais da vida di\u00e1ria? Estas s\u00e3o atividades orientadas para a intera\u00e7\u00e3o com o meio que, muitas vezes, s\u00e3o complexas e, geralmente, opcionais, pois podem ser &hellip;<\/p>\n<\/div><div class=\"entry-more\"><a class=\"entry-more-link button button-secondary button-small\" href=\"https:\/\/neuronup.com\/br\/atividades-de-neurorreabilitacao\/atividades-da-vida-diaria-avds\/atividades-instrumentais-da-vida-diaria-que-sao-tipos-e-exemplos\/\">Leia o artigo completo<span class=\"screen-reader-text\">Atividades instrumentais da vida di\u00e1ria: o que s\u00e3o, tipos e exemplos<\/span><\/a><\/div><\/div><\/article><article class=\"entry entry-grid is-column has-entry-link has-image has-image-first type-post category-atividades-da-vida-diaria-avds tag-atividades-da-vida-diaria-avds tag-atividades-de-estimulacao-cognitiva\" style=\"--entry-index:2;\" aria-label=\"Atividades da Vida Di\u00e1ria (AVDs): defini\u00e7\u00e3o, classifica\u00e7\u00e3o e exerc\u00edcios\" itemscope itemtype=\"https:\/\/schema.org\/CreativeWork\"><a class=\"entry-image-link\" href=\"https:\/\/neuronup.com\/br\/atividades-de-neurorreabilitacao\/atividades-da-vida-diaria-avds\/atividades-da-vida-diaria-avds-definicao-classificacao-e-exercicios\/\" tabindex=\"-1\" aria-hidden=\"true\"><img decoding=\"async\" width=\"400\" height=\"300\" src=\"https:\/\/neuronup.com\/br\/wp-content\/uploads\/2021\/08\/NeuronUP-Jogo-Passo-a-passo-400x300.webp\" class=\"entry-image size-landscape-sm\" alt=\"Sequ\u00eancia de 6 quadrinhos com Daniel preparando-se para escovar os dentes: passo a passo, com p\u00f4ster educativo e tom l\u00fadico.\" srcset=\"https:\/\/neuronup.com\/br\/wp-content\/uploads\/2021\/08\/NeuronUP-Jogo-Passo-a-passo-300x225.webp 300w, https:\/\/neuronup.com\/br\/wp-content\/uploads\/2021\/08\/NeuronUP-Jogo-Passo-a-passo-400x300.webp 400w, https:\/\/neuronup.com\/br\/wp-content\/uploads\/2021\/08\/NeuronUP-Jogo-Passo-a-passo-768x576.webp 768w, https:\/\/neuronup.com\/br\/wp-content\/uploads\/2021\/08\/NeuronUP-Jogo-Passo-a-passo-800x600.webp 800w, https:\/\/neuronup.com\/br\/wp-content\/uploads\/2021\/08\/NeuronUP-Jogo-Passo-a-passo-1024x768.webp 1024w, https:\/\/neuronup.com\/br\/wp-content\/uploads\/2021\/08\/NeuronUP-Jogo-Passo-a-passo.webp 1200w\" sizes=\"(max-width:599px) 599px, (min-width:600px) and (max-width: 799px) 199.75px, (min-width:800px) and (max-width: 999px) 249.75px, (min-width:1000px) 300px\" \/><\/a><div class=\"entry-wrap entry-wrap-grid\"><h3 class=\"entry-title\" itemprop=\"headline\"><a class=\"entry-title-link\" href=\"https:\/\/neuronup.com\/br\/atividades-de-neurorreabilitacao\/atividades-da-vida-diaria-avds\/atividades-da-vida-diaria-avds-definicao-classificacao-e-exercicios\/\" rel=\"bookmark\">Atividades da Vida Di\u00e1ria (AVDs): defini\u00e7\u00e3o, classifica\u00e7\u00e3o e exerc\u00edcios<\/a><\/h3>\n<div class=\"entry-excerpt\"><p>Voc\u00ea sabe quais s\u00e3o as Atividades da vida di\u00e1ria? Voc\u00ea sabe qual \u00e9 a diferen\u00e7a entre as atividades b\u00e1sicas e instrumentais das atividades da vida di\u00e1ria? Sabe como se trabalha as AVDs? Na publica\u00e7\u00e3o de hoje, explicamos quais s\u00e3o as Atividades da vida di\u00e1ria e sua classifica\u00e7\u00e3o (b\u00e1sicas, instrumentais e as diferentes atividades avan\u00e7adas da &hellip;<\/p>\n<\/div><div class=\"entry-more\"><a class=\"entry-more-link button button-secondary button-small\" href=\"https:\/\/neuronup.com\/br\/atividades-de-neurorreabilitacao\/atividades-da-vida-diaria-avds\/atividades-da-vida-diaria-avds-definicao-classificacao-e-exercicios\/\">Leia o artigo completo<span class=\"screen-reader-text\">Atividades da Vida Di\u00e1ria (AVDs): defini\u00e7\u00e3o, classifica\u00e7\u00e3o e exerc\u00edcios<\/span><\/a><\/div><\/div><\/article><\/div><\/div>\n\n\n<div style=\"height:100px\" aria-hidden=\"true\" class=\"wp-block-spacer\"><\/div>\n\n\n","protected":false},"excerpt":{"rendered":"<p>Atividades da vida di\u00e1ria (AVDs) Tamb\u00e9m chamadas de &#8220;\u00e1reas de ocupa\u00e7\u00e3o&#8221;, as ADLs incluem todas as atividades da vida di\u00e1ria que t\u00eam valor e significado particular para uma pessoa, al\u00e9m de um prop\u00f3sito. Tipos de atividades da vida di\u00e1ria As ocupa\u00e7\u00f5es s\u00e3o centrais para a identidade e as habilidades de uma pessoa e influenciam a &hellip;<\/p>\n","protected":false},"author":1,"featured_media":34659,"parent":32467,"menu_order":2,"comment_status":"closed","ping_status":"closed","template":"","meta":{"_acf_changed":false,"_genesis_hide_title":false,"_genesis_hide_breadcrumbs":false,"_genesis_hide_singular_image":false,"_genesis_hide_footer_widgets":false,"_genesis_custom_body_class":"nup-style","_genesis_custom_post_class":"nup-style","_genesis_layout":"wide-content","footnotes":""},"class_list":{"1":"page","2":"type-page","6":"entry","7":"nup-style"},"acf":[],"_links":{"self":[{"href":"https:\/\/neuronup.com\/br\/wp-json\/wp\/v2\/pages\/32560","targetHints":{"allow":["GET"]}}],"collection":[{"href":"https:\/\/neuronup.com\/br\/wp-json\/wp\/v2\/pages"}],"about":[{"href":"https:\/\/neuronup.com\/br\/wp-json\/wp\/v2\/types\/page"}],"author":[{"embeddable":true,"href":"https:\/\/neuronup.com\/br\/wp-json\/wp\/v2\/users\/1"}],"replies":[{"embeddable":true,"href":"https:\/\/neuronup.com\/br\/wp-json\/wp\/v2\/comments?post=32560"}],"version-history":[{"count":0,"href":"https:\/\/neuronup.com\/br\/wp-json\/wp\/v2\/pages\/32560\/revisions"}],"up":[{"embeddable":true,"href":"https:\/\/neuronup.com\/br\/wp-json\/wp\/v2\/pages\/32467"}],"wp:featuredmedia":[{"embeddable":true,"href":"https:\/\/neuronup.com\/br\/wp-json\/wp\/v2\/media\/34659"}],"wp:attachment":[{"href":"https:\/\/neuronup.com\/br\/wp-json\/wp\/v2\/media?parent=32560"}],"curies":[{"name":"wp","href":"https:\/\/api.w.org\/{rel}","templated":true}]}}