{"id":32553,"date":"2024-10-31T15:36:22","date_gmt":"2024-10-31T13:36:22","guid":{"rendered":"https:\/\/neuronup.com\/br\/?page_id=32553"},"modified":"2026-01-26T18:25:33","modified_gmt":"2026-01-26T16:25:33","slug":"cognicao-social","status":"publish","type":"page","link":"https:\/\/neuronup.com\/br\/areas-de-intervencao\/funcoes-cognitivas\/cognicao-social\/","title":{"rendered":"Cogni\u00e7\u00e3o Social"},"content":{"rendered":"\n<div class=\"wp-block-columns is-layout-flex wp-container-core-columns-is-layout-9d6595d7 wp-block-columns-is-layout-flex\">\n<div class=\"wp-block-column is-layout-flow wp-block-column-is-layout-flow\" style=\"flex-basis:66.66%\">\n<p>Ou seja, quando falamos em cogni\u00e7\u00e3o social, nos referimos aos nossos pensamentos sobre as rela\u00e7\u00f5es sociais que temos ao longo da nossa vida. \u00c0 medida que vamos criando rela\u00e7\u00f5es sociais, armazenamos informa\u00e7\u00f5es no nosso c\u00e9rebro sobre nossas experi\u00eancias. A interpreta\u00e7\u00e3o dessas informa\u00e7\u00f5es determinar\u00e1 nossa conduta social no futuro.<\/p>\n\n\n\n<h3 class=\"wp-block-heading\">Para que serve a cogni\u00e7\u00e3o social?<\/h3>\n\n\n\n<p>Atrav\u00e9s da cogni\u00e7\u00e3o social somos capazes de interpretar as emo\u00e7\u00f5es de outra pessoa, imaginar o que est\u00e1 acontecendo para que ela esteja alegre ou triste, colocar-nos no seu lugar, por um determinado momento, para saber como ela est\u00e1 se sentindo e como reagir\u00e1 diante das nossas atitudes concretas.<\/p>\n\n\n<div class=\"wp-block-image image-interface\">\n<figure class=\"aligncenter size-full\"><img decoding=\"async\" width=\"800\" height=\"477\" src=\"https:\/\/neuronup.com\/br\/wp-content\/uploads\/2024\/10\/cognicion-social-game.webp\" alt=\"Quatro fotos: homem idoso apontando, jovem com bolsa em loja, idosa com bandeja de bebidas calma e mulher ruiva gritando.\" class=\"wp-image-32557\" srcset=\"https:\/\/neuronup.com\/br\/wp-content\/uploads\/2024\/10\/cognicion-social-game-300x179.webp 300w, https:\/\/neuronup.com\/br\/wp-content\/uploads\/2024\/10\/cognicion-social-game-768x458.webp 768w, https:\/\/neuronup.com\/br\/wp-content\/uploads\/2024\/10\/cognicion-social-game.webp 800w\" sizes=\"(max-width: 800px) 100vw, 800px\" \/><\/figure>\n<\/div>\n\n\n<h3 class=\"wp-block-heading\">Exerc\u00edcios da NeuronUP para reabilitar a cogni\u00e7\u00e3o social<\/h3>\n\n\n\n<p>Citamos duas atividades muito \u00fateis, as quais podemos encontrar na NeuronUP, para trabalhar a cogni\u00e7\u00e3o social. A primeira (imagem da esquerda) consiste em estabelecer qual \u00e9 a rea\u00e7\u00e3o correta diante de determinadas situa\u00e7\u00f5es. A segunda (imagem da direita) consiste em reconhecer as emo\u00e7\u00f5es que se mostram nas fotografias.<\/p>\n\n\n\n<div style=\"height:25px\" aria-hidden=\"true\" class=\"wp-block-spacer\"><\/div>\n\n\n\n<div style=\"height:25px\" aria-hidden=\"true\" class=\"wp-block-spacer\"><\/div>\n\n\n\n<div class=\"wp-block-buttons is-layout-flex wp-block-buttons-is-layout-flex\">\n<div class=\"wp-block-button\" style=\"--button-background:var(--color-custom-1);--button-background-hover:#cc7e00;\"><a class=\"wp-block-button__link button   wp-element-button\" href=\"https:\/\/neuronup.com\/br\/landing-store-user\/\">Experimente as atividades do NeuronUP<\/a><\/div>\n\n<\/div>\n\n\n<\/div>\n\n\n\n<div class=\"wp-block-column is-layout-flow wp-block-column-is-layout-flow\" style=\"flex-basis:33.33%\">\n<div class=\"wp-block-buttons sticky is-layout-flex wp-block-buttons-is-layout-flex\">\n<div class=\"wp-block-button\"><a class=\"wp-block-button__link button wp-element-button\" href=\"https:\/\/neuronup.com\/br\/areas-de-intervencao\/funcoes-cognitivas\/orientacao\/\">Orienta\u00e7\u00e3o<\/a><\/div>\n\n\n\n<div class=\"wp-block-button\"><a class=\"wp-block-button__link button wp-element-button\" href=\"https:\/\/neuronup.com\/br\/areas-de-intervencao\/funcoes-cognitivas\/gnosias\/\">Gnosias<\/a><\/div>\n\n\n\n<div class=\"wp-block-button\"><a class=\"wp-block-button__link button wp-element-button\" href=\"https:\/\/neuronup.com\/br\/areas-de-intervencao\/funcoes-cognitivas\/atencao\/\">Aten\u00e7\u00e3o<\/a><\/div>\n\n\n\n<div class=\"wp-block-button\"><a class=\"wp-block-button__link button wp-element-button\" href=\"https:\/\/neuronup.com\/br\/areas-de-intervencao\/funcoes-cognitivas\/funcoes-executivas\/\">Fun\u00e7\u00f5es Executivas<\/a><\/div>\n\n\n\n<div class=\"wp-block-button\"><a class=\"wp-block-button__link button wp-element-button\" href=\"https:\/\/neuronup.com\/br\/areas-de-intervencao\/funcoes-cognitivas\/praxias\/\">Praxias<\/a><\/div>\n\n\n\n<div class=\"wp-block-button\"><a class=\"wp-block-button__link button wp-element-button\" href=\"https:\/\/neuronup.com\/br\/areas-de-intervencao\/funcoes-cognitivas\/memoria\/\">Mem\u00f3ria<\/a><\/div>\n\n\n\n<div class=\"wp-block-button\"><a class=\"wp-block-button__link button wp-element-button\" href=\"https:\/\/neuronup.com\/br\/areas-de-intervencao\/funcoes-cognitivas\/linguagem\/\">Linguagem<\/a><\/div>\n\n\n\n<div class=\"wp-block-button\"><a class=\"wp-block-button__link button wp-element-button\" href=\"https:\/\/neuronup.com\/br\/areas-de-intervencao\/funcoes-cognitivas\/cognicao-social\/\">Cogni\u00e7\u00e3o Social<\/a><\/div>\n\n\n\n<div class=\"wp-block-button\"><a class=\"wp-block-button__link button wp-element-button\" href=\"https:\/\/neuronup.com\/br\/areas-de-intervencao\/funcoes-cognitivas\/habilidades-visuoespaciais\/\">Habilidades Visuoespaciais<\/a><\/div>\n<\/div>\n<\/div>\n<\/div>\n\n\n\n<h3 class=\"wp-block-heading\">Leia nossos artigos sobre cogni\u00e7\u00e3o social:<\/h3>\n\n\n","protected":false},"excerpt":{"rendered":"<p>Ou seja, quando falamos em cogni\u00e7\u00e3o social, nos referimos aos nossos pensamentos sobre as rela\u00e7\u00f5es sociais que temos ao longo da nossa vida. \u00c0 medida que vamos criando rela\u00e7\u00f5es sociais, armazenamos informa\u00e7\u00f5es no nosso c\u00e9rebro sobre nossas experi\u00eancias. A interpreta\u00e7\u00e3o dessas informa\u00e7\u00f5es determinar\u00e1 nossa conduta social no futuro. Para que serve a cogni\u00e7\u00e3o social? Atrav\u00e9s &hellip;<\/p>\n","protected":false},"author":1,"featured_media":32554,"parent":32474,"menu_order":0,"comment_status":"closed","ping_status":"closed","template":"","meta":{"_acf_changed":false,"_genesis_hide_title":false,"_genesis_hide_breadcrumbs":false,"_genesis_hide_singular_image":false,"_genesis_hide_footer_widgets":false,"_genesis_custom_body_class":"nup-style","_genesis_custom_post_class":"","_genesis_layout":"wide-content","footnotes":""},"class_list":{"1":"page","2":"type-page","6":"entry"},"acf":[],"_links":{"self":[{"href":"https:\/\/neuronup.com\/br\/wp-json\/wp\/v2\/pages\/32553","targetHints":{"allow":["GET"]}}],"collection":[{"href":"https:\/\/neuronup.com\/br\/wp-json\/wp\/v2\/pages"}],"about":[{"href":"https:\/\/neuronup.com\/br\/wp-json\/wp\/v2\/types\/page"}],"author":[{"embeddable":true,"href":"https:\/\/neuronup.com\/br\/wp-json\/wp\/v2\/users\/1"}],"replies":[{"embeddable":true,"href":"https:\/\/neuronup.com\/br\/wp-json\/wp\/v2\/comments?post=32553"}],"version-history":[{"count":0,"href":"https:\/\/neuronup.com\/br\/wp-json\/wp\/v2\/pages\/32553\/revisions"}],"up":[{"embeddable":true,"href":"https:\/\/neuronup.com\/br\/wp-json\/wp\/v2\/pages\/32474"}],"wp:featuredmedia":[{"embeddable":true,"href":"https:\/\/neuronup.com\/br\/wp-json\/wp\/v2\/media\/32554"}],"wp:attachment":[{"href":"https:\/\/neuronup.com\/br\/wp-json\/wp\/v2\/media?parent=32553"}],"curies":[{"name":"wp","href":"https:\/\/api.w.org\/{rel}","templated":true}]}}