{"id":32543,"date":"2024-10-31T15:28:06","date_gmt":"2024-10-31T13:28:06","guid":{"rendered":"https:\/\/neuronup.com\/br\/?page_id=32543"},"modified":"2026-03-13T13:17:48","modified_gmt":"2026-03-13T11:17:48","slug":"habilidades-visuoespaciais","status":"publish","type":"page","link":"https:\/\/neuronup.com\/br\/areas-de-intervencao\/funcoes-cognitivas\/habilidades-visuoespaciais\/","title":{"rendered":"Habilidades visuoespaciais"},"content":{"rendered":"\n<div class=\"wp-block-columns is-layout-flex wp-container-core-columns-is-layout-9d6595d7 wp-block-columns-is-layout-flex\">\n<div class=\"wp-block-column is-layout-flow wp-block-column-is-layout-flow\" style=\"flex-basis:50%\">\n<p class=\"is-style-subheading\">Em rela\u00e7\u00e3o \u00e0s <strong>habilidades visuoespaciais<\/strong>, trabalhamos com dois conceitos importantes, que s\u00e3o:<\/p>\n\n\n\n<ul class=\"wp-block-list\">\n<li><strong>Rela\u00e7\u00e3o espacial:<\/strong>&nbsp;capacidade de representar e manipular mentalmente objetos em duas dimens\u00f5es.<\/li>\n\n\n\n<li><strong>Visualiza\u00e7\u00e3o espacial:&nbsp;<\/strong>capacidade de representar e manipular mentalmente objetos em tr\u00eas dimens\u00f5es.<\/li>\n<\/ul>\n\n\n\n<h2 class=\"wp-block-heading\">Para que servem as habilidades visuoespaciais?<\/h2>\n\n\n\n<p>As habilidades visuoespaciais s\u00e3o muito \u00fateis no nosso dia a dia. Gra\u00e7as a elas, controlamos a dist\u00e2ncia que pode haver entre dois objetos, o que pode ser muito \u00fatil, por exemplo, na hora de estacionar para controlar o espa\u00e7o que temos entre o nosso carro e os obst\u00e1culos ao redor. Tamb\u00e9m utilizamos as capacidades visuoespaciais na hora de imaginar um lugar ou dire\u00e7\u00e3o sobre os quais est\u00e3o nos falando ou quando precisamos girar objetos mentalmente para saber de que maneira podem ficar antes de faz\u00ea-lo.<\/p>\n\n\n\n<h2 class=\"wp-block-heading\">Exerc\u00edcios do NeuronUP para reabilitar as habilidades visuoespaciais<\/h2>\n\n\n<div class=\"wp-block-image image-interface\">\n<figure class=\"aligncenter size-full\"><img decoding=\"async\" width=\"1200\" height=\"675\" src=\"https:\/\/neuronup.com\/br\/wp-content\/uploads\/2026\/03\/Interfaz-de-la-plataforma-NeuronUP.-Actividades-para-capacidades-visuoespaciais.webp\" alt=\"Atividades do NeuronUP para as habilidades visuoespaciais\" class=\"wp-image-46733\" srcset=\"https:\/\/neuronup.com\/br\/wp-content\/uploads\/2026\/03\/Interfaz-de-la-plataforma-NeuronUP.-Actividades-para-capacidades-visuoespaciais-300x169.webp 300w, https:\/\/neuronup.com\/br\/wp-content\/uploads\/2026\/03\/Interfaz-de-la-plataforma-NeuronUP.-Actividades-para-capacidades-visuoespaciais-768x432.webp 768w, https:\/\/neuronup.com\/br\/wp-content\/uploads\/2026\/03\/Interfaz-de-la-plataforma-NeuronUP.-Actividades-para-capacidades-visuoespaciais-1024x576.webp 1024w, https:\/\/neuronup.com\/br\/wp-content\/uploads\/2026\/03\/Interfaz-de-la-plataforma-NeuronUP.-Actividades-para-capacidades-visuoespaciais.webp 1200w\" sizes=\"(max-width: 1200px) 100vw, 1200px\" \/><figcaption class=\"wp-element-caption\">Atividades do NeuronUP para as habilidades visuoespaciais<\/figcaption><\/figure>\n<\/div>\n\n\n<p>Dois exemplos de exerc\u00edcios de rela\u00e7\u00f5es espaciais. O primeiro exerc\u00edcio consiste em calcular o momento exato em que um elemento (a bola) passa por um ponto exato. No segundo exerc\u00edcio, mostramos uma atividade de visualiza\u00e7\u00e3o espacial que consiste em calcular como ficaria uma s\u00e9rie de cubos ap\u00f3s mover alguns deles.<\/p>\n\n\n\n<div style=\"height:50px\" aria-hidden=\"true\" class=\"wp-block-spacer\"><\/div>\n\n\n\n<figure class=\"wp-block-video aligncenter image-interface\"><video height=\"600\" style=\"aspect-ratio: 1200 \/ 600;\" width=\"1200\" autoplay loop muted src=\"https:\/\/neuronup.com\/br\/wp-content\/uploads\/2026\/02\/Atividade-da-NeuronUP-Pare-a-bola-Para-la-bola.webm\" playsinline><\/video><figcaption class=\"wp-element-caption\">Atividade do NeuronUP: Pare a bola.<\/figcaption><\/figure>\n\n\n\n<figure class=\"wp-block-video aligncenter image-interface\"><video height=\"600\" style=\"aspect-ratio: 1200 \/ 600;\" width=\"1200\" autoplay loop muted src=\"https:\/\/neuronup.com\/br\/wp-content\/uploads\/2026\/02\/Atividade-da-NeuronUP-Movimento-de-cubos-Movimiento-de-cubos.webm\" playsinline><\/video><figcaption class=\"wp-element-caption\">Atividade do NeuronUP: Movimento de cubos.<\/figcaption><\/figure>\n\n\n\n<div style=\"height:100px\" aria-hidden=\"true\" class=\"wp-block-spacer\"><\/div>\n<\/div>\n\n\n\n<div class=\"wp-block-column is-layout-flow wp-block-column-is-layout-flow\" style=\"flex-basis:50%\">\n<div class=\"wp-block-buttons sticky is-layout-flex wp-block-buttons-is-layout-flex\">\n<div class=\"wp-block-button\"><a class=\"wp-block-button__link button wp-element-button\" href=\"https:\/\/neuronup.com\/br\/areas-de-intervencao\/funcoes-cognitivas\/orientacao\/\">Orienta\u00e7\u00e3o<\/a><\/div>\n\n\n\n<div class=\"wp-block-button\"><a class=\"wp-block-button__link button wp-element-button\" href=\"https:\/\/neuronup.com\/br\/areas-de-intervencao\/funcoes-cognitivas\/gnosias\/\">Gnosias<\/a><\/div>\n\n\n\n<div class=\"wp-block-button\"><a class=\"wp-block-button__link button wp-element-button\" href=\"https:\/\/neuronup.com\/br\/areas-de-intervencao\/funcoes-cognitivas\/atencao\/\">Aten\u00e7\u00e3o<\/a><\/div>\n\n\n\n<div class=\"wp-block-button\"><a class=\"wp-block-button__link button wp-element-button\" href=\"https:\/\/neuronup.com\/br\/areas-de-intervencao\/funcoes-cognitivas\/funcoes-executivas\/\">Fun\u00e7\u00f5es Executivas<\/a><\/div>\n\n\n\n<div class=\"wp-block-button\"><a class=\"wp-block-button__link button wp-element-button\" href=\"https:\/\/neuronup.com\/br\/areas-de-intervencao\/funcoes-cognitivas\/praxias\/\">Praxias<\/a><\/div>\n\n\n\n<div class=\"wp-block-button\"><a class=\"wp-block-button__link button wp-element-button\" href=\"https:\/\/neuronup.com\/br\/areas-de-intervencao\/funcoes-cognitivas\/memoria\/\">Mem\u00f3ria<\/a><\/div>\n\n\n\n<div class=\"wp-block-button\"><a class=\"wp-block-button__link button wp-element-button\" href=\"https:\/\/neuronup.com\/br\/areas-de-intervencao\/funcoes-cognitivas\/linguagem\/\">Linguagem<\/a><\/div>\n\n\n\n<div class=\"wp-block-button\"><a class=\"wp-block-button__link button wp-element-button\" href=\"https:\/\/neuronup.com\/br\/areas-de-intervencao\/funcoes-cognitivas\/cognicao-social\/\">Cogni\u00e7\u00e3o Social<\/a><\/div>\n\n\n\n<div class=\"wp-block-button\"><a class=\"wp-block-button__link button wp-element-button\" href=\"https:\/\/neuronup.com\/br\/areas-de-intervencao\/funcoes-cognitivas\/habilidades-visuoespaciais\/\">Habilidades Visuoespaciais<\/a><\/div>\n<\/div>\n<\/div>\n<\/div>\n\n\n\n<h3 class=\"wp-block-heading\">Leia nossos artigos sobre habilidades visuoespaciais:<\/h3>\n\n\n<div class=\"mai-grid entries entries-grid has-boxed has-image-full\" style=\"--entry-title-font-size:var(--font-size-lg);--align-text:start;--entry-meta-text-align:start;\"><div class=\"entries-wrap has-columns\" style=\"--columns-xs:1\/1;--columns-sm:1\/1;--columns-md:1\/3;--columns-lg:1\/3;--flex-xs:0 0 var(--flex-basis);--flex-sm:0 0 var(--flex-basis);--flex-md:0 0 var(--flex-basis);--flex-lg:0 0 var(--flex-basis);--column-gap:var(--spacing-lg);--row-gap:var(--spacing-lg);--align-columns:start;\"><article class=\"entry entry-grid is-column has-entry-link has-image has-image-first type-post category-funcoes-executivas tag-funcoes-executivas tag-lesao-cerebral\" style=\"--entry-index:1;\" aria-label=\"Sa\u00fade c\u00e9rebro-cardiovascular: Rela\u00e7\u00e3o entre cardiopatia e deteriora\u00e7\u00e3o cognitiva e cerebral\" itemscope itemtype=\"https:\/\/schema.org\/CreativeWork\"><a class=\"entry-image-link\" href=\"https:\/\/neuronup.com\/br\/neurociencia\/neuropsicologia\/funcoes-executivas\/relacao-cardiopatia-e-o-deterioro-cognitivo-e-cerebral\/\" tabindex=\"-1\" aria-hidden=\"true\"><img decoding=\"async\" width=\"400\" height=\"267\" src=\"https:\/\/neuronup.com\/br\/wp-content\/uploads\/2024\/10\/salud-cerebro-cardiovascular.webp\" class=\"entry-image size-landscape-sm\" alt=\"Homem idoso com cabelo grisalho, barba branca, \u00f3culos e camiseta azul clara, segurando o peito com express\u00e3o de desconforto.\" srcset=\"https:\/\/neuronup.com\/br\/wp-content\/uploads\/2024\/10\/salud-cerebro-cardiovascular-300x200.webp 300w, https:\/\/neuronup.com\/br\/wp-content\/uploads\/2024\/10\/salud-cerebro-cardiovascular-768x512.webp 768w, https:\/\/neuronup.com\/br\/wp-content\/uploads\/2024\/10\/salud-cerebro-cardiovascular-1024x683.webp 1024w, https:\/\/neuronup.com\/br\/wp-content\/uploads\/2024\/10\/salud-cerebro-cardiovascular.webp 1200w\" sizes=\"(max-width:599px) 599px, (min-width:600px) and (max-width: 799px) 799px, (min-width:800px) and (max-width: 999px) 333px, (min-width:1000px) 400px\" \/><\/a><div class=\"entry-wrap entry-wrap-grid\"><h3 class=\"entry-title\" itemprop=\"headline\"><a class=\"entry-title-link\" href=\"https:\/\/neuronup.com\/br\/neurociencia\/neuropsicologia\/funcoes-executivas\/relacao-cardiopatia-e-o-deterioro-cognitivo-e-cerebral\/\" rel=\"bookmark\">Sa\u00fade c\u00e9rebro-cardiovascular: Rela\u00e7\u00e3o entre cardiopatia e deteriora\u00e7\u00e3o cognitiva e cerebral<\/a><\/h3>\n<\/div><\/article><article class=\"entry entry-grid is-column has-entry-link has-image has-image-first type-post category-memoria tag-memoria\" style=\"--entry-index:2;\" aria-label=\"Mem\u00f3ria corporificada: Influ\u00eancia da postura corporal na mem\u00f3ria autobiogr\u00e1fica\" itemscope itemtype=\"https:\/\/schema.org\/CreativeWork\"><a class=\"entry-image-link\" href=\"https:\/\/neuronup.com\/br\/neurociencia\/neuropsicologia\/memoria\/memoria-corporizada\/\" tabindex=\"-1\" aria-hidden=\"true\"><img decoding=\"async\" width=\"400\" height=\"267\" src=\"https:\/\/neuronup.com\/br\/wp-content\/uploads\/2024\/10\/Memoria-corporizada-2.webp\" class=\"entry-image size-landscape-sm\" alt=\"Quebra-cabe\u00e7a em formato de c\u00e9rebro, metade laranja e metade branca, sobre fundo laranja, com textura de pe\u00e7as.\" srcset=\"https:\/\/neuronup.com\/br\/wp-content\/uploads\/2024\/10\/Memoria-corporizada-2-300x200.webp 300w, https:\/\/neuronup.com\/br\/wp-content\/uploads\/2024\/10\/Memoria-corporizada-2-768x512.webp 768w, https:\/\/neuronup.com\/br\/wp-content\/uploads\/2024\/10\/Memoria-corporizada-2-1024x683.webp 1024w, https:\/\/neuronup.com\/br\/wp-content\/uploads\/2024\/10\/Memoria-corporizada-2.webp 1200w\" sizes=\"(max-width:599px) 599px, (min-width:600px) and (max-width: 799px) 799px, (min-width:800px) and (max-width: 999px) 333px, (min-width:1000px) 400px\" \/><\/a><div class=\"entry-wrap entry-wrap-grid\"><h3 class=\"entry-title\" itemprop=\"headline\"><a class=\"entry-title-link\" href=\"https:\/\/neuronup.com\/br\/neurociencia\/neuropsicologia\/memoria\/memoria-corporizada\/\" rel=\"bookmark\">Mem\u00f3ria corporificada: Influ\u00eancia da postura corporal na mem\u00f3ria autobiogr\u00e1fica<\/a><\/h3>\n<\/div><\/article><article class=\"entry entry-grid is-column has-entry-link has-image has-image-first type-post category-memoria tag-memoria\" style=\"--entry-index:3;\" aria-label=\"O fen\u00f4meno da confabula\u00e7\u00e3o (Vol. II): modelos te\u00f3ricos\" itemscope itemtype=\"https:\/\/schema.org\/CreativeWork\"><a class=\"entry-image-link\" href=\"https:\/\/neuronup.com\/br\/neurociencia\/neuropsicologia\/memoria\/confabulacao-modelos-teoricos-temporalidade-e-modelos-recuperacao\/\" tabindex=\"-1\" aria-hidden=\"true\"><img decoding=\"async\" width=\"400\" height=\"267\" src=\"https:\/\/neuronup.com\/br\/wp-content\/uploads\/2024\/10\/El-fenomeno-de-la-confabulacion.webp\" class=\"entry-image size-landscape-sm\" alt=\"Grupo em ambiente interno, homem pensativo ao centro e duas mulheres ao redor, sugerindo confabula\u00e7\u00e3o em sess\u00e3o terap\u00eautica.\" srcset=\"https:\/\/neuronup.com\/br\/wp-content\/uploads\/2024\/10\/El-fenomeno-de-la-confabulacion-300x200.webp 300w, https:\/\/neuronup.com\/br\/wp-content\/uploads\/2024\/10\/El-fenomeno-de-la-confabulacion-768x512.webp 768w, https:\/\/neuronup.com\/br\/wp-content\/uploads\/2024\/10\/El-fenomeno-de-la-confabulacion-1024x683.webp 1024w, https:\/\/neuronup.com\/br\/wp-content\/uploads\/2024\/10\/El-fenomeno-de-la-confabulacion.webp 1200w\" sizes=\"(max-width:599px) 599px, (min-width:600px) and (max-width: 799px) 799px, (min-width:800px) and (max-width: 999px) 333px, (min-width:1000px) 400px\" \/><\/a><div class=\"entry-wrap entry-wrap-grid\"><h3 class=\"entry-title\" itemprop=\"headline\"><a class=\"entry-title-link\" href=\"https:\/\/neuronup.com\/br\/neurociencia\/neuropsicologia\/memoria\/confabulacao-modelos-teoricos-temporalidade-e-modelos-recuperacao\/\" rel=\"bookmark\">O fen\u00f4meno da confabula\u00e7\u00e3o (Vol. II): modelos te\u00f3ricos<\/a><\/h3>\n<\/div><\/article><article class=\"entry entry-grid is-column has-entry-link has-image has-image-first type-post category-funcoes-executivas tag-criancas tag-funcoes-executivas\" style=\"--entry-index:4;\" aria-label=\"Modelo de fun\u00e7\u00f5es executivas baseado em an\u00e1lises fatoriais em popula\u00e7\u00e3o infantil e escolar: metan\u00e1lise\" itemscope itemtype=\"https:\/\/schema.org\/CreativeWork\"><a class=\"entry-image-link\" href=\"https:\/\/neuronup.com\/br\/neurociencia\/neuropsicologia\/funcoes-executivas\/modelo-de-funcoes-executivas-baseado-em-analises-fatoriais-em-populacao-infantil-e-escolar\/\" tabindex=\"-1\" aria-hidden=\"true\"><img decoding=\"async\" width=\"400\" height=\"300\" src=\"https:\/\/neuronup.com\/br\/wp-content\/uploads\/2022\/02\/everyone-knows-right-answear-400x300-1-1-1.webp\" class=\"entry-image size-landscape-sm\" alt=\"Sala de aula com crian\u00e7as levantando as m\u00e3os para participar; professora escreve na lousa verde ao fundo, bandeirinhas coloridas decoram o ambiente.\" srcset=\"https:\/\/neuronup.com\/br\/wp-content\/uploads\/2022\/02\/everyone-knows-right-answear-400x300-1-1-1-300x225.webp 300w, https:\/\/neuronup.com\/br\/wp-content\/uploads\/2022\/02\/everyone-knows-right-answear-400x300-1-1-1-768x576.webp 768w, https:\/\/neuronup.com\/br\/wp-content\/uploads\/2022\/02\/everyone-knows-right-answear-400x300-1-1-1-1024x768.webp 1024w, https:\/\/neuronup.com\/br\/wp-content\/uploads\/2022\/02\/everyone-knows-right-answear-400x300-1-1-1.webp 1200w\" sizes=\"(max-width:599px) 599px, (min-width:600px) and (max-width: 799px) 799px, (min-width:800px) and (max-width: 999px) 333px, (min-width:1000px) 400px\" \/><\/a><div class=\"entry-wrap entry-wrap-grid\"><h3 class=\"entry-title\" itemprop=\"headline\"><a class=\"entry-title-link\" href=\"https:\/\/neuronup.com\/br\/neurociencia\/neuropsicologia\/funcoes-executivas\/modelo-de-funcoes-executivas-baseado-em-analises-fatoriais-em-populacao-infantil-e-escolar\/\" rel=\"bookmark\">Modelo de fun\u00e7\u00f5es executivas baseado em an\u00e1lises fatoriais em popula\u00e7\u00e3o infantil e escolar: metan\u00e1lise<\/a><\/h3>\n<\/div><\/article><article class=\"entry entry-grid is-column has-entry-link has-image has-image-first type-post category-neuropsicologia tag-neuropsicologia\" style=\"--entry-index:5;\" aria-label=\"A cl\u00ednica neuropsicol\u00f3gica: o que \u00e9, metodologia e objetivos\" itemscope itemtype=\"https:\/\/schema.org\/CreativeWork\"><a class=\"entry-image-link\" href=\"https:\/\/neuronup.com\/br\/neurociencia\/neuropsicologia\/a-clinica-neuropsicologica-que-e-metodologia-e-objetivos\/\" tabindex=\"-1\" aria-hidden=\"true\"><img decoding=\"async\" width=\"400\" height=\"200\" src=\"https:\/\/neuronup.com\/br\/wp-content\/uploads\/2024\/09\/una-nina-trabajando-con-NeuronUP.webp\" class=\"entry-image size-landscape-sm\" alt=\"Menina sentada diante de um laptop, concentrada na tela com bolinhas coloridas flutuando sobre um fundo azul, em casa.\" srcset=\"https:\/\/neuronup.com\/br\/wp-content\/uploads\/2024\/09\/una-nina-trabajando-con-NeuronUP-300x150.webp 300w, https:\/\/neuronup.com\/br\/wp-content\/uploads\/2024\/09\/una-nina-trabajando-con-NeuronUP-768x384.webp 768w, https:\/\/neuronup.com\/br\/wp-content\/uploads\/2024\/09\/una-nina-trabajando-con-NeuronUP-1024x512.webp 1024w, https:\/\/neuronup.com\/br\/wp-content\/uploads\/2024\/09\/una-nina-trabajando-con-NeuronUP.webp 1350w\" sizes=\"(max-width:599px) 599px, (min-width:600px) and (max-width: 799px) 799px, (min-width:800px) and (max-width: 999px) 333px, (min-width:1000px) 400px\" \/><\/a><div class=\"entry-wrap entry-wrap-grid\"><h3 class=\"entry-title\" itemprop=\"headline\"><a class=\"entry-title-link\" href=\"https:\/\/neuronup.com\/br\/neurociencia\/neuropsicologia\/a-clinica-neuropsicologica-que-e-metodologia-e-objetivos\/\" rel=\"bookmark\">A cl\u00ednica neuropsicol\u00f3gica: o que \u00e9, metodologia e objetivos<\/a><\/h3>\n<\/div><\/article><article class=\"entry entry-grid is-column has-entry-link has-image has-image-first type-post category-funcoes-executivas tag-funcoes-executivas\" style=\"--entry-index:6;\" aria-label=\"Como a ins\u00f4nia afeta nossas fun\u00e7\u00f5es executivas?\" itemscope itemtype=\"https:\/\/schema.org\/CreativeWork\"><a class=\"entry-image-link\" href=\"https:\/\/neuronup.com\/br\/neurociencia\/neuropsicologia\/funcoes-executivas\/como-o-insonia-afeta-nossas-funcoes-executivas\/\" tabindex=\"-1\" aria-hidden=\"true\"><img decoding=\"async\" width=\"400\" height=\"225\" src=\"https:\/\/neuronup.com\/br\/wp-content\/uploads\/2024\/09\/insomnio-mujer-sin-dormir.webp\" class=\"entry-image size-landscape-sm\" alt=\"Mulher jovem deitada na cama segurando a cabe\u00e7a com as m\u00e3os, express\u00e3o de desconforto; travesseiros brancos e cobertor suave.\" srcset=\"https:\/\/neuronup.com\/br\/wp-content\/uploads\/2024\/09\/insomnio-mujer-sin-dormir-300x169.webp 300w, https:\/\/neuronup.com\/br\/wp-content\/uploads\/2024\/09\/insomnio-mujer-sin-dormir-768x432.webp 768w, https:\/\/neuronup.com\/br\/wp-content\/uploads\/2024\/09\/insomnio-mujer-sin-dormir-1024x576.webp 1024w, https:\/\/neuronup.com\/br\/wp-content\/uploads\/2024\/09\/insomnio-mujer-sin-dormir.webp 1200w\" sizes=\"(max-width:599px) 599px, (min-width:600px) and (max-width: 799px) 799px, (min-width:800px) and (max-width: 999px) 333px, (min-width:1000px) 400px\" \/><\/a><div class=\"entry-wrap entry-wrap-grid\"><h3 class=\"entry-title\" itemprop=\"headline\"><a class=\"entry-title-link\" href=\"https:\/\/neuronup.com\/br\/neurociencia\/neuropsicologia\/funcoes-executivas\/como-o-insonia-afeta-nossas-funcoes-executivas\/\" rel=\"bookmark\">Como a ins\u00f4nia afeta nossas fun\u00e7\u00f5es executivas?<\/a><\/h3>\n<\/div><\/article><\/div><\/div>","protected":false},"excerpt":{"rendered":"<p>Em rela\u00e7\u00e3o \u00e0s habilidades visuoespaciais, trabalhamos com dois conceitos importantes, que s\u00e3o: Para que servem as habilidades visuoespaciais? As habilidades visuoespaciais s\u00e3o muito \u00fateis no nosso dia a dia. Gra\u00e7as a elas, controlamos a dist\u00e2ncia que pode haver entre dois objetos, o que pode ser muito \u00fatil, por exemplo, na hora de estacionar para controlar &hellip;<\/p>\n","protected":false},"author":1,"featured_media":32544,"parent":32474,"menu_order":8,"comment_status":"closed","ping_status":"closed","template":"","meta":{"_acf_changed":false,"_genesis_hide_title":false,"_genesis_hide_breadcrumbs":false,"_genesis_hide_singular_image":false,"_genesis_hide_footer_widgets":false,"_genesis_custom_body_class":"nup-style","_genesis_custom_post_class":"","_genesis_layout":"wide-content","footnotes":""},"class_list":{"1":"page","2":"type-page","6":"entry"},"acf":[],"_links":{"self":[{"href":"https:\/\/neuronup.com\/br\/wp-json\/wp\/v2\/pages\/32543","targetHints":{"allow":["GET"]}}],"collection":[{"href":"https:\/\/neuronup.com\/br\/wp-json\/wp\/v2\/pages"}],"about":[{"href":"https:\/\/neuronup.com\/br\/wp-json\/wp\/v2\/types\/page"}],"author":[{"embeddable":true,"href":"https:\/\/neuronup.com\/br\/wp-json\/wp\/v2\/users\/1"}],"replies":[{"embeddable":true,"href":"https:\/\/neuronup.com\/br\/wp-json\/wp\/v2\/comments?post=32543"}],"version-history":[{"count":0,"href":"https:\/\/neuronup.com\/br\/wp-json\/wp\/v2\/pages\/32543\/revisions"}],"up":[{"embeddable":true,"href":"https:\/\/neuronup.com\/br\/wp-json\/wp\/v2\/pages\/32474"}],"wp:featuredmedia":[{"embeddable":true,"href":"https:\/\/neuronup.com\/br\/wp-json\/wp\/v2\/media\/32544"}],"wp:attachment":[{"href":"https:\/\/neuronup.com\/br\/wp-json\/wp\/v2\/media?parent=32543"}],"curies":[{"name":"wp","href":"https:\/\/api.w.org\/{rel}","templated":true}]}}