{"id":32520,"date":"2024-10-31T14:41:13","date_gmt":"2024-10-31T12:41:13","guid":{"rendered":"https:\/\/neuronup.com\/br\/?page_id=32520"},"modified":"2026-03-13T13:05:47","modified_gmt":"2026-03-13T11:05:47","slug":"praxias","status":"publish","type":"page","link":"https:\/\/neuronup.com\/br\/areas-de-intervencao\/funcoes-cognitivas\/praxias\/","title":{"rendered":"Praxias"},"content":{"rendered":"\n<div class=\"wp-block-columns is-layout-flex wp-container-core-columns-is-layout-9d6595d7 wp-block-columns-is-layout-flex\">\n<div class=\"wp-block-column is-layout-flow wp-block-column-is-layout-flow\" style=\"flex-basis:50%\">\n<p class=\"is-style-subheading\">Dentro das <strong>praxias<\/strong> diferenciamos entre:<\/p>\n\n\n\n<ul class=\"wp-block-list\">\n<li><strong>Praxias ideomotoras:&nbsp;<\/strong>capacidade de realizar um movimento ou gesto simples de maneira intencional.<\/li>\n\n\n\n<li><strong>Praxias <\/strong>ideat\u00f3rias: capacidade de manipular objetos por meio de uma sequ\u00eancia de gestos, o que implica o conhecimento da fun\u00e7\u00e3o do objeto, o conhecimento da a\u00e7\u00e3o e o conhecimento da ordem serial dos atos que levam a essa a\u00e7\u00e3o.<\/li>\n\n\n\n<li><strong>Praxias faciais:&nbsp;<\/strong>capacidade de realizar voluntariamente movimentos ou gestos com diversas partes do rosto: l\u00e1bios, olhos, l\u00edngua, sobrancelhas, bochechas etc.<\/li>\n\n\n\n<li><strong>Praxias visoconstrutivas:&nbsp;<\/strong>capacidade de planejar e realizar os movimentos necess\u00e1rios para organizar uma s\u00e9rie de elementos no espa\u00e7o para formar um desenho ou figura final.<\/li>\n<\/ul>\n\n\n\n<h2 class=\"wp-block-heading\" id=\"para-que-sirven-las-praxias\">Para que servem as praxias?<\/h2>\n\n\n\n<p>Como explicamos acima, praxia \u00e9 a habilidade de executar um movimento. Quando caminhamos, nos vestimos ou fazemos qualquer atividade de tipo motor, fazemos uso dessa habilidade, e \u00e0 incapacidade de realizar essas a\u00e7\u00f5es denominamos apraxia. Praxia tamb\u00e9m implica o conhecimento das fun\u00e7\u00f5es dos objetos que queremos utilizar, ou dos atos que queremos realizar para usar um objeto ou executar uma a\u00e7\u00e3o.<\/p>\n\n\n\n<p>Assim, as praxias s\u00e3o uma parte muito importante do nosso dia a dia, qualquer a\u00e7\u00e3o que queiramos realizar implica essa habilidade. Atividades t\u00e3o simples e importantes como sorrir ou falar s\u00e3o capacidades que precisam dessas habilidades para serem realizadas e que as pessoas com apraxia n\u00e3o conseguem realizar.<\/p>\n\n\n\n<h2 class=\"wp-block-heading\" id=\"ejercicios-de-neuronup-para-rehabilitar-las-praxias\">Exerc\u00edcios da NeuronUP para reabilitar as praxias<\/h2>\n\n\n\n<p>Para trabalhar essa capacidade, na NeuronUP desenvolvemos exerc\u00edcios t\u00e3o necess\u00e1rios como unir as pe\u00e7as fornecidas at\u00e9 formar uma imagem ou mover blocos de maneira ordenada at\u00e9 conseguir a imagem desejada.<\/p>\n\n\n\n<div style=\"height:50px\" aria-hidden=\"true\" class=\"wp-block-spacer\"><\/div>\n\n\n\n<figure class=\"wp-block-video aligncenter image-interface\"><video height=\"600\" style=\"aspect-ratio: 1200 \/ 600;\" width=\"1200\" autoplay loop muted src=\"https:\/\/neuronup.com\/br\/wp-content\/uploads\/2026\/02\/Atividade-da-NeuronUP-Quebra-cabeca-Puzzle.webm\" playsinline><\/video><figcaption class=\"wp-element-caption\">Atividade da NeuronUP: Quebra-cabe\u00e7a.<\/figcaption><\/figure>\n\n\n\n<figure class=\"wp-block-video aligncenter image-interface\"><video height=\"600\" style=\"aspect-ratio: 1200 \/ 600;\" width=\"1200\" autoplay loop muted src=\"https:\/\/neuronup.com\/br\/wp-content\/uploads\/2026\/02\/Atividade-da-NeuronUP-Imagens-misturadas-Imagenes-revueltas.webm\" playsinline><\/video><figcaption class=\"wp-element-caption\">Atividade da NeuronUP: Imagens misturadas.<\/figcaption><\/figure>\n\n\n\n<div style=\"height:100px\" aria-hidden=\"true\" class=\"wp-block-spacer\"><\/div>\n\n\n\n<h3 class=\"wp-block-heading\" id=\"consulta-nuestros-articulos-sobre-praxias\">Consulte nossos artigos sobre praxias<\/h3>\n<\/div>\n\n\n\n<div class=\"wp-block-column is-layout-flow wp-block-column-is-layout-flow\" style=\"flex-basis:50%\">\n<div class=\"wp-block-buttons sticky is-layout-flex wp-block-buttons-is-layout-flex\">\n<div class=\"wp-block-button\"><a class=\"wp-block-button__link button wp-element-button\" href=\"https:\/\/neuronup.com\/br\/areas-de-intervencao\/funcoes-cognitivas\/orientacao\/\">Orienta\u00e7\u00e3o<\/a><\/div>\n\n\n\n<div class=\"wp-block-button\"><a class=\"wp-block-button__link button wp-element-button\" href=\"https:\/\/neuronup.com\/br\/areas-de-intervencao\/funcoes-cognitivas\/gnosias\/\">Gnosias<\/a><\/div>\n\n\n\n<div class=\"wp-block-button\"><a class=\"wp-block-button__link button wp-element-button\" href=\"https:\/\/neuronup.com\/br\/areas-de-intervencao\/funcoes-cognitivas\/atencao\/\">Aten\u00e7\u00e3o<\/a><\/div>\n\n\n\n<div class=\"wp-block-button\"><a class=\"wp-block-button__link button wp-element-button\" href=\"https:\/\/neuronup.com\/br\/areas-de-intervencao\/funcoes-cognitivas\/funcoes-executivas\/\">Fun\u00e7\u00f5es Executivas<\/a><\/div>\n\n\n\n<div class=\"wp-block-button\"><a class=\"wp-block-button__link button wp-element-button\" href=\"https:\/\/neuronup.com\/br\/areas-de-intervencao\/funcoes-cognitivas\/praxias\/\">Praxias<\/a><\/div>\n\n\n\n<div class=\"wp-block-button\"><a class=\"wp-block-button__link button wp-element-button\" href=\"https:\/\/neuronup.com\/br\/areas-de-intervencao\/funcoes-cognitivas\/memoria\/\">Mem\u00f3ria<\/a><\/div>\n\n\n\n<div class=\"wp-block-button\"><a class=\"wp-block-button__link button wp-element-button\" href=\"https:\/\/neuronup.com\/br\/areas-de-intervencao\/funcoes-cognitivas\/linguagem\/\">Linguagem<\/a><\/div>\n\n\n\n<div class=\"wp-block-button\"><a class=\"wp-block-button__link button wp-element-button\" href=\"https:\/\/neuronup.com\/br\/areas-de-intervencao\/funcoes-cognitivas\/cognicao-social\/\">Cogni\u00e7\u00e3o Social<\/a><\/div>\n\n\n\n<div class=\"wp-block-button\"><a class=\"wp-block-button__link button wp-element-button\" href=\"https:\/\/neuronup.com\/br\/areas-de-intervencao\/funcoes-cognitivas\/habilidades-visuoespaciais\/\">Habilidades Visuoespaciais<\/a><\/div>\n<\/div>\n<\/div>\n<\/div>\n\n\n\n<h3 class=\"wp-block-heading\">Leia nossos artigos sobre praxias:<\/h3>\n\n\n<div class=\"mai-grid entries entries-grid has-boxed has-image-full\" style=\"--entry-title-font-size:var(--font-size-lg);--align-text:start;--entry-meta-text-align:start;\"><div class=\"entries-wrap has-columns\" style=\"--columns-xs:1\/1;--columns-sm:1\/1;--columns-md:1\/3;--columns-lg:1\/3;--flex-xs:0 0 var(--flex-basis);--flex-sm:0 0 var(--flex-basis);--flex-md:0 0 var(--flex-basis);--flex-lg:0 0 var(--flex-basis);--column-gap:var(--spacing-lg);--row-gap:var(--spacing-lg);--align-columns:start;\"><article class=\"entry entry-grid is-column has-entry-link has-image has-image-first type-post category-de-paxias tag-atividades-de-estimulacao-cognitiva tag-atividades-de-estimulacao-cognitiva-para-criancas tag-criancas tag-noticias-da-neuronup tag-praxias\" style=\"--entry-index:1;\" aria-label=\"Jogo para trabalhar as praxias visoconstrutivas em crian\u00e7as: Complete o quebra-cabe\u00e7a\" itemscope itemtype=\"https:\/\/schema.org\/CreativeWork\"><a class=\"entry-image-link\" href=\"https:\/\/neuronup.com\/br\/atividades-de-neurorreabilitacao\/para-funcoes-cognitivas\/de-paxias\/jogo-para-trabalhar-as-praxias-visoconstrutivas-em-criancas-complete-o-puzzle\/\" tabindex=\"-1\" aria-hidden=\"true\"><img decoding=\"async\" width=\"400\" height=\"300\" src=\"https:\/\/neuronup.com\/br\/wp-content\/uploads\/2023\/01\/Juego-para-trabajar-las-praxias-visoconstructivas-en-ninos-Completa-el-puzzle.webp\" class=\"entry-image size-landscape-sm\" alt=\"Quebra-cabe\u00e7a tropical parcialmente montado com palmeiras, tucano, p\u00e1ssaro amarelo, flamingos e montanhas ao fundo.\" srcset=\"https:\/\/neuronup.com\/br\/wp-content\/uploads\/2023\/01\/Juego-para-trabajar-las-praxias-visoconstructivas-en-ninos-Completa-el-puzzle-300x225.webp 300w, https:\/\/neuronup.com\/br\/wp-content\/uploads\/2023\/01\/Juego-para-trabajar-las-praxias-visoconstructivas-en-ninos-Completa-el-puzzle-768x576.webp 768w, https:\/\/neuronup.com\/br\/wp-content\/uploads\/2023\/01\/Juego-para-trabajar-las-praxias-visoconstructivas-en-ninos-Completa-el-puzzle-1024x768.webp 1024w, https:\/\/neuronup.com\/br\/wp-content\/uploads\/2023\/01\/Juego-para-trabajar-las-praxias-visoconstructivas-en-ninos-Completa-el-puzzle.webp 1200w\" sizes=\"(max-width:599px) 599px, (min-width:600px) and (max-width: 799px) 799px, (min-width:800px) and (max-width: 999px) 333px, (min-width:1000px) 400px\" \/><\/a><div class=\"entry-wrap entry-wrap-grid\"><h3 class=\"entry-title\" itemprop=\"headline\"><a class=\"entry-title-link\" href=\"https:\/\/neuronup.com\/br\/atividades-de-neurorreabilitacao\/para-funcoes-cognitivas\/de-paxias\/jogo-para-trabalhar-as-praxias-visoconstrutivas-em-criancas-complete-o-puzzle\/\" rel=\"bookmark\">Jogo para trabalhar as praxias visoconstrutivas em crian\u00e7as: Complete o quebra-cabe\u00e7a<\/a><\/h3>\n<\/div><\/article><article class=\"entry entry-grid is-column has-entry-link has-image has-image-first type-post category-de-paxias tag-atividades-de-estimulacao-cognitiva tag-atividades-de-estimulacao-cognitiva-para-criancas tag-criancas tag-praxias\" style=\"--entry-index:2;\" aria-label=\"5 exerc\u00edcios para trabalhar as praxias com adultos e crian\u00e7as\" itemscope itemtype=\"https:\/\/schema.org\/CreativeWork\"><a class=\"entry-image-link\" href=\"https:\/\/neuronup.com\/br\/atividades-de-neurorreabilitacao\/para-funcoes-cognitivas\/de-paxias\/5-exercicios-para-trabalhar-as-praxias-com-adultos-e-criancas\/\" tabindex=\"-1\" aria-hidden=\"true\"><img decoding=\"async\" width=\"400\" height=\"282\" src=\"https:\/\/neuronup.com\/br\/wp-content\/uploads\/2022\/03\/Ejercicio-para-trabajar-las-praxias-Imagenes-revueltas-1-1.webp\" class=\"entry-image size-landscape-sm\" alt=\"Ilustra\u00e7\u00e3o animada de cena urbana com pr\u00e9dio, quiosque em destaque, adulto e crian\u00e7a caminhando e porta com interfone.\" srcset=\"https:\/\/neuronup.com\/br\/wp-content\/uploads\/2022\/03\/Ejercicio-para-trabajar-las-praxias-Imagenes-revueltas-1-1-300x212.webp 300w, https:\/\/neuronup.com\/br\/wp-content\/uploads\/2022\/03\/Ejercicio-para-trabajar-las-praxias-Imagenes-revueltas-1-1-768x542.webp 768w, https:\/\/neuronup.com\/br\/wp-content\/uploads\/2022\/03\/Ejercicio-para-trabajar-las-praxias-Imagenes-revueltas-1-1-1024x723.webp 1024w, https:\/\/neuronup.com\/br\/wp-content\/uploads\/2022\/03\/Ejercicio-para-trabajar-las-praxias-Imagenes-revueltas-1-1.webp 1200w\" sizes=\"(max-width:599px) 599px, (min-width:600px) and (max-width: 799px) 799px, (min-width:800px) and (max-width: 999px) 333px, (min-width:1000px) 400px\" \/><\/a><div class=\"entry-wrap entry-wrap-grid\"><h3 class=\"entry-title\" itemprop=\"headline\"><a class=\"entry-title-link\" href=\"https:\/\/neuronup.com\/br\/atividades-de-neurorreabilitacao\/para-funcoes-cognitivas\/de-paxias\/5-exercicios-para-trabalhar-as-praxias-com-adultos-e-criancas\/\" rel=\"bookmark\">5 exerc\u00edcios para trabalhar as praxias com adultos e crian\u00e7as<\/a><\/h3>\n<\/div><\/article><article class=\"entry entry-grid is-column has-entry-link has-image has-image-first type-post category-de-orientacao tag-atividades-de-estimulacao-cognitiva tag-noticias-da-neuronup tag-orientacao\" style=\"--entry-index:3;\" aria-label=\"Ficha para trabalhar a orienta\u00e7\u00e3o espacial com crian\u00e7as: Organiza a casa\" itemscope itemtype=\"https:\/\/schema.org\/CreativeWork\"><a class=\"entry-image-link\" href=\"https:\/\/neuronup.com\/br\/atividades-de-neurorreabilitacao\/para-funcoes-cognitivas\/de-orientacao\/ficha-para-trabalhar-a-orientacao-espacial-com-criancas-organiza-a-casa\/\" tabindex=\"-1\" aria-hidden=\"true\"><img decoding=\"async\" width=\"400\" height=\"300\" src=\"https:\/\/neuronup.com\/br\/wp-content\/uploads\/2024\/12\/orientacao-espacial_atividade-infantil-NeuronUP-400x300.webp\" class=\"entry-image size-landscape-sm\" alt=\"Colagem de ambientes dom\u00e9sticos: garagem desorganizada, escrit\u00f3rio organizado e banheiro moderno, com \u00edcones variados ao lado.\" srcset=\"https:\/\/neuronup.com\/br\/wp-content\/uploads\/2024\/12\/orientacao-espacial_atividade-infantil-NeuronUP-400x300.webp 400w, https:\/\/neuronup.com\/br\/wp-content\/uploads\/2024\/12\/orientacao-espacial_atividade-infantil-NeuronUP-800x600.webp 800w\" sizes=\"(max-width:599px) 599px, (min-width:600px) and (max-width: 799px) 799px, (min-width:800px) and (max-width: 999px) 333px, (min-width:1000px) 400px\" \/><\/a><div class=\"entry-wrap entry-wrap-grid\"><h3 class=\"entry-title\" itemprop=\"headline\"><a class=\"entry-title-link\" href=\"https:\/\/neuronup.com\/br\/atividades-de-neurorreabilitacao\/para-funcoes-cognitivas\/de-orientacao\/ficha-para-trabalhar-a-orientacao-espacial-com-criancas-organiza-a-casa\/\" rel=\"bookmark\">Ficha para trabalhar a orienta\u00e7\u00e3o espacial com crian\u00e7as: Organiza a casa<\/a><\/h3>\n<\/div><\/article><article class=\"entry entry-grid is-column has-entry-link has-image has-image-first type-post category-de-orientacao tag-orientacao\" style=\"--entry-index:4;\" aria-label=\"Orienta\u00e7\u00e3o: defini\u00e7\u00e3o, tipos e atividades de orienta\u00e7\u00e3o\" itemscope itemtype=\"https:\/\/schema.org\/CreativeWork\"><a class=\"entry-image-link\" href=\"https:\/\/neuronup.com\/br\/atividades-de-neurorreabilitacao\/para-funcoes-cognitivas\/de-orientacao\/orientacao-definicao-tipos-e-atividades-de-orientacao\/\" tabindex=\"-1\" aria-hidden=\"true\"><img decoding=\"async\" width=\"400\" height=\"300\" src=\"https:\/\/neuronup.com\/br\/wp-content\/uploads\/2022\/06\/NeuronUP-Jogo-Objetos-no-lugar-400x300.webp\" class=\"entry-image size-landscape-sm\" alt=\"Quarto decorado \u00e0 esquerda e jardim \u00e0 direita; \u00edcones de m\u00f3veis\/jardinagem na base e barra de bot\u00f5es para intera\u00e7\u00e3o.\" srcset=\"https:\/\/neuronup.com\/br\/wp-content\/uploads\/2022\/06\/NeuronUP-Jogo-Objetos-no-lugar-300x225.webp 300w, https:\/\/neuronup.com\/br\/wp-content\/uploads\/2022\/06\/NeuronUP-Jogo-Objetos-no-lugar-400x300.webp 400w, https:\/\/neuronup.com\/br\/wp-content\/uploads\/2022\/06\/NeuronUP-Jogo-Objetos-no-lugar-768x576.webp 768w, https:\/\/neuronup.com\/br\/wp-content\/uploads\/2022\/06\/NeuronUP-Jogo-Objetos-no-lugar-800x600.webp 800w, https:\/\/neuronup.com\/br\/wp-content\/uploads\/2022\/06\/NeuronUP-Jogo-Objetos-no-lugar-1024x768.webp 1024w, https:\/\/neuronup.com\/br\/wp-content\/uploads\/2022\/06\/NeuronUP-Jogo-Objetos-no-lugar.webp 1200w\" sizes=\"(max-width:599px) 599px, (min-width:600px) and (max-width: 799px) 799px, (min-width:800px) and (max-width: 999px) 333px, (min-width:1000px) 400px\" \/><\/a><div class=\"entry-wrap entry-wrap-grid\"><h3 class=\"entry-title\" itemprop=\"headline\"><a class=\"entry-title-link\" href=\"https:\/\/neuronup.com\/br\/atividades-de-neurorreabilitacao\/para-funcoes-cognitivas\/de-orientacao\/orientacao-definicao-tipos-e-atividades-de-orientacao\/\" rel=\"bookmark\">Orienta\u00e7\u00e3o: defini\u00e7\u00e3o, tipos e atividades de orienta\u00e7\u00e3o<\/a><\/h3>\n<\/div><\/article><article class=\"entry entry-grid is-column has-entry-link has-image has-image-first type-post category-de-orientacao\" style=\"--entry-index:5;\" aria-label=\"Lateralidade infantil: exerc\u00edcios de lateralidade cruzada para crian\u00e7as\" itemscope itemtype=\"https:\/\/schema.org\/CreativeWork\"><a class=\"entry-image-link\" href=\"https:\/\/neuronup.com\/br\/atividades-de-neurorreabilitacao\/para-funcoes-cognitivas\/de-orientacao\/lateralidade-infantil-exercicios-de-lateralidade-cruzada-para-criancas\/\" tabindex=\"-1\" aria-hidden=\"true\"><img decoding=\"async\" width=\"400\" height=\"300\" src=\"https:\/\/neuronup.com\/br\/wp-content\/uploads\/2024\/12\/Lateralidade-infantil-exercicios-de-lateralidade-cruzada-para-criancas-1-400x300.webp\" class=\"entry-image size-landscape-sm\" alt=\"Caixa de madeira com capacete aberto e duas op\u00e7\u00f5es Esquerda\/Direita ao lado, fundo azul com o t\u00edtulo Onde est\u00e1? para exerc\u00edcios de lateralidade infantil.\" srcset=\"https:\/\/neuronup.com\/br\/wp-content\/uploads\/2024\/12\/Lateralidade-infantil-exercicios-de-lateralidade-cruzada-para-criancas-1-400x300.webp 400w, https:\/\/neuronup.com\/br\/wp-content\/uploads\/2024\/12\/Lateralidade-infantil-exercicios-de-lateralidade-cruzada-para-criancas-1-800x600.webp 800w, https:\/\/neuronup.com\/br\/wp-content\/uploads\/2024\/12\/Lateralidade-infantil-exercicios-de-lateralidade-cruzada-para-criancas-1-1200x900.webp 1200w\" sizes=\"(max-width:599px) 599px, (min-width:600px) and (max-width: 799px) 799px, (min-width:800px) and (max-width: 999px) 333px, (min-width:1000px) 400px\" \/><\/a><div class=\"entry-wrap entry-wrap-grid\"><h3 class=\"entry-title\" itemprop=\"headline\"><a class=\"entry-title-link\" href=\"https:\/\/neuronup.com\/br\/atividades-de-neurorreabilitacao\/para-funcoes-cognitivas\/de-orientacao\/lateralidade-infantil-exercicios-de-lateralidade-cruzada-para-criancas\/\" rel=\"bookmark\">Lateralidade infantil: exerc\u00edcios de lateralidade cruzada para crian\u00e7as<\/a><\/h3>\n<\/div><\/article><\/div><\/div>","protected":false},"excerpt":{"rendered":"<p>Dentro das praxias diferenciamos entre: Para que servem as praxias? Como explicamos acima, praxia \u00e9 a habilidade de executar um movimento. Quando caminhamos, nos vestimos ou fazemos qualquer atividade de tipo motor, fazemos uso dessa habilidade, e \u00e0 incapacidade de realizar essas a\u00e7\u00f5es denominamos apraxia. Praxia tamb\u00e9m implica o conhecimento das fun\u00e7\u00f5es dos objetos que &hellip;<\/p>\n","protected":false},"author":1,"featured_media":32521,"parent":32474,"menu_order":5,"comment_status":"closed","ping_status":"closed","template":"","meta":{"_acf_changed":false,"_genesis_hide_title":false,"_genesis_hide_breadcrumbs":false,"_genesis_hide_singular_image":false,"_genesis_hide_footer_widgets":false,"_genesis_custom_body_class":"nup-style","_genesis_custom_post_class":"","_genesis_layout":"wide-content","footnotes":""},"class_list":{"1":"page","2":"type-page","6":"entry"},"acf":[],"_links":{"self":[{"href":"https:\/\/neuronup.com\/br\/wp-json\/wp\/v2\/pages\/32520","targetHints":{"allow":["GET"]}}],"collection":[{"href":"https:\/\/neuronup.com\/br\/wp-json\/wp\/v2\/pages"}],"about":[{"href":"https:\/\/neuronup.com\/br\/wp-json\/wp\/v2\/types\/page"}],"author":[{"embeddable":true,"href":"https:\/\/neuronup.com\/br\/wp-json\/wp\/v2\/users\/1"}],"replies":[{"embeddable":true,"href":"https:\/\/neuronup.com\/br\/wp-json\/wp\/v2\/comments?post=32520"}],"version-history":[{"count":0,"href":"https:\/\/neuronup.com\/br\/wp-json\/wp\/v2\/pages\/32520\/revisions"}],"up":[{"embeddable":true,"href":"https:\/\/neuronup.com\/br\/wp-json\/wp\/v2\/pages\/32474"}],"wp:featuredmedia":[{"embeddable":true,"href":"https:\/\/neuronup.com\/br\/wp-json\/wp\/v2\/media\/32521"}],"wp:attachment":[{"href":"https:\/\/neuronup.com\/br\/wp-json\/wp\/v2\/media?parent=32520"}],"curies":[{"name":"wp","href":"https:\/\/api.w.org\/{rel}","templated":true}]}}