{"id":32507,"date":"2024-10-31T14:10:39","date_gmt":"2024-10-31T12:10:39","guid":{"rendered":"https:\/\/neuronup.com\/br\/?page_id=32507"},"modified":"2026-03-13T13:01:31","modified_gmt":"2026-03-13T11:01:31","slug":"atencao","status":"publish","type":"page","link":"https:\/\/neuronup.com\/br\/areas-de-intervencao\/funcoes-cognitivas\/atencao\/","title":{"rendered":"Aten\u00e7\u00e3o"},"content":{"rendered":"\n<div class=\"wp-block-columns is-layout-flex wp-container-core-columns-is-layout-9d6595d7 wp-block-columns-is-layout-flex\">\n<div class=\"wp-block-column is-layout-flow wp-block-column-is-layout-flow\" style=\"flex-basis:50%\">\n<blockquote class=\"wp-block-quote is-layout-flow wp-block-quote-is-layout-flow\">\n<p>A aten\u00e7\u00e3o faz refer\u00eancia ao estado de observa\u00e7\u00e3o e de alerta que nos permite tomar consci\u00eancia do que acontece em nosso entorno.<\/p>\n<cite><em>(Ballesteros, 2000)<\/em><\/cite><\/blockquote>\n\n\n\n<p class=\"pr-5\">Em outras palavras, a <strong>aten\u00e7\u00e3o<\/strong> \u00e9 a capacidade de gerar, direcionar e manter um estado de ativa\u00e7\u00e3o adequado para o processamento correto da informa\u00e7\u00e3o.<\/p>\n\n\n\n<p>Dentro desta fun\u00e7\u00e3o devemos falar de 5 processos diferentes:<\/p>\n\n\n\n<ul class=\"wp-block-list\">\n<li><strong>Aten\u00e7\u00e3o sustentada:<\/strong>&nbsp;capacidade de manter de maneira fluida o foco de aten\u00e7\u00e3o em uma tarefa ou evento durante um per\u00edodo de tempo prolongado. Esse tipo de aten\u00e7\u00e3o tamb\u00e9m \u00e9 chamado de vigil\u00e2ncia.<\/li>\n\n\n\n<li><strong>Aten\u00e7\u00e3o seletiva:<\/strong>&nbsp;capacidade de direcionar a aten\u00e7\u00e3o e concentrar-se em algo sem permitir que outros est\u00edmulos, sejam externos ou internos, interrompam a tarefa.<\/li>\n\n\n\n<li><strong><a href=\"https:\/\/neuronup.com\/br\/noticias-de-estimulacao-cognitiva\/metodos-e-tecnicas-de-intervencao-terapeutica-e-psicologica\/a-atencao-alternante-e-suas-formas-de-reabilitacao\/\" data-type=\"link\" data-id=\"https:\/\/neuronup.com\/br\/noticias-de-estimulacao-cognitiva\/metodos-e-tecnicas-de-intervencao-terapeutica-e-psicologica\/a-atencao-alternante-e-suas-formas-de-reabilitacao\/\">Aten\u00e7\u00e3o alternada:<\/a><\/strong>\u00a0capacidade de mudar nosso foco de aten\u00e7\u00e3o de uma tarefa ou norma interna para outra de maneira fluida.<\/li>\n\n\n\n<li><strong>Velocidade de processamento:<\/strong>&nbsp;ritmo em que o c\u00e9rebro realiza uma tarefa (evidentemente, varia conforme a tarefa, dependendo das demais fun\u00e7\u00f5es cognitivas envolvidas nela). \u00c9 medida por meio do tempo que o sujeito leva entre receber o est\u00edmulo e emitir a resposta.<\/li>\n\n\n\n<li><strong>Hemineglig\u00eancia:<\/strong>&nbsp;grande dificuldade ou incapacidade para direcionar a aten\u00e7\u00e3o para um dos lados (normalmente, o esquerdo), tanto em rela\u00e7\u00e3o ao pr\u00f3prio corpo quanto ao espa\u00e7o.<\/li>\n<\/ul>\n\n\n\n<h2 class=\"wp-block-heading\" id=\"para-que-sirve-la-atencion\">Para que serve a aten\u00e7\u00e3o?<\/h2>\n\n\n\n<p>Ao longo da nossa vida precisamos da aten\u00e7\u00e3o para todo tipo de coisas. Desde crian\u00e7as aprendemos a nos concentrar em alguns est\u00edmulos ignorando outros de menor import\u00e2ncia. \u00c0s vezes somos capazes de lembrar facilmente de uma conversa que tivemos, mas n\u00e3o somos capazes de lembrar de outros aspectos, digamos, secund\u00e1rios: o lugar, a roupa do nosso interlocutor, se fazia frio ou calor&#8230; Outro exemplo seria quando devemos ser capazes de estar concentrados em algo durante muito tempo, mesmo que seja entediante, como pode ser uma palestra na sala de aula ou no trabalho.<\/p>\n\n\n\n<h2 class=\"wp-block-heading\" id=\"ejercicios-de-neuronup-para-rehabilitar-la-atencion\">Exerc\u00edcios da NeuronUP para reabilitar a aten\u00e7\u00e3o<\/h2>\n\n\n<div class=\"wp-block-image image-interface\">\n<figure class=\"aligncenter size-full\"><img decoding=\"async\" width=\"1200\" height=\"675\" src=\"https:\/\/neuronup.com\/br\/wp-content\/uploads\/2026\/03\/Interfaz-de-la-plataforma-NeuronUP.-Actividades-para-la-atencao.webp\" alt=\"Atividades da NeuronUP para reabilitar a aten\u00e7\u00e3o\" class=\"wp-image-46723\" srcset=\"https:\/\/neuronup.com\/br\/wp-content\/uploads\/2026\/03\/Interfaz-de-la-plataforma-NeuronUP.-Actividades-para-la-atencao-300x169.webp 300w, https:\/\/neuronup.com\/br\/wp-content\/uploads\/2026\/03\/Interfaz-de-la-plataforma-NeuronUP.-Actividades-para-la-atencao-768x432.webp 768w, https:\/\/neuronup.com\/br\/wp-content\/uploads\/2026\/03\/Interfaz-de-la-plataforma-NeuronUP.-Actividades-para-la-atencao-1024x576.webp 1024w, https:\/\/neuronup.com\/br\/wp-content\/uploads\/2026\/03\/Interfaz-de-la-plataforma-NeuronUP.-Actividades-para-la-atencao.webp 1200w\" sizes=\"(max-width: 1200px) 100vw, 1200px\" \/><figcaption class=\"wp-element-caption\">Atividades da NeuronUP para reabilitar a aten\u00e7\u00e3o<\/figcaption><\/figure>\n<\/div>\n\n\n<p><strong>Na NeuronUP propomos atividades para os diferentes tipos de aten\u00e7\u00e3o. <\/strong>Assim, em rela\u00e7\u00e3o \u00e0 aten\u00e7\u00e3o sustentada, a atividade proposta como exemplo consiste em copiar a figura que temos como modelo.<\/p>\n\n\n\n<figure class=\"wp-block-video aligncenter image-interface\"><video height=\"600\" style=\"aspect-ratio: 1200 \/ 600;\" width=\"1200\" autoplay loop muted src=\"https:\/\/neuronup.com\/br\/wp-content\/uploads\/2026\/02\/Atividade-da-NeuronUP-Copia-de-planos-Copia-de-planos.webm\" playsinline><\/video><\/figure>\n\n\n\n<p>Para trabalhar a <strong>aten\u00e7\u00e3o seletiva<\/strong>, uma das atividades propostas \u00e9 <em>A palavra m\u00e1gica<\/em>, uma ca\u00e7a-palavras cl\u00e1ssica em que as crian\u00e7as devem encontrar as palavras escondidas em um conjunto de letras.<\/p>\n\n\n<div class=\"wp-block-image image-interface\">\n<figure class=\"aligncenter size-full has-xxl-margin-bottom\"><img decoding=\"async\" width=\"1200\" height=\"900\" src=\"https:\/\/neuronup.com\/br\/wp-content\/uploads\/2024\/10\/Activity-The-Magic-Word.webp\" alt=\"Sopa de letras educativa com palavras PROGRAM PANTHER YELLOW PLUMBER; caixas mostram se foram encontradas, fundo l\u00fadico.\" class=\"wp-image-31884\" srcset=\"https:\/\/neuronup.com\/br\/wp-content\/uploads\/2024\/10\/Activity-The-Magic-Word-300x225.webp 300w, https:\/\/neuronup.com\/br\/wp-content\/uploads\/2024\/10\/Activity-The-Magic-Word-400x300.webp 400w, https:\/\/neuronup.com\/br\/wp-content\/uploads\/2024\/10\/Activity-The-Magic-Word-768x576.webp 768w, https:\/\/neuronup.com\/br\/wp-content\/uploads\/2024\/10\/Activity-The-Magic-Word-800x600.webp 800w, https:\/\/neuronup.com\/br\/wp-content\/uploads\/2024\/10\/Activity-The-Magic-Word-1024x768.webp 1024w, https:\/\/neuronup.com\/br\/wp-content\/uploads\/2024\/10\/Activity-The-Magic-Word.webp 1200w\" sizes=\"(max-width: 1200px) 100vw, 1200px\" \/><\/figure>\n<\/div>\n\n\n<p>A atividade infantil seguinte para trabalhar a <strong>aten\u00e7\u00e3o alternada <\/strong>consiste em percorrer o caminho at\u00e9 chegar ao castelo pulando pelas diferentes casas conforme o desenho indicar.<\/p>\n\n\n<div class=\"wp-block-image image-interface\">\n<figure class=\"aligncenter size-full\"><img decoding=\"async\" width=\"1200\" height=\"900\" src=\"https:\/\/neuronup.com\/br\/wp-content\/uploads\/2024\/10\/Actvity-Follow-the-path.webp\" alt=\"Tela de tabuleiro educativo com casas amarelas; sapos verdes e roxos, progresso marcado; topo com bot\u00f5es.\" class=\"wp-image-31885\" style=\"object-fit:cover\" srcset=\"https:\/\/neuronup.com\/br\/wp-content\/uploads\/2024\/10\/Actvity-Follow-the-path-300x225.webp 300w, https:\/\/neuronup.com\/br\/wp-content\/uploads\/2024\/10\/Actvity-Follow-the-path-400x300.webp 400w, https:\/\/neuronup.com\/br\/wp-content\/uploads\/2024\/10\/Actvity-Follow-the-path-768x576.webp 768w, https:\/\/neuronup.com\/br\/wp-content\/uploads\/2024\/10\/Actvity-Follow-the-path-800x600.webp 800w, https:\/\/neuronup.com\/br\/wp-content\/uploads\/2024\/10\/Actvity-Follow-the-path-1024x768.webp 1024w, https:\/\/neuronup.com\/br\/wp-content\/uploads\/2024\/10\/Actvity-Follow-the-path.webp 1200w\" sizes=\"(max-width: 1200px) 100vw, 1200px\" \/><\/figure>\n<\/div>\n\n\n<p>Um exemplo de atividade para melhorar a velocidade de processamento consiste em apontar o mais rapidamente poss\u00edvel a imagem diferente dentro de uma s\u00e9rie.<\/p>\n\n\n\n<div style=\"height:100px\" aria-hidden=\"true\" class=\"wp-block-spacer\"><\/div>\n\n\n\n<h3 class=\"wp-block-heading has-xl-margin-bottom\" id=\"consulta-nuestros-articulos-sobre-atencion\">Consulte nossos artigos sobre aten\u00e7\u00e3o<\/h3>\n<\/div>\n\n\n\n<div class=\"wp-block-column is-layout-flow wp-block-column-is-layout-flow\" style=\"flex-basis:50%\">\n<div class=\"wp-block-buttons sticky is-layout-flex wp-block-buttons-is-layout-flex\">\n<div class=\"wp-block-button\"><a class=\"wp-block-button__link button wp-element-button\" href=\"https:\/\/neuronup.com\/br\/areas-de-intervencao\/funcoes-cognitivas\/orientacao\/\">Orienta\u00e7\u00e3o<\/a><\/div>\n\n\n\n<div class=\"wp-block-button\"><a class=\"wp-block-button__link button wp-element-button\" href=\"https:\/\/neuronup.com\/br\/areas-de-intervencao\/funcoes-cognitivas\/gnosias\/\">Gnosias<\/a><\/div>\n\n\n\n<div class=\"wp-block-button\"><a class=\"wp-block-button__link button wp-element-button\" href=\"https:\/\/neuronup.com\/br\/areas-de-intervencao\/funcoes-cognitivas\/atencao\/\">Aten\u00e7\u00e3o<\/a><\/div>\n\n\n\n<div class=\"wp-block-button\"><a class=\"wp-block-button__link button wp-element-button\" href=\"https:\/\/neuronup.com\/br\/areas-de-intervencao\/funcoes-cognitivas\/funcoes-executivas\/\">Fun\u00e7\u00f5es Executivas<\/a><\/div>\n\n\n\n<div class=\"wp-block-button\"><a class=\"wp-block-button__link button wp-element-button\" href=\"https:\/\/neuronup.com\/br\/areas-de-intervencao\/funcoes-cognitivas\/praxias\/\">Praxias<\/a><\/div>\n\n\n\n<div class=\"wp-block-button\"><a class=\"wp-block-button__link button wp-element-button\" href=\"https:\/\/neuronup.com\/br\/areas-de-intervencao\/funcoes-cognitivas\/memoria\/\">Mem\u00f3ria<\/a><\/div>\n\n\n\n<div class=\"wp-block-button\"><a class=\"wp-block-button__link button wp-element-button\" href=\"https:\/\/neuronup.com\/br\/areas-de-intervencao\/funcoes-cognitivas\/linguagem\/\">Linguagem<\/a><\/div>\n\n\n\n<div class=\"wp-block-button\"><a class=\"wp-block-button__link button wp-element-button\" href=\"https:\/\/neuronup.com\/br\/areas-de-intervencao\/funcoes-cognitivas\/cognicao-social\/\">Cogni\u00e7\u00e3o Social<\/a><\/div>\n\n\n\n<div class=\"wp-block-button\"><a class=\"wp-block-button__link button wp-element-button\" href=\"https:\/\/neuronup.com\/br\/areas-de-intervencao\/funcoes-cognitivas\/habilidades-visuoespaciais\/\">Habilidades Visuoespaciais<\/a><\/div>\n<\/div>\n<\/div>\n<\/div>\n\n\n<div class=\"mai-grid entries entries-grid has-boxed has-image-full\" style=\"--entry-title-font-size:var(--font-size-lg);--align-text:start;--entry-meta-text-align:start;\"><div class=\"entries-wrap has-columns\" style=\"--columns-xs:1\/1;--columns-sm:1\/1;--columns-md:1\/3;--columns-lg:1\/3;--flex-xs:0 0 var(--flex-basis);--flex-sm:0 0 var(--flex-basis);--flex-md:0 0 var(--flex-basis);--flex-lg:0 0 var(--flex-basis);--column-gap:var(--spacing-lg);--row-gap:var(--spacing-lg);--align-columns:start;\"><article class=\"entry entry-grid is-column has-entry-link has-image has-image-first type-post category-de-atencao\" style=\"--entry-index:1;\" aria-label=\"Novas atividades de alto valor ecol\u00f3gico!\" itemscope itemtype=\"https:\/\/schema.org\/CreativeWork\"><a class=\"entry-image-link\" href=\"https:\/\/neuronup.com\/br\/atividades-de-neurorreabilitacao\/para-funcoes-cognitivas\/de-atencao\/novas-atividades-de-alto-valor-ecologico\/\" tabindex=\"-1\" aria-hidden=\"true\"><img decoding=\"async\" width=\"400\" height=\"300\" src=\"https:\/\/neuronup.com\/br\/wp-content\/uploads\/2026\/04\/Encontrar-los-numeros-que-faltan-NeuronUP-400x300.webp\" class=\"entry-image size-landscape-sm\" alt=\"Ficha de aten\u00e7\u00e3o sustentada: duas tabelas com sequ\u00eancias de 1 a 25, com n\u00fameros ausentes para completar.\" srcset=\"https:\/\/neuronup.com\/br\/wp-content\/uploads\/2026\/04\/Encontrar-los-numeros-que-faltan-NeuronUP-400x300.webp 400w, https:\/\/neuronup.com\/br\/wp-content\/uploads\/2026\/04\/Encontrar-los-numeros-que-faltan-NeuronUP-800x600.webp 800w\" sizes=\"(max-width:599px) 599px, (min-width:600px) and (max-width: 799px) 799px, (min-width:800px) and (max-width: 999px) 333px, (min-width:1000px) 400px\" \/><\/a><div class=\"entry-wrap entry-wrap-grid\"><h3 class=\"entry-title\" itemprop=\"headline\"><a class=\"entry-title-link\" href=\"https:\/\/neuronup.com\/br\/atividades-de-neurorreabilitacao\/para-funcoes-cognitivas\/de-atencao\/novas-atividades-de-alto-valor-ecologico\/\" rel=\"bookmark\">Novas atividades de alto valor ecol\u00f3gico!<\/a><\/h3>\n<\/div><\/article><article class=\"entry entry-grid is-column has-entry-link has-image has-image-first type-post category-de-atencao tag-atencao tag-atividades-de-estimulacao-cognitiva tag-atividades-de-estimulacao-cognitiva-para-adultos tag-atividades-de-estimulacao-cognitiva-para-criancas tag-estimulacao-cognitiva\" style=\"--entry-index:2;\" aria-label=\"Atividades de aten\u00e7\u00e3o sustentada para adultos e crian\u00e7as\" itemscope itemtype=\"https:\/\/schema.org\/CreativeWork\"><a class=\"entry-image-link\" href=\"https:\/\/neuronup.com\/br\/atividades-de-neurorreabilitacao\/para-funcoes-cognitivas\/de-atencao\/atividades-de-atencao-sustentada-para-adultos-e-criancas\/\" tabindex=\"-1\" aria-hidden=\"true\"><img decoding=\"async\" width=\"400\" height=\"251\" src=\"https:\/\/neuronup.com\/br\/wp-content\/uploads\/2024\/11\/Encontrar-los-numeros-que-faltan-NeuronUP.webp\" class=\"entry-image size-landscape-sm\" alt=\"Duas tabelas com n\u00fameros de 1 a 25 em grade; na primeira e na segunda, aparecem n\u00fameros ausentes para identificar.\" srcset=\"https:\/\/neuronup.com\/br\/wp-content\/uploads\/2024\/11\/Encontrar-los-numeros-que-faltan-NeuronUP-300x188.webp 300w, https:\/\/neuronup.com\/br\/wp-content\/uploads\/2024\/11\/Encontrar-los-numeros-que-faltan-NeuronUP-768x482.webp 768w, https:\/\/neuronup.com\/br\/wp-content\/uploads\/2024\/11\/Encontrar-los-numeros-que-faltan-NeuronUP-1024x643.webp 1024w, https:\/\/neuronup.com\/br\/wp-content\/uploads\/2024\/11\/Encontrar-los-numeros-que-faltan-NeuronUP.webp 1200w\" sizes=\"(max-width:599px) 599px, (min-width:600px) and (max-width: 799px) 799px, (min-width:800px) and (max-width: 999px) 333px, (min-width:1000px) 400px\" \/><\/a><div class=\"entry-wrap entry-wrap-grid\"><h3 class=\"entry-title\" itemprop=\"headline\"><a class=\"entry-title-link\" href=\"https:\/\/neuronup.com\/br\/atividades-de-neurorreabilitacao\/para-funcoes-cognitivas\/de-atencao\/atividades-de-atencao-sustentada-para-adultos-e-criancas\/\" rel=\"bookmark\">Atividades de aten\u00e7\u00e3o sustentada para adultos e crian\u00e7as<\/a><\/h3>\n<\/div><\/article><article class=\"entry entry-grid is-column has-entry-link has-image has-image-first type-post category-de-atencao tag-atencao tag-atividades-de-estimulacao-cognitiva\" style=\"--entry-index:3;\" aria-label=\"Cinco exerc\u00edcios para trabalhar a aten\u00e7\u00e3o\" itemscope itemtype=\"https:\/\/schema.org\/CreativeWork\"><a class=\"entry-image-link\" href=\"https:\/\/neuronup.com\/br\/atividades-de-neurorreabilitacao\/para-funcoes-cognitivas\/de-atencao\/exercicios-para-trabalhar-a-atencao\/\" tabindex=\"-1\" aria-hidden=\"true\"><img decoding=\"async\" width=\"400\" height=\"300\" src=\"https:\/\/neuronup.com\/br\/wp-content\/uploads\/2024\/10\/Actividad-Conquista-espacial.webp\" class=\"entry-image size-landscape-sm\" alt=\"Cena espacial: astronauta sobre um globo, cercado por planetas e luas coloridos, com \u00edcones de interface na base.\" srcset=\"https:\/\/neuronup.com\/br\/wp-content\/uploads\/2024\/10\/Actividad-Conquista-espacial-300x225.webp 300w, https:\/\/neuronup.com\/br\/wp-content\/uploads\/2024\/10\/Actividad-Conquista-espacial-768x577.webp 768w, https:\/\/neuronup.com\/br\/wp-content\/uploads\/2024\/10\/Actividad-Conquista-espacial-1024x769.webp 1024w, https:\/\/neuronup.com\/br\/wp-content\/uploads\/2024\/10\/Actividad-Conquista-espacial.webp 1200w\" sizes=\"(max-width:599px) 599px, (min-width:600px) and (max-width: 799px) 799px, (min-width:800px) and (max-width: 999px) 333px, (min-width:1000px) 400px\" \/><\/a><div class=\"entry-wrap entry-wrap-grid\"><h3 class=\"entry-title\" itemprop=\"headline\"><a class=\"entry-title-link\" href=\"https:\/\/neuronup.com\/br\/atividades-de-neurorreabilitacao\/para-funcoes-cognitivas\/de-atencao\/exercicios-para-trabalhar-a-atencao\/\" rel=\"bookmark\">Cinco exerc\u00edcios para trabalhar a aten\u00e7\u00e3o<\/a><\/h3>\n<\/div><\/article><article class=\"entry entry-grid is-column has-entry-link has-image has-image-first type-post category-de-atencao tag-atencao tag-atividades-de-estimulacao-cognitiva tag-criancas\" style=\"--entry-index:4;\" aria-label=\"Ficha infantil para trabalhar a aten\u00e7\u00e3o seletiva \u00abQuantos h\u00e1 de cada?\u00bb\" itemscope itemtype=\"https:\/\/schema.org\/CreativeWork\"><a class=\"entry-image-link\" href=\"https:\/\/neuronup.com\/br\/atividades-de-neurorreabilitacao\/para-funcoes-cognitivas\/de-atencao\/ficha-infantil-para-trabalhar-a-atencao-seletiva\/\" tabindex=\"-1\" aria-hidden=\"true\"><img decoding=\"async\" width=\"400\" height=\"300\" src=\"https:\/\/neuronup.com\/br\/wp-content\/uploads\/2024\/09\/Actividad-Cuantos-hay-de-cada-version-infantil.webp\" class=\"entry-image size-landscape-sm\" alt=\"Jogo de padr\u00f5es num\u00e9ricos com c\u00e3es: tr\u00eas imagens 4, 5 e 9; o 5 est\u00e1 verde; grade inferior com mais c\u00e3es e bot\u00f5es numerados.\" srcset=\"https:\/\/neuronup.com\/br\/wp-content\/uploads\/2024\/09\/Actividad-Cuantos-hay-de-cada-version-infantil-300x225.webp 300w, https:\/\/neuronup.com\/br\/wp-content\/uploads\/2024\/09\/Actividad-Cuantos-hay-de-cada-version-infantil-768x577.webp 768w, https:\/\/neuronup.com\/br\/wp-content\/uploads\/2024\/09\/Actividad-Cuantos-hay-de-cada-version-infantil-1024x769.webp 1024w, https:\/\/neuronup.com\/br\/wp-content\/uploads\/2024\/09\/Actividad-Cuantos-hay-de-cada-version-infantil.webp 1200w\" sizes=\"(max-width:599px) 599px, (min-width:600px) and (max-width: 799px) 799px, (min-width:800px) and (max-width: 999px) 333px, (min-width:1000px) 400px\" \/><\/a><div class=\"entry-wrap entry-wrap-grid\"><h3 class=\"entry-title\" itemprop=\"headline\"><a class=\"entry-title-link\" href=\"https:\/\/neuronup.com\/br\/atividades-de-neurorreabilitacao\/para-funcoes-cognitivas\/de-atencao\/ficha-infantil-para-trabalhar-a-atencao-seletiva\/\" rel=\"bookmark\">Ficha infantil para trabalhar a aten\u00e7\u00e3o seletiva \u00abQuantos h\u00e1 de cada?\u00bb<\/a><\/h3>\n<\/div><\/article><article class=\"entry entry-grid is-column has-entry-link has-image has-image-first type-post category-de-atencao tag-atencao tag-atividades-de-estimulacao-cognitiva tag-atividades-de-estimulacao-cognitiva-para-adultos\" style=\"--entry-index:5;\" aria-label=\"Jogo de aten\u00e7\u00e3o seletiva para adultos: Explore e encontre\" itemscope itemtype=\"https:\/\/schema.org\/CreativeWork\"><a class=\"entry-image-link\" href=\"https:\/\/neuronup.com\/br\/atividades-de-neurorreabilitacao\/para-funcoes-cognitivas\/de-atencao\/jogo-de-atencao-seletiva-para-adultos-explora-e-encontra\/\" tabindex=\"-1\" aria-hidden=\"true\"><img decoding=\"async\" width=\"400\" height=\"296\" src=\"https:\/\/neuronup.com\/br\/wp-content\/uploads\/2024\/09\/Explora-y-encuentra-juego-adultos.webp\" class=\"entry-image size-landscape-sm\" alt=\"Interface de jogo interativo de NeuronUP para organizar roupas coloridas ao redor de m\u00e1quina de lavar, com bot\u00f5es na base.\" srcset=\"https:\/\/neuronup.com\/br\/wp-content\/uploads\/2024\/09\/Explora-y-encuentra-juego-adultos-300x222.webp 300w, https:\/\/neuronup.com\/br\/wp-content\/uploads\/2024\/09\/Explora-y-encuentra-juego-adultos-768x568.webp 768w, https:\/\/neuronup.com\/br\/wp-content\/uploads\/2024\/09\/Explora-y-encuentra-juego-adultos.webp 912w\" sizes=\"(max-width:599px) 599px, (min-width:600px) and (max-width: 799px) 799px, (min-width:800px) and (max-width: 999px) 333px, (min-width:1000px) 400px\" \/><\/a><div class=\"entry-wrap entry-wrap-grid\"><h3 class=\"entry-title\" itemprop=\"headline\"><a class=\"entry-title-link\" href=\"https:\/\/neuronup.com\/br\/atividades-de-neurorreabilitacao\/para-funcoes-cognitivas\/de-atencao\/jogo-de-atencao-seletiva-para-adultos-explora-e-encontra\/\" rel=\"bookmark\">Jogo de aten\u00e7\u00e3o seletiva para adultos: Explore e encontre<\/a><\/h3>\n<\/div><\/article><article class=\"entry entry-grid is-column has-entry-link has-image has-image-first type-post category-de-atencao tag-atencao tag-atividades-de-estimulacao-cognitiva\" style=\"--entry-index:6;\" aria-label=\"Ficha para trabalhar a hemineglig\u00eancia em adultos: Compara\u00e7\u00e3o de textos\" itemscope itemtype=\"https:\/\/schema.org\/CreativeWork\"><a class=\"entry-image-link\" href=\"https:\/\/neuronup.com\/br\/atividades-de-neurorreabilitacao\/para-funcoes-cognitivas\/de-atencao\/ficha-para-trabalhar-a-heminegligencia-com-adultos-comparacao-de-textos\/\" tabindex=\"-1\" aria-hidden=\"true\"><img decoding=\"async\" width=\"392\" height=\"300\" src=\"https:\/\/neuronup.com\/br\/wp-content\/uploads\/2023\/12\/Ficha-para-trabajar-la-heminegligencia-con-adultos.webp\" class=\"entry-image size-landscape-sm\" alt=\"Texto em espanhol dividido em duas partes sobre pl\u00e1stico no oceano, com formato interativo que sugere um recurso educativo; \u00fatil para profissionais de educa\u00e7\u00e3o, sa\u00fade e neuropsicologia aplicada.\" srcset=\"https:\/\/neuronup.com\/br\/wp-content\/uploads\/2023\/12\/Ficha-para-trabajar-la-heminegligencia-con-adultos-300x230.webp 300w, https:\/\/neuronup.com\/br\/wp-content\/uploads\/2023\/12\/Ficha-para-trabajar-la-heminegligencia-con-adultos-768x588.webp 768w, https:\/\/neuronup.com\/br\/wp-content\/uploads\/2023\/12\/Ficha-para-trabajar-la-heminegligencia-con-adultos-1024x783.webp 1024w, https:\/\/neuronup.com\/br\/wp-content\/uploads\/2023\/12\/Ficha-para-trabajar-la-heminegligencia-con-adultos.webp 1200w\" sizes=\"(max-width:599px) 599px, (min-width:600px) and (max-width: 799px) 799px, (min-width:800px) and (max-width: 999px) 333px, (min-width:1000px) 400px\" \/><\/a><div class=\"entry-wrap entry-wrap-grid\"><h3 class=\"entry-title\" itemprop=\"headline\"><a class=\"entry-title-link\" href=\"https:\/\/neuronup.com\/br\/atividades-de-neurorreabilitacao\/para-funcoes-cognitivas\/de-atencao\/ficha-para-trabalhar-a-heminegligencia-com-adultos-comparacao-de-textos\/\" rel=\"bookmark\">Ficha para trabalhar a hemineglig\u00eancia em adultos: Compara\u00e7\u00e3o de textos<\/a><\/h3>\n<\/div><\/article><\/div><\/div>","protected":false},"excerpt":{"rendered":"<p>A aten\u00e7\u00e3o faz refer\u00eancia ao estado de observa\u00e7\u00e3o e de alerta que nos permite tomar consci\u00eancia do que acontece em nosso entorno. Em outras palavras, a aten\u00e7\u00e3o \u00e9 a capacidade de gerar, direcionar e manter um estado de ativa\u00e7\u00e3o adequado para o processamento correto da informa\u00e7\u00e3o. Dentro desta fun\u00e7\u00e3o devemos falar de 5 processos diferentes: &hellip;<\/p>\n","protected":false},"author":1,"featured_media":32508,"parent":32474,"menu_order":3,"comment_status":"closed","ping_status":"closed","template":"","meta":{"_acf_changed":false,"_genesis_hide_title":false,"_genesis_hide_breadcrumbs":false,"_genesis_hide_singular_image":false,"_genesis_hide_footer_widgets":false,"_genesis_custom_body_class":"nup-style","_genesis_custom_post_class":"nup-style","_genesis_layout":"wide-content","footnotes":""},"class_list":{"1":"page","2":"type-page","6":"entry","7":"nup-style"},"acf":[],"_links":{"self":[{"href":"https:\/\/neuronup.com\/br\/wp-json\/wp\/v2\/pages\/32507","targetHints":{"allow":["GET"]}}],"collection":[{"href":"https:\/\/neuronup.com\/br\/wp-json\/wp\/v2\/pages"}],"about":[{"href":"https:\/\/neuronup.com\/br\/wp-json\/wp\/v2\/types\/page"}],"author":[{"embeddable":true,"href":"https:\/\/neuronup.com\/br\/wp-json\/wp\/v2\/users\/1"}],"replies":[{"embeddable":true,"href":"https:\/\/neuronup.com\/br\/wp-json\/wp\/v2\/comments?post=32507"}],"version-history":[{"count":0,"href":"https:\/\/neuronup.com\/br\/wp-json\/wp\/v2\/pages\/32507\/revisions"}],"up":[{"embeddable":true,"href":"https:\/\/neuronup.com\/br\/wp-json\/wp\/v2\/pages\/32474"}],"wp:featuredmedia":[{"embeddable":true,"href":"https:\/\/neuronup.com\/br\/wp-json\/wp\/v2\/media\/32508"}],"wp:attachment":[{"href":"https:\/\/neuronup.com\/br\/wp-json\/wp\/v2\/media?parent=32507"}],"curies":[{"name":"wp","href":"https:\/\/api.w.org\/{rel}","templated":true}]}}