{"id":32500,"date":"2024-10-31T13:54:32","date_gmt":"2024-10-31T11:54:32","guid":{"rendered":"https:\/\/neuronup.com\/br\/?page_id=32500"},"modified":"2026-03-13T12:47:30","modified_gmt":"2026-03-13T10:47:30","slug":"gnosias","status":"publish","type":"page","link":"https:\/\/neuronup.com\/br\/areas-de-intervencao\/funcoes-cognitivas\/gnosias\/","title":{"rendered":"Gnosias"},"content":{"rendered":"\n<div class=\"wp-block-columns is-layout-flex wp-container-core-columns-is-layout-9d6595d7 wp-block-columns-is-layout-flex\">\n<div class=\"wp-block-column is-layout-flow wp-block-column-is-layout-flow\" style=\"flex-basis:50%\">\n<p class=\"is-style-subheading\"><strong>Gnosias<\/strong> simples (aquelas em que interv\u00e9m apenas um canal sensorial):<\/p>\n\n\n\n<ul class=\"wp-block-list\">\n<li><strong>Gnosias visuais:&nbsp;<\/strong>capacidade de reconhecer visualmente diferentes est\u00edmulos e atribuir-lhes um significado. Esses est\u00edmulos podem ser objetos, rostos, cores ou formas.<\/li>\n\n\n\n<li><strong>Gnosias auditivas:&nbsp;<\/strong>capacidade de reconhecer auditivamente diversos est\u00edmulos (sons).<\/li>\n\n\n\n<li><strong>Gnosias t\u00e1teis:&nbsp;<\/strong>capacidade de reconhecer, por meio do tato, diferentes est\u00edmulos como a textura, os objetos ou a temperatura.<\/li>\n\n\n\n<li><strong>Gnosias olfativas:&nbsp;<\/strong>capacidade de reconhecer est\u00edmulos por meio do olfato, como diversos odores.<\/li>\n\n\n\n<li><strong>Gnosias gustativas:&nbsp;<\/strong>capacidade de reconhecer, por meio do paladar, diversos sabores.<\/li>\n<\/ul>\n\n\n\n<p>Gnosias complexas (aquelas em que interv\u00e9m mais de um canal sensorial):<\/p>\n\n\n\n<ul class=\"wp-block-list\">\n<li><strong>Esquema corporal:&nbsp;<\/strong>capacidade de reconhecer e representar mentalmente o corpo como um todo e suas diversas partes, desenvolvimento dos movimentos que podemos fazer com cada uma delas e orienta\u00e7\u00e3o do corpo no espa\u00e7o.<\/li>\n<\/ul>\n\n\n\n<h2 class=\"wp-block-heading\" id=\"para-que-sirven-las-gnosias\">Para que servem as gnosias?<\/h2>\n\n\n\n<p>As gnosias s\u00e3o de vital import\u00e2ncia para o desenvolvimento da nossa vida di\u00e1ria. Gra\u00e7as a elas podemos, por exemplo, reconhecer nossos familiares mais pr\u00f3ximos (existe uma patologia chamada prosopagnosia devido \u00e0 qual o usu\u00e1rio n\u00e3o \u00e9 capaz de reconhecer os rostos) ou identificar nossa m\u00fasica favorita (h\u00e1 pessoas que n\u00e3o conseguem reconhecer a m\u00fasica devido a um transtorno conhecido como amusia).<\/p>\n\n\n\n<p>Voc\u00eas imaginam como seria a nossa vida se n\u00e3o identific\u00e1ssemos determinadas partes do corpo como nossas? Ou o que significaria tocar, de olhos fechados, um objeto t\u00e3o comum como uma colher e ser incapaz de reconhec\u00ea-lo?<\/p>\n\n\n\n<h2 class=\"wp-block-heading\" id=\"ejercicios-de-neuronup-para-rehabilitar-las-gnosias\">Exerc\u00edcios da NeuronUP para reabilitar as gnosias<\/h2>\n\n\n\n<p class=\"has-lg-font-size\">Na NeuronUP podemos ajudar voc\u00ea a tratar essas dificuldades com diferentes atividades. <\/p>\n\n\n<div class=\"wp-block-image image-interface\">\n<figure class=\"aligncenter size-full has-xxl-margin-bottom\"><img decoding=\"async\" width=\"1200\" height=\"675\" src=\"https:\/\/neuronup.com\/br\/wp-content\/uploads\/2026\/03\/Interfaz-de-la-plataforma-NeuronUP.-Actividades-para-gnosias.webp\" alt=\"Atividades da NeuronUP destinadas \u00e0 reabilita\u00e7\u00e3o das gnosias.\" class=\"wp-image-46718\" srcset=\"https:\/\/neuronup.com\/br\/wp-content\/uploads\/2026\/03\/Interfaz-de-la-plataforma-NeuronUP.-Actividades-para-gnosias-300x169.webp 300w, https:\/\/neuronup.com\/br\/wp-content\/uploads\/2026\/03\/Interfaz-de-la-plataforma-NeuronUP.-Actividades-para-gnosias-768x432.webp 768w, https:\/\/neuronup.com\/br\/wp-content\/uploads\/2026\/03\/Interfaz-de-la-plataforma-NeuronUP.-Actividades-para-gnosias-1024x576.webp 1024w, https:\/\/neuronup.com\/br\/wp-content\/uploads\/2026\/03\/Interfaz-de-la-plataforma-NeuronUP.-Actividades-para-gnosias.webp 1200w\" sizes=\"(max-width: 1200px) 100vw, 1200px\" \/><figcaption class=\"wp-element-caption\">Atividades da NeuronUP destinadas \u00e0 reabilita\u00e7\u00e3o das gnosias.<\/figcaption><\/figure>\n<\/div>\n\n\n<div class=\"wp-block-columns are-vertically-aligned-top is-layout-flex wp-container-core-columns-is-layout-9d6595d7 wp-block-columns-is-layout-flex\">\n<div class=\"wp-block-column is-vertically-aligned-top is-layout-flow wp-block-column-is-layout-flow\">\n<figure class=\"wp-block-video aligncenter image-interface\"><video height=\"600\" style=\"aspect-ratio: 1200 \/ 600;\" width=\"1200\" autoplay loop muted src=\"https:\/\/neuronup.com\/br\/wp-content\/uploads\/2026\/02\/Atividade-da-NeuronUP-Do-menor-para-o-maior-De-menor-a-mayor.webm\" playsinline><\/video><figcaption class=\"wp-element-caption\">NeuronUP Activity: Do menor para o maior.<\/figcaption><\/figure>\n<\/div>\n\n\n\n<div class=\"wp-block-column is-vertically-aligned-top is-layout-flow wp-block-column-is-layout-flow\">\n<figure class=\"wp-block-video aligncenter image-interface\"><video height=\"600\" style=\"aspect-ratio: 1200 \/ 600;\" width=\"1200\" autoplay loop muted src=\"https:\/\/neuronup.com\/br\/wp-content\/uploads\/2026\/02\/Atividade-da-NeuronUP-Cores-Cromatismo.webm\" playsinline><\/video><figcaption class=\"wp-element-caption\">NeuronUP Activity: Cores.<\/figcaption><\/figure>\n<\/div>\n<\/div>\n\n\n\n<div class=\"wp-block-columns are-vertically-aligned-top is-layout-flex wp-container-core-columns-is-layout-9d6595d7 wp-block-columns-is-layout-flex\">\n<div class=\"wp-block-column is-vertically-aligned-top is-layout-flow wp-block-column-is-layout-flow\">\n<figure class=\"wp-block-video aligncenter image-interface\"><video height=\"600\" style=\"aspect-ratio: 1200 \/ 600;\" width=\"1200\" autoplay loop muted src=\"https:\/\/neuronup.com\/br\/wp-content\/uploads\/2026\/02\/Atividade-da-NeuronUP-Cores-inquietas-Colores-en-movimiento.webm\" playsinline><\/video><figcaption class=\"wp-element-caption\">NeuronUP Activity: Cores.<\/figcaption><\/figure>\n<\/div>\n\n\n\n<div class=\"wp-block-column is-vertically-aligned-top is-layout-flow wp-block-column-is-layout-flow\">\n<figure class=\"wp-block-video aligncenter image-interface\"><video height=\"600\" style=\"aspect-ratio: 1200 \/ 600;\" width=\"1200\" autoplay loop muted src=\"https:\/\/neuronup.com\/br\/wp-content\/uploads\/2026\/02\/Atividade-da-NeuronUP-Diretor-da-orquestra-Director-de-orquesta.webm\" playsinline><\/video><figcaption class=\"wp-element-caption\">NeuronUP Activity: Diretor da orquestra.<\/figcaption><\/figure>\n<\/div>\n<\/div>\n\n\n\n<div style=\"height:100px\" aria-hidden=\"true\" class=\"wp-block-spacer\"><\/div>\n\n\n\n<h3 class=\"wp-block-heading\" id=\"consulta-nuestros-articulos-sobre-gnosias\">Confira nossos artigos sobre Gnosias<\/h3>\n<\/div>\n\n\n\n<div class=\"wp-block-column is-layout-flow wp-block-column-is-layout-flow\" style=\"flex-basis:50%\">\n<div class=\"wp-block-buttons sticky is-layout-flex wp-block-buttons-is-layout-flex\">\n<div class=\"wp-block-button\"><a class=\"wp-block-button__link button wp-element-button\" href=\"https:\/\/neuronup.com\/br\/areas-de-intervencao\/funcoes-cognitivas\/orientacao\/\">Orienta\u00e7\u00e3o<\/a><\/div>\n\n\n\n<div class=\"wp-block-button\"><a class=\"wp-block-button__link button wp-element-button\" href=\"https:\/\/neuronup.com\/br\/areas-de-intervencao\/funcoes-cognitivas\/gnosias\/\">Gnosias<\/a><\/div>\n\n\n\n<div class=\"wp-block-button\"><a class=\"wp-block-button__link button wp-element-button\" href=\"https:\/\/neuronup.com\/br\/areas-de-intervencao\/funcoes-cognitivas\/atencao\/\">Aten\u00e7\u00e3o<\/a><\/div>\n\n\n\n<div class=\"wp-block-button\"><a class=\"wp-block-button__link button wp-element-button\" href=\"https:\/\/neuronup.com\/br\/areas-de-intervencao\/funcoes-cognitivas\/funcoes-executivas\/\">Fun\u00e7\u00f5es Executivas<\/a><\/div>\n\n\n\n<div class=\"wp-block-button\"><a class=\"wp-block-button__link button wp-element-button\" href=\"https:\/\/neuronup.com\/br\/areas-de-intervencao\/funcoes-cognitivas\/praxias\/\">Praxias<\/a><\/div>\n\n\n\n<div class=\"wp-block-button\"><a class=\"wp-block-button__link button wp-element-button\" href=\"https:\/\/neuronup.com\/br\/areas-de-intervencao\/funcoes-cognitivas\/memoria\/\">Mem\u00f3ria<\/a><\/div>\n\n\n\n<div class=\"wp-block-button\"><a class=\"wp-block-button__link button wp-element-button\" href=\"https:\/\/neuronup.com\/br\/areas-de-intervencao\/funcoes-cognitivas\/linguagem\/\">Linguagem<\/a><\/div>\n\n\n\n<div class=\"wp-block-button\"><a class=\"wp-block-button__link button wp-element-button\" href=\"https:\/\/neuronup.com\/br\/areas-de-intervencao\/funcoes-cognitivas\/cognicao-social\/\">Cogni\u00e7\u00e3o Social<\/a><\/div>\n\n\n\n<div class=\"wp-block-button\"><a class=\"wp-block-button__link button wp-element-button\" href=\"https:\/\/neuronup.com\/br\/areas-de-intervencao\/funcoes-cognitivas\/habilidades-visuoespaciais\/\">Habilidades Visuoespaciais<\/a><\/div>\n<\/div>\n<\/div>\n<\/div>\n\n\n\n\n<div class=\"mai-grid entries entries-grid has-boxed has-image-full\" style=\"--entry-title-font-size:var(--font-size-lg);--align-text:start;--entry-meta-text-align:start;\"><div class=\"entries-wrap has-columns\" style=\"--columns-xs:1\/1;--columns-sm:1\/1;--columns-md:1\/3;--columns-lg:1\/3;--flex-xs:0 0 var(--flex-basis);--flex-sm:0 0 var(--flex-basis);--flex-md:0 0 var(--flex-basis);--flex-lg:0 0 var(--flex-basis);--column-gap:var(--spacing-lg);--row-gap:var(--spacing-lg);--align-columns:start;\"><article class=\"entry entry-grid is-column has-entry-link has-image has-image-first type-post category-de-gnosias tag-atividades-de-estimulacao-cognitiva tag-atividades-de-estimulacao-cognitiva-para-criancas tag-criancas tag-gnosias tag-noticias-da-neuronup\" style=\"--entry-index:1;\" aria-label=\"Ficha para trabalhar as gnosias visuais em crian\u00e7as: Objetos meio ocultos\" itemscope itemtype=\"https:\/\/schema.org\/CreativeWork\"><a class=\"entry-image-link\" href=\"https:\/\/neuronup.com\/br\/atividades-de-neurorreabilitacao\/para-funcoes-cognitivas\/de-gnosias\/ficha-para-trabalhar-as-gnosias-visuais-em-criancas-objetos-meio-ocultos\/\" tabindex=\"-1\" aria-hidden=\"true\"><img decoding=\"async\" width=\"400\" height=\"271\" src=\"https:\/\/neuronup.com\/br\/wp-content\/uploads\/2023\/06\/Captura-de-pantalla-2023-06-19-a-las-14.27.11.webp\" class=\"entry-image size-landscape-sm\" alt=\"Grade com seis imagens parcialmente ocultas (A\u2013F) de objetos que usam eletricidade: estrutura reciclada, TV, abajur, carro, moto e item colorido.\" srcset=\"https:\/\/neuronup.com\/br\/wp-content\/uploads\/2023\/06\/Captura-de-pantalla-2023-06-19-a-las-14.27.11-300x203.webp 300w, https:\/\/neuronup.com\/br\/wp-content\/uploads\/2023\/06\/Captura-de-pantalla-2023-06-19-a-las-14.27.11-768x520.webp 768w, https:\/\/neuronup.com\/br\/wp-content\/uploads\/2023\/06\/Captura-de-pantalla-2023-06-19-a-las-14.27.11-1024x693.webp 1024w, https:\/\/neuronup.com\/br\/wp-content\/uploads\/2023\/06\/Captura-de-pantalla-2023-06-19-a-las-14.27.11.webp 1254w\" sizes=\"(max-width:599px) 599px, (min-width:600px) and (max-width: 799px) 799px, (min-width:800px) and (max-width: 999px) 333px, (min-width:1000px) 400px\" \/><\/a><div class=\"entry-wrap entry-wrap-grid\"><h3 class=\"entry-title\" itemprop=\"headline\"><a class=\"entry-title-link\" href=\"https:\/\/neuronup.com\/br\/atividades-de-neurorreabilitacao\/para-funcoes-cognitivas\/de-gnosias\/ficha-para-trabalhar-as-gnosias-visuais-em-criancas-objetos-meio-ocultos\/\" rel=\"bookmark\">Ficha para trabalhar as gnosias visuais em crian\u00e7as: Objetos meio ocultos<\/a><\/h3>\n<\/div><\/article><article class=\"entry entry-grid is-column has-entry-link has-image has-image-first type-post category-de-gnosias tag-atividades-de-estimulacao-cognitiva tag-atividades-de-estimulacao-cognitiva-para-criancas tag-criancas tag-gnosias tag-noticias-da-neuronup\" style=\"--entry-index:2;\" aria-label=\"Ficha para trabalhar as gnosias visuais em crian\u00e7as: Complete a imagem\" itemscope itemtype=\"https:\/\/schema.org\/CreativeWork\"><a class=\"entry-image-link\" href=\"https:\/\/neuronup.com\/br\/atividades-de-neurorreabilitacao\/para-funcoes-cognitivas\/de-gnosias\/ficha-para-trabalhar-as-gnosias-visuais-em-criancas-completa-a-imagem\/\" tabindex=\"-1\" aria-hidden=\"true\"><img decoding=\"async\" width=\"400\" height=\"271\" src=\"https:\/\/neuronup.com\/br\/wp-content\/uploads\/2023\/04\/Captura-de-pantalla-2023-04-12-a-las-11.59.50.webp\" class=\"entry-image size-landscape-sm\" alt=\"Ficha educativa para gnosias visuais em crian\u00e7as: cesta com ovos marrons, op\u00e7\u00f5es A, B e C \u00e0 direita e espa\u00e7o central para completar a imagem.\" srcset=\"https:\/\/neuronup.com\/br\/wp-content\/uploads\/2023\/04\/Captura-de-pantalla-2023-04-12-a-las-11.59.50-300x203.webp 300w, https:\/\/neuronup.com\/br\/wp-content\/uploads\/2023\/04\/Captura-de-pantalla-2023-04-12-a-las-11.59.50-768x520.webp 768w, https:\/\/neuronup.com\/br\/wp-content\/uploads\/2023\/04\/Captura-de-pantalla-2023-04-12-a-las-11.59.50-1024x693.webp 1024w, https:\/\/neuronup.com\/br\/wp-content\/uploads\/2023\/04\/Captura-de-pantalla-2023-04-12-a-las-11.59.50.webp 1250w\" sizes=\"(max-width:599px) 599px, (min-width:600px) and (max-width: 799px) 799px, (min-width:800px) and (max-width: 999px) 333px, (min-width:1000px) 400px\" \/><\/a><div class=\"entry-wrap entry-wrap-grid\"><h3 class=\"entry-title\" itemprop=\"headline\"><a class=\"entry-title-link\" href=\"https:\/\/neuronup.com\/br\/atividades-de-neurorreabilitacao\/para-funcoes-cognitivas\/de-gnosias\/ficha-para-trabalhar-as-gnosias-visuais-em-criancas-completa-a-imagem\/\" rel=\"bookmark\">Ficha para trabalhar as gnosias visuais em crian\u00e7as: Complete a imagem<\/a><\/h3>\n<\/div><\/article><article class=\"entry entry-grid is-column has-entry-link has-image has-image-first type-post category-de-gnosias tag-atividades-de-estimulacao-cognitiva tag-gnosias tag-noticias-da-neuronup\" style=\"--entry-index:3;\" aria-label=\"Atividade de gnosias visuais para adultos\" itemscope itemtype=\"https:\/\/schema.org\/CreativeWork\"><a class=\"entry-image-link\" href=\"https:\/\/neuronup.com\/br\/atividades-de-neurorreabilitacao\/para-funcoes-cognitivas\/de-gnosias\/atividade-de-gnosias-visuais-para-adultos\/\" tabindex=\"-1\" aria-hidden=\"true\"><img decoding=\"async\" width=\"400\" height=\"272\" src=\"https:\/\/neuronup.com\/br\/wp-content\/uploads\/2022\/01\/ES-clasifica-el-dinero-NeuronUP-2-1.webp\" class=\"entry-image size-landscape-sm\" alt=\"Notas de euro (duas de 20\u20ac, uma de 10\u20ac e uma de 5\u20ac) com moedas (50c, 10c, 5c, 2c e 1c) ordenadas sobre fundo azul.\" srcset=\"https:\/\/neuronup.com\/br\/wp-content\/uploads\/2022\/01\/ES-clasifica-el-dinero-NeuronUP-2-1-300x204.webp 300w, https:\/\/neuronup.com\/br\/wp-content\/uploads\/2022\/01\/ES-clasifica-el-dinero-NeuronUP-2-1-768x522.webp 768w, https:\/\/neuronup.com\/br\/wp-content\/uploads\/2022\/01\/ES-clasifica-el-dinero-NeuronUP-2-1-1024x696.webp 1024w, https:\/\/neuronup.com\/br\/wp-content\/uploads\/2022\/01\/ES-clasifica-el-dinero-NeuronUP-2-1.webp 1200w\" sizes=\"(max-width:599px) 599px, (min-width:600px) and (max-width: 799px) 799px, (min-width:800px) and (max-width: 999px) 333px, (min-width:1000px) 400px\" \/><\/a><div class=\"entry-wrap entry-wrap-grid\"><h3 class=\"entry-title\" itemprop=\"headline\"><a class=\"entry-title-link\" href=\"https:\/\/neuronup.com\/br\/atividades-de-neurorreabilitacao\/para-funcoes-cognitivas\/de-gnosias\/atividade-de-gnosias-visuais-para-adultos\/\" rel=\"bookmark\">Atividade de gnosias visuais para adultos<\/a><\/h3>\n<\/div><\/article><article class=\"entry entry-grid is-column has-entry-link has-image has-image-first type-post category-de-gnosias tag-atencao tag-atividades-de-estimulacao-cognitiva tag-criancas tag-noticias-da-neuronup tag-tdah tag-transtornos-do-neurodesenvolvimento\" style=\"--entry-index:4;\" aria-label=\"Atividade para ensinar \u00e0s crian\u00e7as a lidar com dinheiro\" itemscope itemtype=\"https:\/\/schema.org\/CreativeWork\"><a class=\"entry-image-link\" href=\"https:\/\/neuronup.com\/br\/atividades-de-neurorreabilitacao\/para-funcoes-cognitivas\/de-gnosias\/atividade-para-ensinar-as-criancas-a-gerir-dinheiro\/\" tabindex=\"-1\" aria-hidden=\"true\"><img decoding=\"async\" width=\"400\" height=\"300\" src=\"https:\/\/neuronup.com\/br\/wp-content\/uploads\/2021\/10\/Actividad-para-ensenar-a-los-ninos-el-manejo-del-dinero-1-1-1.webp\" class=\"entry-image size-landscape-sm\" alt=\"Interface educativa com notas e moedas em euros (20\u20ac, 10\u20ac, 5\u20ac, 2\u20ac, 1\u20ac) organizadas em grade, espa\u00e7o de intera\u00e7\u00e3o abaixo, fundo azul claro.\" srcset=\"https:\/\/neuronup.com\/br\/wp-content\/uploads\/2021\/10\/Actividad-para-ensenar-a-los-ninos-el-manejo-del-dinero-1-1-1-300x225.webp 300w, https:\/\/neuronup.com\/br\/wp-content\/uploads\/2021\/10\/Actividad-para-ensenar-a-los-ninos-el-manejo-del-dinero-1-1-1-768x575.webp 768w, https:\/\/neuronup.com\/br\/wp-content\/uploads\/2021\/10\/Actividad-para-ensenar-a-los-ninos-el-manejo-del-dinero-1-1-1-1024x767.webp 1024w, https:\/\/neuronup.com\/br\/wp-content\/uploads\/2021\/10\/Actividad-para-ensenar-a-los-ninos-el-manejo-del-dinero-1-1-1.webp 1204w\" sizes=\"(max-width:599px) 599px, (min-width:600px) and (max-width: 799px) 799px, (min-width:800px) and (max-width: 999px) 333px, (min-width:1000px) 400px\" \/><\/a><div class=\"entry-wrap entry-wrap-grid\"><h3 class=\"entry-title\" itemprop=\"headline\"><a class=\"entry-title-link\" href=\"https:\/\/neuronup.com\/br\/atividades-de-neurorreabilitacao\/para-funcoes-cognitivas\/de-gnosias\/atividade-para-ensinar-as-criancas-a-gerir-dinheiro\/\" rel=\"bookmark\">Atividade para ensinar \u00e0s crian\u00e7as a lidar com dinheiro<\/a><\/h3>\n<\/div><\/article><article class=\"entry entry-grid is-column has-entry-link has-image has-image-first type-post category-de-gnosias tag-atividades-de-estimulacao-cognitiva tag-gnosias\" style=\"--entry-index:5;\" aria-label=\"5 Fichas de estimula\u00e7\u00e3o cognitiva para trabalhar as gnosias\" itemscope itemtype=\"https:\/\/schema.org\/CreativeWork\"><a class=\"entry-image-link\" href=\"https:\/\/neuronup.com\/br\/atividades-de-neurorreabilitacao\/para-funcoes-cognitivas\/de-gnosias\/5-fichas-de-estimulacao-cognitiva-para-trabalhar-as-gnosias\/\" tabindex=\"-1\" aria-hidden=\"true\"><img decoding=\"async\" width=\"400\" height=\"300\" src=\"https:\/\/neuronup.com\/br\/wp-content\/uploads\/2024\/12\/Atividade-da-NeuronUP-Na-frente-ou-atra-400x300.webp\" class=\"entry-image size-landscape-sm\" alt=\"Tela de atividade interativa da NeuronUP com formas: c\u00edrculo entre tri\u00e2ngulo, perguntando onde est\u00e1 o c\u00edrculo; op\u00e7\u00f5es \u00c0 frente, Atr\u00e1s e No meio.\" srcset=\"https:\/\/neuronup.com\/br\/wp-content\/uploads\/2024\/12\/Atividade-da-NeuronUP-Na-frente-ou-atra-300x225.webp 300w, https:\/\/neuronup.com\/br\/wp-content\/uploads\/2024\/12\/Atividade-da-NeuronUP-Na-frente-ou-atra-400x300.webp 400w, https:\/\/neuronup.com\/br\/wp-content\/uploads\/2024\/12\/Atividade-da-NeuronUP-Na-frente-ou-atra-768x577.webp 768w, https:\/\/neuronup.com\/br\/wp-content\/uploads\/2024\/12\/Atividade-da-NeuronUP-Na-frente-ou-atra-800x600.webp 800w, https:\/\/neuronup.com\/br\/wp-content\/uploads\/2024\/12\/Atividade-da-NeuronUP-Na-frente-ou-atra-1024x769.webp 1024w, https:\/\/neuronup.com\/br\/wp-content\/uploads\/2024\/12\/Atividade-da-NeuronUP-Na-frente-ou-atra.webp 1200w\" sizes=\"(max-width:599px) 599px, (min-width:600px) and (max-width: 799px) 799px, (min-width:800px) and (max-width: 999px) 333px, (min-width:1000px) 400px\" \/><\/a><div class=\"entry-wrap entry-wrap-grid\"><h3 class=\"entry-title\" itemprop=\"headline\"><a class=\"entry-title-link\" href=\"https:\/\/neuronup.com\/br\/atividades-de-neurorreabilitacao\/para-funcoes-cognitivas\/de-gnosias\/5-fichas-de-estimulacao-cognitiva-para-trabalhar-as-gnosias\/\" rel=\"bookmark\">5 Fichas de estimula\u00e7\u00e3o cognitiva para trabalhar as gnosias<\/a><\/h3>\n<\/div><\/article><\/div><\/div>","protected":false},"excerpt":{"rendered":"<p>Gnosias simples (aquelas em que interv\u00e9m apenas um canal sensorial): Gnosias complexas (aquelas em que interv\u00e9m mais de um canal sensorial): Para que servem as gnosias? As gnosias s\u00e3o de vital import\u00e2ncia para o desenvolvimento da nossa vida di\u00e1ria. Gra\u00e7as a elas podemos, por exemplo, reconhecer nossos familiares mais pr\u00f3ximos (existe uma patologia chamada prosopagnosia &hellip;<\/p>\n","protected":false},"author":1,"featured_media":32501,"parent":32474,"menu_order":2,"comment_status":"closed","ping_status":"closed","template":"","meta":{"_acf_changed":false,"_genesis_hide_title":false,"_genesis_hide_breadcrumbs":false,"_genesis_hide_singular_image":false,"_genesis_hide_footer_widgets":false,"_genesis_custom_body_class":"nup-style","_genesis_custom_post_class":"nup-style","_genesis_layout":"wide-content","footnotes":""},"class_list":{"1":"page","2":"type-page","6":"entry","7":"nup-style"},"acf":[],"_links":{"self":[{"href":"https:\/\/neuronup.com\/br\/wp-json\/wp\/v2\/pages\/32500","targetHints":{"allow":["GET"]}}],"collection":[{"href":"https:\/\/neuronup.com\/br\/wp-json\/wp\/v2\/pages"}],"about":[{"href":"https:\/\/neuronup.com\/br\/wp-json\/wp\/v2\/types\/page"}],"author":[{"embeddable":true,"href":"https:\/\/neuronup.com\/br\/wp-json\/wp\/v2\/users\/1"}],"replies":[{"embeddable":true,"href":"https:\/\/neuronup.com\/br\/wp-json\/wp\/v2\/comments?post=32500"}],"version-history":[{"count":0,"href":"https:\/\/neuronup.com\/br\/wp-json\/wp\/v2\/pages\/32500\/revisions"}],"up":[{"embeddable":true,"href":"https:\/\/neuronup.com\/br\/wp-json\/wp\/v2\/pages\/32474"}],"wp:featuredmedia":[{"embeddable":true,"href":"https:\/\/neuronup.com\/br\/wp-json\/wp\/v2\/media\/32501"}],"wp:attachment":[{"href":"https:\/\/neuronup.com\/br\/wp-json\/wp\/v2\/media?parent=32500"}],"curies":[{"name":"wp","href":"https:\/\/api.w.org\/{rel}","templated":true}]}}