{"id":32490,"date":"2024-10-31T13:36:30","date_gmt":"2024-10-31T11:36:30","guid":{"rendered":"https:\/\/neuronup.com\/br\/?page_id=32490"},"modified":"2026-01-26T18:25:20","modified_gmt":"2026-01-26T16:25:20","slug":"orientacao","status":"publish","type":"page","link":"https:\/\/neuronup.com\/br\/areas-de-intervencao\/funcoes-cognitivas\/orientacao\/","title":{"rendered":"Orienta\u00e7\u00e3o"},"content":{"rendered":"\n<div class=\"wp-block-columns is-layout-flex wp-container-core-columns-is-layout-9d6595d7 wp-block-columns-is-layout-flex\">\n<div class=\"wp-block-column is-layout-flow wp-block-column-is-layout-flow\" style=\"flex-basis:66.66%\">\n<p>There are three types of orientation:<\/p>\n\n\n\n<p><strong>\u2022 Orienta\u00e7\u00e3o pessoal: <\/strong>capacidade de assimilar informa\u00e7\u00f5es relativas \u00e0 hist\u00f3ria e identidade pessoal.<\/p>\n\n\n\n<p><strong>\u2022 Orienta\u00e7\u00e3o temporal: <\/strong>capacidade de processar informa\u00e7\u00f5es relativas ao dia, hora, m\u00eas, ano, festividades, esta\u00e7\u00f5es do ano, momento adequado de agir, etc.<\/p>\n\n\n\n<p><strong>\u2022 Orienta\u00e7\u00e3o espacial:<\/strong> capacidade de processar informa\u00e7\u00e3o.<\/p>\n\n\n\n<h3 class=\"wp-block-heading\">Para que serve a orienta\u00e7\u00e3o?<\/h3>\n\n\n\n<p>Um dos aspectos mais importantes da nossa vida \u00e9 saber nos situar a n\u00f3s mesmos e tamb\u00e9m aos demais em um determinado momento ou situa\u00e7\u00e3o. Para isso devemos ter uma boa orienta\u00e7\u00e3o sobre n\u00f3s mesmos e de tudo que nos rodeia. \u00c9 necess\u00e1rio ter bem assimilados conceitos importantes como o espa\u00e7o e o tempo no qual nos encontramos.<\/p>\n\n\n\n<p>Diariamente, necessitamos saber, em algum momento, o dia e\/ou a hora na qual nos encontramos e quais s\u00e3o as atividades que podemos realizar que sejam pr\u00f3prias do momento no qual estamos (tomar o caf\u00e9 da manh\u00e3, ir dormir pela noite, desfrutar do fim de semana fazendo algo que gostamos, etc.).<\/p>\n\n\n\n<h3 class=\"wp-block-heading\">Exerc\u00edcios da NeuronUP para reabilitar a orienta\u00e7\u00e3o<\/h3>\n\n\n\n<p>Para trabalhar a orienta\u00e7\u00e3o pessoal preparamos exerc\u00edcios onde o paciente tem que responder uma s\u00e9rie de preguntas sobre sua vida pessoal. A atividade pode variar em rela\u00e7\u00e3o ao grau de dificuldade e ajudas, dependendo das necessidades do paciente.<\/p>\n\n\n\n<p>Em rela\u00e7\u00e3o \u00e0 orienta\u00e7\u00e3o temporal, podemos encontrar atividades nas quais o paciente deve dizer que horas s\u00e3o, em que m\u00eas estamos, em qual esta\u00e7\u00e3o do ano nos encontramos, etc.<\/p>\n\n\n\n<p>E por \u00faltimo, uma das atividades propostas pela NeuronUP para trabalhar a orienta\u00e7\u00e3o espacial, tem como principal enfoque relacionar diversos objetos com os lugares (locais) onde podemos obt\u00ea-los e quais profissionais s\u00e3o encarregados de oferecer esse servi\u00e7o.<\/p>\n\n\n<div class=\"wp-block-image image-interface\">\n<figure class=\"aligncenter size-large\"><img decoding=\"async\" width=\"1024\" height=\"768\" src=\"https:\/\/neuronup.com\/br\/wp-content\/uploads\/2024\/10\/Activity-Household-Objects-1024x768.webp\" alt=\"Quatro ambientes dom\u00e9sticos: varanda com plantas, cozinha moderna, escrit\u00f3rio com rel\u00f3gios; \u00edcones indicam itens como travesseiro, x\u00edcara, batedor, skate, planta, saleiro e t\u00e1bua.\" class=\"wp-image-32139\" srcset=\"https:\/\/neuronup.com\/br\/wp-content\/uploads\/2024\/10\/Activity-Household-Objects-300x225.webp 300w, https:\/\/neuronup.com\/br\/wp-content\/uploads\/2024\/10\/Activity-Household-Objects-400x300.webp 400w, https:\/\/neuronup.com\/br\/wp-content\/uploads\/2024\/10\/Activity-Household-Objects-768x576.webp 768w, https:\/\/neuronup.com\/br\/wp-content\/uploads\/2024\/10\/Activity-Household-Objects-800x600.webp 800w, https:\/\/neuronup.com\/br\/wp-content\/uploads\/2024\/10\/Activity-Household-Objects-1024x768.webp 1024w, https:\/\/neuronup.com\/br\/wp-content\/uploads\/2024\/10\/Activity-Household-Objects.webp 1200w\" sizes=\"(max-width: 1024px) 100vw, 1024px\" \/><\/figure>\n<\/div><\/div>\n\n\n\n<div class=\"wp-block-column is-layout-flow wp-block-column-is-layout-flow\" style=\"flex-basis:33.33%\">\n<div class=\"wp-block-buttons sticky is-layout-flex wp-block-buttons-is-layout-flex\">\n<div class=\"wp-block-button\"><a class=\"wp-block-button__link button wp-element-button\" href=\"https:\/\/neuronup.com\/br\/areas-de-intervencao\/funcoes-cognitivas\/orientacao\/\">Orienta\u00e7\u00e3o<\/a><\/div>\n\n\n\n<div class=\"wp-block-button\"><a class=\"wp-block-button__link button wp-element-button\" href=\"https:\/\/neuronup.com\/br\/areas-de-intervencao\/funcoes-cognitivas\/gnosias\/\">Gnosias<\/a><\/div>\n\n\n\n<div class=\"wp-block-button\"><a class=\"wp-block-button__link button wp-element-button\" href=\"https:\/\/neuronup.com\/br\/areas-de-intervencao\/funcoes-cognitivas\/atencao\/\">Aten\u00e7\u00e3o<\/a><\/div>\n\n\n\n<div class=\"wp-block-button\"><a class=\"wp-block-button__link button wp-element-button\" href=\"https:\/\/neuronup.com\/br\/areas-de-intervencao\/funcoes-cognitivas\/funcoes-executivas\/\">Fun\u00e7\u00f5es Executivas<\/a><\/div>\n\n\n\n<div class=\"wp-block-button\"><a class=\"wp-block-button__link button wp-element-button\" href=\"https:\/\/neuronup.com\/br\/areas-de-intervencao\/funcoes-cognitivas\/praxias\/\">Praxias<\/a><\/div>\n\n\n\n<div class=\"wp-block-button\"><a class=\"wp-block-button__link button wp-element-button\" href=\"https:\/\/neuronup.com\/br\/areas-de-intervencao\/funcoes-cognitivas\/memoria\/\">Mem\u00f3ria<\/a><\/div>\n\n\n\n<div class=\"wp-block-button\"><a class=\"wp-block-button__link button wp-element-button\" href=\"https:\/\/neuronup.com\/br\/areas-de-intervencao\/funcoes-cognitivas\/linguagem\/\">Linguagem<\/a><\/div>\n\n\n\n<div class=\"wp-block-button\"><a class=\"wp-block-button__link button wp-element-button\" href=\"https:\/\/neuronup.com\/br\/areas-de-intervencao\/funcoes-cognitivas\/cognicao-social\/\">Cogni\u00e7\u00e3o Social<\/a><\/div>\n\n\n\n<div class=\"wp-block-button\"><a class=\"wp-block-button__link button wp-element-button\" href=\"https:\/\/neuronup.com\/br\/areas-de-intervencao\/funcoes-cognitivas\/habilidades-visuoespaciais\/\">Habilidades Visuoespaciais<\/a><\/div>\n<\/div>\n<\/div>\n<\/div>\n\n\n\n<div class=\"wp-block-buttons is-layout-flex wp-block-buttons-is-layout-flex\">\n<div class=\"wp-block-button\" style=\"--button-background:var(--color-custom-1);--button-background-hover:#cc7e00;\"><a class=\"wp-block-button__link button   wp-element-button\" href=\"https:\/\/neuronup.com\/br\/landing-store-user\/\">Experimente as atividades do NeuronUP<\/a><\/div>\n\n<\/div>\n\n\n\n<h3 class=\"wp-block-heading\">Leia as nossas not\u00edcias sobre orienta\u00e7ao:<\/h3>\n\n\n<div class=\"mai-grid entries entries-grid has-boxed has-image-full\" style=\"--entry-title-font-size:var(--font-size-lg);--align-text:start;--entry-meta-text-align:start;\"><div class=\"entries-wrap has-columns\" style=\"--columns-xs:1\/1;--columns-sm:1\/1;--columns-md:1\/3;--columns-lg:1\/3;--flex-xs:0 0 var(--flex-basis);--flex-sm:0 0 var(--flex-basis);--flex-md:0 0 var(--flex-basis);--flex-lg:0 0 var(--flex-basis);--column-gap:var(--spacing-lg);--row-gap:var(--spacing-lg);--align-columns:start;\"><article class=\"entry entry-grid is-column has-entry-link has-image has-image-first type-post category-de-orientacao tag-atividades-de-estimulacao-cognitiva tag-noticias-da-neuronup tag-orientacao\" style=\"--entry-index:1;\" aria-label=\"Ficha para trabalhar a orienta\u00e7\u00e3o espacial com crian\u00e7as: Organiza a casa\" itemscope itemtype=\"https:\/\/schema.org\/CreativeWork\"><a class=\"entry-image-link\" href=\"https:\/\/neuronup.com\/br\/atividades-de-neurorreabilitacao\/para-funcoes-cognitivas\/de-orientacao\/ficha-para-trabalhar-a-orientacao-espacial-com-criancas-organiza-a-casa\/\" tabindex=\"-1\" aria-hidden=\"true\"><img decoding=\"async\" width=\"400\" height=\"300\" src=\"https:\/\/neuronup.com\/br\/wp-content\/uploads\/2024\/12\/orientacao-espacial_atividade-infantil-NeuronUP-400x300.webp\" class=\"entry-image size-landscape-sm\" alt=\"Colagem de ambientes dom\u00e9sticos: garagem desorganizada, escrit\u00f3rio organizado e banheiro moderno, com \u00edcones variados ao lado.\" srcset=\"https:\/\/neuronup.com\/br\/wp-content\/uploads\/2024\/12\/orientacao-espacial_atividade-infantil-NeuronUP-400x300.webp 400w, https:\/\/neuronup.com\/br\/wp-content\/uploads\/2024\/12\/orientacao-espacial_atividade-infantil-NeuronUP-800x600.webp 800w\" sizes=\"(max-width:599px) 599px, (min-width:600px) and (max-width: 799px) 799px, (min-width:800px) and (max-width: 999px) 333px, (min-width:1000px) 400px\" \/><\/a><div class=\"entry-wrap entry-wrap-grid\"><h3 class=\"entry-title\" itemprop=\"headline\"><a class=\"entry-title-link\" href=\"https:\/\/neuronup.com\/br\/atividades-de-neurorreabilitacao\/para-funcoes-cognitivas\/de-orientacao\/ficha-para-trabalhar-a-orientacao-espacial-com-criancas-organiza-a-casa\/\" rel=\"bookmark\">Ficha para trabalhar a orienta\u00e7\u00e3o espacial com crian\u00e7as: Organiza a casa<\/a><\/h3>\n<\/div><\/article><article class=\"entry entry-grid is-column has-entry-link has-image has-image-first type-post category-de-orientacao tag-orientacao\" style=\"--entry-index:2;\" aria-label=\"Orienta\u00e7\u00e3o: defini\u00e7\u00e3o, tipos e atividades de orienta\u00e7\u00e3o\" itemscope itemtype=\"https:\/\/schema.org\/CreativeWork\"><a class=\"entry-image-link\" href=\"https:\/\/neuronup.com\/br\/atividades-de-neurorreabilitacao\/para-funcoes-cognitivas\/de-orientacao\/orientacao-definicao-tipos-e-atividades-de-orientacao\/\" tabindex=\"-1\" aria-hidden=\"true\"><img decoding=\"async\" width=\"400\" height=\"300\" src=\"https:\/\/neuronup.com\/br\/wp-content\/uploads\/2022\/06\/NeuronUP-Jogo-Objetos-no-lugar-400x300.webp\" class=\"entry-image size-landscape-sm\" alt=\"Quarto decorado \u00e0 esquerda e jardim \u00e0 direita; \u00edcones de m\u00f3veis\/jardinagem na base e barra de bot\u00f5es para intera\u00e7\u00e3o.\" srcset=\"https:\/\/neuronup.com\/br\/wp-content\/uploads\/2022\/06\/NeuronUP-Jogo-Objetos-no-lugar-300x225.webp 300w, https:\/\/neuronup.com\/br\/wp-content\/uploads\/2022\/06\/NeuronUP-Jogo-Objetos-no-lugar-400x300.webp 400w, https:\/\/neuronup.com\/br\/wp-content\/uploads\/2022\/06\/NeuronUP-Jogo-Objetos-no-lugar-768x576.webp 768w, https:\/\/neuronup.com\/br\/wp-content\/uploads\/2022\/06\/NeuronUP-Jogo-Objetos-no-lugar-800x600.webp 800w, https:\/\/neuronup.com\/br\/wp-content\/uploads\/2022\/06\/NeuronUP-Jogo-Objetos-no-lugar-1024x768.webp 1024w, https:\/\/neuronup.com\/br\/wp-content\/uploads\/2022\/06\/NeuronUP-Jogo-Objetos-no-lugar.webp 1200w\" sizes=\"(max-width:599px) 599px, (min-width:600px) and (max-width: 799px) 799px, (min-width:800px) and (max-width: 999px) 333px, (min-width:1000px) 400px\" \/><\/a><div class=\"entry-wrap entry-wrap-grid\"><h3 class=\"entry-title\" itemprop=\"headline\"><a class=\"entry-title-link\" href=\"https:\/\/neuronup.com\/br\/atividades-de-neurorreabilitacao\/para-funcoes-cognitivas\/de-orientacao\/orientacao-definicao-tipos-e-atividades-de-orientacao\/\" rel=\"bookmark\">Orienta\u00e7\u00e3o: defini\u00e7\u00e3o, tipos e atividades de orienta\u00e7\u00e3o<\/a><\/h3>\n<\/div><\/article><article class=\"entry entry-grid is-column has-entry-link has-image has-image-first type-post category-de-orientacao\" style=\"--entry-index:3;\" aria-label=\"Lateralidade infantil: exerc\u00edcios de lateralidade cruzada para crian\u00e7as\" itemscope itemtype=\"https:\/\/schema.org\/CreativeWork\"><a class=\"entry-image-link\" href=\"https:\/\/neuronup.com\/br\/atividades-de-neurorreabilitacao\/para-funcoes-cognitivas\/de-orientacao\/lateralidade-infantil-exercicios-de-lateralidade-cruzada-para-criancas\/\" tabindex=\"-1\" aria-hidden=\"true\"><img decoding=\"async\" width=\"400\" height=\"300\" src=\"https:\/\/neuronup.com\/br\/wp-content\/uploads\/2024\/12\/Lateralidade-infantil-exercicios-de-lateralidade-cruzada-para-criancas-1-400x300.webp\" class=\"entry-image size-landscape-sm\" alt=\"Caixa de madeira com capacete aberto e duas op\u00e7\u00f5es Esquerda\/Direita ao lado, fundo azul com o t\u00edtulo Onde est\u00e1? para exerc\u00edcios de lateralidade infantil.\" srcset=\"https:\/\/neuronup.com\/br\/wp-content\/uploads\/2024\/12\/Lateralidade-infantil-exercicios-de-lateralidade-cruzada-para-criancas-1-400x300.webp 400w, https:\/\/neuronup.com\/br\/wp-content\/uploads\/2024\/12\/Lateralidade-infantil-exercicios-de-lateralidade-cruzada-para-criancas-1-800x600.webp 800w, https:\/\/neuronup.com\/br\/wp-content\/uploads\/2024\/12\/Lateralidade-infantil-exercicios-de-lateralidade-cruzada-para-criancas-1-1200x900.webp 1200w\" sizes=\"(max-width:599px) 599px, (min-width:600px) and (max-width: 799px) 799px, (min-width:800px) and (max-width: 999px) 333px, (min-width:1000px) 400px\" \/><\/a><div class=\"entry-wrap entry-wrap-grid\"><h3 class=\"entry-title\" itemprop=\"headline\"><a class=\"entry-title-link\" href=\"https:\/\/neuronup.com\/br\/atividades-de-neurorreabilitacao\/para-funcoes-cognitivas\/de-orientacao\/lateralidade-infantil-exercicios-de-lateralidade-cruzada-para-criancas\/\" rel=\"bookmark\">Lateralidade infantil: exerc\u00edcios de lateralidade cruzada para crian\u00e7as<\/a><\/h3>\n<\/div><\/article><\/div><\/div>","protected":false},"excerpt":{"rendered":"<p>There are three types of orientation: \u2022 Orienta\u00e7\u00e3o pessoal: capacidade de assimilar informa\u00e7\u00f5es relativas \u00e0 hist\u00f3ria e identidade pessoal. \u2022 Orienta\u00e7\u00e3o temporal: capacidade de processar informa\u00e7\u00f5es relativas ao dia, hora, m\u00eas, ano, festividades, esta\u00e7\u00f5es do ano, momento adequado de agir, etc. \u2022 Orienta\u00e7\u00e3o espacial: capacidade de processar informa\u00e7\u00e3o. Para que serve a orienta\u00e7\u00e3o? Um dos &hellip;<\/p>\n","protected":false},"author":1,"featured_media":0,"parent":32474,"menu_order":1,"comment_status":"closed","ping_status":"closed","template":"","meta":{"_acf_changed":false,"_genesis_hide_title":false,"_genesis_hide_breadcrumbs":false,"_genesis_hide_singular_image":false,"_genesis_hide_footer_widgets":false,"_genesis_custom_body_class":"nup-style","_genesis_custom_post_class":"nup-style","_genesis_layout":"wide-content","footnotes":""},"class_list":{"1":"page","2":"type-page","5":"entry","6":"nup-style"},"acf":[],"_links":{"self":[{"href":"https:\/\/neuronup.com\/br\/wp-json\/wp\/v2\/pages\/32490","targetHints":{"allow":["GET"]}}],"collection":[{"href":"https:\/\/neuronup.com\/br\/wp-json\/wp\/v2\/pages"}],"about":[{"href":"https:\/\/neuronup.com\/br\/wp-json\/wp\/v2\/types\/page"}],"author":[{"embeddable":true,"href":"https:\/\/neuronup.com\/br\/wp-json\/wp\/v2\/users\/1"}],"replies":[{"embeddable":true,"href":"https:\/\/neuronup.com\/br\/wp-json\/wp\/v2\/comments?post=32490"}],"version-history":[{"count":0,"href":"https:\/\/neuronup.com\/br\/wp-json\/wp\/v2\/pages\/32490\/revisions"}],"up":[{"embeddable":true,"href":"https:\/\/neuronup.com\/br\/wp-json\/wp\/v2\/pages\/32474"}],"wp:attachment":[{"href":"https:\/\/neuronup.com\/br\/wp-json\/wp\/v2\/media?parent=32490"}],"curies":[{"name":"wp","href":"https:\/\/api.w.org\/{rel}","templated":true}]}}