{"id":32467,"date":"2024-10-31T12:48:41","date_gmt":"2024-10-31T10:48:41","guid":{"rendered":"https:\/\/neuronup.com\/br\/?page_id=32467"},"modified":"2026-01-26T18:25:19","modified_gmt":"2026-01-26T16:25:19","slug":"areas-de-intervencao","status":"publish","type":"page","link":"https:\/\/neuronup.com\/br\/areas-de-intervencao\/","title":{"rendered":"\u00c1reas de Interven\u00e7\u00e3o"},"content":{"rendered":"\n<div class=\"wp-block-group alignfull has-custom-13-background-color has-background has-light-background\"><div class=\"wp-block-group__inner-container is-layout-constrained wp-block-group-is-layout-constrained\"><div class=\"wp-block-image\">\n<figure class=\"aligncenter size-large is-resized has-xxl-margin-top\"><img decoding=\"async\" width=\"40\" height=\"40\" src=\"https:\/\/neuronup.com\/br\/wp-content\/uploads\/2024\/10\/icone-areas-de-intervencao.svg\" alt=\"\u00cdcone - \u00c1reas de Interven\u00e7\u00e3o\" class=\"wp-image-32470\" style=\"width:100px;height:undefinedpx\"><\/figure>\n<\/div>\n\n\n<h1 class=\"wp-block-heading has-text-align-center\">\u00c1reas de Interven\u00e7\u00e3o<\/h1>\n\n\n\n<p class=\"has-xxxl-margin-bottom\">O NeuronUP oferece milhares de exerc\u00edcios, ferramentas e simuladores da vida real classificados em diferentes \u00e1reas de interven\u00e7\u00e3o que permitem exercer fun\u00e7\u00f5es cognitivas b\u00e1sicas e atividades da vida cotidiana e habilidades sociais.<\/p>\n<\/div><\/div>\n\n\n\n\n<h2 class=\"wp-block-heading has-text-align-center\">Interven\u00e7\u00e3o adaptada e personalizada<\/h2>\n\n\n\n<p class=\"has-xxxl-margin-bottom\">Uma reabilita\u00e7\u00e3o neuropsicol\u00f3gica eficaz significa a diminui\u00e7\u00e3o das limita\u00e7\u00f5es funcionais e o incremento da capacidade do indiv\u00edduo para desenvolver as atividades da vida di\u00e1ria. Para conseguir tal objetivo deve-se trabalhar em diferentes n\u00edveis, passando pelos processos cognitivos mais b\u00e1sicos at\u00e9 atingir as capacidades mais complexas. Para facilitar a programa\u00e7\u00e3o de uma reabilita\u00e7\u00e3o adequada com o perfil cognitivo de cada indiv\u00edduo e suas necessidades, fizemos uma classifica\u00e7\u00e3o minuciosa das diferentes \u00e1reas de interven\u00e7\u00e3o, tendo em conta que em muitas atividades est\u00e3o envolvidos diversos processos cognitivos de maneira conjunta e coordenada.<\/p>\n\n\n\n<div class=\"wp-block-columns is-layout-flex wp-container-core-columns-is-layout-9d6595d7 wp-block-columns-is-layout-flex\">\n<div class=\"wp-block-column is-layout-flow wp-block-column-is-layout-flow\"><div class=\"wp-block-image\">\n<figure class=\"aligncenter size-large\"><img decoding=\"async\" width=\"92\" height=\"92\" src=\"https:\/\/neuronup.com\/br\/wp-content\/uploads\/2024\/10\/icon-funcoes-cognitivas.svg\" alt=\"Fun\u00e7\u00f5es Cognitivas\" class=\"wp-image-31544\"\/><\/figure>\n<\/div>\n\n\n<h3 class=\"wp-block-heading\">Fun\u00e7\u00f5es cognitivas<\/h3>\n\n\n\n<p>Denomina-se fun\u00e7\u00f5es cognitivas os processos mentais que nos permitem desenvolver qualquer tarefa. Fazendo com que seja poss\u00edvel que o indiv\u00edduo tenha um papel ativo nos processos de recep\u00e7\u00e3o, sele\u00e7\u00e3o, transforma\u00e7\u00e3o, armazenamento, elabora\u00e7\u00e3o e recupera\u00e7\u00e3o da informa\u00e7\u00e3o, o que permite que ele se desenvolva de forma adequada no mundo que lhe rodeia.<\/p>\n\n\n\n<div class=\"wp-block-buttons is-layout-flex wp-block-buttons-is-layout-flex\">\n<div class=\"wp-block-button\"><a class=\"wp-block-button__link button button-link wp-element-button\" href=\"https:\/\/neuronup.com\/br\/areas-de-intervencao\/funcoes-cognitivas\/\">Ler mais<\/a><\/div>\n<\/div>\n<\/div>\n\n\n\n<div class=\"wp-block-column is-layout-flow wp-block-column-is-layout-flow\"><div class=\"wp-block-image\">\n<figure class=\"aligncenter size-large\"><img decoding=\"async\" width=\"92\" height=\"92\" src=\"https:\/\/neuronup.com\/br\/wp-content\/uploads\/2024\/10\/icon-pessoa.svg\" alt=\"Pessoa\" class=\"wp-image-31546\"\/><\/figure>\n<\/div>\n\n\n<h3 class=\"wp-block-heading\">Atividades da vida di\u00e1ria (AVDs)<\/h3>\n\n\n\n<p>Tamb\u00e9m chamadas &#8220;\u00e1reas de ocupa\u00e7\u00e3o&#8221;, englobam todas as atividades da vida cotidiana, as quais t\u00eam um valor, um significado concreto e um prop\u00f3sito para uma determinada pessoa.<br>As ocupa\u00e7\u00f5es s\u00e3o centradas na identidade e nas capacidades de uma pessoa e influem no modo de como ela ocupa seu tempo e toma suas decis\u00f5es.<\/p>\n\n\n\n<div class=\"wp-block-buttons is-layout-flex wp-block-buttons-is-layout-flex\">\n<div class=\"wp-block-button\"><a class=\"wp-block-button__link button button-link wp-element-button\" href=\"https:\/\/neuronup.com\/br\/areas-de-intervencao\/atividades-da-vida-diaria-avds\/\">Ler mais<\/a><\/div>\n<\/div>\n<\/div>\n\n\n\n<div class=\"wp-block-column is-layout-flow wp-block-column-is-layout-flow\"><div class=\"wp-block-image\">\n<figure class=\"aligncenter size-large\"><img decoding=\"async\" width=\"92\" height=\"92\" src=\"https:\/\/neuronup.com\/br\/wp-content\/uploads\/2024\/10\/icon-habilidades-sociais.svg\" alt=\"Habilidades sociais\" class=\"wp-image-31547\"\/><\/figure>\n<\/div>\n\n\n<h3 class=\"wp-block-heading\">Habilidades sociais<\/h3>\n\n\n\n<p>As habilidades sociais s\u00e3o um conjunto de estrat\u00e9gias de conduta e capacidades para aplicar tais condutas, que nos ajudam a resolver uma situa\u00e7\u00e3o social de maneira eficaz e adequada para o pr\u00f3prio indiv\u00edduo e tamb\u00e9m para o contexto social no qual ele se encontra.<\/p>\n\n\n\n<div class=\"wp-block-buttons is-layout-flex wp-block-buttons-is-layout-flex\">\n<div class=\"wp-block-button\"><a class=\"wp-block-button__link button button-link wp-element-button\" href=\"https:\/\/neuronup.com\/br\/areas-de-intervencao\/habilidades-sociais\/\">Ler mais<\/a><\/div>\n<\/div>\n<\/div>\n<\/div>\n\n\n\n<div style=\"height:100px\" aria-hidden=\"true\" class=\"wp-block-spacer\"><\/div>\n\n\n\n<div class=\"wp-block-group br-0111 has-white-color has-custom-2-background-color has-text-color has-background has-light-background\"><div class=\"wp-block-group__inner-container is-layout-constrained wp-block-group-is-layout-constrained\">\n<h2 class=\"wp-block-heading has-text-align-center has-xl-margin-top\">Marco te\u00f3rico<\/h2>\n\n\n\n<p class=\"has-text-align-center\">O NeuronUP conta com uma estrutura te\u00f3rica consistente, supervisionada por um comit\u00ea cient\u00edfico de especialistas.<\/p>\n\n\n\n<div class=\"wp-block-buttons is-content-justification-center is-layout-flex wp-container-core-buttons-is-layout-16018d1d wp-block-buttons-is-layout-flex\">\n<div class=\"wp-block-button--1\" style=\"--button-outline-color:var(--color-white);--button-outline-color-hover:rgba(0,0,0,0.8);\"><a class=\"wp-block-button__link button button-outline   wp-element-button\" href=\"https:\/\/neuronup.com\/br\/neuronup-labs\/marco-teorico\/\">Leia o Marco Te\u00f3rico da NeuronUP<\/a><\/div>\n\n<\/div>\n\n\n\n<div style=\"height:40px\" aria-hidden=\"true\" class=\"wp-block-spacer\"><\/div>\n<\/div><\/div>\n\n\n\n\n<div style=\"height:100px\" aria-hidden=\"true\" class=\"wp-block-spacer\"><\/div>\n\n\n\n<h2 class=\"wp-block-heading has-text-align-center\">Confira alguns dos nossos artigos sobre \u00e1reas de interven\u00e7\u00e3o neuropsicol\u00f3gica<\/h2>\n\n\n\n<div style=\"height:50px\" aria-hidden=\"true\" class=\"wp-block-spacer\"><\/div>\n\n\n\n\n<div class=\"mai-grid entries entries-grid has-boxed has-image-full\" style=\"--entry-title-font-size:var(--font-size-lg);--align-text:start;--entry-meta-text-align:start;\"><div class=\"entries-wrap has-columns\" style=\"--columns-xs:1\/1;--columns-sm:1\/1;--columns-md:1\/3;--columns-lg:1\/3;--flex-xs:0 0 var(--flex-basis);--flex-sm:0 0 var(--flex-basis);--flex-md:0 0 var(--flex-basis);--flex-lg:0 0 var(--flex-basis);--column-gap:var(--spacing-lg);--row-gap:var(--spacing-lg);--align-columns:start;\"><article class=\"entry entry-grid is-column has-entry-link has-image has-image-first type-post category-atividades-de-neurorreabilitacao tag-adultos tag-atividades-de-estimulacao-cognitiva tag-atividades-de-estimulacao-cognitiva-para-adultos\" style=\"--entry-index:1;\" aria-label=\"Atividades de estimula\u00e7\u00e3o cognitiva de 2024 para adultos\" itemscope itemtype=\"https:\/\/schema.org\/CreativeWork\"><a class=\"entry-image-link\" href=\"https:\/\/neuronup.com\/br\/atividades-de-neurorreabilitacao\/atividades-de-estimulacao-cognitiva-de-2024-para-adultos\/\" tabindex=\"-1\" aria-hidden=\"true\"><img decoding=\"async\" width=\"400\" height=\"225\" src=\"https:\/\/neuronup.com\/br\/wp-content\/uploads\/2025\/01\/Explora-y-encuentra-juego-NeuronUP-para-adultos.webp\" class=\"entry-image size-landscape-sm\" alt=\"Tela de jogo com m\u00e1quina de lavar ao centro, rodeada por roupas (vestidos, camisetas, xales e jeans); \u00edcones de cora\u00e7\u00e3o e bot\u00e3o.\" srcset=\"https:\/\/neuronup.com\/br\/wp-content\/uploads\/2025\/01\/Explora-y-encuentra-juego-NeuronUP-para-adultos-300x168.webp 300w, https:\/\/neuronup.com\/br\/wp-content\/uploads\/2025\/01\/Explora-y-encuentra-juego-NeuronUP-para-adultos-768x431.webp 768w, https:\/\/neuronup.com\/br\/wp-content\/uploads\/2025\/01\/Explora-y-encuentra-juego-NeuronUP-para-adultos-1024x575.webp 1024w, https:\/\/neuronup.com\/br\/wp-content\/uploads\/2025\/01\/Explora-y-encuentra-juego-NeuronUP-para-adultos.webp 1202w\" sizes=\"(max-width:599px) 599px, (min-width:600px) and (max-width: 799px) 799px, (min-width:800px) and (max-width: 999px) 333px, (min-width:1000px) 400px\" \/><\/a><div class=\"entry-wrap entry-wrap-grid\"><h3 class=\"entry-title\" itemprop=\"headline\"><a class=\"entry-title-link\" href=\"https:\/\/neuronup.com\/br\/atividades-de-neurorreabilitacao\/atividades-de-estimulacao-cognitiva-de-2024-para-adultos\/\" rel=\"bookmark\">Atividades de estimula\u00e7\u00e3o cognitiva de 2024 para adultos<\/a><\/h3>\n<\/div><\/article><article class=\"entry entry-grid is-column has-entry-link has-image has-image-first type-post category-atividades-de-neurorreabilitacao tag-atividades-de-estimulacao-cognitiva tag-atividades-de-estimulacao-cognitiva-para-criancas tag-criancas\" style=\"--entry-index:2;\" aria-label=\"Atividades de estimula\u00e7\u00e3o cognitiva de 2024 para crian\u00e7as\" itemscope itemtype=\"https:\/\/schema.org\/CreativeWork\"><a class=\"entry-image-link\" href=\"https:\/\/neuronup.com\/br\/atividades-de-neurorreabilitacao\/atividades-de-estimulacao-cognitiva-de-2024-para-criancas\/\" tabindex=\"-1\" aria-hidden=\"true\"><img decoding=\"async\" width=\"400\" height=\"224\" src=\"https:\/\/neuronup.com\/br\/wp-content\/uploads\/2025\/01\/Ordena-la-casa-Actividad-de-NeuronUP.webp\" class=\"entry-image size-landscape-sm\" alt=\"Imagem com duas \u00e1reas visuais: escrit\u00f3rio com mesa e computador e mala amarela; cozinha com armazenamento, com s\u00edmbolos de erro para itens inadequados.\" srcset=\"https:\/\/neuronup.com\/br\/wp-content\/uploads\/2025\/01\/Ordena-la-casa-Actividad-de-NeuronUP-300x168.webp 300w, https:\/\/neuronup.com\/br\/wp-content\/uploads\/2025\/01\/Ordena-la-casa-Actividad-de-NeuronUP-768x430.webp 768w, https:\/\/neuronup.com\/br\/wp-content\/uploads\/2025\/01\/Ordena-la-casa-Actividad-de-NeuronUP-1024x574.webp 1024w, https:\/\/neuronup.com\/br\/wp-content\/uploads\/2025\/01\/Ordena-la-casa-Actividad-de-NeuronUP.webp 1205w\" sizes=\"(max-width:599px) 599px, (min-width:600px) and (max-width: 799px) 799px, (min-width:800px) and (max-width: 999px) 333px, (min-width:1000px) 400px\" \/><\/a><div class=\"entry-wrap entry-wrap-grid\"><h3 class=\"entry-title\" itemprop=\"headline\"><a class=\"entry-title-link\" href=\"https:\/\/neuronup.com\/br\/atividades-de-neurorreabilitacao\/atividades-de-estimulacao-cognitiva-de-2024-para-criancas\/\" rel=\"bookmark\">Atividades de estimula\u00e7\u00e3o cognitiva de 2024 para crian\u00e7as<\/a><\/h3>\n<\/div><\/article><article class=\"entry entry-grid is-column has-entry-link type-post category-linhas-de-investigacao tag-noticias-da-neuronup tag-pesquisa\" style=\"--entry-index:3;\" aria-label=\"Dispositivos digitais como ferramenta terap\u00eautica em crian\u00e7as e adolescentes com defici\u00eancia intelectual\" itemscope itemtype=\"https:\/\/schema.org\/CreativeWork\"><div class=\"entry-wrap entry-wrap-grid\"><h3 class=\"entry-title\" itemprop=\"headline\"><a class=\"entry-title-link\" href=\"https:\/\/neuronup.com\/br\/investigacao\/linhas-de-investigacao\/dispositivos-digitais-como-ferramenta-terapeutica-em-criancas-e-adolescentes-com-deficiencia-intelectual\/\" rel=\"bookmark\">Dispositivos digitais como ferramenta terap\u00eautica em crian\u00e7as e adolescentes com defici\u00eancia intelectual<\/a><\/h3>\n<\/div><\/article><article class=\"entry entry-grid is-column has-entry-link has-image has-image-first type-post category-depoimentos tag-adultos tag-estimulacao-cognitiva tag-lesao-cerebral-adquirida tag-testemunhos\" style=\"--entry-index:4;\" aria-label=\"Reabilita\u00e7\u00e3o cognitiva com NeuronUP no Ateneu Maestrat\" itemscope itemtype=\"https:\/\/schema.org\/CreativeWork\"><a class=\"entry-image-link\" href=\"https:\/\/neuronup.com\/br\/noticias-de-estimulacao-cognitiva\/depoimentos\/reabilitacao-cognitiva-com-neuronup-no-ateneu-maestrat\/\" tabindex=\"-1\" aria-hidden=\"true\"><img decoding=\"async\" width=\"300\" height=\"300\" src=\"https:\/\/neuronup.com\/br\/wp-content\/uploads\/2024\/12\/Usuario-de-Ateneu-Maestrat-trabajando-con-NeuronUP.webp\" class=\"entry-image size-landscape-sm\" alt=\"Homem sentado diante de um computador, apontando para a tela; monitor exibe v\u00e1rias imagens de rostos, em escrit\u00f3rio.\" srcset=\"https:\/\/neuronup.com\/br\/wp-content\/uploads\/2024\/12\/Usuario-de-Ateneu-Maestrat-trabajando-con-NeuronUP-24x24.webp 24w, https:\/\/neuronup.com\/br\/wp-content\/uploads\/2024\/12\/Usuario-de-Ateneu-Maestrat-trabajando-con-NeuronUP-48x48.webp 48w, https:\/\/neuronup.com\/br\/wp-content\/uploads\/2024\/12\/Usuario-de-Ateneu-Maestrat-trabajando-con-NeuronUP-96x96.webp 96w, https:\/\/neuronup.com\/br\/wp-content\/uploads\/2024\/12\/Usuario-de-Ateneu-Maestrat-trabajando-con-NeuronUP-150x150.webp 150w, https:\/\/neuronup.com\/br\/wp-content\/uploads\/2024\/12\/Usuario-de-Ateneu-Maestrat-trabajando-con-NeuronUP-300x300.webp 300w, https:\/\/neuronup.com\/br\/wp-content\/uploads\/2024\/12\/Usuario-de-Ateneu-Maestrat-trabajando-con-NeuronUP-768x769.webp 768w, https:\/\/neuronup.com\/br\/wp-content\/uploads\/2024\/12\/Usuario-de-Ateneu-Maestrat-trabajando-con-NeuronUP-1022x1024.webp 1022w, https:\/\/neuronup.com\/br\/wp-content\/uploads\/2024\/12\/Usuario-de-Ateneu-Maestrat-trabajando-con-NeuronUP.webp 1200w\" sizes=\"(max-width:599px) 599px, (min-width:600px) and (max-width: 799px) 799px, (min-width:800px) and (max-width: 999px) 333px, (min-width:1000px) 400px\" \/><\/a><div class=\"entry-wrap entry-wrap-grid\"><h3 class=\"entry-title\" itemprop=\"headline\"><a class=\"entry-title-link\" href=\"https:\/\/neuronup.com\/br\/noticias-de-estimulacao-cognitiva\/depoimentos\/reabilitacao-cognitiva-com-neuronup-no-ateneu-maestrat\/\" rel=\"bookmark\">Reabilita\u00e7\u00e3o cognitiva com NeuronUP no Ateneu Maestrat<\/a><\/h3>\n<\/div><\/article><article class=\"entry entry-grid is-column has-entry-link has-image has-image-first type-post category-depoimentos tag-testemunhos\" style=\"--entry-index:5;\" aria-label=\"Superar os desafios cognitivos: a abordagem \u00fanica da BIQAF Psychology\" itemscope itemtype=\"https:\/\/schema.org\/CreativeWork\"><a class=\"entry-image-link\" href=\"https:\/\/neuronup.com\/br\/noticias-de-estimulacao-cognitiva\/depoimentos\/superar-os-retos-cognitivos-o-enfoque-unico-de-biqaf-psychology\/\" tabindex=\"-1\" aria-hidden=\"true\"><img decoding=\"async\" width=\"400\" height=\"300\" src=\"https:\/\/neuronup.com\/br\/wp-content\/uploads\/2024\/11\/BIQAF-usuario.webp\" class=\"entry-image size-landscape-sm\" alt=\"Pessoa sentada em cadeira, fones de ouvido, diante de laptop e tela com gr\u00e1ficos; ambiente claro e tranquilo.\" srcset=\"https:\/\/neuronup.com\/br\/wp-content\/uploads\/2024\/11\/BIQAF-usuario-300x225.webp 300w, https:\/\/neuronup.com\/br\/wp-content\/uploads\/2024\/11\/BIQAF-usuario-768x576.webp 768w, https:\/\/neuronup.com\/br\/wp-content\/uploads\/2024\/11\/BIQAF-usuario-1024x768.webp 1024w, https:\/\/neuronup.com\/br\/wp-content\/uploads\/2024\/11\/BIQAF-usuario.webp 1200w\" sizes=\"(max-width:599px) 599px, (min-width:600px) and (max-width: 799px) 799px, (min-width:800px) and (max-width: 999px) 333px, (min-width:1000px) 400px\" \/><\/a><div class=\"entry-wrap entry-wrap-grid\"><h3 class=\"entry-title\" itemprop=\"headline\"><a class=\"entry-title-link\" href=\"https:\/\/neuronup.com\/br\/noticias-de-estimulacao-cognitiva\/depoimentos\/superar-os-retos-cognitivos-o-enfoque-unico-de-biqaf-psychology\/\" rel=\"bookmark\">Superar os desafios cognitivos: a abordagem \u00fanica da BIQAF Psychology<\/a><\/h3>\n<\/div><\/article><article class=\"entry entry-grid is-column has-entry-link has-image has-image-first type-post category-doencas-raras tag-doencas-raras\" style=\"--entry-index:6;\" aria-label=\"Compreendendo a S\u00edndrome de Gerstmann\" itemscope itemtype=\"https:\/\/schema.org\/CreativeWork\"><a class=\"entry-image-link\" href=\"https:\/\/neuronup.com\/br\/noticias-de-estimulacao-cognitiva\/doencas-raras\/compreendendo-o-sindrome-de-gerstmann\/\" tabindex=\"-1\" aria-hidden=\"true\"><img decoding=\"async\" width=\"400\" height=\"267\" src=\"https:\/\/neuronup.com\/br\/wp-content\/uploads\/2024\/11\/Comprendiendo-el-Sindrome-de-Gerstmann-NeuronUP.webp\" class=\"entry-image size-landscape-sm\" alt=\"Mulher sentada em cadeira, cabelos longos escuros, camisa azul; express\u00e3o s\u00e9ria e pensativa com a m\u00e3o no queixo, fundo neutro.\" srcset=\"https:\/\/neuronup.com\/br\/wp-content\/uploads\/2024\/11\/Comprendiendo-el-Sindrome-de-Gerstmann-NeuronUP-300x200.webp 300w, https:\/\/neuronup.com\/br\/wp-content\/uploads\/2024\/11\/Comprendiendo-el-Sindrome-de-Gerstmann-NeuronUP-768x512.webp 768w, https:\/\/neuronup.com\/br\/wp-content\/uploads\/2024\/11\/Comprendiendo-el-Sindrome-de-Gerstmann-NeuronUP-1024x683.webp 1024w, https:\/\/neuronup.com\/br\/wp-content\/uploads\/2024\/11\/Comprendiendo-el-Sindrome-de-Gerstmann-NeuronUP.webp 1200w\" sizes=\"(max-width:599px) 599px, (min-width:600px) and (max-width: 799px) 799px, (min-width:800px) and (max-width: 999px) 333px, (min-width:1000px) 400px\" \/><\/a><div class=\"entry-wrap entry-wrap-grid\"><h3 class=\"entry-title\" itemprop=\"headline\"><a class=\"entry-title-link\" href=\"https:\/\/neuronup.com\/br\/noticias-de-estimulacao-cognitiva\/doencas-raras\/compreendendo-o-sindrome-de-gerstmann\/\" rel=\"bookmark\">Compreendendo a S\u00edndrome de Gerstmann<\/a><\/h3>\n<\/div><\/article><\/div><\/div>","protected":false},"excerpt":{"rendered":"<p>\u00c1reas de Interven\u00e7\u00e3o O NeuronUP oferece milhares de exerc\u00edcios, ferramentas e simuladores da vida real classificados em diferentes \u00e1reas de interven\u00e7\u00e3o que permitem exercer fun\u00e7\u00f5es cognitivas b\u00e1sicas e atividades da vida cotidiana e habilidades sociais. Interven\u00e7\u00e3o adaptada e personalizada Uma reabilita\u00e7\u00e3o neuropsicol\u00f3gica eficaz significa a diminui\u00e7\u00e3o das limita\u00e7\u00f5es funcionais e o incremento da capacidade do &hellip;<\/p>\n","protected":false},"author":1,"featured_media":32469,"parent":0,"menu_order":0,"comment_status":"closed","ping_status":"closed","template":"","meta":{"_acf_changed":false,"_genesis_hide_title":false,"_genesis_hide_breadcrumbs":false,"_genesis_hide_singular_image":false,"_genesis_hide_footer_widgets":false,"_genesis_custom_body_class":"nup-style darkblue","_genesis_custom_post_class":"nup-style darkblue","_genesis_layout":"wide-content","footnotes":""},"class_list":{"1":"page","2":"type-page","6":"entry","7":"nup-style darkblue"},"acf":[],"_links":{"self":[{"href":"https:\/\/neuronup.com\/br\/wp-json\/wp\/v2\/pages\/32467","targetHints":{"allow":["GET"]}}],"collection":[{"href":"https:\/\/neuronup.com\/br\/wp-json\/wp\/v2\/pages"}],"about":[{"href":"https:\/\/neuronup.com\/br\/wp-json\/wp\/v2\/types\/page"}],"author":[{"embeddable":true,"href":"https:\/\/neuronup.com\/br\/wp-json\/wp\/v2\/users\/1"}],"replies":[{"embeddable":true,"href":"https:\/\/neuronup.com\/br\/wp-json\/wp\/v2\/comments?post=32467"}],"version-history":[{"count":0,"href":"https:\/\/neuronup.com\/br\/wp-json\/wp\/v2\/pages\/32467\/revisions"}],"wp:featuredmedia":[{"embeddable":true,"href":"https:\/\/neuronup.com\/br\/wp-json\/wp\/v2\/media\/32469"}],"wp:attachment":[{"href":"https:\/\/neuronup.com\/br\/wp-json\/wp\/v2\/media?parent=32467"}],"curies":[{"name":"wp","href":"https:\/\/api.w.org\/{rel}","templated":true}]}}