{"id":32443,"date":"2024-10-31T11:26:44","date_gmt":"2024-10-31T09:26:44","guid":{"rendered":"https:\/\/neuronup.com\/br\/?page_id=32443"},"modified":"2025-02-13T12:01:07","modified_gmt":"2025-02-13T10:01:07","slug":"doencas-neurodegenerativas","status":"publish","type":"page","link":"https:\/\/neuronup.com\/br\/neurorreabilitacao\/doencas-neurodegenerativas\/","title":{"rendered":"Doen\u00e7as Neurodegenerativas"},"content":{"rendered":"\n<p>Nesses casos, a interven\u00e7\u00e3o mais adequada \u00e9 a estimula\u00e7\u00e3o cognitiva, j\u00e1 que o progresso de tais doen\u00e7as \u00e9 inevit\u00e1vel; por\u00e9m, atrav\u00e9s de uma boa estimula\u00e7\u00e3o pode-se retardar o deterioro cognitivo e funcional.<\/p>\n\n\n\n<p id=\"esclerose-multipla\">Essas s\u00e3o algumas das principais doen\u00e7as neurodegenerativas:<\/p>\n\n\n\n<h2 class=\"wp-block-heading\">Esclerose m\u00faltipla<\/h2>\n\n\n\n<p>\u00c9 uma <strong>doen\u00e7a desmielinizante<\/strong> que afeta a subst\u00e2ncia branca que reveste os ax\u00f4nios.<\/p>\n\n\n\n<p>Durante muito tempo, considerou-se que suas manifesta\u00e7\u00f5es cl\u00ednicas eram exclusivamente neurol\u00f3gicas (fraqueza motora, dificuldades visuais, diplopia, disartria, ataxia etc.). No entanto, nas \u00faltimas d\u00e9cadas, um n\u00famero crescente de investiga\u00e7\u00f5es mostrou que tamb\u00e9m pode estar associada a <strong>d\u00e9ficits cognitivos que afetam principalmente a aten\u00e7\u00e3o, concentra\u00e7\u00e3o, velocidade do processamento de informa\u00e7\u00e3o, mem\u00f3ria e fun\u00e7\u00f5es executivas.<\/strong><\/p>\n\n\n\n<div class=\"wp-block-buttons is-layout-flex wp-block-buttons-is-layout-flex\">\n<div class=\"wp-block-button\"><a class=\"wp-block-button__link button wp-element-button\" href=\"https:\/\/neuronup.com\/br\/neurorreabilitacao\/doencas-neurodegenerativas\/esclerose-multipla\/\">Ler mais sobre Esclerose m\u00faltipla<\/a><\/div>\n<\/div>\n\n\n\n<div style=\"height:35px\" aria-hidden=\"true\" id=\"alzheimer\" class=\"wp-block-spacer\"><\/div>\n\n\n\n<h2 class=\"wp-block-heading\">Doen\u00e7a de Alzheimer<\/h2>\n\n\n\n<p>Sua principal causa \u00e9 a <strong>forma\u00e7\u00e3o progressiva de placas senil<\/strong> e <strong>emaranhado neurofibrilares<\/strong> no c\u00f3rtex cerebral, al\u00e9m da <strong>perda neuronal e sin\u00e1ptica.<\/strong><\/p>\n\n\n\n<p>A dem\u00eancia causada por essa doen\u00e7a provoca o desenvolvimento de m\u00faltiplos d\u00e9ficits cognitivos, entre os quais se destaca a deteriora\u00e7\u00e3o da mem\u00f3ria e, como m\u00ednimo, a altera\u00e7\u00e3o de uma das seguintes \u00e1reas: <strong>linguagem, praxias, gnosias ou fun\u00e7\u00f5es executivas.<\/strong><\/p>\n\n\n\n<div class=\"wp-block-buttons is-layout-flex wp-block-buttons-is-layout-flex\">\n<div class=\"wp-block-button\"><a class=\"wp-block-button__link button wp-element-button\" href=\"https:\/\/neuronup.com\/br\/neurorreabilitacao\/doencas-neurodegenerativas\/doenca-de-alzheimer\/\">Ler mais sobre Alzheimer<\/a><\/div>\n<\/div>\n\n\n\n<div style=\"height:35px\" aria-hidden=\"true\" id=\"parkinson\" class=\"wp-block-spacer\"><\/div>\n\n\n\n<h2 class=\"wp-block-heading\">Doen\u00e7a de Parkinson<\/h2>\n\n\n\n<p>Doen\u00e7a causada pela <strong>morte progressiva dos neur\u00f4nios em uma parte do c\u00e9rebro chamada subst\u00e2ncia negra<\/strong>, e, mais especificamente, em uma parte desse n\u00facleo, chamada <strong>parte compacta<\/strong>. Isso causa uma diminui\u00e7\u00e3o na s\u00edntese de dopamina, que causa uma disfun\u00e7\u00e3o na regula\u00e7\u00e3o das principais estruturas cerebrais envolvidas no controle do movimento.<\/p>\n\n\n\n<p>Seus principais sintomas s\u00e3o dificuldades generalizadas para realizar movimentos lentos, falta de mobilidade espont\u00e2nea, tremor em repouso e rigidez. Tamb\u00e9m pode ocorrer uma altera\u00e7\u00e3o dos reflexos de equil\u00edbrio, resultando em quedas.<\/p>\n\n\n\n<p>A associa\u00e7\u00e3o de sintomas emocionais como ansiedade, depress\u00e3o e apatia e o aparecimento de deterioro cognitivo s\u00e3o frequentes, afetando <strong>a mem\u00f3ria, a aten\u00e7\u00e3o ou a velocidade de processamento<\/strong>.<\/p>\n\n\n\n<div class=\"wp-block-buttons is-layout-flex wp-block-buttons-is-layout-flex\">\n<div class=\"wp-block-button\"><a class=\"wp-block-button__link button wp-element-button\" href=\"https:\/\/neuronup.com\/br\/neurorreabilitacao\/doencas-neurodegenerativas\/doenca-de-parkinson\/\">Ler mais sobre Parkinson<\/a><\/div>\n<\/div>\n\n\n\n<div style=\"height:35px\" aria-hidden=\"true\" id=\"huntington\" class=\"wp-block-spacer\"><\/div>\n\n\n\n<h2 class=\"wp-block-heading\">Doen\u00e7a de Huntington<\/h2>\n\n\n\n<p>\u00c9 uma doen\u00e7a heredit\u00e1ria causada por um <strong>defeito gen\u00e9tico no cromossomo 4<\/strong>. Afeta e causa a morte das c\u00e9lulas do c\u00e9rebro.<\/p>\n\n\n\n<p>As mudan\u00e7as comportamentais geralmente s\u00e3o os primeiros sintomas, e incluem comportamentos antissociais, irritabilidade, mau humor, inquieta\u00e7\u00e3o ou impaci\u00eancia, entre outros.<\/p>\n\n\n\n<p>Existem tamb\u00e9m dist\u00farbios motores, como caretas faciais, movimentos bruscos e desordenados dos bra\u00e7os, pernas, rosto e outras partes do corpo; e tamb\u00e9m falta de coordena\u00e7\u00e3o motora, locomo\u00e7\u00e3o inst\u00e1vel, movimentos r\u00e1pidos e involunt\u00e1rios.<\/p>\n\n\n\n<p>Os principais d\u00e9ficits cognitivos est\u00e3o relacionados \u00e0 <strong>capacidade de mem\u00f3ria e aprendizado, racioc\u00ednio e solu\u00e7\u00e3o de problemas, organiza\u00e7\u00e3o, planejamento, sequ\u00eancia e flexibilidade.<\/strong><\/p>\n\n\n\n<div class=\"wp-block-buttons is-layout-flex wp-block-buttons-is-layout-flex\">\n<div class=\"wp-block-button\"><a class=\"wp-block-button__link button wp-element-button\" href=\"https:\/\/neuronup.com\/br\/neurorreabilitacao\/doencas-neurodegenerativas\/doenca-de-huntington\/\">Ler mais sobre Huntington<\/a><\/div>\n<\/div>\n\n\n\n<h2 class=\"wp-block-heading has-xxl-margin-top has-xl-margin-bottom\">Artigos sobre interven\u00e7\u00e3o terap\u00eautica em pacientes afetados por doen\u00e7as neurodegenerativas:<\/h2>\n\n\n\n\n<div class=\"mai-grid entries entries-grid has-boxed has-image-full\" style=\"--entry-title-font-size:var(--font-size-lg);--align-text:start;--entry-meta-text-align:start;\"><div class=\"entries-wrap has-columns\" style=\"--columns-xs:1\/1;--columns-sm:1\/1;--columns-md:1\/3;--columns-lg:1\/3;--flex-xs:0 0 var(--flex-basis);--flex-sm:0 0 var(--flex-basis);--flex-md:0 0 var(--flex-basis);--flex-lg:0 0 var(--flex-basis);--column-gap:var(--spacing-lg);--row-gap:var(--spacing-lg);--align-columns:start;\"><article class=\"entry entry-grid is-column has-entry-link has-image has-image-first type-post category-doencas-neurodegenerativas tag-demencia tag-doencas-neurodegenerativas tag-saude-mental\" style=\"--entry-index:1;\" aria-label=\"Interven\u00e7\u00f5es para problemas psicol\u00f3gicos e comportamentais em dem\u00eancias\" itemscope itemtype=\"https:\/\/schema.org\/CreativeWork\"><a class=\"entry-image-link\" href=\"https:\/\/neuronup.com\/br\/noticias-de-estimulacao-cognitiva\/doencas-neurodegenerativas\/intervencoes-para-problemas-psicologicos-e-comportamentais-em-demencias\/\" tabindex=\"-1\" aria-hidden=\"true\"><img decoding=\"async\" width=\"400\" height=\"226\" src=\"https:\/\/neuronup.com\/br\/wp-content\/uploads\/2024\/10\/Intervenciones-para-problemas-psicologicos-y-conductuales-en-demencias-NeuronUP-1-1.webp\" class=\"entry-image size-landscape-sm\" alt=\"Perfil de idoso com rugas, pe\u00e7as de quebra-cabe\u00e7a acima da cabe\u00e7a simbolizando mem\u00f3ria e envelhecimento, e NeuronUP.\" srcset=\"https:\/\/neuronup.com\/br\/wp-content\/uploads\/2024\/10\/Intervenciones-para-problemas-psicologicos-y-conductuales-en-demencias-NeuronUP-1-1-300x169.webp 300w, https:\/\/neuronup.com\/br\/wp-content\/uploads\/2024\/10\/Intervenciones-para-problemas-psicologicos-y-conductuales-en-demencias-NeuronUP-1-1-768x434.webp 768w, https:\/\/neuronup.com\/br\/wp-content\/uploads\/2024\/10\/Intervenciones-para-problemas-psicologicos-y-conductuales-en-demencias-NeuronUP-1-1-1024x578.webp 1024w, https:\/\/neuronup.com\/br\/wp-content\/uploads\/2024\/10\/Intervenciones-para-problemas-psicologicos-y-conductuales-en-demencias-NeuronUP-1-1.webp 1201w\" sizes=\"(max-width:599px) 599px, (min-width:600px) and (max-width: 799px) 799px, (min-width:800px) and (max-width: 999px) 333px, (min-width:1000px) 400px\" \/><\/a><div class=\"entry-wrap entry-wrap-grid\"><h3 class=\"entry-title\" itemprop=\"headline\"><a class=\"entry-title-link\" href=\"https:\/\/neuronup.com\/br\/noticias-de-estimulacao-cognitiva\/doencas-neurodegenerativas\/intervencoes-para-problemas-psicologicos-e-comportamentais-em-demencias\/\" rel=\"bookmark\">Interven\u00e7\u00f5es para problemas psicol\u00f3gicos e comportamentais em dem\u00eancias<\/a><\/h3>\n<\/div><\/article><article class=\"entry entry-grid is-column has-entry-link has-image has-image-first type-post category-esclerose-multipla tag-doencas-neurodegenerativas tag-esclerose-multipla\" style=\"--entry-index:2;\" aria-label=\"Esclerose: quem ela afeta, como \u00e9 diagnosticada e quais s\u00e3o seus sintomas\" itemscope itemtype=\"https:\/\/schema.org\/CreativeWork\"><a class=\"entry-image-link\" href=\"https:\/\/neuronup.com\/br\/noticias-de-estimulacao-cognitiva\/doencas-neurodegenerativas\/esclerose-multipla\/a-esclerose-a-quem-afeta-como-se-diagnostica-e-quais-sao-seus-sintomas\/\" tabindex=\"-1\" aria-hidden=\"true\"><img decoding=\"async\" width=\"400\" height=\"271\" src=\"https:\/\/neuronup.com\/br\/wp-content\/uploads\/2022\/05\/Centro-ADEMBI-en-el-tratamiento-de-la-esclerosis-multiple-1.webp\" class=\"entry-image size-landscape-sm\" alt=\"Duas mulheres frente a um computador em escrit\u00f3rio, uma aponta para a tela enquanto explica; ambiente com arm\u00e1rios ao fundo.\" srcset=\"https:\/\/neuronup.com\/br\/wp-content\/uploads\/2022\/05\/Centro-ADEMBI-en-el-tratamiento-de-la-esclerosis-multiple-1-300x203.webp 300w, https:\/\/neuronup.com\/br\/wp-content\/uploads\/2022\/05\/Centro-ADEMBI-en-el-tratamiento-de-la-esclerosis-multiple-1-768x521.webp 768w, https:\/\/neuronup.com\/br\/wp-content\/uploads\/2022\/05\/Centro-ADEMBI-en-el-tratamiento-de-la-esclerosis-multiple-1-1024x694.webp 1024w, https:\/\/neuronup.com\/br\/wp-content\/uploads\/2022\/05\/Centro-ADEMBI-en-el-tratamiento-de-la-esclerosis-multiple-1.webp 1204w\" sizes=\"(max-width:599px) 599px, (min-width:600px) and (max-width: 799px) 799px, (min-width:800px) and (max-width: 999px) 333px, (min-width:1000px) 400px\" \/><\/a><div class=\"entry-wrap entry-wrap-grid\"><h3 class=\"entry-title\" itemprop=\"headline\"><a class=\"entry-title-link\" href=\"https:\/\/neuronup.com\/br\/noticias-de-estimulacao-cognitiva\/doencas-neurodegenerativas\/esclerose-multipla\/a-esclerose-a-quem-afeta-como-se-diagnostica-e-quais-sao-seus-sintomas\/\" rel=\"bookmark\">Esclerose: quem ela afeta, como \u00e9 diagnosticada e quais s\u00e3o seus sintomas<\/a><\/h3>\n<\/div><\/article><article class=\"entry entry-grid is-column has-entry-link has-image has-image-first type-post category-doencas-neurodegenerativas tag-alzheimer tag-demencia tag-doencas-neurodegenerativas\" style=\"--entry-index:3;\" aria-label=\"Altera\u00e7\u00f5es em pacientes com dem\u00eancia por corpos de Lewy\" itemscope itemtype=\"https:\/\/schema.org\/CreativeWork\"><a class=\"entry-image-link\" href=\"https:\/\/neuronup.com\/br\/noticias-de-estimulacao-cognitiva\/doencas-neurodegenerativas\/alteracoes-visuoperceptivas-e-visuoespaciais-em-pacientes-com-demencia-por-corpos-de-lewy\/\" tabindex=\"-1\" aria-hidden=\"true\"><img decoding=\"async\" width=\"400\" height=\"278\" src=\"https:\/\/neuronup.com\/br\/wp-content\/uploads\/2024\/10\/paciente-con-demencia.webp\" class=\"entry-image size-landscape-sm\" alt=\"Casal idoso \u00e0 mesa, o homem concentra-se montando quebra-cabe\u00e7a; a mulher observa e incentiva; ambiente claro com luz natural.\" srcset=\"https:\/\/neuronup.com\/br\/wp-content\/uploads\/2024\/10\/paciente-con-demencia-300x208.webp 300w, https:\/\/neuronup.com\/br\/wp-content\/uploads\/2024\/10\/paciente-con-demencia-768x533.webp 768w, https:\/\/neuronup.com\/br\/wp-content\/uploads\/2024\/10\/paciente-con-demencia-1024x711.webp 1024w, https:\/\/neuronup.com\/br\/wp-content\/uploads\/2024\/10\/paciente-con-demencia.webp 1200w\" sizes=\"(max-width:599px) 599px, (min-width:600px) and (max-width: 799px) 799px, (min-width:800px) and (max-width: 999px) 333px, (min-width:1000px) 400px\" \/><\/a><div class=\"entry-wrap entry-wrap-grid\"><h3 class=\"entry-title\" itemprop=\"headline\"><a class=\"entry-title-link\" href=\"https:\/\/neuronup.com\/br\/noticias-de-estimulacao-cognitiva\/doencas-neurodegenerativas\/alteracoes-visuoperceptivas-e-visuoespaciais-em-pacientes-com-demencia-por-corpos-de-lewy\/\" rel=\"bookmark\">Altera\u00e7\u00f5es em pacientes com dem\u00eancia por corpos de Lewy<\/a><\/h3>\n<\/div><\/article><article class=\"entry entry-grid is-column has-entry-link has-image has-image-first type-post category-doencas-neurodegenerativas tag-alzheimer tag-demencia tag-doencas-neurodegenerativas\" style=\"--entry-index:4;\" aria-label=\"Comunica\u00e7\u00e3o do cuidador para o paciente com dem\u00eancia\" itemscope itemtype=\"https:\/\/schema.org\/CreativeWork\"><a class=\"entry-image-link\" href=\"https:\/\/neuronup.com\/br\/noticias-de-estimulacao-cognitiva\/doencas-neurodegenerativas\/comunicacao-do-cuidador-para-o-paciente-com-demencia\/\" tabindex=\"-1\" aria-hidden=\"true\"><img decoding=\"async\" width=\"400\" height=\"267\" src=\"https:\/\/neuronup.com\/br\/wp-content\/uploads\/2024\/10\/paciente-con-demecia.webp\" class=\"entry-image size-landscape-sm\" alt=\"Mulher jovem com cabelos claros conversa com idoso de cabelos brancos; ele sorri segurando \u00f3culos, em sala acolhedora.\" srcset=\"https:\/\/neuronup.com\/br\/wp-content\/uploads\/2024\/10\/paciente-con-demecia-300x200.webp 300w, https:\/\/neuronup.com\/br\/wp-content\/uploads\/2024\/10\/paciente-con-demecia-768x512.webp 768w, https:\/\/neuronup.com\/br\/wp-content\/uploads\/2024\/10\/paciente-con-demecia-1024x683.webp 1024w, https:\/\/neuronup.com\/br\/wp-content\/uploads\/2024\/10\/paciente-con-demecia.webp 1200w\" sizes=\"(max-width:599px) 599px, (min-width:600px) and (max-width: 799px) 799px, (min-width:800px) and (max-width: 999px) 333px, (min-width:1000px) 400px\" \/><\/a><div class=\"entry-wrap entry-wrap-grid\"><h3 class=\"entry-title\" itemprop=\"headline\"><a class=\"entry-title-link\" href=\"https:\/\/neuronup.com\/br\/noticias-de-estimulacao-cognitiva\/doencas-neurodegenerativas\/comunicacao-do-cuidador-para-o-paciente-com-demencia\/\" rel=\"bookmark\">Comunica\u00e7\u00e3o do cuidador para o paciente com dem\u00eancia<\/a><\/h3>\n<\/div><\/article><article class=\"entry entry-grid is-column has-entry-link has-image has-image-first type-post category-alzheimer tag-alzheimer tag-demencia tag-memoria\" style=\"--entry-index:5;\" aria-label=\"A linguagem como fator preditor das dem\u00eancias\" itemscope itemtype=\"https:\/\/schema.org\/CreativeWork\"><a class=\"entry-image-link\" href=\"https:\/\/neuronup.com\/br\/noticias-de-estimulacao-cognitiva\/doencas-neurodegenerativas\/alzheimer\/a-linguagem-como-fator-preditor-das-demencias\/\" tabindex=\"-1\" aria-hidden=\"true\"><img decoding=\"async\" width=\"400\" height=\"267\" src=\"https:\/\/neuronup.com\/br\/wp-content\/uploads\/2023\/11\/El-lenguaje-como-factor-predictor-de-las-demencias-1-2.webp\" class=\"entry-image size-landscape-sm\" alt=\"Ilustra\u00e7\u00e3o art\u00edstica de c\u00e9rebro branco com sulcos e fissuras pretas, parte desintegrando sobre fundo neutro\" srcset=\"https:\/\/neuronup.com\/br\/wp-content\/uploads\/2023\/11\/El-lenguaje-como-factor-predictor-de-las-demencias-1-2-300x200.webp 300w, https:\/\/neuronup.com\/br\/wp-content\/uploads\/2023\/11\/El-lenguaje-como-factor-predictor-de-las-demencias-1-2-768x512.webp 768w, https:\/\/neuronup.com\/br\/wp-content\/uploads\/2023\/11\/El-lenguaje-como-factor-predictor-de-las-demencias-1-2-1024x683.webp 1024w, https:\/\/neuronup.com\/br\/wp-content\/uploads\/2023\/11\/El-lenguaje-como-factor-predictor-de-las-demencias-1-2.webp 1200w\" sizes=\"(max-width:599px) 599px, (min-width:600px) and (max-width: 799px) 799px, (min-width:800px) and (max-width: 999px) 333px, (min-width:1000px) 400px\" \/><\/a><div class=\"entry-wrap entry-wrap-grid\"><h3 class=\"entry-title\" itemprop=\"headline\"><a class=\"entry-title-link\" href=\"https:\/\/neuronup.com\/br\/noticias-de-estimulacao-cognitiva\/doencas-neurodegenerativas\/alzheimer\/a-linguagem-como-fator-preditor-das-demencias\/\" rel=\"bookmark\">A linguagem como fator preditor das dem\u00eancias<\/a><\/h3>\n<\/div><\/article><article class=\"entry entry-grid is-column has-entry-link has-image has-image-first type-post category-parkinson tag-doenca-de-parkinson tag-reabilitacao-cognitiva\" style=\"--entry-index:6;\" aria-label=\"Reabilita\u00e7\u00e3o neuropsicol\u00f3gica na doen\u00e7a de Parkinson\" itemscope itemtype=\"https:\/\/schema.org\/CreativeWork\"><a class=\"entry-image-link\" href=\"https:\/\/neuronup.com\/br\/noticias-de-estimulacao-cognitiva\/doencas-neurodegenerativas\/parkinson\/reabilitacao-neuropsicologica-na-doenca-de-parkinson\/\" tabindex=\"-1\" aria-hidden=\"true\"><img decoding=\"async\" width=\"398\" height=\"300\" src=\"https:\/\/neuronup.com\/br\/wp-content\/uploads\/2023\/10\/Rehabilitacion-neuropsicologica-en-la-enfermedad-de-Parkinson-2-1.webp\" class=\"entry-image size-landscape-sm\" alt=\"Idoso sentado diante de computador com monitor touchscreen, interagindo com \u00edcones de plantas na tela; mesa simples e ambiente neutro ao fundo.\" srcset=\"https:\/\/neuronup.com\/br\/wp-content\/uploads\/2023\/10\/Rehabilitacion-neuropsicologica-en-la-enfermedad-de-Parkinson-2-1-300x226.webp 300w, https:\/\/neuronup.com\/br\/wp-content\/uploads\/2023\/10\/Rehabilitacion-neuropsicologica-en-la-enfermedad-de-Parkinson-2-1-768x579.webp 768w, https:\/\/neuronup.com\/br\/wp-content\/uploads\/2023\/10\/Rehabilitacion-neuropsicologica-en-la-enfermedad-de-Parkinson-2-1-1024x771.webp 1024w, https:\/\/neuronup.com\/br\/wp-content\/uploads\/2023\/10\/Rehabilitacion-neuropsicologica-en-la-enfermedad-de-Parkinson-2-1.webp 1200w\" sizes=\"(max-width:599px) 599px, (min-width:600px) and (max-width: 799px) 799px, (min-width:800px) and (max-width: 999px) 333px, (min-width:1000px) 400px\" \/><\/a><div class=\"entry-wrap entry-wrap-grid\"><h3 class=\"entry-title\" itemprop=\"headline\"><a class=\"entry-title-link\" href=\"https:\/\/neuronup.com\/br\/noticias-de-estimulacao-cognitiva\/doencas-neurodegenerativas\/parkinson\/reabilitacao-neuropsicologica-na-doenca-de-parkinson\/\" rel=\"bookmark\">Reabilita\u00e7\u00e3o neuropsicol\u00f3gica na doen\u00e7a de Parkinson<\/a><\/h3>\n<\/div><\/article><\/div><\/div>","protected":false},"excerpt":{"rendered":"<p>Nesses casos, a interven\u00e7\u00e3o mais adequada \u00e9 a estimula\u00e7\u00e3o cognitiva, j\u00e1 que o progresso de tais doen\u00e7as \u00e9 inevit\u00e1vel; por\u00e9m, atrav\u00e9s de uma boa estimula\u00e7\u00e3o pode-se retardar o deterioro cognitivo e funcional. Essas s\u00e3o algumas das principais doen\u00e7as neurodegenerativas: Esclerose m\u00faltipla \u00c9 uma doen\u00e7a desmielinizante que afeta a subst\u00e2ncia branca que reveste os ax\u00f4nios. Durante &hellip;<\/p>\n","protected":false},"author":1,"featured_media":32430,"parent":32426,"menu_order":2,"comment_status":"closed","ping_status":"closed","template":"","meta":{"_acf_changed":false,"_genesis_hide_title":false,"_genesis_hide_breadcrumbs":false,"_genesis_hide_singular_image":false,"_genesis_hide_footer_widgets":false,"_genesis_custom_body_class":"nup-style neurorehab","_genesis_custom_post_class":"nup-style neurorehab","_genesis_layout":"","footnotes":""},"class_list":{"1":"page","2":"type-page","6":"entry","7":"nup-style neurorehab"},"acf":[],"_links":{"self":[{"href":"https:\/\/neuronup.com\/br\/wp-json\/wp\/v2\/pages\/32443","targetHints":{"allow":["GET"]}}],"collection":[{"href":"https:\/\/neuronup.com\/br\/wp-json\/wp\/v2\/pages"}],"about":[{"href":"https:\/\/neuronup.com\/br\/wp-json\/wp\/v2\/types\/page"}],"author":[{"embeddable":true,"href":"https:\/\/neuronup.com\/br\/wp-json\/wp\/v2\/users\/1"}],"replies":[{"embeddable":true,"href":"https:\/\/neuronup.com\/br\/wp-json\/wp\/v2\/comments?post=32443"}],"version-history":[{"count":0,"href":"https:\/\/neuronup.com\/br\/wp-json\/wp\/v2\/pages\/32443\/revisions"}],"up":[{"embeddable":true,"href":"https:\/\/neuronup.com\/br\/wp-json\/wp\/v2\/pages\/32426"}],"wp:featuredmedia":[{"embeddable":true,"href":"https:\/\/neuronup.com\/br\/wp-json\/wp\/v2\/media\/32430"}],"wp:attachment":[{"href":"https:\/\/neuronup.com\/br\/wp-json\/wp\/v2\/media?parent=32443"}],"curies":[{"name":"wp","href":"https:\/\/api.w.org\/{rel}","templated":true}]}}