{"id":32293,"date":"2024-10-30T13:48:13","date_gmt":"2024-10-30T11:48:13","guid":{"rendered":"https:\/\/neuronup.com\/br\/?page_id=32293"},"modified":"2026-01-26T18:25:06","modified_gmt":"2026-01-26T16:25:06","slug":"personalizar-atividades-com-a-neuronup","status":"publish","type":"page","link":"https:\/\/neuronup.com\/br\/produto\/personalizar-atividades-com-a-neuronup\/","title":{"rendered":"Personalizar atividades com a NeuronUP"},"content":{"rendered":"\n<p class=\"has-xl-font-size\">Voc\u00ea acha dif\u00edcil manter seus usu\u00e1rios motivados ou passa horas criando atividades estimulantes para cada um deles? Neste artigo, detalhamos as vantagens de personalizar as atividades e explicamos passo a passo <strong style=\"color:#00abc7;\">como criar atividades personalizadas com a NeuronUP<\/strong>.<\/p>\n\n\n\n<h2 class=\"wp-block-heading\">O que \u00e9 uma atividade personalizada?<\/h2>\n\n\n\n<p>Uma atividade personalizada \u00e9 uma atividade <strong>modificada para atender \u00e0s necessidades, ao n\u00edvel cognitivo e \u00e0s prefer\u00eancias<\/strong> de cada usu\u00e1rio para facilitar a introdu\u00e7\u00e3o de <strong>est\u00edmulos significativos<\/strong>.<\/p>\n\n\n\n<h3 class=\"wp-block-heading\">Que atividades da NeuronUP podem ser personalizadas?<\/h3>\n\n\n\n<p>Tanto os <strong>geradores quanto os jogos<\/strong> da NeuronUP podem ser personalizados. Se voc\u00ea n\u00e3o sabe a diferen\u00e7a entre esses tipos de atividades, recomendamos que <a href=\"https:\/\/neuronup.com\/br\/produto\/tipos-de-atividades-de-neuronup-geradores-jogos-e-fichas\/\">d\u00ea uma olhada neste artigo.<\/a><\/p>\n\n\n\n<h2 class=\"wp-block-heading\">Vantagens de personalizar as atividades com a NeuronUP<\/h2>\n\n\n\n<ol class=\"wp-block-list\">\n<li>Aumenta a <strong>motiva\u00e7\u00e3o<\/strong> dos seus usu\u00e1rios.<\/li>\n\n\n\n<li><strong>Adapta os par\u00e2metros<\/strong> dos jogos e geradores <strong>ao n\u00edvel cognitivo e \u00e0s necessidades<\/strong> de todos os seus usu\u00e1rios.<\/li>\n\n\n\n<li>Envolve seus usu\u00e1rios usando <strong>est\u00edmulos que lhes s\u00e3o familiares.<\/strong><\/li>\n\n\n\n<li>Maior<strong> validade ecol\u00f3gica<\/strong>, ou seja, maior concord\u00e2ncia entre o aprimoramento das habilidades treinadas na consulta e sua rela\u00e7\u00e3o com um melhor desempenho nas atividades cotidianas.<\/li>\n\n\n\n<li><strong>Economiza tempo<\/strong> definindo seu pr\u00f3prio cat\u00e1logo de atividades personalizadas para reutiliz\u00e1-las sempre que precisar. Em apenas cinco minutos, voc\u00ea pode criar infinitas atividades totalmente personalizadas a partir do mesmo exerc\u00edcio.<\/li>\n<\/ol>\n\n\n<div class=\"wp-block-image\">\n<figure class=\"aligncenter size-full is-resized\"><img decoding=\"async\" width=\"1080\" height=\"1080\" src=\"https:\/\/neuronup.com\/br\/wp-content\/uploads\/2024\/12\/Vantagens-de-personalizar-atividades-com-a-NeuronUP.webp\" alt=\"Mulher idosa sorridente faz sinal de positivo, destacando vantagens de personalizar atividades com NeuronUP; logotipo.\" class=\"wp-image-34510\" style=\"width:700px;height:undefinedpx\" srcset=\"https:\/\/neuronup.com\/br\/wp-content\/uploads\/2024\/12\/Vantagens-de-personalizar-atividades-com-a-NeuronUP-24x24.webp 24w, https:\/\/neuronup.com\/br\/wp-content\/uploads\/2024\/12\/Vantagens-de-personalizar-atividades-com-a-NeuronUP-48x48.webp 48w, https:\/\/neuronup.com\/br\/wp-content\/uploads\/2024\/12\/Vantagens-de-personalizar-atividades-com-a-NeuronUP-80x80.webp 80w, https:\/\/neuronup.com\/br\/wp-content\/uploads\/2024\/12\/Vantagens-de-personalizar-atividades-com-a-NeuronUP-96x96.webp 96w, https:\/\/neuronup.com\/br\/wp-content\/uploads\/2024\/12\/Vantagens-de-personalizar-atividades-com-a-NeuronUP-150x150.webp 150w, https:\/\/neuronup.com\/br\/wp-content\/uploads\/2024\/12\/Vantagens-de-personalizar-atividades-com-a-NeuronUP-300x300.webp 300w, https:\/\/neuronup.com\/br\/wp-content\/uploads\/2024\/12\/Vantagens-de-personalizar-atividades-com-a-NeuronUP-768x768.webp 768w, https:\/\/neuronup.com\/br\/wp-content\/uploads\/2024\/12\/Vantagens-de-personalizar-atividades-com-a-NeuronUP-1024x1024.webp 1024w, https:\/\/neuronup.com\/br\/wp-content\/uploads\/2024\/12\/Vantagens-de-personalizar-atividades-com-a-NeuronUP.webp 1080w\" sizes=\"(max-width: 1080px) 100vw, 1080px\" \/><\/figure>\n<\/div>\n\n\n<h2 class=\"wp-block-heading\">Como personalizar uma atividade da NeuronUP?<\/h2>\n\n\n\n<p>Veja como personalizar um jogo ou gerador da NeuronUP:<\/p>\n\n\n\n<h3 class=\"wp-block-heading\">1. Escolha e abra uma atividade (gerador ou jogo)<\/h3>\n\n\n\n<div class=\"wp-block-group\"><div class=\"wp-block-group__inner-container is-layout-constrained wp-block-group-is-layout-constrained\">\n<div class=\"wp-block-columns are-vertically-aligned-top is-layout-flex wp-container-core-columns-is-layout-9d6595d7 wp-block-columns-is-layout-flex\">\n<div class=\"wp-block-column is-layout-flow wp-block-column-is-layout-flow\" style=\"flex-basis:68%\">\n<p class=\"has-text-align-left\">Escolha um gerador na p\u00e1gina inicial do NeuronUP. Quando a atividade estiver aberta, selecione &#8220;<strong>Configura\u00e7\u00f5es personalizadas<\/strong>&#8221; para geradores ou &#8220;<strong>N\u00edveis personalizados<\/strong>&#8221; para jogos.<\/p>\n<\/div>\n\n\n\n<div class=\"wp-block-column is-layout-flow wp-block-column-is-layout-flow\" style=\"flex-basis:32%\"><div class=\"wp-block-image image-interface\">\n<figure class=\"aligncenter size-large\"><img decoding=\"async\" width=\"1024\" height=\"744\" src=\"https:\/\/neuronup.com\/br\/wp-content\/uploads\/2024\/12\/Personalizar-as-actividades-do-NeuronUP-1024x744.webp\" alt=\"NeuronUP: personalizar atividades de classifica\u00e7\u00e3o de dinheiro com c\u00e9dulas R$10, R$5 e 25 centavos, modos Corre\u00e7\u00e3o e Livre.\" class=\"wp-image-33787\" style=\"object-fit:cover\" srcset=\"https:\/\/neuronup.com\/br\/wp-content\/uploads\/2024\/12\/Personalizar-as-actividades-do-NeuronUP-300x218.webp 300w, https:\/\/neuronup.com\/br\/wp-content\/uploads\/2024\/12\/Personalizar-as-actividades-do-NeuronUP-768x558.webp 768w, https:\/\/neuronup.com\/br\/wp-content\/uploads\/2024\/12\/Personalizar-as-actividades-do-NeuronUP-1024x744.webp 1024w, https:\/\/neuronup.com\/br\/wp-content\/uploads\/2024\/12\/Personalizar-as-actividades-do-NeuronUP.webp 1226w\" sizes=\"(max-width: 1024px) 100vw, 1024px\" \/><\/figure>\n<\/div><\/div>\n<\/div>\n<\/div><\/div>\n\n\n\n<div style=\"height:50px\" aria-hidden=\"true\" class=\"wp-block-spacer\"><\/div>\n\n\n\n<h3 class=\"wp-block-heading\">2. Cria uma personaliza\u00e7\u00e3o<\/h3>\n\n\n\n<div class=\"wp-block-columns are-vertically-aligned-top is-layout-flex wp-container-core-columns-is-layout-9d6595d7 wp-block-columns-is-layout-flex\">\n<div class=\"wp-block-column is-layout-flow wp-block-column-is-layout-flow\" style=\"flex-basis:69%\">\n<p>Para criar uma nova personaliza\u00e7\u00e3o, <strong>defina um nome para a personaliza\u00e7\u00e3o<\/strong>. Por exemplo, o nome do usu\u00e1rio para o qual ela ser\u00e1 usada. Em seguida, clique em &#8221; <strong>Continuar<\/strong>&#8220;.<\/p>\n<\/div>\n\n\n\n<div class=\"wp-block-column is-layout-flow wp-block-column-is-layout-flow\" style=\"flex-basis:31%\"><div class=\"wp-block-image image-interface\">\n<figure class=\"aligncenter size-large\"><img decoding=\"async\" width=\"1024\" height=\"759\" src=\"https:\/\/neuronup.com\/br\/wp-content\/uploads\/2024\/12\/Nomes-atividades-personalizadas-1024x759.webp\" alt=\"Captura de tela de configura\u00e7\u00f5es de atividades personalizadas, com nomes Pedro, Maria e Gabriel e bot\u00f5es de edi\u00e7\u00e3o.\" class=\"wp-image-33729\" style=\"object-fit:cover\" srcset=\"https:\/\/neuronup.com\/br\/wp-content\/uploads\/2024\/12\/Nomes-atividades-personalizadas-300x222.webp 300w, https:\/\/neuronup.com\/br\/wp-content\/uploads\/2024\/12\/Nomes-atividades-personalizadas-768x570.webp 768w, https:\/\/neuronup.com\/br\/wp-content\/uploads\/2024\/12\/Nomes-atividades-personalizadas-1024x759.webp 1024w, https:\/\/neuronup.com\/br\/wp-content\/uploads\/2024\/12\/Nomes-atividades-personalizadas.webp 1223w\" sizes=\"(max-width: 1024px) 100vw, 1024px\" \/><\/figure>\n<\/div><\/div>\n<\/div>\n\n\n\n<div style=\"height:50px\" aria-hidden=\"true\" class=\"wp-block-spacer\"><\/div>\n\n\n\n<h3 class=\"wp-block-heading\">3. Come\u00e7a a personalizar<\/h3>\n\n\n\n<p>Ao personalizar uma atividade, voc\u00ea pode editar os aspectos gerais, os par\u00e2metros e, em alguns exerc\u00edcios, a adaptabilidade. Cada um deles \u00e9 explicado a seguir:<\/p>\n\n\n\n<h4 class=\"wp-block-heading\">3.1. Aspectos gerais<\/h4>\n\n\n\n<div class=\"wp-block-group\"><div class=\"wp-block-group__inner-container is-layout-constrained wp-block-group-is-layout-constrained\">\n<div class=\"wp-block-columns are-vertically-aligned-top is-layout-flex wp-container-core-columns-is-layout-9d6595d7 wp-block-columns-is-layout-flex\">\n<div class=\"wp-block-column is-layout-flow wp-block-column-is-layout-flow\" style=\"flex-basis:50%\">\n<p class=\"has-text-align-left\"><strong>S\u00e3o os mesmos para todos os jogos e geradores<\/strong>. Voc\u00ea pode escolher o modo de trabalho, adaptar o hor\u00e1rio, avisar o usu\u00e1rio quando ele estiver inativo, adaptar as instru\u00e7\u00f5es de atividade e incluir um cron\u00f4metro.<\/p>\n<\/div>\n\n\n\n<div class=\"wp-block-column is-layout-flow wp-block-column-is-layout-flow\" style=\"flex-basis:50%\">\n<figure class=\"wp-block-image size-large image-interface\"><img decoding=\"async\" width=\"1024\" height=\"768\" src=\"https:\/\/neuronup.com\/br\/wp-content\/uploads\/2024\/12\/Aspetos-gerais-1024x768.webp\" alt=\"Interface de configura\u00e7\u00e3o com Aspectos gerais, Par\u00e2metros e Adaptabilidade; op\u00e7\u00f5es de funcionamento, instru\u00e7\u00f5es e tempo.\" class=\"wp-image-33101\" srcset=\"https:\/\/neuronup.com\/br\/wp-content\/uploads\/2024\/12\/Aspetos-gerais-300x225.webp 300w, https:\/\/neuronup.com\/br\/wp-content\/uploads\/2024\/12\/Aspetos-gerais-400x300.webp 400w, https:\/\/neuronup.com\/br\/wp-content\/uploads\/2024\/12\/Aspetos-gerais-768x576.webp 768w, https:\/\/neuronup.com\/br\/wp-content\/uploads\/2024\/12\/Aspetos-gerais-800x600.webp 800w, https:\/\/neuronup.com\/br\/wp-content\/uploads\/2024\/12\/Aspetos-gerais-1024x768.webp 1024w, https:\/\/neuronup.com\/br\/wp-content\/uploads\/2024\/12\/Aspetos-gerais-1200x900.webp 1200w, https:\/\/neuronup.com\/br\/wp-content\/uploads\/2024\/12\/Aspetos-gerais.webp 1230w\" sizes=\"(max-width: 1024px) 100vw, 1024px\" \/><\/figure>\n<\/div>\n<\/div>\n<\/div><\/div>\n\n\n\n<div style=\"height:50px\" aria-hidden=\"true\" class=\"wp-block-spacer\"><\/div>\n\n\n\n<h4 class=\"wp-block-heading\">3.2. Par\u00e2metros<\/h4>\n\n\n\n<div class=\"wp-block-group\"><div class=\"wp-block-group__inner-container is-layout-constrained wp-block-group-is-layout-constrained\">\n<div class=\"wp-block-columns are-vertically-aligned-top is-layout-flex wp-container-core-columns-is-layout-9d6595d7 wp-block-columns-is-layout-flex\">\n<div class=\"wp-block-column is-layout-flow wp-block-column-is-layout-flow\" style=\"flex-basis:50%\">\n<p class=\"has-text-align-left\">S\u00e3o <strong>espec\u00edficos para cada atividade<\/strong>. Neste caso, estamos em uma atividade de manejo de dinheiro, portanto, voc\u00ea pode escolher o tipo de moeda, a quantidade de c\u00e9dulas\/moedas e seu valor.<\/p>\n<\/div>\n\n\n\n<div class=\"wp-block-column is-layout-flow wp-block-column-is-layout-flow\" style=\"flex-basis:50%\">\n<figure class=\"wp-block-image size-large image-interface\"><img decoding=\"async\" width=\"1024\" height=\"767\" src=\"https:\/\/neuronup.com\/br\/wp-content\/uploads\/2024\/12\/Parametros-1024x767.webp\" alt=\"Interface de configura\u00e7\u00e3o de moeda brasileira com Real; quantidade 20; c\u00e9dulas R$200\/100\/50 e moedas R$1\/0,50\/0,25\/0,10; Finalizar.\" class=\"wp-image-33779\" srcset=\"https:\/\/neuronup.com\/br\/wp-content\/uploads\/2024\/12\/Parametros-300x225.webp 300w, https:\/\/neuronup.com\/br\/wp-content\/uploads\/2024\/12\/Parametros-400x300.webp 400w, https:\/\/neuronup.com\/br\/wp-content\/uploads\/2024\/12\/Parametros-768x575.webp 768w, https:\/\/neuronup.com\/br\/wp-content\/uploads\/2024\/12\/Parametros-800x600.webp 800w, https:\/\/neuronup.com\/br\/wp-content\/uploads\/2024\/12\/Parametros-1024x767.webp 1024w, https:\/\/neuronup.com\/br\/wp-content\/uploads\/2024\/12\/Parametros-1200x900.webp 1200w, https:\/\/neuronup.com\/br\/wp-content\/uploads\/2024\/12\/Parametros.webp 1228w\" sizes=\"(max-width: 1024px) 100vw, 1024px\" \/><\/figure>\n<\/div>\n<\/div>\n<\/div><\/div>\n\n\n\n<div style=\"height:50px\" aria-hidden=\"true\" class=\"wp-block-spacer\"><\/div>\n\n\n\n<h4 class=\"wp-block-heading\">3.3. Adaptabilidade<\/h4>\n\n\n\n<div class=\"wp-block-columns are-vertically-aligned-top is-layout-flex wp-container-core-columns-is-layout-9d6595d7 wp-block-columns-is-layout-flex\">\n<div class=\"wp-block-column is-layout-flow wp-block-column-is-layout-flow\" style=\"flex-basis:50%\">\n<p>Permite a escolha entre<strong> arrastar ou clicar<\/strong> nos elementos para facilitar a tarefa aos usu\u00e1rios com defici\u00eancias motoras ou \u00e0queles que n\u00e3o s\u00e3o bons com um mouse ou telas touchscreen. N\u00e3o est\u00e1 dispon\u00edvel para todas as atividades.<\/p>\n<\/div>\n\n\n\n<div class=\"wp-block-column is-layout-flow wp-block-column-is-layout-flow\" style=\"flex-basis:50%\">\n<figure class=\"wp-block-image size-large image-interface\"><img decoding=\"async\" width=\"1024\" height=\"786\" src=\"https:\/\/neuronup.com\/br\/wp-content\/uploads\/2024\/10\/Adaptability-1024x786.webp\" alt=\"Interface de software com janela central apresentando duas op\u00e7\u00f5es de movimento: Arrastar e Clique, com Finish ao fundo.\" class=\"wp-image-32299\" srcset=\"https:\/\/neuronup.com\/br\/wp-content\/uploads\/2024\/10\/Adaptability-300x230.webp 300w, https:\/\/neuronup.com\/br\/wp-content\/uploads\/2024\/10\/Adaptability-768x590.webp 768w, https:\/\/neuronup.com\/br\/wp-content\/uploads\/2024\/10\/Adaptability-1024x786.webp 1024w, https:\/\/neuronup.com\/br\/wp-content\/uploads\/2024\/10\/Adaptability.webp 1080w\" sizes=\"(max-width: 1024px) 100vw, 1024px\" \/><\/figure>\n<\/div>\n<\/div>\n\n\n\n<div style=\"height:50px\" aria-hidden=\"true\" class=\"wp-block-spacer\"><\/div>\n\n\n\n<h3 class=\"wp-block-heading\">4. Guarda a personaliza\u00e7\u00e3o<\/h3>\n\n\n\n<div class=\"wp-block-columns are-vertically-aligned-top is-layout-flex wp-container-core-columns-is-layout-9d6595d7 wp-block-columns-is-layout-flex\">\n<div class=\"wp-block-column is-layout-flow wp-block-column-is-layout-flow\" style=\"flex-basis:50%\">\n<p>Voc\u00ea pode adicionar uma descri\u00e7\u00e3o \u00e0 personaliza\u00e7\u00e3o. Isso lhe ajudar\u00e1 a lembrar mais facilmente de suas caracter\u00edsticas. Para salvar a personaliza\u00e7\u00e3o, clique em &#8220;<strong>Adicionar<\/strong>&#8220;.<\/p>\n<\/div>\n\n\n\n<div class=\"wp-block-column is-layout-flow wp-block-column-is-layout-flow\" style=\"flex-basis:50%\">\n<figure class=\"wp-block-image size-large image-interface\"><img decoding=\"async\" width=\"1024\" height=\"764\" src=\"https:\/\/neuronup.com\/br\/wp-content\/uploads\/2024\/12\/Guardar-1024x764.webp\" alt=\"Interface de sistema com formul\u00e1rio: Nome e Descri\u00e7\u00e3o; Nome Pedro preenchido e descri\u00e7\u00e3o Atividade personalizada do Pedro; op\u00e7\u00f5es: Corre\u00e7\u00e3o, Tempo e Aviso do sistema.\" class=\"wp-image-33474\" srcset=\"https:\/\/neuronup.com\/br\/wp-content\/uploads\/2024\/12\/Guardar-300x224.webp 300w, https:\/\/neuronup.com\/br\/wp-content\/uploads\/2024\/12\/Guardar-768x573.webp 768w, https:\/\/neuronup.com\/br\/wp-content\/uploads\/2024\/12\/Guardar-1024x764.webp 1024w, https:\/\/neuronup.com\/br\/wp-content\/uploads\/2024\/12\/Guardar.webp 1227w\" sizes=\"(max-width: 1024px) 100vw, 1024px\" \/><\/figure>\n<\/div>\n<\/div>\n\n\n\n<div style=\"height:50px\" aria-hidden=\"true\" class=\"wp-block-spacer\"><\/div>\n\n\n\n<h3 class=\"wp-block-heading\">5. A atividade personalizada est\u00e1 pronta e guardada<\/h3>\n\n\n\n<p>Voc\u00ea pode trabalhar diretamente com a atividade personalizada.<\/p>\n\n\n\n<div class=\"wp-block-columns are-vertically-aligned-top is-layout-flex wp-container-core-columns-is-layout-9d6595d7 wp-block-columns-is-layout-flex\">\n<div class=\"wp-block-column is-layout-flow wp-block-column-is-layout-flow\" style=\"flex-basis:50%\">\n<p>Quando quiser trabalhar com ela mais tarde, voc\u00ea a encontrar\u00e1 na lista de personaliza\u00e7\u00f5es da atividade.<\/p>\n<\/div>\n\n\n\n<div class=\"wp-block-column is-layout-flow wp-block-column-is-layout-flow\" style=\"flex-basis:50%\">\n<figure class=\"wp-block-image size-large image-interface\"><img decoding=\"async\" width=\"1024\" height=\"759\" src=\"https:\/\/neuronup.com\/br\/wp-content\/uploads\/2024\/12\/Nomes-atividades-personalizadas-1024x759.webp\" alt=\"Captura de tela de configura\u00e7\u00f5es de atividades personalizadas, com nomes Pedro, Maria e Gabriel e bot\u00f5es de edi\u00e7\u00e3o.\" class=\"wp-image-33729\" srcset=\"https:\/\/neuronup.com\/br\/wp-content\/uploads\/2024\/12\/Nomes-atividades-personalizadas-300x222.webp 300w, https:\/\/neuronup.com\/br\/wp-content\/uploads\/2024\/12\/Nomes-atividades-personalizadas-768x570.webp 768w, https:\/\/neuronup.com\/br\/wp-content\/uploads\/2024\/12\/Nomes-atividades-personalizadas-1024x759.webp 1024w, https:\/\/neuronup.com\/br\/wp-content\/uploads\/2024\/12\/Nomes-atividades-personalizadas.webp 1223w\" sizes=\"(max-width: 1024px) 100vw, 1024px\" \/><\/figure>\n<\/div>\n<\/div>\n\n\n\n<div style=\"height:50px\" aria-hidden=\"true\" class=\"wp-block-spacer\"><\/div>\n\n\n\n<h2 class=\"wp-block-heading\">Como adicionar uma atividade personalizada a uma sess\u00e3o?<\/h2>\n\n\n\n<p>As atividades personalizadas tamb\u00e9m podem ser adicionadas \u00e0s sess\u00f5es da NeuronUP, tanto as presenciais quanto as que s\u00e3o realizadas em casa. Para fazer isso:<\/p>\n\n\n\n<p>1. V\u00e1 para &#8221; Sess\u00f5es&#8221;, depois clique em &#8220;Sess\u00f5es digitais&#8221; e clique em &#8220;<strong>Nova sess\u00e3o digital<\/strong>&#8220;.<\/p>\n\n\n\n<p>2. Configure a sua sess\u00e3o e adicione as atividades clicando nelas.<\/p>\n\n\n\n<p><strong>3. Escolha a atividade para a qual voc\u00ea criou uma personaliza\u00e7\u00e3o<\/strong>. Neste caso, <em>Classifique o dinheiro<\/em>.<\/p>\n\n\n<div class=\"wp-block-image image-interface\">\n<figure class=\"aligncenter size-large\"><img decoding=\"async\" width=\"1024\" height=\"526\" src=\"https:\/\/neuronup.com\/br\/wp-content\/uploads\/2024\/12\/Editar-sessao-1024x526.webp\" alt=\"Interface de edi\u00e7\u00e3o de sess\u00e3o no NeuronUP: menu administrativo e gest\u00e3o de sess\u00f5es; Sess\u00e3o Geradores com fichas e atividades.\" class=\"wp-image-33337\" srcset=\"https:\/\/neuronup.com\/br\/wp-content\/uploads\/2024\/12\/Editar-sessao-300x154.webp 300w, https:\/\/neuronup.com\/br\/wp-content\/uploads\/2024\/12\/Editar-sessao-768x394.webp 768w, https:\/\/neuronup.com\/br\/wp-content\/uploads\/2024\/12\/Editar-sessao-1024x526.webp 1024w, https:\/\/neuronup.com\/br\/wp-content\/uploads\/2024\/12\/Editar-sessao-1536x789.webp 1536w, https:\/\/neuronup.com\/br\/wp-content\/uploads\/2024\/12\/Editar-sessao.webp 1792w\" sizes=\"(max-width: 1024px) 100vw, 1024px\" \/><\/figure>\n<\/div>\n\n\n<p>4. Depois de adicionar a atividade, c<strong>lique nela no lado esquerdo da tela<\/strong>, <br>como na imagem a seguir.<\/p>\n\n\n\n<p>5. Em seguida, ative o filtro &#8220;<strong>Escolher onde come\u00e7ar<\/strong>&#8221; e voc\u00ea ver\u00e1 as diferentes <br>personaliza\u00e7\u00f5es que voc\u00ea criou para essa atividade.<\/p>\n\n\n\n<p>6. Escolha a configura\u00e7\u00e3o que voc\u00ea deseja. Neste exemplo, escolhemos &#8220;Maria&#8221;. Dessa <br>forma, seu seu usu\u00e1rio far\u00e1 login com a atividade personalizada.<\/p>\n\n\n<div class=\"wp-block-image image-interface\">\n<figure class=\"aligncenter size-large\"><img decoding=\"async\" width=\"1024\" height=\"459\" src=\"https:\/\/neuronup.com\/br\/wp-content\/uploads\/2024\/12\/Atividade-personalizada-1024x459.webp\" alt=\"Interface educativa com menu superior, caixa &#039;Classifique o dinheiro&#039; e cards de atividades \u00e0 direita, incluindo labirinto.\" class=\"wp-image-33139\" style=\"object-fit:cover\" srcset=\"https:\/\/neuronup.com\/br\/wp-content\/uploads\/2024\/12\/Atividade-personalizada-300x134.webp 300w, https:\/\/neuronup.com\/br\/wp-content\/uploads\/2024\/12\/Atividade-personalizada-768x344.webp 768w, https:\/\/neuronup.com\/br\/wp-content\/uploads\/2024\/12\/Atividade-personalizada-1024x459.webp 1024w, https:\/\/neuronup.com\/br\/wp-content\/uploads\/2024\/12\/Atividade-personalizada-1536x689.webp 1536w, https:\/\/neuronup.com\/br\/wp-content\/uploads\/2024\/12\/Atividade-personalizada.webp 1885w\" sizes=\"(max-width: 1024px) 100vw, 1024px\" \/><\/figure>\n<\/div>\n\n","protected":false},"excerpt":{"rendered":"<p>Voc\u00ea acha dif\u00edcil manter seus usu\u00e1rios motivados ou passa horas criando atividades estimulantes para cada um deles? Neste artigo, detalhamos as vantagens de personalizar as atividades e explicamos passo a passo como criar atividades personalizadas com a NeuronUP. O que \u00e9 uma atividade personalizada? Uma atividade personalizada \u00e9 uma atividade modificada para atender \u00e0s necessidades, &hellip;<\/p>\n","protected":false},"author":7,"featured_media":0,"parent":32257,"menu_order":0,"comment_status":"closed","ping_status":"closed","template":"","meta":{"_acf_changed":false,"_genesis_hide_title":false,"_genesis_hide_breadcrumbs":false,"_genesis_hide_singular_image":false,"_genesis_hide_footer_widgets":false,"_genesis_custom_body_class":"","_genesis_custom_post_class":"","_genesis_layout":"","footnotes":""},"class_list":{"1":"page","2":"type-page","5":"entry"},"acf":[],"_links":{"self":[{"href":"https:\/\/neuronup.com\/br\/wp-json\/wp\/v2\/pages\/32293","targetHints":{"allow":["GET"]}}],"collection":[{"href":"https:\/\/neuronup.com\/br\/wp-json\/wp\/v2\/pages"}],"about":[{"href":"https:\/\/neuronup.com\/br\/wp-json\/wp\/v2\/types\/page"}],"author":[{"embeddable":true,"href":"https:\/\/neuronup.com\/br\/wp-json\/wp\/v2\/users\/7"}],"replies":[{"embeddable":true,"href":"https:\/\/neuronup.com\/br\/wp-json\/wp\/v2\/comments?post=32293"}],"version-history":[{"count":0,"href":"https:\/\/neuronup.com\/br\/wp-json\/wp\/v2\/pages\/32293\/revisions"}],"up":[{"embeddable":true,"href":"https:\/\/neuronup.com\/br\/wp-json\/wp\/v2\/pages\/32257"}],"wp:attachment":[{"href":"https:\/\/neuronup.com\/br\/wp-json\/wp\/v2\/media?parent=32293"}],"curies":[{"name":"wp","href":"https:\/\/api.w.org\/{rel}","templated":true}]}}