{"id":32286,"date":"2024-10-30T12:55:53","date_gmt":"2024-10-30T10:55:53","guid":{"rendered":"https:\/\/neuronup.com\/br\/?page_id=32286"},"modified":"2026-01-26T18:25:04","modified_gmt":"2026-01-26T16:25:04","slug":"neuronup-score","status":"publish","type":"page","link":"https:\/\/neuronup.com\/br\/produto\/neuronup-score\/","title":{"rendered":"NeuronUP Score"},"content":{"rendered":"\n<p class=\"has-xl-font-size\">Deseja <strong>medir o desempenho dos seus usu\u00e1rios com gr\u00e1ficos de evolu\u00e7\u00e3o<\/strong>? Gostaria de <strong>comparar os dados dos seus usu\u00e1rios<\/strong> com os resultados anteriores? Est\u00e1 interessado em mostrar a interven\u00e7\u00e3o com dados aos seus usu\u00e1rios e \u00e0s fam\u00edlias deles? Neste artigo, explicamos como fazer isso gra\u00e7as ao <strong style=\"color:#00abc7;\">NeuronUP Score<\/strong>.<\/p>\n\n\n\n<h2 class=\"wp-block-heading\">O que \u00e9 o NeuronUP Score? <\/h2>\n\n\n\n<p>NeuronUP Score \u00e9 a <strong>pontua\u00e7\u00e3o<\/strong> usada <strong>para medir o desempenho dos usu\u00e1rios na NeuronUP<\/strong>, oferecendo a op\u00e7\u00e3o de compar\u00e1-la com suas pontua\u00e7\u00f5es anteriores. Al\u00e9m disso, no futuro, ela permitir\u00e1 a compara\u00e7\u00e3o com as pontua\u00e7\u00f5es de usu\u00e1rios semelhantes.<\/p>\n\n\n\n<h2 class=\"wp-block-heading\">Tipos de Score<\/h2>\n\n\n\n<p>Na NeuronUP, voc\u00ea encontra 4 tipos diferentes de pontua\u00e7\u00e3o. Dois est\u00e3o relacionados ao usu\u00e1rio e dois \u00e0 atividade.<\/p>\n\n\n\n<h3 class=\"wp-block-heading\">1. Score Geral<\/h3>\n\n\n\n<p>O score geral \u00e9 a <strong>m\u00e9dia das pontua\u00e7\u00f5es obtidas<\/strong> pelo usu\u00e1rio no <strong>intervalo de tempo selecionado.<\/strong><\/p>\n\n\n\n<p>Voc\u00ea pode ver o progresso do score geral no gr\u00e1fico de linhas na tela do NeuronUP Score.<\/p>\n\n\n<div class=\"wp-block-image image-interface\">\n<figure class=\"aligncenter size-full is-resized\"><img decoding=\"async\" width=\"601\" height=\"291\" src=\"https:\/\/neuronup.com\/br\/wp-content\/uploads\/2024\/12\/Score-Geral.webp\" alt=\"Captura de tela com fundo azul exibindo o t\u00edtulo Geral com marca de sele\u00e7\u00e3o, n\u00famero 29 em destaque e \u00edcone de informa\u00e7\u00f5es.\" class=\"wp-image-33896\" style=\"width:370px\" srcset=\"https:\/\/neuronup.com\/br\/wp-content\/uploads\/2024\/12\/Score-Geral-300x145.webp 300w, https:\/\/neuronup.com\/br\/wp-content\/uploads\/2024\/12\/Score-Geral.webp 601w\" sizes=\"(max-width: 601px) 100vw, 601px\" \/><figcaption class=\"wp-element-caption\">Score geral do gr\u00e1fico de evolu\u00e7\u00e3o da NeuronUP.<\/figcaption><\/figure>\n<\/div>\n\n\n<h3 class=\"wp-block-heading\">2. Score Atual<\/h3>\n\n\n\n<p>O <strong>score atual <\/strong>\u00e9 <strong>a m\u00e9dia dos scores obtidos nos \u00faltimos tr\u00eas meses<\/strong>. \u00c9 o quadro de <strong>refer\u00eancia para a situa\u00e7\u00e3o atual do usu\u00e1rio.<\/strong><\/p>\n\n\n<div class=\"wp-block-image\">\n<figure class=\"aligncenter size-full is-resized\"><img decoding=\"async\" width=\"450\" height=\"256\" src=\"https:\/\/neuronup.com\/br\/wp-content\/uploads\/2024\/12\/Score-atual.webp\" alt=\"Texto grande em azul com a frase &#039;Score atual&#039; seguida do n\u00famero 29, sobre fundo branco.\" class=\"wp-image-33894\" style=\"width:340px\" srcset=\"https:\/\/neuronup.com\/br\/wp-content\/uploads\/2024\/12\/Score-atual-300x171.webp 300w, https:\/\/neuronup.com\/br\/wp-content\/uploads\/2024\/12\/Score-atual.webp 450w\" sizes=\"(max-width: 450px) 100vw, 450px\" \/><figcaption class=\"wp-element-caption\">Score atual do gr\u00e1fico de evolu\u00e7\u00e3o da NeuronUP.<\/figcaption><\/figure>\n<\/div>\n\n\n<h3 class=\"wp-block-heading\">3. Score de uma fun\u00e7\u00e3o cognitiva<\/h3>\n\n\n\n<p>O score de uma fun\u00e7\u00e3o cognitiva \u00e9 a <strong>m\u00e9dia dos scores obtidos<\/strong> nessa fun\u00e7\u00e3o cognitiva no <strong>intervalo de tempo selecionado.<\/strong><\/p>\n\n\n\n<p>Voc\u00ea pode ver o progresso das pontua\u00e7\u00f5es do score da fun\u00e7\u00e3o cognitiva no gr\u00e1fico de linhas na tela do NeuronUP Score.<\/p>\n\n\n<div class=\"wp-block-image image-interface\">\n<figure class=\"aligncenter size-full is-resized\"><img decoding=\"async\" width=\"1557\" height=\"632\" src=\"https:\/\/neuronup.com\/br\/wp-content\/uploads\/2024\/12\/Score-de-uma-funcao-cognitiva.webp\" alt=\"Gr\u00e1fico de linha com Score de Maria Silva, nota geral 29; Aten\u00e7\u00e3o 31, Rendimentos 33 e Cr\u00e9ditos 12, mostrando evolu\u00e7\u00e3o.\" class=\"wp-image-33895\" style=\"width:840px;height:auto\" srcset=\"https:\/\/neuronup.com\/br\/wp-content\/uploads\/2024\/12\/Score-de-uma-funcao-cognitiva-300x122.webp 300w, https:\/\/neuronup.com\/br\/wp-content\/uploads\/2024\/12\/Score-de-uma-funcao-cognitiva-768x312.webp 768w, https:\/\/neuronup.com\/br\/wp-content\/uploads\/2024\/12\/Score-de-uma-funcao-cognitiva-1024x416.webp 1024w, https:\/\/neuronup.com\/br\/wp-content\/uploads\/2024\/12\/Score-de-uma-funcao-cognitiva-1536x623.webp 1536w, https:\/\/neuronup.com\/br\/wp-content\/uploads\/2024\/12\/Score-de-uma-funcao-cognitiva.webp 1557w\" sizes=\"(max-width: 1557px) 100vw, 1557px\" \/><figcaption class=\"wp-element-caption\">Gr\u00e1ficos da evolu\u00e7\u00e3o comparativa das fun\u00e7\u00f5es cognitivas.<\/figcaption><\/figure>\n<\/div>\n\n\n<h3 class=\"wp-block-heading\">4. Score geral da atividade<\/h3>\n\n\n\n<p>O score geral da atividade \u00e9 a <strong>m\u00e9dia dos scores obtidos nessa atividade<\/strong> no intervalo de tempo selecionado.<\/p>\n\n\n<div class=\"wp-block-image image-interface\">\n<figure class=\"aligncenter size-full\"><img decoding=\"async\" width=\"768\" height=\"393\" src=\"https:\/\/neuronup.com\/br\/wp-content\/uploads\/2024\/12\/Score-03-por-atividade-BR.webp\" alt=\"Interface de software com gr\u00e1fico de linha exibindo varia\u00e7\u00f5es ao longo do tempo; topo com &#039;Score&#039; e a categoria &#039;Sa\u00fade&#039; sobre fundo azul claro.\" class=\"wp-image-33893\" style=\"object-fit:cover\" srcset=\"https:\/\/neuronup.com\/br\/wp-content\/uploads\/2024\/12\/Score-03-por-atividade-BR-300x154.webp 300w, https:\/\/neuronup.com\/br\/wp-content\/uploads\/2024\/12\/Score-03-por-atividade-BR.webp 768w\" sizes=\"(max-width: 768px) 100vw, 768px\" \/><figcaption class=\"wp-element-caption\">Score de uma atividade espec\u00edfica na NeuronUP.<\/figcaption><\/figure>\n<\/div>\n\n\n<h2 class=\"wp-block-heading\">Utilidade do NeuronUP Score em sua interven\u00e7\u00e3o<\/h2>\n\n\n\n<ol class=\"wp-block-list\">\n<li><strong>Ver o progresso<\/strong> dos usu\u00e1rios <strong>visualmente<\/strong>;<\/li>\n\n\n\n<li><strong>acompanhar melhor<\/strong> seus usu\u00e1rios;<\/li>\n\n\n\n<li><strong>demonstrar seu trabalho<\/strong> com dados para seus usu\u00e1rios e suas fam\u00edlias;<\/li>\n\n\n\n<li><strong>comparar o progresso de seus usu\u00e1rios de uma fun\u00e7\u00e3o cognitiva com outra.<\/strong><\/li>\n<\/ol>\n\n\n\n<h2 class=\"wp-block-heading\">Gr\u00e1ficos de evolu\u00e7\u00e3o<\/h2>\n\n\n\n<h3 class=\"wp-block-heading\">O que s\u00e3o gr\u00e1ficos de evolu\u00e7\u00e3o?<\/h3>\n\n\n\n<p>Os gr\u00e1ficos de evolu\u00e7\u00e3o da NeuronUP permitem que voc\u00ea <strong>acompanhe visualmente o progresso dos seus usu\u00e1rios.<\/strong><\/p>\n\n\n\n<h3 class=\"wp-block-heading\">Tipos de gr\u00e1ficos<\/h3>\n\n\n\n<h4 class=\"wp-block-heading\">1. Linha de tend\u00eancia<\/h4>\n\n\n\n<p>No gr\u00e1fico de evolu\u00e7\u00e3o do usu\u00e1rio, o filtro de tend\u00eancia \u00e9 ativado por padr\u00e3o, <strong>permitindo visualizar claramente a progress\u00e3o da pontua\u00e7\u00e3o.<\/strong><\/p>\n\n\n\n<p>Essa linha \u00e9 muito \u00fatil em<strong> interven\u00e7\u00f5es de longo prazo<\/strong> que mostram uma alta dispers\u00e3o de resultados, conforme mostrado na imagem a seguir.<\/p>\n\n\n<div class=\"wp-block-image image-interface\">\n<figure class=\"aligncenter size-full\"><img decoding=\"async\" width=\"600\" height=\"260\" src=\"https:\/\/neuronup.com\/br\/wp-content\/uploads\/2024\/12\/linha-de-tendencia-NeuronUPBR.gif\" alt=\"Gr\u00e1fico em linha exibindo a tend\u00eancia do NeuronUP Score ao longo do tempo, com eixos de datas e pontua\u00e7\u00e3o.\" class=\"wp-image-33614\" style=\"object-fit:cover\"\/><figcaption class=\"wp-element-caption\">Linha de tend\u00eancia do NeuronUP Score.<\/figcaption><\/figure>\n<\/div>\n\n\n<h4 class=\"wp-block-heading\">2. Gr\u00e1fico de impacto<\/h4>\n\n\n\n<p>Com o gr\u00e1fico de impacto, voc\u00ea pode ver a <strong>import\u00e2ncia de cada \u00e1rea de interven\u00e7\u00e3o trabalhada por meio do NeuronUP no Score<\/strong>. Dessa forma, voc\u00ea ter\u00e1 a possibilidade de redefinir o foco da interven\u00e7\u00e3o, se necess\u00e1rio.<\/p>\n\n\n<div class=\"wp-block-image image-interface\">\n<figure class=\"aligncenter size-large\"><img decoding=\"async\" width=\"1024\" height=\"430\" src=\"https:\/\/neuronup.com\/br\/wp-content\/uploads\/2024\/12\/Grafico-do-impacto-do-NeuronUP-Score-1-1024x430.webp\" alt=\"Interface NeuronIP exibindo Maria Silva, Score 29 e classifica\u00e7\u00e3o Satisfat\u00f3rio; pain\u00e9is mostram Resultados gerais, NeuronIP Score e Resultados de programas, gr\u00e1fico de impactos cognitivos.\" class=\"wp-image-33456\" style=\"aspect-ratio:2.402439024390244;object-fit:cover\" srcset=\"https:\/\/neuronup.com\/br\/wp-content\/uploads\/2024\/12\/Grafico-do-impacto-do-NeuronUP-Score-1-300x126.webp 300w, https:\/\/neuronup.com\/br\/wp-content\/uploads\/2024\/12\/Grafico-do-impacto-do-NeuronUP-Score-1-768x323.webp 768w, https:\/\/neuronup.com\/br\/wp-content\/uploads\/2024\/12\/Grafico-do-impacto-do-NeuronUP-Score-1-1024x430.webp 1024w, https:\/\/neuronup.com\/br\/wp-content\/uploads\/2024\/12\/Grafico-do-impacto-do-NeuronUP-Score-1-1536x645.webp 1536w, https:\/\/neuronup.com\/br\/wp-content\/uploads\/2024\/12\/Grafico-do-impacto-do-NeuronUP-Score-1.webp 1897w\" sizes=\"(max-width: 1024px) 100vw, 1024px\" \/><figcaption class=\"wp-element-caption\">Gr\u00e1fico do impacto do NeuronUP Score.<\/figcaption><\/figure>\n<\/div>\n\n\n<div style=\"height:50px\" aria-hidden=\"true\" class=\"wp-block-spacer\"><\/div>\n\n\n\n<p class=\"has-xl-font-size\">Se voc\u00ea quiser saber mais sobre o NeuronUP Score, <a href=\"https:\/\/neuronup.com\/br\/documentacao-neuronup-score-beta\/\" data-type=\"link\" data-id=\"https:\/\/neuronup.com\/br\/documentacao-neuronup-score-beta\/\">consulte a documenta\u00e7\u00e3o aqui.<\/a><\/p>\n\n\n","protected":false},"excerpt":{"rendered":"<p>Deseja medir o desempenho dos seus usu\u00e1rios com gr\u00e1ficos de evolu\u00e7\u00e3o? Gostaria de comparar os dados dos seus usu\u00e1rios com os resultados anteriores? Est\u00e1 interessado em mostrar a interven\u00e7\u00e3o com dados aos seus usu\u00e1rios e \u00e0s fam\u00edlias deles? Neste artigo, explicamos como fazer isso gra\u00e7as ao NeuronUP Score. O que \u00e9 o NeuronUP Score? NeuronUP &hellip;<\/p>\n","protected":false},"author":7,"featured_media":0,"parent":32257,"menu_order":0,"comment_status":"closed","ping_status":"closed","template":"","meta":{"_acf_changed":false,"_genesis_hide_title":false,"_genesis_hide_breadcrumbs":false,"_genesis_hide_singular_image":false,"_genesis_hide_footer_widgets":false,"_genesis_custom_body_class":"","_genesis_custom_post_class":"","_genesis_layout":"","footnotes":""},"class_list":{"1":"page","2":"type-page","5":"entry"},"acf":[],"_links":{"self":[{"href":"https:\/\/neuronup.com\/br\/wp-json\/wp\/v2\/pages\/32286","targetHints":{"allow":["GET"]}}],"collection":[{"href":"https:\/\/neuronup.com\/br\/wp-json\/wp\/v2\/pages"}],"about":[{"href":"https:\/\/neuronup.com\/br\/wp-json\/wp\/v2\/types\/page"}],"author":[{"embeddable":true,"href":"https:\/\/neuronup.com\/br\/wp-json\/wp\/v2\/users\/7"}],"replies":[{"embeddable":true,"href":"https:\/\/neuronup.com\/br\/wp-json\/wp\/v2\/comments?post=32286"}],"version-history":[{"count":0,"href":"https:\/\/neuronup.com\/br\/wp-json\/wp\/v2\/pages\/32286\/revisions"}],"up":[{"embeddable":true,"href":"https:\/\/neuronup.com\/br\/wp-json\/wp\/v2\/pages\/32257"}],"wp:attachment":[{"href":"https:\/\/neuronup.com\/br\/wp-json\/wp\/v2\/media?parent=32286"}],"curies":[{"name":"wp","href":"https:\/\/api.w.org\/{rel}","templated":true}]}}