{"id":32281,"date":"2024-10-30T12:39:55","date_gmt":"2024-10-30T10:39:55","guid":{"rendered":"https:\/\/neuronup.com\/br\/?page_id=32281"},"modified":"2026-01-26T18:25:01","modified_gmt":"2026-01-26T16:25:01","slug":"vantagens-de-criar-usuarios-na-neuronup","status":"publish","type":"page","link":"https:\/\/neuronup.com\/br\/produto\/vantagens-de-criar-usuarios-na-neuronup\/","title":{"rendered":"Vantagens de criar usu\u00e1rios na NeuronUP"},"content":{"rendered":"\n<p class=\"has-xl-font-size\">Quantos sistemas voc\u00ea usa para <strong>acompanhar as informa\u00e7\u00f5es dos seus usu\u00e1rios<\/strong>? <strong style=\"color:#00abc7;\">Criar um perfil para cada usu\u00e1rio na NeuronUP<\/strong> te permitir\u00e1 ter <strong>todas as informa\u00e7\u00f5es<\/strong> sobre as suas sess\u00f5es e resultados agrupados em um \u00fanico local e <strong>avaliar o progresso deles.<\/strong><\/p>\n\n\n\n<h2 class=\"wp-block-heading\">O que \u00e9 um usu\u00e1rio da NeuronUP?<\/h2>\n\n\n\n<p><strong>Na NeuronUP, chamamos os pacientes de usu\u00e1rios<\/strong>. Se voc\u00ea preferir usar outra nomenclatura, pode faz\u00ea-lo. Voc\u00ea pode escolher entre pacientes, usu\u00e1rios ou estudantes.<\/p>\n\n\n\n<h2 class=\"wp-block-heading\">Vantagens de criar usu\u00e1rios na NeuronUP<\/h2>\n\n\n\n<ol class=\"wp-block-list\">\n<li>Agrupa e <strong>organiza as informa\u00e7\u00f5es<\/strong> de seus usu\u00e1rios.<\/li>\n\n\n\n<li><strong>Define os profissionais<\/strong> que trabalhar\u00e3o com cada usu\u00e1rio.<\/li>\n\n\n\n<li>Cria <strong>sess\u00f5es e programas personalizados<\/strong> para cada usu\u00e1rio.<\/li>\n\n\n\n<li>Potencializa o trabalho realizado em seu centro com <strong>sess\u00f5es para casa.<\/strong><\/li>\n\n\n\n<li><strong>Trabalha com v\u00e1rios usu\u00e1rios ao mesmo tempo<\/strong> numa sess\u00e3o e cada um no seu pr\u00f3prio ritmo!<\/li>\n\n\n\n<li><strong>Os resultados<\/strong> de seus usu\u00e1rios s\u00e3o registrados automaticamente.<\/li>\n\n\n\n<li><strong>Mede o progresso<\/strong> de cada usu\u00e1rio com o NeuronUP Score.<\/li>\n<\/ol>\n\n\n\n<div style=\"height:100px\" aria-hidden=\"true\" class=\"wp-block-spacer\"><\/div>\n\n\n\n<p class=\"has-text-align-left br-0101 has-pale-cyan-blue-background-color has-background has-lg-font-size\">Al\u00e9m disso, lembre-se de que <strong>todos os planos do NeuronUP incluem usu\u00e1rios\/pacientes ilimitados<\/strong>. N\u00e3o cobramos mais por seus usu\u00e1rios. Com a NeuronUP, voc\u00ea pode trabalhar com quantos usu\u00e1rios e pacientes precisar.<\/p>\n\n\n\n<div style=\"height:50px\" aria-hidden=\"true\" class=\"wp-block-spacer\"><\/div>\n\n\n\n<figure class=\"wp-block-image size-full\"><img decoding=\"async\" width=\"1024\" height=\"1024\" src=\"https:\/\/neuronup.com\/br\/wp-content\/uploads\/2024\/12\/Vantagens-de-criar-usuarios-NeuronUP.webp\" alt=\"Diagrama da NeuronUP mostra seis benef\u00edcios da cria\u00e7\u00e3o de usu\u00e1rios: organiza\u00e7\u00e3o, progresso e sess\u00f5es, com registro autom\u00e1tico.\" class=\"wp-image-34027\" srcset=\"https:\/\/neuronup.com\/br\/wp-content\/uploads\/2024\/12\/Vantagens-de-criar-usuarios-NeuronUP-24x24.webp 24w, https:\/\/neuronup.com\/br\/wp-content\/uploads\/2024\/12\/Vantagens-de-criar-usuarios-NeuronUP-48x48.webp 48w, https:\/\/neuronup.com\/br\/wp-content\/uploads\/2024\/12\/Vantagens-de-criar-usuarios-NeuronUP-80x80.webp 80w, https:\/\/neuronup.com\/br\/wp-content\/uploads\/2024\/12\/Vantagens-de-criar-usuarios-NeuronUP-96x96.webp 96w, https:\/\/neuronup.com\/br\/wp-content\/uploads\/2024\/12\/Vantagens-de-criar-usuarios-NeuronUP-150x150.webp 150w, https:\/\/neuronup.com\/br\/wp-content\/uploads\/2024\/12\/Vantagens-de-criar-usuarios-NeuronUP-300x300.webp 300w, https:\/\/neuronup.com\/br\/wp-content\/uploads\/2024\/12\/Vantagens-de-criar-usuarios-NeuronUP-768x768.webp 768w, https:\/\/neuronup.com\/br\/wp-content\/uploads\/2024\/12\/Vantagens-de-criar-usuarios-NeuronUP.webp 1024w\" sizes=\"(max-width: 1024px) 100vw, 1024px\" \/><\/figure>\n\n\n\n<h3 class=\"wp-block-heading\">1. <strong>Agrupa e<\/strong> organize as informa\u00e7\u00f5es <strong>de seus usu\u00e1rios<\/strong><\/h3>\n\n\n\n<div class=\"wp-block-columns is-layout-flex wp-container-core-columns-is-layout-9d6595d7 wp-block-columns-is-layout-flex\">\n<div class=\"wp-block-column is-layout-flow wp-block-column-is-layout-flow\">\n<p>A NeuronUP permite que voc\u00ea tenha<strong> todas as informa\u00e7\u00f5es sobre seus usu\u00e1rios<\/strong>, seus relat\u00f3rios, exames m\u00e9dicos, anota\u00e7\u00f5es, di\u00e1rio, resultados de atividades, etc. <strong>Tudo agrupado e organizado em um \u00fanico local, sempre acess\u00edvel e seguro<\/strong>. Tamb\u00e9m permite manter a confidencialidade dos seus usu\u00e1rios.<\/p>\n<\/div>\n\n\n\n<div class=\"wp-block-column is-layout-flow wp-block-column-is-layout-flow\">\n<figure class=\"wp-block-image size-full image-interface\"><img decoding=\"async\" width=\"881\" height=\"597\" src=\"https:\/\/neuronup.com\/br\/wp-content\/uploads\/2024\/12\/Usuario-.webp\" alt=\"Perfil de Maria Silva com foto, exibidos dados b\u00e1sicos como sexo, data de nascimento, educa\u00e7\u00e3o, l\u00edngua materna, pa\u00eds e m\u00e3o dominante, com op\u00e7\u00e3o de editar.\" class=\"wp-image-34017\" srcset=\"https:\/\/neuronup.com\/br\/wp-content\/uploads\/2024\/12\/Usuario--300x203.webp 300w, https:\/\/neuronup.com\/br\/wp-content\/uploads\/2024\/12\/Usuario--768x520.webp 768w, https:\/\/neuronup.com\/br\/wp-content\/uploads\/2024\/12\/Usuario-.webp 881w\" sizes=\"(max-width: 881px) 100vw, 881px\" \/><\/figure>\n<\/div>\n<\/div>\n\n\n\n<h3 class=\"wp-block-heading\">2. Define os profissionais <strong>que trabalhar\u00e3o com cada usu\u00e1rio.<\/strong><\/h3>\n\n\n\n<p>Voc\u00ea pode definir quem s\u00e3o os profissionais que trabalhar\u00e3o com esse usu\u00e1rio. Esse recurso \u00e9 \u00fatil quando h\u00e1 v\u00e1rios profissionais trabalhando com o mesmo usu\u00e1rio no centro.<\/p>\n\n\n\n<h3 class=\"wp-block-heading\">3. Cria sess\u00f5es e programas personalizados<strong> para cada usu\u00e1rio<\/strong><\/h3>\n\n\n\n<p>Criar um usu\u00e1rio na NeuronUP permite criar sess\u00f5es e programas personalizados que <strong>s\u00e3o adaptados ao n\u00edvel cognitivo e \u00e0s necessidades espec\u00edficas<\/strong> do usu\u00e1rio.<\/p>\n\n\n\n<h3 class=\"wp-block-heading\">4. Potencializa o trabalho realizado em seu centro com sess\u00f5es para casa.<\/h3>\n\n\n\n<div class=\"wp-block-columns is-layout-flex wp-container-core-columns-is-layout-9d6595d7 wp-block-columns-is-layout-flex\">\n<div class=\"wp-block-column is-layout-flow wp-block-column-is-layout-flow\">\n<p>Voc\u00ea sabia que com a NeuronUP voc\u00ea pode <strong>mandar sess\u00f5es para casa para os seus usu\u00e1rios<\/strong> para potencializar o trabalho realizado no seu centro?<\/p>\n\n\n\n<p>Como? Muito f\u00e1cil! Basta que o usu\u00e1rio aceda \u00e0s sess\u00f5es que voc\u00ea, como profissional, elaborou previamente para ele, no conforto de sua pr\u00f3pria casa.<\/p>\n<\/div>\n\n\n\n<div class=\"wp-block-column is-layout-flow wp-block-column-is-layout-flow\">\n<figure class=\"wp-block-image size-full image-interface\"><img decoding=\"async\" width=\"768\" height=\"422\" src=\"https:\/\/neuronup.com\/br\/wp-content\/uploads\/2024\/12\/Uma-crianca-realizando-uma-sessao-da-NeuronUP-em-sua-casa.webp\" alt=\"Crian\u00e7a sentada \u00e0 mesa em casa, segurando um tablet e interagindo com o app NeuronUP.\" class=\"wp-image-33992\" srcset=\"https:\/\/neuronup.com\/br\/wp-content\/uploads\/2024\/12\/Uma-crianca-realizando-uma-sessao-da-NeuronUP-em-sua-casa-300x165.webp 300w, https:\/\/neuronup.com\/br\/wp-content\/uploads\/2024\/12\/Uma-crianca-realizando-uma-sessao-da-NeuronUP-em-sua-casa.webp 768w\" sizes=\"(max-width: 768px) 100vw, 768px\" \/><figcaption class=\"wp-element-caption\">Uma crian\u00e7a realizando uma sess\u00e3o da NeuronUP em sua casa.<\/figcaption><\/figure>\n<\/div>\n<\/div>\n\n\n\n<h3 class=\"wp-block-heading\">5. Trabalha com v\u00e1rios usu\u00e1rios ao mesmo tempo <strong>em uma sess\u00e3o, cada um em seu pr\u00f3prio ritmo!<\/strong><\/h3>\n\n\n\n<div class=\"wp-block-columns is-layout-flex wp-container-core-columns-is-layout-9d6595d7 wp-block-columns-is-layout-flex\">\n<div class=\"wp-block-column is-layout-flow wp-block-column-is-layout-flow\">\n<p>Com a NeuronUP, voc\u00ea pode fazer com que <strong>seus usu\u00e1rios trabalhem em diferentes dispositivos ao mesmo tempo<\/strong> na mesma sess\u00e3o.<\/p>\n\n\n\n<p>Essa funcionalidade permitir\u00e1 que voc\u00ea <strong>economize tempo<\/strong> e, al\u00e9m disso, n\u00e3o precisar\u00e1 se preocupar em ajustar o n\u00edvel de cada um desses usu\u00e1rios. <strong>A plataforma ajusta as atividades da sess\u00e3o no n\u00edvel de cada um dos usu\u00e1rios<\/strong>!<\/p>\n<\/div>\n\n\n\n<div class=\"wp-block-column is-layout-flow wp-block-column-is-layout-flow\">\n<figure class=\"wp-block-image size-full image-interface\"><img decoding=\"async\" width=\"768\" height=\"388\" src=\"https:\/\/neuronup.com\/br\/wp-content\/uploads\/2024\/12\/Fundacao-down-cantabria.webp\" alt=\"Grupo de crian\u00e7as com s\u00edndrome de Down sentadas em uma mesa, cada uma com tablet, concentradas nas telas, em ambiente interno.\" class=\"wp-image-33436\" srcset=\"https:\/\/neuronup.com\/br\/wp-content\/uploads\/2024\/12\/Fundacao-down-cantabria-300x152.webp 300w, https:\/\/neuronup.com\/br\/wp-content\/uploads\/2024\/12\/Fundacao-down-cantabria.webp 768w\" sizes=\"(max-width: 768px) 100vw, 768px\" \/><figcaption class=\"wp-element-caption\">Um grupo de pessoas com s\u00edndrome de Down trabalhando com a NeuronUP<\/figcaption><\/figure>\n<\/div>\n<\/div>\n\n\n\n<h3 class=\"wp-block-heading\">6.<strong> <\/strong>Os resultados <strong>dos seus usu\u00e1rios <\/strong>s\u00e3o registrados automaticamente<\/h3>\n\n\n\n<div class=\"wp-block-columns is-layout-flex wp-container-core-columns-is-layout-9d6595d7 wp-block-columns-is-layout-flex\">\n<div class=\"wp-block-column is-layout-flow wp-block-column-is-layout-flow\">\n<p>Sempre que um dos seus usu\u00e1rios realiza uma atividade ou sess\u00e3o da NeuronUP, <strong>os resultados s\u00e3o salvos automaticamente<\/strong> no perfil dele.<\/p>\n\n\n\n<p>Essa funcionalidade permite <strong>redefinir a terapia<\/strong> de acordo com o progresso de cada usu\u00e1rio, promovendo uma <strong>melhoria cont\u00ednua e programada.<\/strong><\/p>\n<\/div>\n\n\n\n<div class=\"wp-block-column is-layout-flow wp-block-column-is-layout-flow\">\n<figure class=\"wp-block-image size-full\"><img decoding=\"async\" width=\"1092\" height=\"838\" src=\"https:\/\/neuronup.com\/br\/wp-content\/uploads\/2024\/12\/Resultados-em-tempo-real-1.webp\" alt=\"Painel de controle com foto de Francisco Dias \u00e0 esquerda, lista de jogadores por ordem e fases com sem\u00e1foro de desempenho.\" class=\"wp-image-34429\" srcset=\"https:\/\/neuronup.com\/br\/wp-content\/uploads\/2024\/12\/Resultados-em-tempo-real-1-300x230.webp 300w, https:\/\/neuronup.com\/br\/wp-content\/uploads\/2024\/12\/Resultados-em-tempo-real-1-768x589.webp 768w, https:\/\/neuronup.com\/br\/wp-content\/uploads\/2024\/12\/Resultados-em-tempo-real-1-1024x786.webp 1024w, https:\/\/neuronup.com\/br\/wp-content\/uploads\/2024\/12\/Resultados-em-tempo-real-1.webp 1092w\" sizes=\"(max-width: 1092px) 100vw, 1092px\" \/><\/figure>\n<\/div>\n<\/div>\n\n\n\n<h3 class=\"wp-block-heading\">7. Mede o progresso <strong>de cada usu\u00e1rio com o NeuronUP Score<\/strong><\/h3>\n\n\n\n<div class=\"wp-block-columns is-layout-flex wp-container-core-columns-is-layout-9d6595d7 wp-block-columns-is-layout-flex\">\n<div class=\"wp-block-column is-layout-flow wp-block-column-is-layout-flow\">\n<p>NeuronUP Score \u00e9 a pontua\u00e7\u00e3o usada para medir o progresso dos usu\u00e1rios na NeuronUP. Esse score permite comparar os dados dos usu\u00e1rios com seus resultados anteriores para um <strong>melhor acompanhamento.<\/strong><\/p>\n<\/div>\n\n\n\n<div class=\"wp-block-column is-layout-flow wp-block-column-is-layout-flow\">\n<figure class=\"wp-block-image size-full\"><img decoding=\"async\" width=\"546\" height=\"418\" src=\"https:\/\/neuronup.com\/br\/wp-content\/uploads\/2024\/12\/NeuronUP-Score.webp\" alt=\"Painel de software com lista de usu\u00e1rios \u00e0 esquerda, gr\u00e1fico central de pontua\u00e7\u00e3o cognitiva e detalhes temporais.\" class=\"wp-image-34428\" srcset=\"https:\/\/neuronup.com\/br\/wp-content\/uploads\/2024\/12\/NeuronUP-Score-300x230.webp 300w, https:\/\/neuronup.com\/br\/wp-content\/uploads\/2024\/12\/NeuronUP-Score.webp 546w\" sizes=\"(max-width: 546px) 100vw, 546px\" \/><\/figure>\n<\/div>\n<\/div>\n\n\n\n<div style=\"height:80px\" aria-hidden=\"true\" class=\"wp-block-spacer\"><\/div>\n\n\n\n<div class=\"wp-block-group\"><div class=\"wp-block-group__inner-container is-layout-constrained wp-block-group-is-layout-constrained\">\n<div class=\"wp-block-columns is-layout-flex wp-container-core-columns-is-layout-9d6595d7 wp-block-columns-is-layout-flex\">\n<div class=\"wp-block-column br-0111 p-5 particle-bg anims-fadein-up has-primary-background-color has-background is-layout-flow wp-block-column-is-layout-flow\">\n<h2 class=\"wp-block-heading has-white-color has-text-color\">Saiba mais sobre <br><strong>NeuronUP<\/strong><\/h2>\n\n\n\n<div class=\"wp-block-buttons is-layout-flex wp-block-buttons-is-layout-flex\">\n<div class=\"wp-block-button--1\" style=\"--button-outline-color:var(--color-white);--button-outline-color-hover:rgba(0,0,0,0.8);\"><a class=\"wp-block-button__link button button-outline   wp-element-button\" href=\"https:\/\/neuronup.com\/br\/solicitacao-informacao\/\">Solicitar Informa\u00e7\u00f5es<\/a><\/div>\n\n<\/div>\n<\/div>\n\n\n\n<div class=\"wp-block-column br-0111 p-5 particle-bg anims-fadein-up has-primary-background-color has-background is-layout-flow wp-block-column-is-layout-flow\">\n<h2 class=\"wp-block-heading has-white-color has-text-color\">Experimente Gratuitamente<\/h2>\n\n\n\n<p class=\"has-white-color has-text-color\">A plataforma que mais de <strong>4.500 profissionais<\/strong> utilizam todos os dias<\/p>\n\n\n\n<div class=\"wp-block-buttons is-layout-flex wp-block-buttons-is-layout-flex\">\n<div class=\"wp-block-button orange-button\" style=\"--button-background:var(--color-custom-1);--button-background-hover:#cc7e00;\"><a class=\"wp-block-button__link button   wp-element-button\" href=\"https:\/\/neuronup.com\/br\/landing-store-user\/\">Solicitar Teste<img decoding=\"async\" class=\"wp-image-18719\" style=\"width: 8px;\" src=\"\/wp-content\/uploads\/2022\/v3\/icon_rightArrow-white.svg\"><\/a><\/div>\n\n<\/div>\n<\/div>\n<\/div>\n<\/div><\/div>\n\n\n\n<div style=\"height:100px\" aria-hidden=\"true\" class=\"wp-block-spacer\"><\/div>\n\n\n\n<h2 class=\"wp-block-heading\">Como criar um perfil de usu\u00e1rio na NeuronUP?<\/h2>\n\n\n\n<p>A seguir, explicamos o passo a passo de como criar um perfil de usu\u00e1rio na NeuronUP:<\/p>\n\n\n\n<h3 class=\"wp-block-heading\">1. Clica em &#8220;Gerenciamento de usu\u00e1rios&#8221;<\/h3>\n\n\n\n<div class=\"wp-block-columns is-layout-flex wp-container-core-columns-is-layout-9d6595d7 wp-block-columns-is-layout-flex\">\n<div class=\"wp-block-column is-layout-flow wp-block-column-is-layout-flow\">\n<p>Para come\u00e7ar, clique na se\u00e7\u00e3o &#8220;<strong>Gerenciamento de usu\u00e1rios<\/strong>&#8221; na parte superior da tela.<\/p>\n<\/div>\n\n\n\n<div class=\"wp-block-column is-layout-flow wp-block-column-is-layout-flow\"><div class=\"wp-block-image image-interface\">\n<figure class=\"aligncenter size-full\"><img decoding=\"async\" width=\"1051\" height=\"550\" src=\"https:\/\/neuronup.com\/br\/wp-content\/uploads\/2024\/12\/Gerenciamento-de-usuarios.webp\" alt=\"Captura de tela: interface de gerenciamento de usu\u00e1rios com cabe\u00e7alho de \u00e1reas e foco em Gera\u00e7\u00e3o de usu\u00e1rios.\" class=\"wp-image-33447\" srcset=\"https:\/\/neuronup.com\/br\/wp-content\/uploads\/2024\/12\/Gerenciamento-de-usuarios-300x157.webp 300w, https:\/\/neuronup.com\/br\/wp-content\/uploads\/2024\/12\/Gerenciamento-de-usuarios-768x402.webp 768w, https:\/\/neuronup.com\/br\/wp-content\/uploads\/2024\/12\/Gerenciamento-de-usuarios-1024x536.webp 1024w, https:\/\/neuronup.com\/br\/wp-content\/uploads\/2024\/12\/Gerenciamento-de-usuarios.webp 1051w\" sizes=\"(max-width: 1051px) 100vw, 1051px\" \/><\/figure>\n<\/div><\/div>\n<\/div>\n\n\n\n<div style=\"height:50px\" aria-hidden=\"true\" class=\"wp-block-spacer\"><\/div>\n\n\n\n<h3 class=\"wp-block-heading\">2. Clica em &#8220;Novo usu\u00e1rio&#8221;<\/h3>\n\n\n\n<div class=\"wp-block-columns is-layout-flex wp-container-core-columns-is-layout-9d6595d7 wp-block-columns-is-layout-flex\">\n<div class=\"wp-block-column is-layout-flow wp-block-column-is-layout-flow\">\n<p>Em seguida, clique em &#8220;<strong>Novo usu\u00e1rio<\/strong>&#8220;,<br>no lado direito da plataforma.<\/p>\n\n\n\n<ol class=\"wp-block-list\">\n<li><strong>Digite o nome e o sobrenome<\/strong> do seu usu\u00e1rio.<\/li>\n\n\n\n<li>Fa\u00e7a o upload de uma foto do seu usu\u00e1rio ou escolha um avatar.<\/li>\n\n\n\n<li>Clica em &#8220;<strong>Continuar<\/strong>&#8220;<\/li>\n<\/ol>\n<\/div>\n\n\n\n<div class=\"wp-block-column is-layout-flow wp-block-column-is-layout-flow\">\n<figure class=\"wp-block-image size-full image-interface\"><img decoding=\"async\" width=\"768\" height=\"541\" src=\"https:\/\/neuronup.com\/br\/wp-content\/uploads\/2024\/12\/Novo-usuario-1.webp\" alt=\"Captura de tela da interface de gest\u00e3o de usu\u00e1rios: lista de nomes \u00e0 esquerda, espa\u00e7o central e modal para adicionar usu\u00e1rio.\" class=\"wp-image-33737\" srcset=\"https:\/\/neuronup.com\/br\/wp-content\/uploads\/2024\/12\/Novo-usuario-1-300x211.webp 300w, https:\/\/neuronup.com\/br\/wp-content\/uploads\/2024\/12\/Novo-usuario-1.webp 768w\" sizes=\"(max-width: 768px) 100vw, 768px\" \/><\/figure>\n<\/div>\n<\/div>\n\n\n\n<h3 class=\"wp-block-heading\">3. Preencha o perfil do usu\u00e1rio<\/h3>\n\n\n\n<div class=\"wp-block-columns is-layout-flex wp-container-core-columns-is-layout-9d6595d7 wp-block-columns-is-layout-flex\">\n<div class=\"wp-block-column is-layout-flow wp-block-column-is-layout-flow\">\n<p>Depois de criar seu perfil de usu\u00e1rio, voc\u00ea pode adicionar todas as informa\u00e7\u00f5es que desejar: educa\u00e7\u00e3o, hist\u00f3rico profissional, diagn\u00f3stico etc. Para preencher essas informa\u00e7\u00f5es, clique em &#8220;<strong>Editar<\/strong>&#8220;.<br><br><\/p>\n<\/div>\n\n\n\n<div class=\"wp-block-column is-layout-flow wp-block-column-is-layout-flow\">\n<figure class=\"wp-block-image size-full image-interface\"><img decoding=\"async\" width=\"1441\" height=\"702\" src=\"https:\/\/neuronup.com\/br\/wp-content\/uploads\/2024\/12\/Preencha-o-perfil-do-usuario.webp\" alt=\"Perfil de usu\u00e1rio Maria Silva com dados b\u00e1sicos e diagn\u00f3stico: S\u00edndrome de Down; tela com edi\u00e7\u00e3o de acesso e profissionais.\" class=\"wp-image-33813\" srcset=\"https:\/\/neuronup.com\/br\/wp-content\/uploads\/2024\/12\/Preencha-o-perfil-do-usuario-300x146.webp 300w, https:\/\/neuronup.com\/br\/wp-content\/uploads\/2024\/12\/Preencha-o-perfil-do-usuario-768x374.webp 768w, https:\/\/neuronup.com\/br\/wp-content\/uploads\/2024\/12\/Preencha-o-perfil-do-usuario-1024x499.webp 1024w, https:\/\/neuronup.com\/br\/wp-content\/uploads\/2024\/12\/Preencha-o-perfil-do-usuario.webp 1441w\" sizes=\"(max-width: 1441px) 100vw, 1441px\" \/><\/figure>\n<\/div>\n<\/div>\n\n\n\n<div style=\"height:50px\" aria-hidden=\"true\" class=\"wp-block-spacer\"><\/div>\n\n\n\n<h2 class=\"wp-block-heading\">O que posso fazer na se\u00e7\u00e3o de gerenciamento de usu\u00e1rios da NeuronUP?<\/h2>\n\n\n\n<p>Na se\u00e7\u00e3o de gerenciamento de usu\u00e1rios da NeuronUP, \u00e9 poss\u00edvel:<\/p>\n\n\n\n<ol class=\"wp-block-list\">\n<li><strong>Adicionar as informa\u00e7\u00f5es dos seus usu\u00e1rios.<\/strong><\/li>\n\n\n\n<li><strong>Definir <\/strong>quem s\u00e3o <strong>os profissionais que trabalhar\u00e3o com esse usu\u00e1rio<\/strong>. Esse recurso \u00e9 \u00fatil quando h\u00e1 v\u00e1rios profissionais trabalhando com o mesmo usu\u00e1rio no centro.<\/li>\n\n\n\n<li>Criar e gerir os <strong>dados de acesso ao NeuronUP2GO<\/strong> (sess\u00f5es para casa da NeuronUP).<\/li>\n\n\n\n<li><strong>Comprar sess\u00f5es para casa<\/strong> para o usu\u00e1rio.<\/li>\n\n\n\n<li>Ver e <strong>gerir as sess\u00f5es<\/strong> do usu\u00e1rio.<\/li>\n\n\n\n<li>Ver e<strong> gerir os programas<\/strong> do usu\u00e1rio.<\/li>\n\n\n\n<li><strong>Acessar o score<\/strong> do usu\u00e1rio.<\/li>\n<\/ol>\n\n\n\n<figure class=\"wp-block-image size-full\"><img decoding=\"async\" width=\"1080\" height=\"1080\" src=\"https:\/\/neuronup.com\/br\/wp-content\/uploads\/2024\/12\/O-que-posso-fazer-na-tela-de-gerenciamento-de-usuarios-do-NeuronUP-BR.webp\" alt=\"Interface da tela de gerenciamento de usu\u00e1rios do NeuronUP, op\u00e7\u00f5es para comprar sess\u00f5es, editar dados e gerir programas.\" class=\"wp-image-33753\" srcset=\"https:\/\/neuronup.com\/br\/wp-content\/uploads\/2024\/12\/O-que-posso-fazer-na-tela-de-gerenciamento-de-usuarios-do-NeuronUP-BR-24x24.webp 24w, https:\/\/neuronup.com\/br\/wp-content\/uploads\/2024\/12\/O-que-posso-fazer-na-tela-de-gerenciamento-de-usuarios-do-NeuronUP-BR-48x48.webp 48w, https:\/\/neuronup.com\/br\/wp-content\/uploads\/2024\/12\/O-que-posso-fazer-na-tela-de-gerenciamento-de-usuarios-do-NeuronUP-BR-80x80.webp 80w, https:\/\/neuronup.com\/br\/wp-content\/uploads\/2024\/12\/O-que-posso-fazer-na-tela-de-gerenciamento-de-usuarios-do-NeuronUP-BR-96x96.webp 96w, https:\/\/neuronup.com\/br\/wp-content\/uploads\/2024\/12\/O-que-posso-fazer-na-tela-de-gerenciamento-de-usuarios-do-NeuronUP-BR-150x150.webp 150w, https:\/\/neuronup.com\/br\/wp-content\/uploads\/2024\/12\/O-que-posso-fazer-na-tela-de-gerenciamento-de-usuarios-do-NeuronUP-BR-300x300.webp 300w, https:\/\/neuronup.com\/br\/wp-content\/uploads\/2024\/12\/O-que-posso-fazer-na-tela-de-gerenciamento-de-usuarios-do-NeuronUP-BR-768x768.webp 768w, https:\/\/neuronup.com\/br\/wp-content\/uploads\/2024\/12\/O-que-posso-fazer-na-tela-de-gerenciamento-de-usuarios-do-NeuronUP-BR-1024x1024.webp 1024w, https:\/\/neuronup.com\/br\/wp-content\/uploads\/2024\/12\/O-que-posso-fazer-na-tela-de-gerenciamento-de-usuarios-do-NeuronUP-BR.webp 1080w\" sizes=\"(max-width: 1080px) 100vw, 1080px\" \/><\/figure>\n\n\n\n<p class=\"has-xl-font-size\"><\/p>\n\n\n","protected":false},"excerpt":{"rendered":"<p>Quantos sistemas voc\u00ea usa para acompanhar as informa\u00e7\u00f5es dos seus usu\u00e1rios? Criar um perfil para cada usu\u00e1rio na NeuronUP te permitir\u00e1 ter todas as informa\u00e7\u00f5es sobre as suas sess\u00f5es e resultados agrupados em um \u00fanico local e avaliar o progresso deles. O que \u00e9 um usu\u00e1rio da NeuronUP? Na NeuronUP, chamamos os pacientes de usu\u00e1rios. &hellip;<\/p>\n","protected":false},"author":167,"featured_media":0,"parent":32257,"menu_order":0,"comment_status":"closed","ping_status":"closed","template":"","meta":{"_acf_changed":false,"_genesis_hide_title":false,"_genesis_hide_breadcrumbs":false,"_genesis_hide_singular_image":false,"_genesis_hide_footer_widgets":false,"_genesis_custom_body_class":"","_genesis_custom_post_class":"","_genesis_layout":"","footnotes":""},"class_list":{"1":"page","2":"type-page","5":"entry"},"acf":[],"_links":{"self":[{"href":"https:\/\/neuronup.com\/br\/wp-json\/wp\/v2\/pages\/32281","targetHints":{"allow":["GET"]}}],"collection":[{"href":"https:\/\/neuronup.com\/br\/wp-json\/wp\/v2\/pages"}],"about":[{"href":"https:\/\/neuronup.com\/br\/wp-json\/wp\/v2\/types\/page"}],"author":[{"embeddable":true,"href":"https:\/\/neuronup.com\/br\/wp-json\/wp\/v2\/users\/167"}],"replies":[{"embeddable":true,"href":"https:\/\/neuronup.com\/br\/wp-json\/wp\/v2\/comments?post=32281"}],"version-history":[{"count":0,"href":"https:\/\/neuronup.com\/br\/wp-json\/wp\/v2\/pages\/32281\/revisions"}],"up":[{"embeddable":true,"href":"https:\/\/neuronup.com\/br\/wp-json\/wp\/v2\/pages\/32257"}],"wp:attachment":[{"href":"https:\/\/neuronup.com\/br\/wp-json\/wp\/v2\/media?parent=32281"}],"curies":[{"name":"wp","href":"https:\/\/api.w.org\/{rel}","templated":true}]}}