{"id":32279,"date":"2024-10-30T12:12:57","date_gmt":"2024-10-30T10:12:57","guid":{"rendered":"https:\/\/neuronup.com\/br\/?page_id=32279"},"modified":"2026-01-26T18:24:59","modified_gmt":"2026-01-26T16:24:59","slug":"telereabilitacao-reabilitacao-cognitiva-a-distancia-com-a-neuronup","status":"publish","type":"page","link":"https:\/\/neuronup.com\/br\/produto\/telereabilitacao-reabilitacao-cognitiva-a-distancia-com-a-neuronup\/","title":{"rendered":"Telereabilita\u00e7\u00e3o: reabilita\u00e7\u00e3o cognitiva \u00e0 dist\u00e2ncia com a NeuronUP"},"content":{"rendered":"\n<p class=\"has-large-font-size\">Gostaria de <strong>trabalhar \u00e0 dist\u00e2ncia com seus usu\u00e1rios<\/strong>? A NeuronUP permite que voc\u00ea <strong style=\"color:#00abc7;\">crie sess\u00f5es para casa<\/strong> para potencializar o trabalho realizado em seu centro, evitar a interrup\u00e7\u00e3o da terapia durante as f\u00e9rias ou por motivos de doen\u00e7a e facilitar a interven\u00e7\u00e3o para pessoas com dificuldades de mobilidade. Aproveite as vantagens da <strong>telerreabilita\u00e7\u00e3o <\/strong>e experimente a<strong> reabilita\u00e7\u00e3o cognitiva \u00e0 dist\u00e2ncia<\/strong> com a NeuronUP2GO!<\/p>\n\n\n\n<h2 class=\"wp-block-heading\">O que \u00e9 NeuronUP2GO?<\/h2>\n\n\n\n<p>S\u00e3o as <strong>sess\u00f5es para casa da NeuronUP<\/strong>.<\/p>\n\n\n\n<h2 class=\"wp-block-heading\">Vantagens da telerreabilita\u00e7\u00e3o com a NeuronUP<\/h2>\n\n\n\n<p>Trabalhar \u00e0 dist\u00e2ncia com seus usu\u00e1rios tem muitas vantagens, tanto para voc\u00ea, como profissional, quanto para seus usu\u00e1rios. Detalhamos essas vantagens a seguir:<\/p>\n\n\n\n<h3 class=\"wp-block-heading\"><strong>Vantagens da telerreabilita\u00e7\u00e3o com a NeuronUP<\/strong> para profissionais<\/h3>\n\n\n\n<ol class=\"wp-block-list\">\n<li><strong>Refor\u00e7a <\/strong>as atividades trabalhadas na consulta.<\/li>\n\n\n\n<li><strong>Evita a interrup\u00e7\u00e3o da terapia<\/strong> quando o seu usu\u00e1rio estiver doente, trabalhando fora da cidade ou de f\u00e9rias.<\/li>\n\n\n\n<li><strong>Facilita a interven\u00e7\u00e3o<\/strong> para pessoas com dificuldades de mobilidade.<\/li>\n\n\n\n<li><strong>Amplia a capacidade do seu neg\u00f3cio<\/strong> ao gerenciar a reabilita\u00e7\u00e3o de usu\u00e1rios localizados em diferentes partes do mundo.<\/li>\n\n\n\n<li>Realiza uma <strong>interven\u00e7\u00e3o \u00e0 dist\u00e2ncia controlada e personalizada<\/strong>, pois todos os resultados s\u00e3o armazenados na plataforma.<\/li>\n\n\n\n<li><strong>Redefine a terapia<\/strong> em fun\u00e7\u00e3o do progresso de cada usu\u00e1rio, promovendo uma melhora cont\u00ednua e orientada.<\/li>\n<\/ol>\n\n\n<div class=\"wp-block-image\">\n<figure class=\"aligncenter size-full is-resized\"><img decoding=\"async\" width=\"1024\" height=\"1024\" src=\"https:\/\/neuronup.com\/br\/wp-content\/uploads\/2024\/12\/vantagens-da-telereabilitacao-para-profissionais.webp\" alt=\"Gr\u00e1fico sobre telereabilita\u00e7\u00e3o no NeuronUP: interven\u00e7\u00e3o personalizada, evitar interrup\u00e7\u00f5es e refor\u00e7o de atividades.\" class=\"wp-image-34024\" style=\"width:840px;height:auto\" srcset=\"https:\/\/neuronup.com\/br\/wp-content\/uploads\/2024\/12\/vantagens-da-telereabilitacao-para-profissionais-24x24.webp 24w, https:\/\/neuronup.com\/br\/wp-content\/uploads\/2024\/12\/vantagens-da-telereabilitacao-para-profissionais-48x48.webp 48w, https:\/\/neuronup.com\/br\/wp-content\/uploads\/2024\/12\/vantagens-da-telereabilitacao-para-profissionais-80x80.webp 80w, https:\/\/neuronup.com\/br\/wp-content\/uploads\/2024\/12\/vantagens-da-telereabilitacao-para-profissionais-96x96.webp 96w, https:\/\/neuronup.com\/br\/wp-content\/uploads\/2024\/12\/vantagens-da-telereabilitacao-para-profissionais-150x150.webp 150w, https:\/\/neuronup.com\/br\/wp-content\/uploads\/2024\/12\/vantagens-da-telereabilitacao-para-profissionais-300x300.webp 300w, https:\/\/neuronup.com\/br\/wp-content\/uploads\/2024\/12\/vantagens-da-telereabilitacao-para-profissionais-768x768.webp 768w, https:\/\/neuronup.com\/br\/wp-content\/uploads\/2024\/12\/vantagens-da-telereabilitacao-para-profissionais.webp 1024w\" sizes=\"(max-width: 1024px) 100vw, 1024px\" \/><\/figure>\n<\/div>\n\n\n<h3 class=\"wp-block-heading\"><strong>Vantagens da telerreabilita\u00e7\u00e3o com a NeuronUP<\/strong> para os seus usu\u00e1rios<\/h3>\n\n\n\n<ol class=\"wp-block-list\">\n<li><strong>Continuar com com a sua reabilita\u00e7\u00e3o no conforto de sua casa<\/strong>, a qualquer hora do dia.<\/li>\n\n\n\n<li><strong>Manter a terapia \u00e0 dist\u00e2ncia<\/strong> quando estiver <strong>doente, trabalhando fora da cidade ou de f\u00e9rias.<\/strong><\/li>\n\n\n\n<li><strong>Evitar deslocamentos<\/strong>, o que \u00e9 muito importante para pessoas com problemas de mobilidade.<\/li>\n\n\n\n<li><strong>Refor\u00e7ar <\/strong>as atividades trabalhadas na consulta.<\/li>\n\n\n\n<li><strong>Aumentar a ades\u00e3o ao tratamento.<\/strong><\/li>\n<\/ol>\n\n\n<div class=\"wp-block-image\">\n<figure class=\"aligncenter size-full\"><img decoding=\"async\" width=\"1024\" height=\"1024\" src=\"https:\/\/neuronup.com\/br\/wp-content\/uploads\/2024\/12\/vantagens-da-telereabilitacao-para-usuarios.webp\" alt=\"Ilustra\u00e7\u00e3o com \u00edcones destacando as vantagens da telereabilita\u00e7\u00e3o no NeuronUP: terapia \u00e0 dist\u00e2ncia, casa e ades\u00e3o.\" class=\"wp-image-34025\" srcset=\"https:\/\/neuronup.com\/br\/wp-content\/uploads\/2024\/12\/vantagens-da-telereabilitacao-para-usuarios-24x24.webp 24w, https:\/\/neuronup.com\/br\/wp-content\/uploads\/2024\/12\/vantagens-da-telereabilitacao-para-usuarios-48x48.webp 48w, https:\/\/neuronup.com\/br\/wp-content\/uploads\/2024\/12\/vantagens-da-telereabilitacao-para-usuarios-80x80.webp 80w, https:\/\/neuronup.com\/br\/wp-content\/uploads\/2024\/12\/vantagens-da-telereabilitacao-para-usuarios-96x96.webp 96w, https:\/\/neuronup.com\/br\/wp-content\/uploads\/2024\/12\/vantagens-da-telereabilitacao-para-usuarios-150x150.webp 150w, https:\/\/neuronup.com\/br\/wp-content\/uploads\/2024\/12\/vantagens-da-telereabilitacao-para-usuarios-300x300.webp 300w, https:\/\/neuronup.com\/br\/wp-content\/uploads\/2024\/12\/vantagens-da-telereabilitacao-para-usuarios-768x768.webp 768w, https:\/\/neuronup.com\/br\/wp-content\/uploads\/2024\/12\/vantagens-da-telereabilitacao-para-usuarios.webp 1024w\" sizes=\"(max-width: 1024px) 100vw, 1024px\" \/><\/figure>\n<\/div>\n\n\n<h2 class=\"wp-block-heading\">Como se realiza a reabilita\u00e7\u00e3o cognitiva \u00e0 dist\u00e2ncia com a NeuronUP?<\/h2>\n\n\n\n<p>A seguir, explicamos passo a passo <strong>como funciona a telereabilita\u00e7\u00e3o com a NeuronUP:<\/strong><\/p>\n\n\n\n<div class=\"wp-block-columns is-layout-flex wp-container-core-columns-is-layout-9d6595d7 wp-block-columns-is-layout-flex\">\n<div class=\"wp-block-column is-layout-flow wp-block-column-is-layout-flow\">\n<h3 class=\"wp-block-heading\">1. O profissional planeja as sess\u00f5es<strong> \u00e0 dist\u00e2ncia<\/strong><\/h3>\n\n\n\n<p>O profissional <strong>encaminha as atividades<\/strong> de acordo com as necessidades e caracter\u00edsticas de cada usu\u00e1rio, aluno ou paciente.<\/p>\n<\/div>\n\n\n\n<div class=\"wp-block-column is-layout-flow wp-block-column-is-layout-flow\"><div class=\"wp-block-image\">\n<figure class=\"aligncenter size-full\"><img decoding=\"async\" width=\"1024\" height=\"721\" src=\"https:\/\/neuronup.com\/br\/wp-content\/uploads\/2024\/10\/o-profissional-orienta-as-atividades-ilustrador.webp\" alt=\"Profissional de sa\u00fade em jaleco branco segura uma prancheta e explica uso de tecnologia e jogos, com computador ao fundo.\" class=\"wp-image-31611\" srcset=\"https:\/\/neuronup.com\/br\/wp-content\/uploads\/2024\/10\/o-profissional-orienta-as-atividades-ilustrador-300x211.webp 300w, https:\/\/neuronup.com\/br\/wp-content\/uploads\/2024\/10\/o-profissional-orienta-as-atividades-ilustrador-768x541.webp 768w, https:\/\/neuronup.com\/br\/wp-content\/uploads\/2024\/10\/o-profissional-orienta-as-atividades-ilustrador.webp 1024w\" sizes=\"(max-width: 1024px) 100vw, 1024px\" \/><\/figure>\n<\/div><\/div>\n<\/div>\n\n\n\n<div style=\"height:50px\" aria-hidden=\"true\" class=\"wp-block-spacer\"><\/div>\n\n\n\n<div class=\"wp-block-columns is-layout-flex wp-container-core-columns-is-layout-9d6595d7 wp-block-columns-is-layout-flex\">\n<div class=\"wp-block-column is-layout-flow wp-block-column-is-layout-flow\">\n<h3 class=\"wp-block-heading\">2. O usu\u00e1rio se conecta de casa <strong>e realiza as atividades<\/strong><\/h3>\n\n\n\n<p>O usu\u00e1rio se conecta de casa com suas credenciais pessoais, que o profissional fornece previamente, e <strong>realiza as atividades.<\/strong><\/p>\n<\/div>\n\n\n\n<div class=\"wp-block-column is-layout-flow wp-block-column-is-layout-flow\"><div class=\"wp-block-image\">\n<figure class=\"aligncenter size-full\"><img decoding=\"async\" width=\"1024\" height=\"721\" src=\"https:\/\/neuronup.com\/br\/wp-content\/uploads\/2024\/10\/os-usuarios-realizam-as-atividades-ilustrador.webp\" alt=\"Casas com homem ao PC \u00e0 esquerda e mulher com tablet \u00e0 direita; linha conecta as casas, com \u00edcone de jogos e engrenagens acima.\" class=\"wp-image-31612\" srcset=\"https:\/\/neuronup.com\/br\/wp-content\/uploads\/2024\/10\/os-usuarios-realizam-as-atividades-ilustrador-300x211.webp 300w, https:\/\/neuronup.com\/br\/wp-content\/uploads\/2024\/10\/os-usuarios-realizam-as-atividades-ilustrador-768x541.webp 768w, https:\/\/neuronup.com\/br\/wp-content\/uploads\/2024\/10\/os-usuarios-realizam-as-atividades-ilustrador.webp 1024w\" sizes=\"(max-width: 1024px) 100vw, 1024px\" \/><\/figure>\n<\/div><\/div>\n<\/div>\n\n\n\n<div style=\"height:50px\" aria-hidden=\"true\" class=\"wp-block-spacer\"><\/div>\n\n\n\n<div class=\"wp-block-columns is-layout-flex wp-container-core-columns-is-layout-9d6595d7 wp-block-columns-is-layout-flex\">\n<div class=\"wp-block-column is-layout-flow wp-block-column-is-layout-flow\">\n<h3 class=\"wp-block-heading\">3. A NeuronUP registra os resultados <strong>automaticamente<\/strong><\/h3>\n\n\n\n<p>Cada vez que o usu\u00e1rio realiza uma atividade em sua sess\u00e3o, <strong>os resultados s\u00e3o guardados automaticamente<\/strong> em seu perfil. Essa funcionalidade permite que voc\u00ea veja a <strong>evolu\u00e7\u00e3o do usu\u00e1rio em tempo real.<\/strong><\/p>\n<\/div>\n\n\n\n<div class=\"wp-block-column is-layout-flow wp-block-column-is-layout-flow\"><div class=\"wp-block-image is-resized\">\n<figure class=\"aligncenter size-full\"><img decoding=\"async\" width=\"768\" height=\"768\" src=\"https:\/\/neuronup.com\/br\/wp-content\/uploads\/2024\/10\/o-neuronup-registra-automaticamente-os-resultados-ilustrador.webp\" alt=\"Gr\u00e1fico de barras em fundo azul claro ao lado de uma prancheta com linhas, transmitindo organiza\u00e7\u00e3o e formalidade.\" class=\"wp-image-31613\" srcset=\"https:\/\/neuronup.com\/br\/wp-content\/uploads\/2024\/10\/o-neuronup-registra-automaticamente-os-resultados-ilustrador-24x24.webp 24w, https:\/\/neuronup.com\/br\/wp-content\/uploads\/2024\/10\/o-neuronup-registra-automaticamente-os-resultados-ilustrador-48x48.webp 48w, https:\/\/neuronup.com\/br\/wp-content\/uploads\/2024\/10\/o-neuronup-registra-automaticamente-os-resultados-ilustrador-80x80.webp 80w, https:\/\/neuronup.com\/br\/wp-content\/uploads\/2024\/10\/o-neuronup-registra-automaticamente-os-resultados-ilustrador-96x96.webp 96w, https:\/\/neuronup.com\/br\/wp-content\/uploads\/2024\/10\/o-neuronup-registra-automaticamente-os-resultados-ilustrador-150x150.webp 150w, https:\/\/neuronup.com\/br\/wp-content\/uploads\/2024\/10\/o-neuronup-registra-automaticamente-os-resultados-ilustrador-300x300.webp 300w, https:\/\/neuronup.com\/br\/wp-content\/uploads\/2024\/10\/o-neuronup-registra-automaticamente-os-resultados-ilustrador.webp 768w\" sizes=\"(max-width: 768px) 100vw, 768px\" \/><\/figure>\n<\/div><\/div>\n<\/div>\n\n\n\n<div style=\"height:50px\" aria-hidden=\"true\" class=\"wp-block-spacer\"><\/div>\n\n\n\n<div class=\"wp-block-columns is-layout-flex wp-container-core-columns-is-layout-9d6595d7 wp-block-columns-is-layout-flex\">\n<div class=\"wp-block-column is-layout-flow wp-block-column-is-layout-flow\">\n<h3 class=\"wp-block-heading\">4. O profissional analisa os resultados<\/h3>\n\n\n\n<p>Voc\u00ea pode analisar os resultados dos seus usu\u00e1rios para <strong>redefinir a terapia<\/strong> de acordo com o progresso do usu\u00e1rio, a fim de promover um <strong>progresso cont\u00ednuo e direcionado.<\/strong><\/p>\n<\/div>\n\n\n\n<div class=\"wp-block-column is-layout-flow wp-block-column-is-layout-flow\">\n<figure class=\"wp-block-image size-full\"><img decoding=\"async\" width=\"1024\" height=\"721\" src=\"https:\/\/neuronup.com\/br\/wp-content\/uploads\/2024\/10\/o-profissional-verifica-os-resultados-ilustrador.webp\" alt=\"Profissional mulher em jaleco branco apresentando resultados: gr\u00e1fico de barras e linha, com clipboard ao lado.\" class=\"wp-image-31614\" srcset=\"https:\/\/neuronup.com\/br\/wp-content\/uploads\/2024\/10\/o-profissional-verifica-os-resultados-ilustrador-300x211.webp 300w, https:\/\/neuronup.com\/br\/wp-content\/uploads\/2024\/10\/o-profissional-verifica-os-resultados-ilustrador-768x541.webp 768w, https:\/\/neuronup.com\/br\/wp-content\/uploads\/2024\/10\/o-profissional-verifica-os-resultados-ilustrador.webp 1024w\" sizes=\"(max-width: 1024px) 100vw, 1024px\" \/><\/figure>\n<\/div>\n<\/div>\n\n\n\n<div style=\"height:50px\" aria-hidden=\"true\" class=\"wp-block-spacer\"><\/div>\n\n\n\n<div class=\"wp-block-columns is-layout-flex wp-container-core-columns-is-layout-9d6595d7 wp-block-columns-is-layout-flex\">\n<div class=\"wp-block-column is-layout-flow wp-block-column-is-layout-flow\">\n<h3 class=\"wp-block-heading\">5. <strong>Comece novamente!<\/strong> Planeje a pr\u00f3xima sess\u00e3o<\/h3>\n<\/div>\n\n\n\n<div class=\"wp-block-column is-layout-flow wp-block-column-is-layout-flow\">\n<figure class=\"wp-block-image size-full\"><img decoding=\"async\" width=\"1024\" height=\"721\" src=\"https:\/\/neuronup.com\/br\/wp-content\/uploads\/2024\/10\/voltar-ao-inicio-das-atividades-ilustrador.webp\" alt=\"Ilustra\u00e7\u00e3o com crian\u00e7a loira e adulto de camisa cinza diante de tela com calend\u00e1rio; \u00edcone de videogame abaixo; fundo azul.\" class=\"wp-image-31615\" srcset=\"https:\/\/neuronup.com\/br\/wp-content\/uploads\/2024\/10\/voltar-ao-inicio-das-atividades-ilustrador-300x211.webp 300w, https:\/\/neuronup.com\/br\/wp-content\/uploads\/2024\/10\/voltar-ao-inicio-das-atividades-ilustrador-768x541.webp 768w, https:\/\/neuronup.com\/br\/wp-content\/uploads\/2024\/10\/voltar-ao-inicio-das-atividades-ilustrador.webp 1024w\" sizes=\"(max-width: 1024px) 100vw, 1024px\" \/><\/figure>\n<\/div>\n<\/div>\n","protected":false},"excerpt":{"rendered":"<p>Gostaria de trabalhar \u00e0 dist\u00e2ncia com seus usu\u00e1rios? A NeuronUP permite que voc\u00ea crie sess\u00f5es para casa para potencializar o trabalho realizado em seu centro, evitar a interrup\u00e7\u00e3o da terapia durante as f\u00e9rias ou por motivos de doen\u00e7a e facilitar a interven\u00e7\u00e3o para pessoas com dificuldades de mobilidade. Aproveite as vantagens da telerreabilita\u00e7\u00e3o e experimente &hellip;<\/p>\n","protected":false},"author":7,"featured_media":0,"parent":32257,"menu_order":0,"comment_status":"closed","ping_status":"closed","template":"","meta":{"_acf_changed":false,"_genesis_hide_title":false,"_genesis_hide_breadcrumbs":false,"_genesis_hide_singular_image":false,"_genesis_hide_footer_widgets":false,"_genesis_custom_body_class":"","_genesis_custom_post_class":"","_genesis_layout":"","footnotes":""},"class_list":{"1":"page","2":"type-page","5":"entry"},"acf":[],"_links":{"self":[{"href":"https:\/\/neuronup.com\/br\/wp-json\/wp\/v2\/pages\/32279","targetHints":{"allow":["GET"]}}],"collection":[{"href":"https:\/\/neuronup.com\/br\/wp-json\/wp\/v2\/pages"}],"about":[{"href":"https:\/\/neuronup.com\/br\/wp-json\/wp\/v2\/types\/page"}],"author":[{"embeddable":true,"href":"https:\/\/neuronup.com\/br\/wp-json\/wp\/v2\/users\/7"}],"replies":[{"embeddable":true,"href":"https:\/\/neuronup.com\/br\/wp-json\/wp\/v2\/comments?post=32279"}],"version-history":[{"count":0,"href":"https:\/\/neuronup.com\/br\/wp-json\/wp\/v2\/pages\/32279\/revisions"}],"up":[{"embeddable":true,"href":"https:\/\/neuronup.com\/br\/wp-json\/wp\/v2\/pages\/32257"}],"wp:attachment":[{"href":"https:\/\/neuronup.com\/br\/wp-json\/wp\/v2\/media?parent=32279"}],"curies":[{"name":"wp","href":"https:\/\/api.w.org\/{rel}","templated":true}]}}