{"id":32277,"date":"2024-10-30T12:01:48","date_gmt":"2024-10-30T10:01:48","guid":{"rendered":"https:\/\/neuronup.com\/br\/?page_id=32277"},"modified":"2026-01-26T18:24:58","modified_gmt":"2026-01-26T16:24:58","slug":"tipos-de-atividades-de-neuronup-geradores-jogos-e-fichas","status":"publish","type":"page","link":"https:\/\/neuronup.com\/br\/produto\/tipos-de-atividades-de-neuronup-geradores-jogos-e-fichas\/","title":{"rendered":"Tipos de atividades de NeuronUP: geradores, jogos e fichas"},"content":{"rendered":"\n<p class=\"has-xl-font-size has-xl-margin-bottom\">A NeuronUP conta com centenas de exerc\u00edcios de estimula\u00e7\u00e3o cognitiva. Todos eles est\u00e3o divididos em tr\u00eas tipos de atividades: geradores, jogos e fichas. Mas conhece a <strong style=\"color:#00abc7;\">diferen\u00e7a entre os tipos de atividades da NeuronUP<\/strong>?<\/p>\n\n\n\n<p>Entender a diferen\u00e7a entre fichas, geradores e jogos <strong>permitir-lhe-\u00e1 escolher a atividade mais adequada em fun\u00e7\u00e3o do que quiser trabalhar com os seus <\/strong>usu\u00e1rios em cada momento concreto.<\/p>\n\n\n\n<h2 class=\"wp-block-heading\">Tipos de atividades da NeuronUP<\/h2>\n\n\n\n<p>Em baixo explicamos de forma detalhada a diferen\u00e7a entre os tr\u00eas tipos de atividades da NeuronUP.<\/p>\n\n\n\n<figure class=\"wp-block-image size-full is-resized\"><img decoding=\"async\" width=\"768\" height=\"190\" src=\"https:\/\/neuronup.com\/br\/wp-content\/uploads\/2024\/12\/Tipos-de-atividades-da-NeuronUP.webp\" alt=\"Tabela da NeuronUP com Geradores, Jogos e Fichas, exibindo n\u00edveis, gera\u00e7\u00e3o infinita, personaliz\u00e1vel e formato digital.\" class=\"wp-image-34410\" style=\"width:824px;height:228px\" srcset=\"https:\/\/neuronup.com\/br\/wp-content\/uploads\/2024\/12\/Tipos-de-atividades-da-NeuronUP-300x74.webp 300w, https:\/\/neuronup.com\/br\/wp-content\/uploads\/2024\/12\/Tipos-de-atividades-da-NeuronUP.webp 768w\" sizes=\"(max-width: 768px) 100vw, 768px\" \/><\/figure>\n\n\n\n<div class=\"wp-block-buttons is-content-justification-center is-layout-flex wp-container-core-buttons-is-layout-16018d1d wp-block-buttons-is-layout-flex\">\n<div class=\"wp-block-button\"><a class=\"wp-block-button__link button wp-element-button\" href=\"#geradores\">Geradores<\/a><\/div>\n\n\n\n<div class=\"wp-block-button\"><a class=\"wp-block-button__link button wp-element-button\" href=\"#jogos\">Jogos<\/a><\/div>\n\n\n\n<div class=\"wp-block-button\"><a class=\"wp-block-button__link button wp-element-button\" href=\"#fichas\">Fichas<\/a><\/div>\n<\/div>\n\n\n\n<h2 class=\"wp-block-heading\" id=\"geradores\">1. Geradores<\/h2>\n\n\n\n<h4 class=\"wp-block-heading\">O que s\u00e3o os geradores?<\/h4>\n\n\n\n<p>Os geradores s\u00e3o<strong> atividades ilimitadas e com validade ecol\u00f3gica<\/strong>. Evitam que o utilizador memorize o exerc\u00edcio e exige que se centre no processo <strong>criando vers\u00f5es infinitas de uma mesma atividade<\/strong>, que poder\u00e3o ser realizadas em formato digital ou em papel. Para al\u00e9m disso, s\u00e3o altamente personaliz\u00e1veis para facilitar a introdu\u00e7\u00e3o de est\u00edmulos significativos.<\/p>\n\n\n\n<h4 class=\"wp-block-heading\">Formas de trabalho<\/h4>\n\n\n\n<p>Os geradores podem ser trabalhados de tr\u00eas modos:<\/p>\n\n\n\n<ol class=\"wp-block-list\">\n<li><strong>Corre\u00e7\u00e3o:<\/strong> a plataforma transmite feedback ao utilizador depois de cada a\u00e7\u00e3o.<\/li>\n\n\n\n<li><strong>Livre:<\/strong> a plataforma n\u00e3o transmite feedback ao utilizador at\u00e9 ao final do exerc\u00edcio. N\u00e3o lhe indica se est\u00e1 acertando ou cometendo erros durante a atividade.<\/li>\n\n\n\n<li><strong>Personalizado:<\/strong> permite personalizar cada gerador \u00e0s necessidades e circunst\u00e2ncias de cada utilizador. O modo personalizado permite adaptar:\n<ul class=\"wp-block-list\">\n<li>Os aspectos gerais. S\u00e3o os mesmos para todos os geradores. Poder\u00e1 escolher o modo de funcionamento, adaptar o tempo, notificar o utilizador quando estiver inativo, adaptar as instru\u00e7\u00f5es da atividade e adicionar um cron\u00f3metro.<\/li>\n\n\n\n<li>Os par\u00e2metros. S\u00e3o espec\u00edficos de cada atividade<\/li>\n<\/ul>\n<\/li>\n<\/ol>\n\n\n\n<h4 class=\"wp-block-heading\">Formato<\/h4>\n\n\n\n<p>Os geradores est\u00e3o dispon\u00edveis em dois formatos<\/p>\n\n\n\n<ul class=\"wp-block-list\">\n<li>Digital<\/li>\n\n\n\n<li>Papel<\/li>\n<\/ul>\n\n\n\n<h4 class=\"wp-block-heading\">Exemplo de gerador: <em>Pagamento exato<\/em><\/h4>\n\n\n\n<p><em>Pagamento exato<\/em>&nbsp;\u00e9 uma atividade com benef\u00edcios para a vida di\u00e1ria.<\/p>\n\n\n\n<h5 class=\"wp-block-heading\">Em que consiste?<\/h5>\n\n\n\n<p>O utilizador tem que&nbsp;<strong>selecionar exatamente a quantidade de dinheiro indicada<\/strong>.<\/p>\n\n\n\n<h5 class=\"wp-block-heading\">O que trabalha esta atividade?<\/h5>\n\n\n\n<p>Esta atividade trabalha a <strong>mem\u00f3ria de trabalho<\/strong>, a ida \u00e0s <strong>compras<\/strong> e o <strong>planeamento<\/strong>.<\/p>\n\n\n\n<h5 class=\"wp-block-heading\">Personaliza\u00e7\u00e3o da atividade<\/h5>\n\n\n\n<p>Em <em>Pagamento exato<\/em>, como em todos os geradores, pode personalizar-se:<\/p>\n\n\n\n<ul class=\"wp-block-list\">\n<li><strong>Aspetos generais:<\/strong> poder\u00e1 escolher o modo de trabalho, adaptar o tempo, avisar o utilizador quando estiver inativo, adaptar as instru\u00e7\u00f5es da atividade e adicionar um cron\u00f3metro.<\/li>\n\n\n\n<li><strong>Par\u00e2metros:<\/strong> Neste caso, estamos numa atividade relacionada com a gest\u00e3o de dinheiro, por isso pode escolher a moeda, a qualidade de notas\/moedas, e o seu valor.<\/li>\n\n\n\n<li><strong>Adaptabilidade:<\/strong> Permite escolher entre arrastar ou clicar.<\/li>\n<\/ul>\n\n\n\n<h2 class=\"wp-block-heading\" id=\"jogos\">2. Jogos<\/h2>\n\n\n\n<h4 class=\"wp-block-heading\">O que s\u00e3o jogos?<\/h4>\n\n\n\n<p>S\u00e3o atividades&nbsp;<strong>organizadas em diferentes n\u00edveis de dificuldade<\/strong>&nbsp;para que o utilizador avance ou recue automaticamente dependendo de seus acertos ou erros. Eles tamb\u00e9m podem ser&nbsp;<strong>personalizados<\/strong>&nbsp;para atender \u00e0s necessidades de cada usu\u00e1rio.<\/p>\n\n\n\n<h4 class=\"wp-block-heading\">Jogo por n\u00edveis<\/h4>\n\n\n\n<p>Os jogos s\u00e3o divididos em diferentes n\u00edveis de dificuldade. Desta forma, o utilizador sobe ou desce de n\u00edvel de acordo com a quantidade de acertos ou erros. Ou seja, <strong>o utilizador estar\u00e1 sempre ao n\u00edvel que lhe corresponde automaticamente e o desafia de forma \u00f3tima.<\/strong><\/p>\n\n\n\n<h4 class=\"wp-block-heading\">Personaliza\u00e7\u00e3o da atividade<\/h4>\n\n\n\n<p>Os jogos podem ser personalizados para serem adaptados \u00e0s caracter\u00edsticas de cada utilizador. Podem personalizar-se:<\/p>\n\n\n\n<ul class=\"wp-block-list\">\n<li><strong>Aspetos gerais<\/strong>: S\u00e3o iguais para todos os jogos. Poder\u00e1 escolher o n\u00famero de exerc\u00edcios, adaptar o tempo, notificar o utilizador quando estiver inativo, adaptar as instru\u00e7\u00f5es da atividade e adicionar um cron\u00f3metro.<\/li>\n\n\n\n<li><strong>Par\u00e2metros<\/strong>: S\u00e3o espec\u00edficos de cada atividade.<\/li>\n\n\n\n<li><strong>Adaptabilidade<\/strong>: Permite a escolha entre arrastar ou clicar em elementos para facilitar a tarefa para usu\u00e1rios com problemas motores ou que n\u00e3o trabalham bem com o mouse ou telas touchscreen. N\u00e3o dispon\u00edvel para todas as atividades.<\/li>\n<\/ul>\n\n\n\n<div style=\"height:50px\" aria-hidden=\"true\" class=\"wp-block-spacer\"><\/div>\n\n\n\n<div class=\"wp-block-group\"><div class=\"wp-block-group__inner-container is-layout-constrained wp-block-group-is-layout-constrained\">\n<div class=\"wp-block-columns is-layout-flex wp-container-core-columns-is-layout-9d6595d7 wp-block-columns-is-layout-flex\">\n<div class=\"wp-block-column br-0111 p-5 particle-bg anims-fadein-up has-primary-background-color has-background is-layout-flow wp-block-column-is-layout-flow\">\n<h2 class=\"wp-block-heading has-white-color has-text-color\">Saiba mais sobre <br><strong>NeuronUP<\/strong><\/h2>\n\n\n\n<div class=\"wp-block-buttons is-layout-flex wp-block-buttons-is-layout-flex\">\n<div class=\"wp-block-button--1\" style=\"--button-outline-color:var(--color-white);--button-outline-color-hover:rgba(0,0,0,0.8);\"><a class=\"wp-block-button__link button button-outline   wp-element-button\" href=\"https:\/\/neuronup.com\/br\/solicitacao-informacao\/\">Solicitar Informa\u00e7\u00f5es<\/a><\/div>\n\n<\/div>\n<\/div>\n\n\n\n<div class=\"wp-block-column br-0111 p-5 particle-bg anims-fadein-up has-primary-background-color has-background is-layout-flow wp-block-column-is-layout-flow\">\n<h2 class=\"wp-block-heading has-white-color has-text-color\">Experimente Gratuitamente<\/h2>\n\n\n\n<p class=\"has-white-color has-text-color\">A plataforma que mais de <strong>4.500 profissionais<\/strong> utilizam todos os dias<\/p>\n\n\n\n<div class=\"wp-block-buttons is-layout-flex wp-block-buttons-is-layout-flex\">\n<div class=\"wp-block-button orange-button\" style=\"--button-background:var(--color-custom-1);--button-background-hover:#cc7e00;\"><a class=\"wp-block-button__link button   wp-element-button\" href=\"https:\/\/neuronup.com\/br\/landing-store-user\/\">Solicitar Teste<img decoding=\"async\" class=\"wp-image-18719\" style=\"width: 8px;\" src=\"\/wp-content\/uploads\/2022\/v3\/icon_rightArrow-white.svg\"><\/a><\/div>\n\n<\/div>\n<\/div>\n<\/div>\n<\/div><\/div>\n\n\n\n<div style=\"height:50px\" aria-hidden=\"true\" class=\"wp-block-spacer\"><\/div>\n\n\n\n<h4 class=\"wp-block-heading\">Exemplo de jogo:&nbsp;<em>A horta do vizinho<\/em><\/h4>\n\n\n\n<h5 class=\"wp-block-heading\">Em que consiste?<\/h5>\n\n\n\n<p><em>A horta do vizinho<\/em>&nbsp;\u00e9 um jogo da NeuronUP que consiste em&nbsp;<strong>determinar a correspond\u00eancia espacial de um est\u00edmulo<\/strong>. O utilizador deve preencher o seu jardim com legumes clicando no mesmo lugar em que nascem no outro lado.<\/p>\n\n\n\n<h5 class=\"wp-block-heading\">O que faz esta atividade?<\/h5>\n\n\n\n<p>Este jogo trabalha a <strong>rela\u00e7\u00e3o espacial<\/strong>.<\/p>\n\n\n\n<h5 class=\"wp-block-heading\">Jogo por n\u00edveis<\/h5>\n\n\n\n<p>Este jogo \u00e9 dividido em&nbsp;<strong>doze&nbsp;<\/strong>n\u00edveis de dificuldade<strong>.<\/strong>&nbsp; O utilizador<strong>&nbsp;ir\u00e1 automaticamente subir ou descer de n\u00edvel<\/strong>&nbsp;dependendo da quantidade de acertos ou erros.<\/p>\n\n\n\n<h5 class=\"wp-block-heading\">Personaliza\u00e7\u00e3o da atividade<\/h5>\n\n\n\n<p>Al\u00e9m disso, pode personalizar a atividade para se adequar \u00e0s capacidades de cada utilizador<\/p>\n\n\n\n<ul class=\"wp-block-list\">\n<li><strong>Aspetos gerais<\/strong>: pode escolher o n\u00famero de exerc\u00edcios, adaptar o tempo, notificar o utilizador quando estiver inativo, adaptar as instru\u00e7\u00f5es da atividade e adicionar um cron\u00f3metro.<\/li>\n\n\n\n<li><strong>Par\u00e2metros<\/strong>: Nesse caso, voc\u00ea pode personalizar o tamanho da matriz, o n\u00famero de elementos, as linhas de refer\u00eancia e os erros m\u00e1ximos.<\/li>\n\n\n\n<li><strong>Lateralidade:<\/strong>&nbsp;esquerda ou direita, para adaptar a tarefa a utilizadores canhotos ou destros.<\/li>\n<\/ul>\n\n\n\n<h2 class=\"wp-block-heading\" id=\"fichas\">3. Fichas<\/h2>\n\n\n\n<h4 class=\"wp-block-heading\">O que s\u00e3o as fichas?<\/h4>\n\n\n\n<p>As fichas s\u00e3o atividades organizadas&nbsp;<strong>por n\u00edveis de dificuldade<\/strong>&nbsp;e podem ser trabalhadas em&nbsp;<strong>formato digital ou papel.<\/strong><\/p>\n\n\n\n<h4 class=\"wp-block-heading\">N\u00edveis de dificuldade<\/h4>\n\n\n\n<p>As fichas est\u00e3o organizadas em at\u00e9&nbsp;<strong>cinco<\/strong>&nbsp;n\u00edveis de dificuldade:<\/p>\n\n\n\n<ul class=\"wp-block-list\">\n<li>B\u00e1sico<\/li>\n\n\n\n<li>f\u00e1cil<\/li>\n\n\n\n<li>m\u00e9dio<\/li>\n\n\n\n<li>dif\u00edcil<\/li>\n\n\n\n<li>avan\u00e7ado<\/li>\n<\/ul>\n\n\n\n<h4 class=\"wp-block-heading\">Funcionamento<\/h4>\n\n\n\n<p>As fichas podem ser trabalhadas em formato de:<\/p>\n\n\n\n<ul class=\"wp-block-list\">\n<li><strong>Corre\u00e7\u00e3o:<\/strong>&nbsp;a plataforma corrige o usu\u00e1rio ap\u00f3s cada a\u00e7\u00e3o,<\/li>\n\n\n\n<li><strong>Livre<\/strong>: a plataforma n\u00e3o corrige o usu\u00e1rio at\u00e9 que termine a tarefa. N\u00e3o lhe indica se est\u00e1 acertando ou errando durante a atividade.<\/li>\n<\/ul>\n\n\n\n<h4 class=\"wp-block-heading\">Formato<\/h4>\n\n\n\n<p>As fichas podem ser realizadas em dois formatos:<\/p>\n\n\n\n<ul class=\"wp-block-list\">\n<li>Digital<\/li>\n\n\n\n<li>Papel<\/li>\n<\/ul>\n\n\n\n<h4 class=\"wp-block-heading\">Exemplo:&nbsp;<em>Unir figuras em pares<\/em><\/h4>\n\n\n\n<h5 class=\"wp-block-heading\">Em que consiste?<\/h5>\n\n\n\n<p>Esta ficha consiste em&nbsp;<strong>unir as figuras com o par correspondente<\/strong>.<\/p>\n\n\n\n<h5 class=\"wp-block-heading\">O que faz esta atividade?<\/h5>\n\n\n\n<p>\u00c9 uma ficha direcionada para trabalhar a&nbsp;<strong>aten\u00e7\u00e3o seletiva<\/strong>.<\/p>\n\n\n\n<h5 class=\"wp-block-heading\">Jogo por n\u00edveis<\/h5>\n\n\n\n<p>Esta ficha tem<strong>&nbsp;cinco<\/strong>&nbsp;n\u00edveis de dificuldade: b\u00e1sico, f\u00e1cil, m\u00e9dio, dif\u00edcil e avan\u00e7ado.<\/p>\n","protected":false},"excerpt":{"rendered":"<p>A NeuronUP conta com centenas de exerc\u00edcios de estimula\u00e7\u00e3o cognitiva. Todos eles est\u00e3o divididos em tr\u00eas tipos de atividades: geradores, jogos e fichas. Mas conhece a diferen\u00e7a entre os tipos de atividades da NeuronUP? Entender a diferen\u00e7a entre fichas, geradores e jogos permitir-lhe-\u00e1 escolher a atividade mais adequada em fun\u00e7\u00e3o do que quiser trabalhar com &hellip;<\/p>\n","protected":false},"author":167,"featured_media":0,"parent":32257,"menu_order":0,"comment_status":"closed","ping_status":"closed","template":"","meta":{"_acf_changed":false,"_genesis_hide_title":false,"_genesis_hide_breadcrumbs":false,"_genesis_hide_singular_image":false,"_genesis_hide_footer_widgets":false,"_genesis_custom_body_class":"","_genesis_custom_post_class":"","_genesis_layout":"","footnotes":""},"class_list":{"1":"page","2":"type-page","5":"entry"},"acf":[],"_links":{"self":[{"href":"https:\/\/neuronup.com\/br\/wp-json\/wp\/v2\/pages\/32277","targetHints":{"allow":["GET"]}}],"collection":[{"href":"https:\/\/neuronup.com\/br\/wp-json\/wp\/v2\/pages"}],"about":[{"href":"https:\/\/neuronup.com\/br\/wp-json\/wp\/v2\/types\/page"}],"author":[{"embeddable":true,"href":"https:\/\/neuronup.com\/br\/wp-json\/wp\/v2\/users\/167"}],"replies":[{"embeddable":true,"href":"https:\/\/neuronup.com\/br\/wp-json\/wp\/v2\/comments?post=32277"}],"version-history":[{"count":0,"href":"https:\/\/neuronup.com\/br\/wp-json\/wp\/v2\/pages\/32277\/revisions"}],"up":[{"embeddable":true,"href":"https:\/\/neuronup.com\/br\/wp-json\/wp\/v2\/pages\/32257"}],"wp:attachment":[{"href":"https:\/\/neuronup.com\/br\/wp-json\/wp\/v2\/media?parent=32277"}],"curies":[{"name":"wp","href":"https:\/\/api.w.org\/{rel}","templated":true}]}}