{"id":32274,"date":"2024-10-30T11:49:36","date_gmt":"2024-10-30T09:49:36","guid":{"rendered":"https:\/\/neuronup.com\/br\/?page_id=32274"},"modified":"2026-01-26T18:24:56","modified_gmt":"2026-01-26T16:24:56","slug":"analise-os-resultados-dos-seus-usuarios-em-tempo-real-com-a-neuronup","status":"publish","type":"page","link":"https:\/\/neuronup.com\/br\/produto\/analise-os-resultados-dos-seus-usuarios-em-tempo-real-com-a-neuronup\/","title":{"rendered":"Analise os resultados dos seus usu\u00e1rios em tempo real com a NeuronUP"},"content":{"rendered":"\n<p class=\"has-xl-font-size\">Est\u00e1 procurando a maneira mais r\u00e1pida e eficiente de <strong style=\"color:#00abc7;\">analisar e acompanhar os resultados dos seus usu\u00e1rios<\/strong>? A NeuronUP permite o <strong>monitoramento dos resultados<\/strong> dos seus usu\u00e1rios <strong>em tempo real.<\/strong><\/p>\n\n\n\n<h2 class=\"wp-block-heading\">O que s\u00e3o os resultados da NeuronUP?<\/h2>\n\n\n\n<p>Os resultados da NeuronUP <strong>refletem o desempenho do usu\u00e1rio<\/strong> na plataforma.<\/p>\n\n\n\n<p>Sempre que um dos seus usu\u00e1rios realiza uma atividade ou sess\u00e3o na NeuronUP,<strong> os resultados s\u00e3o guardados automaticamente<\/strong> no perfil dele.<\/p>\n\n\n\n<h3 class=\"wp-block-heading\">Indicadores<\/h3>\n\n\n\n<p>A NeuronUP tem <strong>seis indicadores<\/strong> para mostrar ao profissional como o usu\u00e1rio realizou o exerc\u00edcio:<\/p>\n\n\n<div class=\"wp-block-image\">\n<figure class=\"aligncenter size-full\"><img decoding=\"async\" width=\"1033\" height=\"69\" src=\"https:\/\/neuronup.com\/br\/wp-content\/uploads\/2024\/12\/Indicadores-de-desempenho-NeuronUP.webp\" alt=\"Legenda de indicadores NeuronUP: carregado amarelo, est\u00e1tica laranja, constru\u00edda vermelha, morfogen\u00e9tica cinza, solu\u00e7\u00e3o verde e rebote azul.\" class=\"wp-image-33568\" srcset=\"https:\/\/neuronup.com\/br\/wp-content\/uploads\/2024\/12\/Indicadores-de-desempenho-NeuronUP-300x20.webp 300w, https:\/\/neuronup.com\/br\/wp-content\/uploads\/2024\/12\/Indicadores-de-desempenho-NeuronUP-768x51.webp 768w, https:\/\/neuronup.com\/br\/wp-content\/uploads\/2024\/12\/Indicadores-de-desempenho-NeuronUP-1024x68.webp 1024w, https:\/\/neuronup.com\/br\/wp-content\/uploads\/2024\/12\/Indicadores-de-desempenho-NeuronUP.webp 1033w\" sizes=\"(max-width: 1033px) 100vw, 1033px\" \/><\/figure>\n<\/div>\n\n\n<ol class=\"wp-block-list\">\n<li><strong>Exerc\u00edcio superado<\/strong>: s\u00e3o os exerc\u00edcios que o usu\u00e1rio concluiu perfeitamente, sem um \u00fanico erro. Isso \u00e9 mostrado visualmente na cor verde.<\/li>\n\n\n\n<li><strong>Exerc\u00edcio aceit\u00e1vel<\/strong>: s\u00e3o os exerc\u00edcios que o usu\u00e1rio concluiu com algum erro. Isso \u00e9 mostrado visualmente na cor laranja.<\/li>\n\n\n\n<li><strong>Exerc\u00edcio recusado<\/strong>: s\u00e3o os exerc\u00edcios que o usu\u00e1rio n\u00e3o conseguiu realizar. Isso \u00e9 mostrado na cor vermelha.<\/li>\n\n\n\n<li><strong>Exerc\u00edcio incompleto<\/strong>: s\u00e3o os exerc\u00edcios que n\u00e3o foram conclu\u00eddos. Eles s\u00e3o exibidos visualmente na cor cinza.<\/li>\n\n\n\n<li><strong>Subiu de fase<\/strong>: indica quando o usu\u00e1rio subiu de n\u00edvel. Esse indicador aparece somente em jogos. Ele \u00e9 mostrado visualmente com uma seta verde para cima.<\/li>\n\n\n\n<li><strong>Baixou de fase<\/strong>: indica quando o usu\u00e1rio baixou de n\u00edvel. Esse indicador aparece somente em jogos. Ele \u00e9 exibido visualmente com uma seta vermelha para cima.<\/li>\n<\/ol>\n\n\n\n<h3 class=\"wp-block-heading\">Exemplo de resultados de um usu\u00e1rio<\/h3>\n\n\n\n<p>No exemplo da imagem a seguir, vemos como o usu\u00e1rio <strong>passou nos primeiros cinco exerc\u00edcios<\/strong> da fase 1 da atividade <em>Entrega em domic\u00edlio<\/em>. Depois de ser aprovado no quinto exerc\u00edcio, ele <strong>passou para a pr\u00f3xima fase<\/strong>. <strong>Ele foi reprovado no primeiro exerc\u00edcio da fase 2, <\/strong>a seguir <strong>passou em 5 exerc\u00edcios e passou para a fase 3<\/strong>. Na fase 3, ele foi reprovado em tr\u00eas exerc\u00edcios e, portanto, <strong>desceu de fase.<\/strong><\/p>\n\n\n<div class=\"wp-block-image\">\n<figure class=\"aligncenter size-full\"><img decoding=\"async\" width=\"1050\" height=\"456\" src=\"https:\/\/neuronup.com\/br\/wp-content\/uploads\/2024\/12\/Exercicios-entrega-ao-domicilio.webp\" alt=\"Tela de aplicativo de entrega em domic\u00edlio, com t\u00edtulo Entrega em domic\u00edlio, tr\u00eas fases de progresso e observa\u00e7\u00f5es.\" class=\"wp-image-33395\" srcset=\"https:\/\/neuronup.com\/br\/wp-content\/uploads\/2024\/12\/Exercicios-entrega-ao-domicilio-300x130.webp 300w, https:\/\/neuronup.com\/br\/wp-content\/uploads\/2024\/12\/Exercicios-entrega-ao-domicilio-768x334.webp 768w, https:\/\/neuronup.com\/br\/wp-content\/uploads\/2024\/12\/Exercicios-entrega-ao-domicilio-1024x445.webp 1024w, https:\/\/neuronup.com\/br\/wp-content\/uploads\/2024\/12\/Exercicios-entrega-ao-domicilio.webp 1050w\" sizes=\"(max-width: 1050px) 100vw, 1050px\" \/><\/figure>\n<\/div>\n\n\n<div style=\"height:50px\" aria-hidden=\"true\" class=\"wp-block-spacer\"><\/div>\n\n\n\n<div class=\"wp-block-group\"><div class=\"wp-block-group__inner-container is-layout-constrained wp-block-group-is-layout-constrained\">\n<div class=\"wp-block-columns is-layout-flex wp-container-core-columns-is-layout-9d6595d7 wp-block-columns-is-layout-flex\">\n<div class=\"wp-block-column br-0111 p-5 particle-bg anims-fadein-up has-primary-background-color has-background is-layout-flow wp-block-column-is-layout-flow\">\n<h2 class=\"wp-block-heading has-white-color has-text-color\">Saiba mais sobre <br><strong>NeuronUP<\/strong><\/h2>\n\n\n\n<div class=\"wp-block-buttons is-layout-flex wp-block-buttons-is-layout-flex\">\n<div class=\"wp-block-button--1\" style=\"--button-outline-color:var(--color-white);--button-outline-color-hover:rgba(0,0,0,0.8);\"><a class=\"wp-block-button__link button button-outline   wp-element-button\" href=\"https:\/\/neuronup.com\/br\/solicitacao-informacao\/\">Solicitar Informa\u00e7\u00f5es<\/a><\/div>\n\n<\/div>\n<\/div>\n\n\n\n<div class=\"wp-block-column br-0111 p-5 particle-bg anims-fadein-up has-primary-background-color has-background is-layout-flow wp-block-column-is-layout-flow\">\n<h2 class=\"wp-block-heading has-white-color has-text-color\">Experimente Gratuitamente<\/h2>\n\n\n\n<p class=\"has-white-color has-text-color\">A plataforma que mais de <strong>4.500 profissionais<\/strong> utilizam todos os dias<\/p>\n\n\n\n<div class=\"wp-block-buttons is-layout-flex wp-block-buttons-is-layout-flex\">\n<div class=\"wp-block-button orange-button\" style=\"--button-background:var(--color-custom-1);--button-background-hover:#cc7e00;\"><a class=\"wp-block-button__link button   wp-element-button\" href=\"https:\/\/neuronup.com\/br\/landing-store-user\/\">Solicitar Teste<img decoding=\"async\" class=\"wp-image-18719\" style=\"width: 8px;\" src=\"\/wp-content\/uploads\/2022\/v3\/icon_rightArrow-white.svg\"><\/a><\/div>\n\n<\/div>\n<\/div>\n<\/div>\n<\/div><\/div>\n\n\n\n<div style=\"height:50px\" aria-hidden=\"true\" class=\"wp-block-spacer\"><\/div>\n\n\n\n<h2 class=\"wp-block-heading\">Vantagens de analisar e acompanhar os seus usu\u00e1rios com a NeuronUP<\/h2>\n\n\n\n<ol class=\"wp-block-list\">\n<li><strong>Economiza tempo<\/strong> na an\u00e1lise dos resultados.<\/li>\n\n\n\n<li>Os resultados dos seus usu\u00e1rios s\u00e3o registrados automaticamente.<\/li>\n\n\n\n<li>Veja os resultados <strong>em tempo real.<\/strong><\/li>\n\n\n\n<li>Os resultados s\u00e3o exibidos <strong>visualmente<\/strong>.<\/li>\n\n\n\n<li><strong>Promove uma interven\u00e7\u00e3o<\/strong> cont\u00ednua e <strong>estruturada<\/strong>.<\/li>\n<\/ol>\n\n\n<div class=\"wp-block-image\">\n<figure class=\"aligncenter size-full\"><img decoding=\"async\" width=\"1024\" height=\"1024\" src=\"https:\/\/neuronup.com\/br\/wp-content\/uploads\/2024\/12\/Vantagens-de-analisar-e-acompanhar-os-seus-usuarios-NeuronUP.webp\" alt=\"Interface NeuronUP com an\u00e1lise de usu\u00e1rios: economia de tempo, resultados visuais, interven\u00e7\u00e3o cont\u00ednua e registro autom\u00e1tico.\" class=\"wp-image-34026\" srcset=\"https:\/\/neuronup.com\/br\/wp-content\/uploads\/2024\/12\/Vantagens-de-analisar-e-acompanhar-os-seus-usuarios-NeuronUP-24x24.webp 24w, https:\/\/neuronup.com\/br\/wp-content\/uploads\/2024\/12\/Vantagens-de-analisar-e-acompanhar-os-seus-usuarios-NeuronUP-48x48.webp 48w, https:\/\/neuronup.com\/br\/wp-content\/uploads\/2024\/12\/Vantagens-de-analisar-e-acompanhar-os-seus-usuarios-NeuronUP-80x80.webp 80w, https:\/\/neuronup.com\/br\/wp-content\/uploads\/2024\/12\/Vantagens-de-analisar-e-acompanhar-os-seus-usuarios-NeuronUP-96x96.webp 96w, https:\/\/neuronup.com\/br\/wp-content\/uploads\/2024\/12\/Vantagens-de-analisar-e-acompanhar-os-seus-usuarios-NeuronUP-150x150.webp 150w, https:\/\/neuronup.com\/br\/wp-content\/uploads\/2024\/12\/Vantagens-de-analisar-e-acompanhar-os-seus-usuarios-NeuronUP-300x300.webp 300w, https:\/\/neuronup.com\/br\/wp-content\/uploads\/2024\/12\/Vantagens-de-analisar-e-acompanhar-os-seus-usuarios-NeuronUP-768x768.webp 768w, https:\/\/neuronup.com\/br\/wp-content\/uploads\/2024\/12\/Vantagens-de-analisar-e-acompanhar-os-seus-usuarios-NeuronUP.webp 1024w\" sizes=\"(max-width: 1024px) 100vw, 1024px\" \/><\/figure>\n<\/div>\n\n\n<div style=\"height:50px\" aria-hidden=\"true\" class=\"wp-block-spacer\"><\/div>\n\n\n\n<h2 class=\"wp-block-heading\">Como funcionam os resultados da NeuronUP?<\/h2>\n\n\n\n<p>Sempre que um dos seus usu\u00e1rios realiza uma atividade ou sess\u00e3o na NeuronUP, os resultados <strong>s\u00e3o guardados automaticamente <\/strong>no perfil dele.<\/p>\n\n\n\n<p>A seguir, explicamos passo a passo <strong>como os resultados s\u00e3o registrados na NeuronUP:<\/strong><\/p>\n\n\n\n<div class=\"wp-block-columns is-layout-flex wp-container-core-columns-is-layout-9d6595d7 wp-block-columns-is-layout-flex\">\n<div class=\"wp-block-column is-layout-flow wp-block-column-is-layout-flow\">\n<h3 class=\"wp-block-heading\">1. O profissional orienta as atividades<\/h3>\n\n\n\n<p>O profissional<strong> projeta a interven\u00e7\u00e3o<\/strong> de acordo com as necessidades e caracter\u00edsticas de cada usu\u00e1rio ou paciente.<\/p>\n<\/div>\n\n\n\n<div class=\"wp-block-column is-layout-flow wp-block-column-is-layout-flow\"><div class=\"wp-block-image\">\n<figure class=\"aligncenter size-full\"><img decoding=\"async\" width=\"1024\" height=\"721\" src=\"https:\/\/neuronup.com\/br\/wp-content\/uploads\/2024\/10\/o-profissional-orienta-as-atividades-ilustrador.webp\" alt=\"Profissional de sa\u00fade em jaleco branco segura uma prancheta e explica uso de tecnologia e jogos, com computador ao fundo.\" class=\"wp-image-31611\" srcset=\"https:\/\/neuronup.com\/br\/wp-content\/uploads\/2024\/10\/o-profissional-orienta-as-atividades-ilustrador-300x211.webp 300w, https:\/\/neuronup.com\/br\/wp-content\/uploads\/2024\/10\/o-profissional-orienta-as-atividades-ilustrador-768x541.webp 768w, https:\/\/neuronup.com\/br\/wp-content\/uploads\/2024\/10\/o-profissional-orienta-as-atividades-ilustrador.webp 1024w\" sizes=\"(max-width: 1024px) 100vw, 1024px\" \/><\/figure>\n<\/div><\/div>\n<\/div>\n\n\n\n<div style=\"height:50px\" aria-hidden=\"true\" class=\"wp-block-spacer\"><\/div>\n\n\n\n<div class=\"wp-block-columns is-layout-flex wp-container-core-columns-is-layout-9d6595d7 wp-block-columns-is-layout-flex\">\n<div class=\"wp-block-column is-layout-flow wp-block-column-is-layout-flow\">\n<h3 class=\"wp-block-heading\">2. O usu\u00e1rio realiza as atividades<\/h3>\n\n\n\n<p>O usu\u00e1rio <strong>realiza as atividades<\/strong> que o profissional selecionou previamente para ele.<\/p>\n<\/div>\n\n\n\n<div class=\"wp-block-column is-layout-flow wp-block-column-is-layout-flow\"><div class=\"wp-block-image\">\n<figure class=\"aligncenter size-full\"><img decoding=\"async\" width=\"1024\" height=\"721\" src=\"https:\/\/neuronup.com\/br\/wp-content\/uploads\/2024\/10\/os-usuarios-realizam-as-atividades-ilustrador.webp\" alt=\"Casas com homem ao PC \u00e0 esquerda e mulher com tablet \u00e0 direita; linha conecta as casas, com \u00edcone de jogos e engrenagens acima.\" class=\"wp-image-31612\" srcset=\"https:\/\/neuronup.com\/br\/wp-content\/uploads\/2024\/10\/os-usuarios-realizam-as-atividades-ilustrador-300x211.webp 300w, https:\/\/neuronup.com\/br\/wp-content\/uploads\/2024\/10\/os-usuarios-realizam-as-atividades-ilustrador-768x541.webp 768w, https:\/\/neuronup.com\/br\/wp-content\/uploads\/2024\/10\/os-usuarios-realizam-as-atividades-ilustrador.webp 1024w\" sizes=\"(max-width: 1024px) 100vw, 1024px\" \/><\/figure>\n<\/div><\/div>\n<\/div>\n\n\n\n<div style=\"height:50px\" aria-hidden=\"true\" class=\"wp-block-spacer\"><\/div>\n\n\n\n<div class=\"wp-block-columns is-layout-flex wp-container-core-columns-is-layout-9d6595d7 wp-block-columns-is-layout-flex\">\n<div class=\"wp-block-column is-layout-flow wp-block-column-is-layout-flow\">\n<h3 class=\"wp-block-heading\">3. A NeuronUP registra os resultados <strong>automaticamente<\/strong><\/h3>\n\n\n\n<p>Sempre que o usu\u00e1rio realiza uma atividade, <strong>os resultados s\u00e3o guardados automaticamente<\/strong> em seu perfil. Essa funcionalidade permite que voc\u00ea veja sua <strong>evolu\u00e7\u00e3o em tempo real.<\/strong><\/p>\n<\/div>\n\n\n\n<div class=\"wp-block-column is-layout-flow wp-block-column-is-layout-flow\"><div class=\"wp-block-image is-resized\">\n<figure class=\"aligncenter size-full\"><img decoding=\"async\" width=\"768\" height=\"768\" src=\"https:\/\/neuronup.com\/br\/wp-content\/uploads\/2024\/10\/o-neuronup-registra-automaticamente-os-resultados-ilustrador.webp\" alt=\"Gr\u00e1fico de barras em fundo azul claro ao lado de uma prancheta com linhas, transmitindo organiza\u00e7\u00e3o e formalidade.\" class=\"wp-image-31613\" srcset=\"https:\/\/neuronup.com\/br\/wp-content\/uploads\/2024\/10\/o-neuronup-registra-automaticamente-os-resultados-ilustrador-24x24.webp 24w, https:\/\/neuronup.com\/br\/wp-content\/uploads\/2024\/10\/o-neuronup-registra-automaticamente-os-resultados-ilustrador-48x48.webp 48w, https:\/\/neuronup.com\/br\/wp-content\/uploads\/2024\/10\/o-neuronup-registra-automaticamente-os-resultados-ilustrador-80x80.webp 80w, https:\/\/neuronup.com\/br\/wp-content\/uploads\/2024\/10\/o-neuronup-registra-automaticamente-os-resultados-ilustrador-96x96.webp 96w, https:\/\/neuronup.com\/br\/wp-content\/uploads\/2024\/10\/o-neuronup-registra-automaticamente-os-resultados-ilustrador-150x150.webp 150w, https:\/\/neuronup.com\/br\/wp-content\/uploads\/2024\/10\/o-neuronup-registra-automaticamente-os-resultados-ilustrador-300x300.webp 300w, https:\/\/neuronup.com\/br\/wp-content\/uploads\/2024\/10\/o-neuronup-registra-automaticamente-os-resultados-ilustrador.webp 768w\" sizes=\"(max-width: 768px) 100vw, 768px\" \/><\/figure>\n<\/div><\/div>\n<\/div>\n\n\n\n<div style=\"height:50px\" aria-hidden=\"true\" class=\"wp-block-spacer\"><\/div>\n\n\n\n<div class=\"wp-block-columns is-layout-flex wp-container-core-columns-is-layout-9d6595d7 wp-block-columns-is-layout-flex\">\n<div class=\"wp-block-column is-layout-flow wp-block-column-is-layout-flow\">\n<h3 class=\"wp-block-heading\">4. O profissional analisa os resultados<\/h3>\n\n\n\n<p>Voc\u00ea pode analisar os resultados dos seus usu\u00e1rios para <strong>redefinir a terapia<\/strong> de acordo com o progresso do usu\u00e1rio, a fim de promover<strong> uma interven\u00e7\u00e3o cont\u00ednua e direcionada.<\/strong><\/p>\n<\/div>\n\n\n\n<div class=\"wp-block-column is-layout-flow wp-block-column-is-layout-flow\"><div class=\"wp-block-image\">\n<figure class=\"aligncenter size-full\"><img decoding=\"async\" width=\"1024\" height=\"721\" src=\"https:\/\/neuronup.com\/br\/wp-content\/uploads\/2024\/10\/o-profissional-verifica-os-resultados-ilustrador.webp\" alt=\"Profissional mulher em jaleco branco apresentando resultados: gr\u00e1fico de barras e linha, com clipboard ao lado.\" class=\"wp-image-31614\" srcset=\"https:\/\/neuronup.com\/br\/wp-content\/uploads\/2024\/10\/o-profissional-verifica-os-resultados-ilustrador-300x211.webp 300w, https:\/\/neuronup.com\/br\/wp-content\/uploads\/2024\/10\/o-profissional-verifica-os-resultados-ilustrador-768x541.webp 768w, https:\/\/neuronup.com\/br\/wp-content\/uploads\/2024\/10\/o-profissional-verifica-os-resultados-ilustrador.webp 1024w\" sizes=\"(max-width: 1024px) 100vw, 1024px\" \/><\/figure>\n<\/div><\/div>\n<\/div>\n\n\n\n<div style=\"height:50px\" aria-hidden=\"true\" class=\"wp-block-spacer\"><\/div>\n\n\n\n<div class=\"wp-block-columns is-layout-flex wp-container-core-columns-is-layout-9d6595d7 wp-block-columns-is-layout-flex\">\n<div class=\"wp-block-column is-layout-flow wp-block-column-is-layout-flow\">\n<h3 class=\"wp-block-heading\">5. Comece de novo!<strong> Planeje a pr\u00f3xima interven\u00e7\u00e3o<\/strong><\/h3>\n<\/div>\n\n\n\n<div class=\"wp-block-column is-layout-flow wp-block-column-is-layout-flow\"><div class=\"wp-block-image\">\n<figure class=\"aligncenter size-full\"><img decoding=\"async\" width=\"1024\" height=\"721\" src=\"https:\/\/neuronup.com\/br\/wp-content\/uploads\/2024\/10\/voltar-ao-inicio-das-atividades-ilustrador.webp\" alt=\"Ilustra\u00e7\u00e3o com crian\u00e7a loira e adulto de camisa cinza diante de tela com calend\u00e1rio; \u00edcone de videogame abaixo; fundo azul.\" class=\"wp-image-31615\" srcset=\"https:\/\/neuronup.com\/br\/wp-content\/uploads\/2024\/10\/voltar-ao-inicio-das-atividades-ilustrador-300x211.webp 300w, https:\/\/neuronup.com\/br\/wp-content\/uploads\/2024\/10\/voltar-ao-inicio-das-atividades-ilustrador-768x541.webp 768w, https:\/\/neuronup.com\/br\/wp-content\/uploads\/2024\/10\/voltar-ao-inicio-das-atividades-ilustrador.webp 1024w\" sizes=\"(max-width: 1024px) 100vw, 1024px\" \/><\/figure>\n<\/div><\/div>\n<\/div>\n\n\n\n<p class=\"has-xl-font-size\"><\/p>\n","protected":false},"excerpt":{"rendered":"<p>Est\u00e1 procurando a maneira mais r\u00e1pida e eficiente de analisar e acompanhar os resultados dos seus usu\u00e1rios? A NeuronUP permite o monitoramento dos resultados dos seus usu\u00e1rios em tempo real. O que s\u00e3o os resultados da NeuronUP? Os resultados da NeuronUP refletem o desempenho do usu\u00e1rio na plataforma. Sempre que um dos seus usu\u00e1rios realiza &hellip;<\/p>\n","protected":false},"author":167,"featured_media":0,"parent":32257,"menu_order":0,"comment_status":"closed","ping_status":"closed","template":"","meta":{"_acf_changed":false,"_genesis_hide_title":false,"_genesis_hide_breadcrumbs":false,"_genesis_hide_singular_image":false,"_genesis_hide_footer_widgets":false,"_genesis_custom_body_class":"","_genesis_custom_post_class":"","_genesis_layout":"","footnotes":""},"class_list":{"1":"page","2":"type-page","5":"entry"},"acf":[],"_links":{"self":[{"href":"https:\/\/neuronup.com\/br\/wp-json\/wp\/v2\/pages\/32274","targetHints":{"allow":["GET"]}}],"collection":[{"href":"https:\/\/neuronup.com\/br\/wp-json\/wp\/v2\/pages"}],"about":[{"href":"https:\/\/neuronup.com\/br\/wp-json\/wp\/v2\/types\/page"}],"author":[{"embeddable":true,"href":"https:\/\/neuronup.com\/br\/wp-json\/wp\/v2\/users\/167"}],"replies":[{"embeddable":true,"href":"https:\/\/neuronup.com\/br\/wp-json\/wp\/v2\/comments?post=32274"}],"version-history":[{"count":0,"href":"https:\/\/neuronup.com\/br\/wp-json\/wp\/v2\/pages\/32274\/revisions"}],"up":[{"embeddable":true,"href":"https:\/\/neuronup.com\/br\/wp-json\/wp\/v2\/pages\/32257"}],"wp:attachment":[{"href":"https:\/\/neuronup.com\/br\/wp-json\/wp\/v2\/media?parent=32274"}],"curies":[{"name":"wp","href":"https:\/\/api.w.org\/{rel}","templated":true}]}}